{"id":9456,"date":"2024-04-16T13:48:41","date_gmt":"2024-04-16T13:48:41","guid":{"rendered":"https:\/\/ivharmonyclinic.com\/terapia-iv-para-perdida-de-peso\/"},"modified":"2025-09-15T19:20:17","modified_gmt":"2025-09-15T19:20:17","slug":"terapia-iv-para-perdida-de-peso","status":"publish","type":"page","link":"https:\/\/ivharmonyclinic.com\/es\/terapia-iv-para-perdida-de-peso\/","title":{"rendered":"P\u00e9rdida de peso IV"},"content":{"rendered":"\t\t<div data-elementor-type=\"wp-page\" data-elementor-id=\"9456\" class=\"elementor elementor-9456 elementor-9352\" data-elementor-post-type=\"page\">\n\t\t\t\t\t\t<section class=\"elementor-section elementor-top-section elementor-element elementor-element-2fc751c7 elementor-section-height-min-height elementor-section-boxed elementor-section-height-default elementor-section-items-middle\" data-id=\"2fc751c7\" data-element_type=\"section\" data-e-type=\"section\" data-settings=\"{&quot;background_background&quot;:&quot;classic&quot;}\">\n\t\t\t\t\t\t\t<div class=\"elementor-background-overlay\"><\/div>\n\t\t\t\t\t\t\t<div class=\"elementor-container elementor-column-gap-default\">\n\t\t\t\t\t<div class=\"elementor-column elementor-col-100 elementor-top-column elementor-element elementor-element-67cb34f0\" data-id=\"67cb34f0\" data-element_type=\"column\" data-e-type=\"column\">\n\t\t\t<div class=\"elementor-widget-wrap elementor-element-populated\">\n\t\t\t\t\t\t<div class=\"elementor-element elementor-element-55607bf0 elementor-widget elementor-widget-heading\" data-id=\"55607bf0\" data-element_type=\"widget\" data-e-type=\"widget\" data-widget_type=\"heading.default\">\n\t\t\t\t<div class=\"elementor-widget-container\">\n\t\t\t\t\t<h1 class=\"elementor-heading-title elementor-size-default\">P\u00e9rdida de peso IV<\/h1>\t\t\t\t<\/div>\n\t\t\t\t<\/div>\n\t\t\t\t<div class=\"elementor-element elementor-element-a979010 elementor-align-center elementor-widget elementor-widget-global elementor-global-12348 elementor-widget-button\" data-id=\"a979010\" data-element_type=\"widget\" data-e-type=\"widget\" data-widget_type=\"button.default\">\n\t\t\t\t<div class=\"elementor-widget-container\">\n\t\t\t\t\t\t\t\t\t<div class=\"elementor-button-wrapper\">\n\t\t\t\t\t<a class=\"elementor-button elementor-button-link elementor-size-sm\" href=\"https:\/\/ivharmonyclinic.com\/request-consultation\/\">\n\t\t\t\t\t\t<span class=\"elementor-button-content-wrapper\">\n\t\t\t\t\t\t\t\t\t<span class=\"elementor-button-text\">BOOK NOW<\/span>\n\t\t\t\t\t<\/span>\n\t\t\t\t\t<\/a>\n\t\t\t\t<\/div>\n\t\t\t\t\t\t\t\t<\/div>\n\t\t\t\t<\/div>\n\t\t\t\t<div class=\"elementor-element elementor-element-5a0e9fc elementor-widget elementor-widget-heading\" data-id=\"5a0e9fc\" data-element_type=\"widget\" data-e-type=\"widget\" data-widget_type=\"heading.default\">\n\t\t\t\t<div class=\"elementor-widget-container\">\n\t\t\t\t\t<h2 class=\"elementor-heading-title elementor-size-default\">Se admiten personas sin cita previa.<\/h2>\t\t\t\t<\/div>\n\t\t\t\t<\/div>\n\t\t\t\t\t<\/div>\n\t\t<\/div>\n\t\t\t\t\t<\/div>\n\t\t<\/section>\n\t\t\t\t<section class=\"elementor-section elementor-top-section elementor-element elementor-element-697fb421 elementor-section-boxed elementor-section-height-default elementor-section-height-default\" data-id=\"697fb421\" data-element_type=\"section\" data-e-type=\"section\">\n\t\t\t\t\t\t<div class=\"elementor-container elementor-column-gap-default\">\n\t\t\t\t\t<div class=\"elementor-column elementor-col-100 elementor-top-column elementor-element elementor-element-56322fa5\" data-id=\"56322fa5\" data-element_type=\"column\" data-e-type=\"column\">\n\t\t\t<div class=\"elementor-widget-wrap elementor-element-populated\">\n\t\t\t\t\t\t<div class=\"elementor-element elementor-element-0558e52 elementor-widget elementor-widget-html\" data-id=\"0558e52\" data-element_type=\"widget\" data-e-type=\"widget\" data-widget_type=\"html.default\">\n\t\t\t\t<div class=\"elementor-widget-container\">\n\t\t\t\t\t<script type=\"application\/ld+json\">{\n  \"@context\": \"https:\/\/schema.org\",\n  \"@graph\": [\n    {\n      \"@type\": \"Organization\",\n      \"@id\": \"https:\/\/ivharmonyclinic.com\/#organization\",\n      \"name\": \"IV Harmony Clinic\",\n      \"url\": \"https:\/\/ivharmonyclinic.com\/\",\n      \"logo\": \"https:\/\/ivharmonyclinic.com\/wp-content\/uploads\/2023\/07\/cropped-iv-con-slogan.png\",\n      \"contactPoint\": {\n        \"@type\": \"ContactPoint\",\n        \"telephone\": \"+1-813-325-3870\",\n        \"email\": \"info@ivharmonyclinic.com\",\n        \"contactType\": \"customer service\",\n        \"availableLanguage\": [\"English\"]\n      }\n    },\n    {\n      \"@type\": [\"MedicalClinic\", \"LocalBusiness\"],\n      \"@id\": \"https:\/\/ivharmonyclinic.com\/#location-lutz\",\n      \"name\": \"IV Harmony Clinic \u2014 Lutz, Florida\",\n      \"url\": \"https:\/\/ivharmonyclinic.com\/\",\n      \"image\": \"https:\/\/ivharmonyclinic.com\/wp-content\/uploads\/2023\/07\/cropped-iv-con-slogan.png\",\n      \"telephone\": \"+1-813-325-3870\",\n      \"email\": \"info@ivharmonyclinic.com\",\n      \"address\": {\n        \"@type\": \"PostalAddress\",\n        \"streetAddress\": \"2749 E County Line Rd\",\n        \"addressLocality\": \"Lutz\",\n        \"addressRegion\": \"FL\",\n        \"postalCode\": \"33559\",\n        \"addressCountry\": \"US\"\n      },\n      \"openingHoursSpecification\": [\n        { \"@type\": \"OpeningHoursSpecification\", \"dayOfWeek\": \"https:\/\/schema.org\/Monday\", \"opens\": \"10:00\", \"closes\": \"18:00\" },\n        { \"@type\": \"OpeningHoursSpecification\", \"dayOfWeek\": \"https:\/\/schema.org\/Tuesday\", \"opens\": \"10:00\", \"closes\": \"18:00\" },\n        { \"@type\": \"OpeningHoursSpecification\", \"dayOfWeek\": \"https:\/\/schema.org\/Wednesday\", \"opens\": \"12:00\", \"closes\": \"18:00\" },\n        { \"@type\": \"OpeningHoursSpecification\", \"dayOfWeek\": \"https:\/\/schema.org\/Thursday\", \"opens\": \"10:00\", \"closes\": \"18:00\" },\n        { \"@type\": \"OpeningHoursSpecification\", \"dayOfWeek\": \"https:\/\/schema.org\/Friday\", \"opens\": \"10:00\", \"closes\": \"17:00\" },\n        { \"@type\": \"OpeningHoursSpecification\", \"dayOfWeek\": \"https:\/\/schema.org\/Saturday\", \"opens\": \"10:00\", \"closes\": \"15:00\" },\n        { \"@type\": \"OpeningHoursSpecification\", \"dayOfWeek\": \"https:\/\/schema.org\/Sunday\", \"opens\": \"13:00\", \"closes\": \"16:00\" }\n      ],\n      \"aggregateRating\": {\n        \"@type\": \"AggregateRating\",\n        \"ratingValue\": 5,\n        \"reviewCount\": 134\n      },\n      \"parentOrganization\": { \"@id\": \"https:\/\/ivharmonyclinic.com\/#organization\" }\n    },\n    {\n      \"@type\": \"MedicalProcedure\",\n      \"@id\": \"https:\/\/ivharmonyclinic.com\/weight-loss-iv\/#procedure\",\n      \"name\": \"Weight Loss IV Therapy\",\n      \"url\": \"https:\/\/ivharmonyclinic.com\/weight-loss-iv\/\",\n      \"description\": \"Weight Loss IV Therapy is a specialized intravenous treatment designed to support weight management by enhancing metabolism, increasing energy levels, and promoting fat burning.\",\n      \"howPerformed\": \"A trained medical professional administers an intravenous (IV) line into a vein, typically in the arm, through which a customized blend of fluids, vitamins, and amino acids is delivered directly into the bloodstream.\",\n      \"bodyLocation\": \"Arm\",\n      \"procedureType\": \"https:\/\/schema.org\/MedicalTest\",\n      \"mainEntityOfPage\": \"https:\/\/ivharmonyclinic.com\/weight-loss-iv\/\",\n      \"image\": \"https:\/\/ivharmonyclinic.com\/wp-content\/uploads\/2023\/07\/cropped-iv-con-slogan.png\",\n      \"potentialAction\": {\n        \"@type\": \"ReserveAction\",\n        \"target\": {\n          \"@type\": \"EntryPoint\",\n          \"urlTemplate\": \"https:\/\/ivharmonyclinic.com\/request-consultation\/\",\n          \"inLanguage\": \"en\",\n          \"actionPlatform\": [\"http:\/\/schema.org\/DesktopWebPlatform\", \"http:\/\/schema.org\/MobileWebPlatform\"]\n        },\n        \"result\": {\n          \"@type\": \"Reservation\",\n          \"name\": \"Weight Loss IV Therapy Consultation\"\n        }\n      }\n    },\n    {\n      \"@type\": \"FAQPage\",\n      \"@id\": \"https:\/\/ivharmonyclinic.com\/weight-loss-iv\/#faq\",\n      \"url\": \"https:\/\/ivharmonyclinic.com\/weight-loss-iv\/\",\n      \"mainEntity\": [\n        {\n          \"@type\": \"Question\",\n          \"name\": \"What is Weight Loss IV Therapy?\",\n          \"acceptedAnswer\": {\n            \"@type\": \"Answer\",\n            \"text\": \"Weight Loss IV Therapy is a specialized intravenous treatment designed to support weight management by enhancing metabolism, increasing energy levels, and promoting fat burning.\"\n          }\n        },\n        {\n          \"@type\": \"Question\",\n          \"name\": \"How is Weight Loss IV Therapy administered?\",\n          \"acceptedAnswer\": {\n            \"@type\": \"Answer\",\n            \"text\": \"A trained medical professional administers an intravenous (IV) line into a vein, typically in the arm, through which a customized blend of fluids, vitamins, and amino acids is delivered directly into the bloodstream.\"\n          }\n        },\n        {\n          \"@type\": \"Question\",\n          \"name\": \"Is Weight Loss IV Therapy safe?\",\n          \"acceptedAnswer\": {\n            \"@type\": \"Answer\",\n            \"text\": \"Yes, when administered by trained medical professionals in a clinical setting, Weight Loss IV Therapy is generally safe with minimal risks.\"\n          }\n        },\n        {\n          \"@type\": \"Question\",\n          \"name\": \"How can I schedule a Weight Loss IV Therapy session?\",\n          \"acceptedAnswer\": {\n            \"@type\": \"Answer\",\n            \"text\": \"You can schedule a Weight Loss IV Therapy session by contacting IV Harmony Clinic at +1-813-325-3870 or visiting our website to request a consultation.\"\n          }\n        }\n      ]\n    },\n    {\n      \"@type\": \"BreadcrumbList\",\n      \"@id\": \"https:\/\/ivharmonyclinic.com\/weight-loss-iv\/#breadcrumbs\",\n      \"itemListElement\": [\n        { \"@type\": \"ListItem\", \"position\": 1, \"name\": \"Home\", \"item\": \"https:\/\/ivharmonyclinic.com\/\" },\n        { \"@type\": \"ListItem\", \"position\": 2, \"name\": \"Weight Loss IV Therapy\", \"item\": \"https:\/\/ivharmonyclinic.com\/weight-loss-iv\/\" }\n      ]\n    }\n  ]\n}\n<\/script>\t\t\t\t<\/div>\n\t\t\t\t<\/div>\n\t\t\t\t<div class=\"elementor-element elementor-element-cd3d82b elementor-widget elementor-widget-text-editor\" data-id=\"cd3d82b\" data-element_type=\"widget\" data-e-type=\"widget\" data-widget_type=\"text-editor.default\">\n\t\t\t\t<div class=\"elementor-widget-container\">\n\t\t\t\t\t\t\t\t\t<p>Descubre una persona m\u00e1s sana con la terapia intravenosa para perder peso en la Cl\u00ednica Armon\u00eda Intravenosa<\/p>\n<h4>Consigue tus objetivos de p\u00e9rdida de peso m\u00e1s r\u00e1pida y eficazmente<\/h4>\n<p>Bienvenido a la Cl\u00ednica Armon\u00eda Intravenosa, donde tu viaje hacia una vida m\u00e1s sana y esbelta cuenta con el apoyo de nuestra avanzada Terapia Intravenosa para la P\u00e9rdida de Peso. Nuestros tratamientos intravenosos especializados, dise\u00f1ados para estimular tu metabolismo y potenciar los procesos naturales de quema de grasa de tu cuerpo, son el complemento perfecto para tu r\u00e9gimen de p\u00e9rdida de peso. <\/p>\n\t\t\t\t\t\t\t\t<\/div>\n\t\t\t\t<\/div>\n\t\t\t\t<div class=\"elementor-element elementor-element-a19f286 elementor-widget elementor-widget-global elementor-global-10732 elementor-widget-heading\" data-id=\"a19f286\" data-element_type=\"widget\" data-e-type=\"widget\" data-widget_type=\"heading.default\">\n\t\t\t\t<div class=\"elementor-widget-container\">\n\t\t\t\t\t<h2 class=\"elementor-heading-title elementor-size-default\"><a href=\"tel:813-325-3870\">We also offer Mobile IV Therapy in your home or workplace. \n<br>Call to schedule your appointment.<\/a><\/h2>\t\t\t\t<\/div>\n\t\t\t\t<\/div>\n\t\t\t\t\t<\/div>\n\t\t<\/div>\n\t\t\t\t\t<\/div>\n\t\t<\/section>\n\t\t\t\t<section class=\"elementor-section elementor-top-section elementor-element elementor-element-57c5984c elementor-section-boxed elementor-section-height-default elementor-section-height-default\" data-id=\"57c5984c\" data-element_type=\"section\" data-e-type=\"section\" data-settings=\"{&quot;background_background&quot;:&quot;classic&quot;}\">\n\t\t\t\t\t\t<div class=\"elementor-container elementor-column-gap-default\">\n\t\t\t\t\t<div class=\"elementor-column elementor-col-50 elementor-top-column elementor-element elementor-element-44e671c4\" data-id=\"44e671c4\" data-element_type=\"column\" data-e-type=\"column\">\n\t\t\t<div class=\"elementor-widget-wrap elementor-element-populated\">\n\t\t\t\t\t\t<div class=\"elementor-element elementor-element-5a6f3a1 elementor-widget elementor-widget-heading\" data-id=\"5a6f3a1\" data-element_type=\"widget\" data-e-type=\"widget\" data-widget_type=\"heading.default\">\n\t\t\t\t<div class=\"elementor-widget-container\">\n\t\t\t\t\t<h2 class=\"elementor-heading-title elementor-size-default\">IV Ingredientes<\/h2>\t\t\t\t<\/div>\n\t\t\t\t<\/div>\n\t\t\t\t<div class=\"elementor-element elementor-element-48ba80a3 elementor-widget elementor-widget-text-editor\" data-id=\"48ba80a3\" data-element_type=\"widget\" data-e-type=\"widget\" data-widget_type=\"text-editor.default\">\n\t\t\t\t<div class=\"elementor-widget-container\">\n\t\t\t\t\t\t\t\t\t<ul>\n<li class=\"p1\">Complejo vitam\u00ednico B (B1,B2,B3,B5,B6,B12)<\/li>\n<li class=\"p1\">Lisina<\/li>\n<li class=\"p1\">Carnitina<\/li>\n<li class=\"p1\">Glutati\u00f3n<\/li>\n<li class=\"p1\">Amino\u00e1cidos (dosis altas)<\/li>\n<\/ul>\n\t\t\t\t\t\t\t\t<\/div>\n\t\t\t\t<\/div>\n\t\t\t\t\t<\/div>\n\t\t<\/div>\n\t\t\t\t<div class=\"elementor-column elementor-col-50 elementor-top-column elementor-element elementor-element-137cdf25\" data-id=\"137cdf25\" data-element_type=\"column\" data-e-type=\"column\" data-settings=\"{&quot;background_background&quot;:&quot;classic&quot;}\">\n\t\t\t<div class=\"elementor-widget-wrap elementor-element-populated\">\n\t\t\t\t\t\t<div class=\"elementor-element elementor-element-20e83017 elementor-widget elementor-widget-image\" data-id=\"20e83017\" data-element_type=\"widget\" data-e-type=\"widget\" data-widget_type=\"image.default\">\n\t\t\t\t<div class=\"elementor-widget-container\">\n\t\t\t\t\t\t\t\t\t\t\t\t\t\t\t<img fetchpriority=\"high\" decoding=\"async\" width=\"700\" height=\"537\" src=\"https:\/\/ivharmonyclinic.com\/wp-content\/uploads\/2024\/04\/weight-loss-iv-therapy.png\" class=\"attachment-large size-large wp-image-9367\" alt=\"weight loss iv therapy\" srcset=\"https:\/\/ivharmonyclinic.com\/wp-content\/uploads\/2024\/04\/weight-loss-iv-therapy.png 700w, https:\/\/ivharmonyclinic.com\/wp-content\/uploads\/2024\/04\/weight-loss-iv-therapy-300x230.png 300w\" sizes=\"(max-width: 700px) 100vw, 700px\" title=\"\">\t\t\t\t\t\t\t\t\t\t\t\t\t\t\t<\/div>\n\t\t\t\t<\/div>\n\t\t\t\t\t<\/div>\n\t\t<\/div>\n\t\t\t\t\t<\/div>\n\t\t<\/section>\n\t\t\t\t<section class=\"elementor-section elementor-top-section elementor-element elementor-element-74d37c0f elementor-section-boxed elementor-section-height-default elementor-section-height-default\" data-id=\"74d37c0f\" data-element_type=\"section\" data-e-type=\"section\" data-settings=\"{&quot;background_background&quot;:&quot;classic&quot;}\">\n\t\t\t\t\t\t<div class=\"elementor-container elementor-column-gap-default\">\n\t\t\t\t\t<div class=\"elementor-column elementor-col-100 elementor-top-column elementor-element elementor-element-222065ff\" data-id=\"222065ff\" data-element_type=\"column\" data-e-type=\"column\">\n\t\t\t<div class=\"elementor-widget-wrap elementor-element-populated\">\n\t\t\t\t\t\t<div class=\"elementor-element elementor-element-4d7fecc7 elementor-widget-divider--view-line elementor-widget elementor-widget-divider\" data-id=\"4d7fecc7\" data-element_type=\"widget\" data-e-type=\"widget\" data-widget_type=\"divider.default\">\n\t\t\t\t<div class=\"elementor-widget-container\">\n\t\t\t\t\t\t\t<div class=\"elementor-divider\">\n\t\t\t<span class=\"elementor-divider-separator\">\n\t\t\t\t\t\t<\/span>\n\t\t<\/div>\n\t\t\t\t\t\t<\/div>\n\t\t\t\t<\/div>\n\t\t\t\t\t<\/div>\n\t\t<\/div>\n\t\t\t\t\t<\/div>\n\t\t<\/section>\n\t\t\t\t<section class=\"elementor-section elementor-top-section elementor-element elementor-element-30d6e9c6 elementor-section-boxed elementor-section-height-default elementor-section-height-default\" data-id=\"30d6e9c6\" data-element_type=\"section\" data-e-type=\"section\">\n\t\t\t\t\t\t<div class=\"elementor-container elementor-column-gap-default\">\n\t\t\t\t\t<div class=\"elementor-column elementor-col-100 elementor-top-column elementor-element elementor-element-1137d12e\" data-id=\"1137d12e\" data-element_type=\"column\" data-e-type=\"column\">\n\t\t\t<div class=\"elementor-widget-wrap elementor-element-populated\">\n\t\t\t\t\t\t<div class=\"elementor-element elementor-element-32fa68f1 elementor-widget elementor-widget-text-editor\" data-id=\"32fa68f1\" data-element_type=\"widget\" data-e-type=\"widget\" data-widget_type=\"text-editor.default\">\n\t\t\t\t<div class=\"elementor-widget-container\">\n\t\t\t\t\t\t\t\t\t<h2><strong>\u00bfPor qu\u00e9 elegir la terapia intravenosa para adelgazar en la Cl\u00ednica Armon\u00eda Intravenosa?<\/strong><\/h2>\n<ul>\n<li><strong>Impulso metab\u00f3lico:<\/strong> Nuestra f\u00f3rmula especial P\u00e9rdida de Peso IV incluye ingredientes conocidos por aumentar de forma natural tu metabolismo, ayud\u00e1ndote a quemar calor\u00edas de forma m\u00e1s eficiente.<\/li>\n<li><strong>Apoyo Nutricional Esencial:<\/strong> Repleta de vitaminas del complejo B, amino\u00e1cidos y otros micronutrientes que favorecen la p\u00e9rdida de peso, nuestra terapia intravenosa garantiza que tu cuerpo reciba todo lo que necesita para favorecer una p\u00e9rdida de peso saludable.<\/li>\n<li><strong>Hidrataci\u00f3n y Desintoxicaci\u00f3n:<\/strong> Mantente hidratado y desintoxica tu cuerpo, componentes clave para alcanzar los objetivos de control de peso.<\/li>\n<li><strong>Orientaci\u00f3n profesional:<\/strong> Nuestro experto personal m\u00e9dico no s\u00f3lo proporciona una atenci\u00f3n de primera, sino tambi\u00e9n asesoramiento y apoyo adaptados a tus necesidades personales de salud y p\u00e9rdida de peso.<\/li>\n<\/ul>\n\t\t\t\t\t\t\t\t<\/div>\n\t\t\t\t<\/div>\n\t\t\t\t<div class=\"elementor-element elementor-element-c77d422 elementor-widget elementor-widget-text-editor\" data-id=\"c77d422\" data-element_type=\"widget\" data-e-type=\"widget\" data-widget_type=\"text-editor.default\">\n\t\t\t\t<div class=\"elementor-widget-container\">\n\t\t\t\t\t\t\t\t\t<p><strong>\u00a1Reserva ya tu consulta para la terapia intravenosa de p\u00e9rdida de peso!<\/strong><\/p>\n<p>\u00bfListo para transformar tu cuerpo y tu salud?<br \/>\nPrograma hoy mismo tu primera sesi\u00f3n de terapia intravenosa para perder peso en la Cl\u00ednica Armon\u00eda Intravenosa. <\/p>\n\t\t\t\t\t\t\t\t<\/div>\n\t\t\t\t<\/div>\n\t\t\t\t\t<\/div>\n\t\t<\/div>\n\t\t\t\t\t<\/div>\n\t\t<\/section>\n\t\t\t\t<\/div>\n\t\t","protected":false},"excerpt":{"rendered":"<p>P\u00e9rdida de peso IV BOOK NOW Se admiten personas sin cita previa. Descubre una persona m\u00e1s sana con la terapia intravenosa para perder peso en la Cl\u00ednica Armon\u00eda Intravenosa Consigue tus objetivos de p\u00e9rdida de peso m\u00e1s r\u00e1pida y eficazmente Bienvenido a la Cl\u00ednica Armon\u00eda Intravenosa, donde tu viaje hacia una vida m\u00e1s sana y [&hellip;]<\/p>\n","protected":false},"author":1,"featured_media":0,"parent":0,"menu_order":0,"comment_status":"closed","ping_status":"closed","template":"","meta":{"site-sidebar-layout":"no-sidebar","site-content-layout":"page-builder","ast-site-content-layout":"full-width-container","site-content-style":"default","site-sidebar-style":"default","ast-global-header-display":"","ast-banner-title-visibility":"","ast-main-header-display":"","ast-hfb-above-header-display":"","ast-hfb-below-header-display":"","ast-hfb-mobile-header-display":"","site-post-title":"disabled","ast-breadcrumbs-content":"","ast-featured-img":"disabled","footer-sml-layout":"","ast-disable-related-posts":"","theme-transparent-header-meta":"","adv-header-id-meta":"","stick-header-meta":"","header-above-stick-meta":"","header-main-stick-meta":"","header-below-stick-meta":"","astra-migrate-meta-layouts":"default","ast-page-background-enabled":"default","ast-page-background-meta":{"desktop":{"background-color":"var(--ast-global-color-4)","background-image":"","background-repeat":"repeat","background-position":"center center","background-size":"auto","background-attachment":"scroll","background-type":"","background-media":"","overlay-type":"","overlay-color":"","overlay-opacity":"","overlay-gradient":""},"tablet":{"background-color":"","background-image":"","background-repeat":"repeat","background-position":"center center","background-size":"auto","background-attachment":"scroll","background-type":"","background-media":"","overlay-type":"","overlay-color":"","overlay-opacity":"","overlay-gradient":""},"mobile":{"background-color":"","background-image":"","background-repeat":"repeat","background-position":"center center","background-size":"auto","background-attachment":"scroll","background-type":"","background-media":"","overlay-type":"","overlay-color":"","overlay-opacity":"","overlay-gradient":""}},"ast-content-background-meta":{"desktop":{"background-color":"var(--ast-global-color-5)","background-image":"","background-repeat":"repeat","background-position":"center center","background-size":"auto","background-attachment":"scroll","background-type":"","background-media":"","overlay-type":"","overlay-color":"","overlay-opacity":"","overlay-gradient":""},"tablet":{"background-color":"var(--ast-global-color-5)","background-image":"","background-repeat":"repeat","background-position":"center center","background-size":"auto","background-attachment":"scroll","background-type":"","background-media":"","overlay-type":"","overlay-color":"","overlay-opacity":"","overlay-gradient":""},"mobile":{"background-color":"var(--ast-global-color-5)","background-image":"","background-repeat":"repeat","background-position":"center center","background-size":"auto","background-attachment":"scroll","background-type":"","background-media":"","overlay-type":"","overlay-color":"","overlay-opacity":"","overlay-gradient":""}},"footnotes":""},"class_list":["post-9456","page","type-page","status-publish","hentry"],"_links":{"self":[{"href":"https:\/\/ivharmonyclinic.com\/es\/wp-json\/wp\/v2\/pages\/9456","targetHints":{"allow":["GET"]}}],"collection":[{"href":"https:\/\/ivharmonyclinic.com\/es\/wp-json\/wp\/v2\/pages"}],"about":[{"href":"https:\/\/ivharmonyclinic.com\/es\/wp-json\/wp\/v2\/types\/page"}],"author":[{"embeddable":true,"href":"https:\/\/ivharmonyclinic.com\/es\/wp-json\/wp\/v2\/users\/1"}],"replies":[{"embeddable":true,"href":"https:\/\/ivharmonyclinic.com\/es\/wp-json\/wp\/v2\/comments?post=9456"}],"version-history":[{"count":9,"href":"https:\/\/ivharmonyclinic.com\/es\/wp-json\/wp\/v2\/pages\/9456\/revisions"}],"predecessor-version":[{"id":15273,"href":"https:\/\/ivharmonyclinic.com\/es\/wp-json\/wp\/v2\/pages\/9456\/revisions\/15273"}],"wp:attachment":[{"href":"https:\/\/ivharmonyclinic.com\/es\/wp-json\/wp\/v2\/media?parent=9456"}],"curies":[{"name":"wp","href":"https:\/\/api.w.org\/{rel}","templated":true}]}}