{"id":9451,"date":"2024-04-16T13:26:43","date_gmt":"2024-04-16T13:26:43","guid":{"rendered":"https:\/\/ivharmonyclinic.com\/terapia-iv-de-desintoxicacion\/"},"modified":"2025-07-28T20:02:09","modified_gmt":"2025-07-28T20:02:09","slug":"terapia-iv-de-desintoxicacion","status":"publish","type":"page","link":"https:\/\/ivharmonyclinic.com\/es\/terapia-iv-de-desintoxicacion\/","title":{"rendered":"Terapia IV de Desintoxicaci\u00f3n: Experimenta el n\u00ba 1 de los incre\u00edbles y potentes beneficios"},"content":{"rendered":"\t\t<div data-elementor-type=\"wp-page\" data-elementor-id=\"9451\" class=\"elementor elementor-9451 elementor-9327\" data-elementor-post-type=\"page\">\n\t\t\t\t\t\t<section class=\"elementor-section elementor-top-section elementor-element elementor-element-8c85784 elementor-section-height-min-height elementor-section-boxed elementor-section-height-default elementor-section-items-middle\" data-id=\"8c85784\" data-element_type=\"section\" data-e-type=\"section\" data-settings=\"{&quot;background_background&quot;:&quot;classic&quot;}\">\n\t\t\t\t\t\t\t<div class=\"elementor-background-overlay\"><\/div>\n\t\t\t\t\t\t\t<div class=\"elementor-container elementor-column-gap-default\">\n\t\t\t\t\t<div class=\"elementor-column elementor-col-100 elementor-top-column elementor-element elementor-element-21c390b7\" data-id=\"21c390b7\" data-element_type=\"column\" data-e-type=\"column\">\n\t\t\t<div class=\"elementor-widget-wrap elementor-element-populated\">\n\t\t\t\t\t\t<div class=\"elementor-element elementor-element-4c300c74 elementor-widget__width-initial elementor-widget elementor-widget-heading\" data-id=\"4c300c74\" data-element_type=\"widget\" data-e-type=\"widget\" data-widget_type=\"heading.default\">\n\t\t\t\t<div class=\"elementor-widget-container\">\n\t\t\t\t\t<h1 class=\"elementor-heading-title elementor-size-default\">Terapia IV de desintoxicaci\u00f3n<\/h1>\t\t\t\t<\/div>\n\t\t\t\t<\/div>\n\t\t\t\t<div class=\"elementor-element elementor-element-3980866 elementor-align-center elementor-widget elementor-widget-global elementor-global-12348 elementor-widget-button\" data-id=\"3980866\" data-element_type=\"widget\" data-e-type=\"widget\" data-widget_type=\"button.default\">\n\t\t\t\t<div class=\"elementor-widget-container\">\n\t\t\t\t\t\t\t\t\t<div class=\"elementor-button-wrapper\">\n\t\t\t\t\t<a class=\"elementor-button elementor-button-link elementor-size-sm\" href=\"https:\/\/ivharmonyclinic.com\/request-consultation\/\">\n\t\t\t\t\t\t<span class=\"elementor-button-content-wrapper\">\n\t\t\t\t\t\t\t\t\t<span class=\"elementor-button-text\">BOOK NOW<\/span>\n\t\t\t\t\t<\/span>\n\t\t\t\t\t<\/a>\n\t\t\t\t<\/div>\n\t\t\t\t\t\t\t\t<\/div>\n\t\t\t\t<\/div>\n\t\t\t\t<div class=\"elementor-element elementor-element-76b1b67 elementor-widget elementor-widget-heading\" data-id=\"76b1b67\" data-element_type=\"widget\" data-e-type=\"widget\" data-widget_type=\"heading.default\">\n\t\t\t\t<div class=\"elementor-widget-container\">\n\t\t\t\t\t<h2 class=\"elementor-heading-title elementor-size-default\">Se admiten personas sin cita previa.<\/h2>\t\t\t\t<\/div>\n\t\t\t\t<\/div>\n\t\t\t\t\t<\/div>\n\t\t<\/div>\n\t\t\t\t\t<\/div>\n\t\t<\/section>\n\t\t\t\t<section class=\"elementor-section elementor-top-section elementor-element elementor-element-555db711 elementor-section-boxed elementor-section-height-default elementor-section-height-default\" data-id=\"555db711\" data-element_type=\"section\" data-e-type=\"section\">\n\t\t\t\t\t\t<div class=\"elementor-container elementor-column-gap-default\">\n\t\t\t\t\t<div class=\"elementor-column elementor-col-100 elementor-top-column elementor-element elementor-element-3a8201c7\" data-id=\"3a8201c7\" data-element_type=\"column\" data-e-type=\"column\">\n\t\t\t<div class=\"elementor-widget-wrap elementor-element-populated\">\n\t\t\t\t\t\t<div class=\"elementor-element elementor-element-6ebc3b0 elementor-widget elementor-widget-heading\" data-id=\"6ebc3b0\" data-element_type=\"widget\" data-e-type=\"widget\" data-widget_type=\"heading.default\">\n\t\t\t\t<div class=\"elementor-widget-container\">\n\t\t\t\t\t<h2 class=\"elementor-heading-title elementor-size-default\">Revitaliza tu cuerpo con nuestra terapia IV de desintoxicaci\u00f3n especializada<\/h2>\t\t\t\t<\/div>\n\t\t\t\t<\/div>\n\t\t\t\t<div class=\"elementor-element elementor-element-c657980 elementor-widget elementor-widget-text-editor\" data-id=\"c657980\" data-element_type=\"widget\" data-e-type=\"widget\" data-widget_type=\"text-editor.default\">\n\t\t\t\t<div class=\"elementor-widget-container\">\n\t\t\t\t\t\t\t\t\t<p><script type=\"application\/ld+json\"><span data-mce-type=\"bookmark\" style=\"display: inline-block; width: 0px; overflow: hidden; line-height: 0;\" class=\"mce_SELRES_start\">\ufeff<\/span>\n{\n  \"@context\": \"https:\/\/schema.org\",\n  \"@type\": \"Service\",\n  \"name\": \"Detox IV Therapy\",\n  \"description\": \"Detox IV Therapy at IV Harmony Clinic provides a comprehensive detoxification treatment that helps eliminate toxins, improve liver function, and promote overall wellness by delivering essential nutrients directly into your bloodstream.\",\n  \"provider\": {\n    \"@type\": \"Organization\",\n    \"name\": \"IV Harmony Clinic\",\n    \"address\": {\n      \"@type\": \"PostalAddress\",\n      \"streetAddress\": \"2749 E County Line Rd\",\n      \"addressLocality\": \"Lutz\",\n      \"addressRegion\": \"FL\",\n      \"postalCode\": \"33559\",\n      \"addressCountry\": \"US\"\n    },\n    \"telephone\": \"+1-813-325-3870\",\n    \"url\": \"https:\/\/ivharmonyclinic.com\/detox-iv-therapy\/\"\n  },\n  \"areaServed\": {\n    \"@type\": \"City\",\n    \"name\": \"Lutz, FL\"\n  },\n  \"availableChannel\": {\n    \"@type\": \"ServiceChannel\",\n    \"serviceUrl\": \"https:\/\/ivharmonyclinic.com\/detox-iv-therapy\/\"\n  },\n  \"serviceType\": \"Healthcare Services\",\n  \"image\": \"https:\/\/i0.wp.com\/ivharmonyclinic.com\/wp-content\/uploads\/2023\/07\/cropped-iv-con-slogan.png?w=500&ssl=1\",\n  \"offers\": {\n    \"@type\": \"Offer\",\n    \"price\": \"$$\",\n    \"priceCurrency\": \"USD\",\n    \"url\": \"https:\/\/ivharmonyclinic.com\/detox-iv-therapy\/\"\n  }\n}\n<\/script><\/p><p>En la Cl\u00ednica Armon\u00eda IV comprendemos la importancia de un cuerpo y una mente bien equilibrados. Nuestra Terapia IV de Desintoxicaci\u00f3n est\u00e1 formulada para ayudar a eliminar toxinas, rejuvenecer tu energ\u00eda y restablecer el equilibrio natural de tu salud. Experimenta los efectos transformadores de una desintoxicaci\u00f3n personalizada en un entorno sereno y profesional.  <\/p>\t\t\t\t\t\t\t\t<\/div>\n\t\t\t\t<\/div>\n\t\t\t\t<div class=\"elementor-element elementor-element-edc77e4 elementor-widget elementor-widget-global elementor-global-10732 elementor-widget-heading\" data-id=\"edc77e4\" data-element_type=\"widget\" data-e-type=\"widget\" data-widget_type=\"heading.default\">\n\t\t\t\t<div class=\"elementor-widget-container\">\n\t\t\t\t\t<h2 class=\"elementor-heading-title elementor-size-default\"><a href=\"tel:813-325-3870\">We also offer Mobile IV Therapy in your home or workplace. \n<br>Call to schedule your appointment.<\/a><\/h2>\t\t\t\t<\/div>\n\t\t\t\t<\/div>\n\t\t\t\t\t<\/div>\n\t\t<\/div>\n\t\t\t\t\t<\/div>\n\t\t<\/section>\n\t\t\t\t<section class=\"elementor-section elementor-top-section elementor-element elementor-element-701ecf2 elementor-section-boxed elementor-section-height-default elementor-section-height-default\" data-id=\"701ecf2\" data-element_type=\"section\" data-e-type=\"section\" data-settings=\"{&quot;background_background&quot;:&quot;classic&quot;}\">\n\t\t\t\t\t\t<div class=\"elementor-container elementor-column-gap-default\">\n\t\t\t\t\t<div class=\"elementor-column elementor-col-50 elementor-top-column elementor-element elementor-element-48428fe1\" data-id=\"48428fe1\" data-element_type=\"column\" data-e-type=\"column\">\n\t\t\t<div class=\"elementor-widget-wrap elementor-element-populated\">\n\t\t\t\t\t\t<div class=\"elementor-element elementor-element-387178f8 elementor-widget elementor-widget-heading\" data-id=\"387178f8\" data-element_type=\"widget\" data-e-type=\"widget\" data-widget_type=\"heading.default\">\n\t\t\t\t<div class=\"elementor-widget-container\">\n\t\t\t\t\t<h2 class=\"elementor-heading-title elementor-size-default\">IV Ingredientes<\/h2>\t\t\t\t<\/div>\n\t\t\t\t<\/div>\n\t\t\t\t<div class=\"elementor-element elementor-element-51a1ea6e elementor-widget elementor-widget-text-editor\" data-id=\"51a1ea6e\" data-element_type=\"widget\" data-e-type=\"widget\" data-widget_type=\"text-editor.default\">\n\t\t\t\t<div class=\"elementor-widget-container\">\n\t\t\t\t\t\t\t\t\t<ul>\n<li class=\"p1\">Vitamina C (\u00e1cido asc\u00f3rbico)<\/li>\n<li class=\"p1\">Complejo vitam\u00ednico B (B1,B2,B3)B5,B6<\/li>\n<li class=\"p1\">L Carnitina<\/li>\n<li class=\"p1\">Glutati\u00f3n (dosis alta)<\/li>\n<li class=\"p1\">Taurina<\/li>\n<li class=\"p1\">L Proline<\/li>\n<\/ul>\n\t\t\t\t\t\t\t\t<\/div>\n\t\t\t\t<\/div>\n\t\t\t\t\t<\/div>\n\t\t<\/div>\n\t\t\t\t<div class=\"elementor-column elementor-col-50 elementor-top-column elementor-element elementor-element-8b53099\" data-id=\"8b53099\" data-element_type=\"column\" data-e-type=\"column\" data-settings=\"{&quot;background_background&quot;:&quot;classic&quot;}\">\n\t\t\t<div class=\"elementor-widget-wrap elementor-element-populated\">\n\t\t\t\t\t\t<div class=\"elementor-element elementor-element-10ee5398 elementor-widget elementor-widget-image\" data-id=\"10ee5398\" data-element_type=\"widget\" data-e-type=\"widget\" data-widget_type=\"image.default\">\n\t\t\t\t<div class=\"elementor-widget-container\">\n\t\t\t\t\t\t\t\t\t\t\t\t\t\t\t<img fetchpriority=\"high\" decoding=\"async\" width=\"640\" height=\"360\" src=\"https:\/\/ivharmonyclinic.com\/wp-content\/uploads\/2024\/04\/detox.jpeg\" class=\"attachment-large size-large wp-image-9336\" alt=\"detox IV therapy\" srcset=\"https:\/\/ivharmonyclinic.com\/wp-content\/uploads\/2024\/04\/detox.jpeg 640w, https:\/\/ivharmonyclinic.com\/wp-content\/uploads\/2024\/04\/detox-300x169.jpeg 300w\" sizes=\"(max-width: 640px) 100vw, 640px\" title=\"\">\t\t\t\t\t\t\t\t\t\t\t\t\t\t\t<\/div>\n\t\t\t\t<\/div>\n\t\t\t\t\t<\/div>\n\t\t<\/div>\n\t\t\t\t\t<\/div>\n\t\t<\/section>\n\t\t\t\t<section class=\"elementor-section elementor-top-section elementor-element elementor-element-124e2876 elementor-section-boxed elementor-section-height-default elementor-section-height-default\" data-id=\"124e2876\" data-element_type=\"section\" data-e-type=\"section\" data-settings=\"{&quot;background_background&quot;:&quot;classic&quot;}\">\n\t\t\t\t\t\t<div class=\"elementor-container elementor-column-gap-default\">\n\t\t\t\t\t<div class=\"elementor-column elementor-col-100 elementor-top-column elementor-element elementor-element-7fbffa27\" data-id=\"7fbffa27\" data-element_type=\"column\" data-e-type=\"column\">\n\t\t\t<div class=\"elementor-widget-wrap elementor-element-populated\">\n\t\t\t\t\t\t<div class=\"elementor-element elementor-element-4cb4226d elementor-widget-divider--view-line elementor-widget elementor-widget-divider\" data-id=\"4cb4226d\" data-element_type=\"widget\" data-e-type=\"widget\" data-widget_type=\"divider.default\">\n\t\t\t\t<div class=\"elementor-widget-container\">\n\t\t\t\t\t\t\t<div class=\"elementor-divider\">\n\t\t\t<span class=\"elementor-divider-separator\">\n\t\t\t\t\t\t<\/span>\n\t\t<\/div>\n\t\t\t\t\t\t<\/div>\n\t\t\t\t<\/div>\n\t\t\t\t\t<\/div>\n\t\t<\/div>\n\t\t\t\t\t<\/div>\n\t\t<\/section>\n\t\t\t\t<section class=\"elementor-section elementor-top-section elementor-element elementor-element-44462d81 elementor-section-boxed elementor-section-height-default elementor-section-height-default\" data-id=\"44462d81\" data-element_type=\"section\" data-e-type=\"section\">\n\t\t\t\t\t\t<div class=\"elementor-container elementor-column-gap-default\">\n\t\t\t\t\t<div class=\"elementor-column elementor-col-100 elementor-top-column elementor-element elementor-element-6d4f74a5\" data-id=\"6d4f74a5\" data-element_type=\"column\" data-e-type=\"column\">\n\t\t\t<div class=\"elementor-widget-wrap elementor-element-populated\">\n\t\t\t\t\t\t<div class=\"elementor-element elementor-element-3c2110c elementor-widget elementor-widget-text-editor\" data-id=\"3c2110c\" data-element_type=\"widget\" data-e-type=\"widget\" data-widget_type=\"text-editor.default\">\n\t\t\t\t<div class=\"elementor-widget-container\">\n\t\t\t\t\t\t\t\t\t<p>En la Cl\u00ednica Armon\u00eda IV comprendemos la importancia de la desintoxicaci\u00f3n corporal para mantener una salud y vitalidad \u00f3ptimas. Nuestra Terapia IV de Desintoxicaci\u00f3n est\u00e1 dise\u00f1ada para ayudar a limpiar tu cuerpo de toxinas, rejuvenecer tus c\u00e9lulas y restablecer tus niveles naturales de energ\u00eda. Tanto si buscas mejorar tu bienestar general como recuperarte de los efectos de las toxinas ambientales o alimentarias, nuestros tratamientos intravenosos a medida proporcionan una v\u00eda directa hacia la mejora de la salud.  <\/p>\n<p><strong>\u00bfQu\u00e9 es la terapia IV de desintoxicaci\u00f3n?<\/strong><\/p>\n<p>La Terapia IV de Desintoxicaci\u00f3n consiste en la administraci\u00f3n de vitaminas, minerales y antioxidantes directamente en el torrente sangu\u00edneo, sin pasar por el aparato digestivo para lograr una absorci\u00f3n m\u00e1xima. Esta terapia est\u00e1 formulada para potenciar los procesos naturales de desintoxicaci\u00f3n del organismo, centr\u00e1ndose en los radicales libres y las toxinas que se acumulan en tu cuerpo debido a la contaminaci\u00f3n, los alimentos poco saludables y otros factores del estilo de vida. <\/p>\n<p><strong>Ingredientes clave<\/strong><\/p>\n<p>Nuestra Terapia IV de Desintoxicaci\u00f3n incluye una mezcla de potentes antioxidantes como el Glutati\u00f3n, la Vitamina C y las Vitaminas B, junto con minerales esenciales que favorecen las v\u00edas de desintoxicaci\u00f3n. Estos ingredientes act\u00faan sin\u00e9rgicamente para: <\/p>\n<ul>\n<li><strong>Glutati\u00f3n:<\/strong> A menudo llamado el \u00abantioxidante maestro\u00bb, el glutati\u00f3n desempe\u00f1a un papel fundamental en la neutralizaci\u00f3n de los radicales libres y ayuda a eliminar los metales pesados y otras toxinas del organismo.<\/li>\n<li><strong>Vitamina C:<\/strong> Un potente antioxidante que ayuda a la reparaci\u00f3n celular y reduce el estr\u00e9s oxidativo.<\/li>\n<li><strong>Vitaminas B:<\/strong> Esenciales para la producci\u00f3n de energ\u00eda y el fomento de la salud celular, las vitaminas B tambi\u00e9n ayudan a eliminar las toxinas del organismo.<\/li>\n<\/ul>\n<p><strong>Beneficios de la <a href=\"https:\/\/ivharmonyclinic.com\/es\/iv-terapia-cerca-de-mi\/\">terapia IV<\/a> de desintoxicaci\u00f3n<\/strong><\/p>\n<ul>\n<li><strong>Aumento de los niveles de energ\u00eda:<\/strong> Al eliminar toxinas y aportar nutrientes esenciales, la Terapia Intravenosa de Desintoxicaci\u00f3n puede ayudar a aumentar tus niveles de energ\u00eda y tu vitalidad general.<\/li>\n<li><strong>Mejora de la funci\u00f3n inmunitaria:<\/strong> Un cuerpo desintoxicado y la adici\u00f3n de nutrientes vitales refuerzan el sistema inmunitario, ayudando a defenderse de las enfermedades.<\/li>\n<li><strong>Mejor salud de la piel:<\/strong> Los antioxidantes de la soluci\u00f3n intravenosa pueden contribuir a una piel m\u00e1s clara y radiante al combatir el estr\u00e9s oxidativo que suele provocar envejecimiento prematuro y problemas cut\u00e1neos.<\/li>\n<li><strong>Favorece una digesti\u00f3n sana:<\/strong> La desintoxicaci\u00f3n ayuda a aliviar la carga de tu sistema digestivo, favoreciendo una mejor absorci\u00f3n de nutrientes y la salud intestinal en general.<\/li>\n<\/ul>\n<p><strong>Qu\u00e9 esperar durante la sesi\u00f3n<\/strong><\/p>\n<p>Las sesiones de Terapia IV de Desintoxicaci\u00f3n en la Cl\u00ednica Armon\u00eda IV son experiencias relajantes y rejuvenecedoras. Esto es lo que puedes esperar:<\/p>\n<ul>\n<li><strong>Consulta:<\/strong> Nuestros experimentados profesionales analizar\u00e1n tu historial m\u00e9dico y tus necesidades individuales para personalizar tu terapia intravenosa.<\/li>\n<li><strong>El tratamiento:<\/strong> La sesi\u00f3n suele durar entre 30 y 60 minutos. Puedes relajarte en un entorno c\u00f3modo mientras se administra el goteo intravenoso. <\/li>\n<li><strong>Consejos posteriores al tratamiento:<\/strong> Te daremos recomendaciones sobre c\u00f3mo mantener los beneficios de la desintoxicaci\u00f3n mediante la dieta, la hidrataci\u00f3n y el estilo de vida.<\/li>\n<\/ul>\n<p><strong>\u00bfPor qu\u00e9 elegir IV Harmony Clinic?<\/strong><\/p>\n<p>La Cl\u00ednica IV Harmony se dedica a proporcionar una atenci\u00f3n personalizada centrada en la seguridad, la comodidad y la eficacia. Nuestro equipo de profesionales sanitarios est\u00e1 altamente cualificado en terapia intravenosa, lo que garantiza que recibas una atenci\u00f3n de la m\u00e1xima calidad en un entorno relajante. <\/p>\n<p><strong>Empieza tu viaje <a href=\"https:\/\/www.docdoc.com\/medical-information\/procedures\/detoxification-via-intravenous\" target=\"_blank\" rel=\"noopener\">de desintoxicaci\u00f3n<\/a> <\/strong><\/p>\n<p>\u00bfListo para resetear tu cuerpo y experimentar una energ\u00eda y un bienestar renovados? Ponte en contacto con la Cl\u00ednica Armon\u00eda Intravenosa hoy mismo para programar tu sesi\u00f3n de Terapia Intravenosa de Desintoxicaci\u00f3n. Nuestro amable personal est\u00e1 aqu\u00ed para guiarte en cada paso del camino hacia un yo m\u00e1s sano y lleno de energ\u00eda.  <\/p>\n\t\t\t\t\t\t\t\t<\/div>\n\t\t\t\t<\/div>\n\t\t\t\t\t<\/div>\n\t\t<\/div>\n\t\t\t\t\t<\/div>\n\t\t<\/section>\n\t\t\t\t<\/div>\n\t\t","protected":false},"excerpt":{"rendered":"<p>Terapia IV de desintoxicaci\u00f3n BOOK NOW Se admiten personas sin cita previa. Revitaliza tu cuerpo con nuestra terapia IV de desintoxicaci\u00f3n especializada En la Cl\u00ednica Armon\u00eda IV comprendemos la importancia de un cuerpo y una mente bien equilibrados. Nuestra Terapia IV de Desintoxicaci\u00f3n est\u00e1 formulada para ayudar a eliminar toxinas, rejuvenecer tu energ\u00eda y restablecer [&hellip;]<\/p>\n","protected":false},"author":1,"featured_media":0,"parent":0,"menu_order":0,"comment_status":"closed","ping_status":"closed","template":"","meta":{"site-sidebar-layout":"no-sidebar","site-content-layout":"page-builder","ast-site-content-layout":"full-width-container","site-content-style":"default","site-sidebar-style":"default","ast-global-header-display":"","ast-banner-title-visibility":"","ast-main-header-display":"","ast-hfb-above-header-display":"","ast-hfb-below-header-display":"","ast-hfb-mobile-header-display":"","site-post-title":"disabled","ast-breadcrumbs-content":"","ast-featured-img":"disabled","footer-sml-layout":"","ast-disable-related-posts":"","theme-transparent-header-meta":"","adv-header-id-meta":"","stick-header-meta":"","header-above-stick-meta":"","header-main-stick-meta":"","header-below-stick-meta":"","astra-migrate-meta-layouts":"default","ast-page-background-enabled":"default","ast-page-background-meta":{"desktop":{"background-color":"var(--ast-global-color-4)","background-image":"","background-repeat":"repeat","background-position":"center center","background-size":"auto","background-attachment":"scroll","background-type":"","background-media":"","overlay-type":"","overlay-color":"","overlay-opacity":"","overlay-gradient":""},"tablet":{"background-color":"","background-image":"","background-repeat":"repeat","background-position":"center center","background-size":"auto","background-attachment":"scroll","background-type":"","background-media":"","overlay-type":"","overlay-color":"","overlay-opacity":"","overlay-gradient":""},"mobile":{"background-color":"","background-image":"","background-repeat":"repeat","background-position":"center center","background-size":"auto","background-attachment":"scroll","background-type":"","background-media":"","overlay-type":"","overlay-color":"","overlay-opacity":"","overlay-gradient":""}},"ast-content-background-meta":{"desktop":{"background-color":"var(--ast-global-color-5)","background-image":"","background-repeat":"repeat","background-position":"center center","background-size":"auto","background-attachment":"scroll","background-type":"","background-media":"","overlay-type":"","overlay-color":"","overlay-opacity":"","overlay-gradient":""},"tablet":{"background-color":"var(--ast-global-color-5)","background-image":"","background-repeat":"repeat","background-position":"center center","background-size":"auto","background-attachment":"scroll","background-type":"","background-media":"","overlay-type":"","overlay-color":"","overlay-opacity":"","overlay-gradient":""},"mobile":{"background-color":"var(--ast-global-color-5)","background-image":"","background-repeat":"repeat","background-position":"center center","background-size":"auto","background-attachment":"scroll","background-type":"","background-media":"","overlay-type":"","overlay-color":"","overlay-opacity":"","overlay-gradient":""}},"footnotes":""},"class_list":["post-9451","page","type-page","status-publish","hentry"],"_links":{"self":[{"href":"https:\/\/ivharmonyclinic.com\/es\/wp-json\/wp\/v2\/pages\/9451","targetHints":{"allow":["GET"]}}],"collection":[{"href":"https:\/\/ivharmonyclinic.com\/es\/wp-json\/wp\/v2\/pages"}],"about":[{"href":"https:\/\/ivharmonyclinic.com\/es\/wp-json\/wp\/v2\/types\/page"}],"author":[{"embeddable":true,"href":"https:\/\/ivharmonyclinic.com\/es\/wp-json\/wp\/v2\/users\/1"}],"replies":[{"embeddable":true,"href":"https:\/\/ivharmonyclinic.com\/es\/wp-json\/wp\/v2\/comments?post=9451"}],"version-history":[{"count":8,"href":"https:\/\/ivharmonyclinic.com\/es\/wp-json\/wp\/v2\/pages\/9451\/revisions"}],"predecessor-version":[{"id":14367,"href":"https:\/\/ivharmonyclinic.com\/es\/wp-json\/wp\/v2\/pages\/9451\/revisions\/14367"}],"wp:attachment":[{"href":"https:\/\/ivharmonyclinic.com\/es\/wp-json\/wp\/v2\/media?parent=9451"}],"curies":[{"name":"wp","href":"https:\/\/api.w.org\/{rel}","templated":true}]}}