{"id":9239,"date":"2022-04-26T19:15:36","date_gmt":"2022-04-26T19:15:36","guid":{"rendered":"https:\/\/ivharmonyclinic.com\/vuelve-con-mas-fuerza-recuperate-mas-rapido\/"},"modified":"2025-07-28T20:09:05","modified_gmt":"2025-07-28T20:09:05","slug":"vuelve-con-mas-fuerza-recuperate-mas-rapido","status":"publish","type":"page","link":"https:\/\/ivharmonyclinic.com\/es\/vuelve-con-mas-fuerza-recuperate-mas-rapido\/","title":{"rendered":"Vuelve con m\u00e1s fuerza &#8211; Recup\u00e9rate m\u00e1s r\u00e1pido"},"content":{"rendered":"\t\t<div data-elementor-type=\"wp-page\" data-elementor-id=\"9239\" class=\"elementor elementor-9239 elementor-433\" data-elementor-post-type=\"page\">\n\t\t\t\t\t\t<section class=\"elementor-section elementor-top-section elementor-element elementor-element-4b8e9b06 elementor-section-height-min-height elementor-section-boxed elementor-section-height-default elementor-section-items-middle\" data-id=\"4b8e9b06\" data-element_type=\"section\" data-e-type=\"section\" data-settings=\"{&quot;background_background&quot;:&quot;classic&quot;}\">\n\t\t\t\t\t\t\t<div class=\"elementor-background-overlay\"><\/div>\n\t\t\t\t\t\t\t<div class=\"elementor-container elementor-column-gap-default\">\n\t\t\t\t\t<div class=\"elementor-column elementor-col-100 elementor-top-column elementor-element elementor-element-16617498\" data-id=\"16617498\" data-element_type=\"column\" data-e-type=\"column\">\n\t\t\t<div class=\"elementor-widget-wrap elementor-element-populated\">\n\t\t\t\t\t\t<div class=\"elementor-element elementor-element-788dfc70 elementor-widget elementor-widget-heading\" data-id=\"788dfc70\" data-element_type=\"widget\" data-e-type=\"widget\" data-widget_type=\"heading.default\">\n\t\t\t\t<div class=\"elementor-widget-container\">\n\t\t\t\t\t<h1 class=\"elementor-heading-title elementor-size-default\">Reaparici\u00f3n con m\u00e1s fuerza IV<\/h1>\t\t\t\t<\/div>\n\t\t\t\t<\/div>\n\t\t\t\t<div class=\"elementor-element elementor-element-0796327 elementor-align-center elementor-widget elementor-widget-global elementor-global-12348 elementor-widget-button\" data-id=\"0796327\" data-element_type=\"widget\" data-e-type=\"widget\" data-widget_type=\"button.default\">\n\t\t\t\t<div class=\"elementor-widget-container\">\n\t\t\t\t\t\t\t\t\t<div class=\"elementor-button-wrapper\">\n\t\t\t\t\t<a class=\"elementor-button elementor-button-link elementor-size-sm\" href=\"https:\/\/ivharmonyclinic.com\/request-consultation\/\">\n\t\t\t\t\t\t<span class=\"elementor-button-content-wrapper\">\n\t\t\t\t\t\t\t\t\t<span class=\"elementor-button-text\">BOOK NOW<\/span>\n\t\t\t\t\t<\/span>\n\t\t\t\t\t<\/a>\n\t\t\t\t<\/div>\n\t\t\t\t\t\t\t\t<\/div>\n\t\t\t\t<\/div>\n\t\t\t\t<div class=\"elementor-element elementor-element-87e0c3b elementor-widget elementor-widget-heading\" data-id=\"87e0c3b\" data-element_type=\"widget\" data-e-type=\"widget\" data-widget_type=\"heading.default\">\n\t\t\t\t<div class=\"elementor-widget-container\">\n\t\t\t\t\t<h2 class=\"elementor-heading-title elementor-size-default\">Se admiten personas sin cita previa.<\/h2>\t\t\t\t<\/div>\n\t\t\t\t<\/div>\n\t\t\t\t\t<\/div>\n\t\t<\/div>\n\t\t\t\t\t<\/div>\n\t\t<\/section>\n\t\t\t\t<section class=\"elementor-section elementor-top-section elementor-element elementor-element-44327dea elementor-section-boxed elementor-section-height-default elementor-section-height-default\" data-id=\"44327dea\" data-element_type=\"section\" data-e-type=\"section\" data-settings=\"{&quot;shape_divider_bottom&quot;:&quot;curve&quot;}\">\n\t\t\t\t\t<div class=\"elementor-shape elementor-shape-bottom\" aria-hidden=\"true\" data-negative=\"false\">\n\t\t\t<svg xmlns=\"http:\/\/www.w3.org\/2000\/svg\" viewBox=\"0 0 1000 100\" preserveAspectRatio=\"none\">\n    <path class=\"elementor-shape-fill\" d=\"M1000,4.3V0H0v4.3C0.9,23.1,126.7,99.2,500,100S1000,22.7,1000,4.3z\"\/>\n<\/svg>\t\t<\/div>\n\t\t\t\t\t<div class=\"elementor-container elementor-column-gap-default\">\n\t\t\t\t\t<div class=\"elementor-column elementor-col-100 elementor-top-column elementor-element elementor-element-6a0e403f\" data-id=\"6a0e403f\" data-element_type=\"column\" data-e-type=\"column\">\n\t\t\t<div class=\"elementor-widget-wrap elementor-element-populated\">\n\t\t\t\t\t\t<div class=\"elementor-element elementor-element-6290bfe elementor-widget elementor-widget-text-editor\" data-id=\"6290bfe\" data-element_type=\"widget\" data-e-type=\"widget\" data-widget_type=\"text-editor.default\">\n\t\t\t\t<div class=\"elementor-widget-container\">\n\t\t\t\t\t\t\t\t\t<script type=\"application\/ld+json\">\n{\n  \"@context\": \"https:\/\/schema.org\",\n  \"@type\": \"Service\",\n  \"name\": \"Comeback Stronger: Recover Faster\",\n  \"description\": \"The 'Comeback Stronger: Recover Faster' service at IV Harmony Clinic offers specialized treatments designed to accelerate recovery processes, reduce downtime, and enhance physical rehabilitation outcomes through targeted therapeutic interventions.\",\n  \"provider\": {\n    \"@type\": \"Organization\",\n    \"name\": \"IV Harmony Clinic\",\n    \"address\": {\n      \"@type\": \"PostalAddress\",\n      \"streetAddress\": \"2749 E County Line Rd\",\n      \"addressLocality\": \"Lutz\",\n      \"addressRegion\": \"FL\",\n      \"postalCode\": \"33559\",\n      \"addressCountry\": \"US\"\n    },\n    \"telephone\": \"+1-813-325-3870\",\n    \"url\": \"https:\/\/ivharmonyclinic.com\/comeback-stronger-recover-faster\/\"\n  },\n  \"areaServed\": {\n    \"@type\": \"City\",\n    \"name\": \"Lutz, FL\"\n  },\n  \"availableChannel\": {\n    \"@type\": \"ServiceChannel\",\n    \"serviceUrl\": \"https:\/\/ivharmonyclinic.com\/comeback-stronger-recover-faster\/\"\n  },\n  \"serviceType\": \"Rehabilitation Services\",\n  \"image\": \"https:\/\/i0.wp.com\/ivharmonyclinic.com\/wp-content\/uploads\/2023\/07\/cropped-iv-con-slogan.png?w=500&ssl=1\",\n  \"offers\": {\n    \"@type\": \"Offer\",\n    \"price\": \"$$\",\n    \"priceCurrency\": \"USD\",\n    \"url\": \"https:\/\/ivharmonyclinic.com\/comeback-stronger-recover-faster\/\"\n  }\n}\n<\/script>  Tanto si participas en un exigente programa deportivo universitario, como si has progresado hasta el \u00e1mbito del atletismo profesional o entrenas y compites en tus horas libres para tu bienestar y gratificaci\u00f3n personales, nuestra Infusi\u00f3n Terap\u00e9utica Intravenosa te ayudar\u00e1 a <strong>recuperarte m\u00e1s r\u00e1pidamente<\/strong> y a alcanzar tu plenitud f\u00edsica. El <b>Comeback Stronger<\/b> proporciona a tu cuerpo nutrientes esenciales como electrolitos vitales, amino\u00e1cidos y vitaminas mezclados de forma experta para satisfacer las necesidades de los atletas.\nQuieres dar a tu cuerpo la mejor oportunidad de recuperarse r\u00e1pidamente y mantenerse en plena forma, para que puedas seguir empujando hacia tus objetivos.\nCuando est\u00e1s correctamente hidratado y nutrido, tu cuerpo es m\u00e1s capaz de hacer frente a las exigencias f\u00edsicas, lo que te proporciona la base s\u00f3lida necesaria para mantener la cabeza en el partido y seguir concentrado.\nEl <b>Comeback Stronger<\/b><strong> IV<\/strong> proporciona la hidrataci\u00f3n y los nutrientes esenciales para llevar tu juego al siguiente nivel.   \t\t\t\t\t\t\t\t<\/div>\n\t\t\t\t<\/div>\n\t\t\t\t<div class=\"elementor-element elementor-element-d6b25ec elementor-widget elementor-widget-global elementor-global-10732 elementor-widget-heading\" data-id=\"d6b25ec\" data-element_type=\"widget\" data-e-type=\"widget\" data-widget_type=\"heading.default\">\n\t\t\t\t<div class=\"elementor-widget-container\">\n\t\t\t\t\t<h2 class=\"elementor-heading-title elementor-size-default\"><a href=\"tel:813-325-3870\">We also offer Mobile IV Therapy in your home or workplace. \n<br>Call to schedule your appointment.<\/a><\/h2>\t\t\t\t<\/div>\n\t\t\t\t<\/div>\n\t\t\t\t\t<\/div>\n\t\t<\/div>\n\t\t\t\t\t<\/div>\n\t\t<\/section>\n\t\t\t\t<section class=\"elementor-section elementor-top-section elementor-element elementor-element-10ff30e elementor-section-boxed elementor-section-height-default elementor-section-height-default\" data-id=\"10ff30e\" data-element_type=\"section\" data-e-type=\"section\" data-settings=\"{&quot;background_background&quot;:&quot;classic&quot;}\">\n\t\t\t\t\t\t<div class=\"elementor-container elementor-column-gap-default\">\n\t\t\t\t\t<div class=\"elementor-column elementor-col-50 elementor-top-column elementor-element elementor-element-1638ed4\" data-id=\"1638ed4\" data-element_type=\"column\" data-e-type=\"column\">\n\t\t\t<div class=\"elementor-widget-wrap elementor-element-populated\">\n\t\t\t\t\t\t<div class=\"elementor-element elementor-element-2f21c35 elementor-widget elementor-widget-heading\" data-id=\"2f21c35\" data-element_type=\"widget\" data-e-type=\"widget\" data-widget_type=\"heading.default\">\n\t\t\t\t<div class=\"elementor-widget-container\">\n\t\t\t\t\t<h2 class=\"elementor-heading-title elementor-size-default\">IV Ingredientes<\/h2>\t\t\t\t<\/div>\n\t\t\t\t<\/div>\n\t\t\t\t<div class=\"elementor-element elementor-element-ded4d28 elementor-widget elementor-widget-text-editor\" data-id=\"ded4d28\" data-element_type=\"widget\" data-e-type=\"widget\" data-widget_type=\"text-editor.default\">\n\t\t\t\t<div class=\"elementor-widget-container\">\n\t\t\t\t\t\t\t\t\t<ul>\n<li>Complejo vitam\u00ednico B (B1,B2,B3), B5, B6<\/li>\n<li>Vitamina C<\/li>\n<li>Ornitina<\/li>\n<li>Arginina<\/li>\n<li>Lisina<\/li>\n<li>Citrulina<\/li>\n<li>MEZCLA MINERAL (Magnesio CL<\/li>\n<li>Zinc<\/li>\n<li>Manganeso<\/li>\n<li>Cobre<\/li>\n<li>Selenio<\/li>\n<\/ul>\n\t\t\t\t\t\t\t\t<\/div>\n\t\t\t\t<\/div>\n\t\t\t\t\t<\/div>\n\t\t<\/div>\n\t\t\t\t<div class=\"elementor-column elementor-col-50 elementor-top-column elementor-element elementor-element-c399418\" data-id=\"c399418\" data-element_type=\"column\" data-e-type=\"column\" data-settings=\"{&quot;background_background&quot;:&quot;classic&quot;}\">\n\t\t\t<div class=\"elementor-widget-wrap elementor-element-populated\">\n\t\t\t\t\t\t<div class=\"elementor-element elementor-element-6501858 elementor-widget elementor-widget-image\" data-id=\"6501858\" data-element_type=\"widget\" data-e-type=\"widget\" data-widget_type=\"image.default\">\n\t\t\t\t<div class=\"elementor-widget-container\">\n\t\t\t\t\t\t\t\t\t\t\t\t\t\t\t<img fetchpriority=\"high\" decoding=\"async\" width=\"600\" height=\"899\" src=\"https:\/\/ivharmonyclinic.com\/wp-content\/uploads\/2022\/04\/exersicing-copy.png\" class=\"attachment-large size-large wp-image-8838\" alt=\"\" srcset=\"https:\/\/ivharmonyclinic.com\/wp-content\/uploads\/2022\/04\/exersicing-copy.png 600w, https:\/\/ivharmonyclinic.com\/wp-content\/uploads\/2022\/04\/exersicing-copy-200x300.png 200w\" sizes=\"(max-width: 600px) 100vw, 600px\" title=\"\">\t\t\t\t\t\t\t\t\t\t\t\t\t\t\t<\/div>\n\t\t\t\t<\/div>\n\t\t\t\t\t<\/div>\n\t\t<\/div>\n\t\t\t\t\t<\/div>\n\t\t<\/section>\n\t\t\t\t<section class=\"elementor-section elementor-top-section elementor-element elementor-element-c543a85 elementor-section-boxed elementor-section-height-default elementor-section-height-default\" data-id=\"c543a85\" data-element_type=\"section\" data-e-type=\"section\" data-settings=\"{&quot;background_background&quot;:&quot;classic&quot;}\">\n\t\t\t\t\t\t<div class=\"elementor-container elementor-column-gap-default\">\n\t\t\t\t\t<div class=\"elementor-column elementor-col-100 elementor-top-column elementor-element elementor-element-bd847cf\" data-id=\"bd847cf\" data-element_type=\"column\" data-e-type=\"column\">\n\t\t\t<div class=\"elementor-widget-wrap elementor-element-populated\">\n\t\t\t\t\t\t<div class=\"elementor-element elementor-element-70b1fed elementor-widget-divider--view-line elementor-widget elementor-widget-divider\" data-id=\"70b1fed\" data-element_type=\"widget\" data-e-type=\"widget\" data-widget_type=\"divider.default\">\n\t\t\t\t<div class=\"elementor-widget-container\">\n\t\t\t\t\t\t\t<div class=\"elementor-divider\">\n\t\t\t<span class=\"elementor-divider-separator\">\n\t\t\t\t\t\t<\/span>\n\t\t<\/div>\n\t\t\t\t\t\t<\/div>\n\t\t\t\t<\/div>\n\t\t\t\t\t<\/div>\n\t\t<\/div>\n\t\t\t\t\t<\/div>\n\t\t<\/section>\n\t\t\t\t<section class=\"elementor-section elementor-top-section elementor-element elementor-element-736ad90 elementor-section-boxed elementor-section-height-default elementor-section-height-default\" data-id=\"736ad90\" data-element_type=\"section\" data-e-type=\"section\" data-settings=\"{&quot;background_background&quot;:&quot;classic&quot;}\">\n\t\t\t\t\t\t<div class=\"elementor-container elementor-column-gap-default\">\n\t\t\t\t\t<div class=\"elementor-column elementor-col-50 elementor-top-column elementor-element elementor-element-ab7e091\" data-id=\"ab7e091\" data-element_type=\"column\" data-e-type=\"column\">\n\t\t\t<div class=\"elementor-widget-wrap elementor-element-populated\">\n\t\t\t\t\t\t<div class=\"elementor-element elementor-element-821a997 elementor-widget elementor-widget-text-editor\" data-id=\"821a997\" data-element_type=\"widget\" data-e-type=\"widget\" data-widget_type=\"text-editor.default\">\n\t\t\t\t<div class=\"elementor-widget-container\">\n\t\t\t\t\t\t\t\t\t<p><strong>Glutamina | Ornitina | Arginina | Lisina | Citrulina | Carnitina<\/strong><\/p>\n<p><strong>FUNCIONES<\/strong><br \/>La combinaci\u00f3n de estos ingredientes y las funciones que desempe\u00f1an pueden ayudar al organismo en:<\/p>\n<p>&#8211; Metabolismo proteico<br \/>&#8211; Aumento del volumen celular<br \/>&#8211; Anticatabolismo (evita la descomposici\u00f3n del m\u00fasculo)<br \/>&#8211; Aumento del crecimiento humano<br \/>&#8211; Secreci\u00f3n hormonal<br \/>&#8211; Vasodilataci\u00f3n y flujo sangu\u00edneo<br \/>&#8211; Aumento de la vitalidad<br \/>&#8211; Conversi\u00f3n de \u00e1cidos grasos en energ\u00eda<br \/>&#8211; Crecimiento y mantenimiento de huesos y tejido conjuntivo<br \/>&#8211; Metabolismo de las grasas y energ\u00eda<br \/>&#8211; Tiempo de recuperaci\u00f3n del rendimiento<br \/>&#8211; Desarrollo muscular<\/p>\n\t\t\t\t\t\t\t\t<\/div>\n\t\t\t\t<\/div>\n\t\t\t\t\t<\/div>\n\t\t<\/div>\n\t\t\t\t<div class=\"elementor-column elementor-col-50 elementor-top-column elementor-element elementor-element-9707197\" data-id=\"9707197\" data-element_type=\"column\" data-e-type=\"column\" data-settings=\"{&quot;background_background&quot;:&quot;classic&quot;}\">\n\t\t\t<div class=\"elementor-widget-wrap elementor-element-populated\">\n\t\t\t\t\t\t<div class=\"elementor-element elementor-element-a18b255 elementor-widget elementor-widget-text-editor\" data-id=\"a18b255\" data-element_type=\"widget\" data-e-type=\"widget\" data-widget_type=\"text-editor.default\">\n\t\t\t\t<div class=\"elementor-widget-container\">\n\t\t\t\t\t\t\t\t\t<p class=\"p1\"><em>MEZCLA DE MINERALES<\/em><\/p>\n<p class=\"p1\"><strong>Magnesio CL | Zinc | Manganeso | Cobre | Selenio<\/strong><\/p>\n<p><strong>FUNCIONES<\/strong><br \/>La combinaci\u00f3n de estos ingredientes y las funciones que desempe\u00f1an pueden ayudar al organismo en:<\/p>\n<p class=\"p1\">&#8211; Una funci\u00f3n superior del sistema nervioso, el comportamiento, la memoria y el aprendizaje<br \/>&#8211; Defensa + funci\u00f3n inmunitaria<br \/>&#8211; Lucha contra las infecciones y cicatrizaci\u00f3n de heridas<br \/>&#8211; Metabolismo de los amino\u00e1cidos, el colesterol, la glucosa y los hidratos de carbono<br \/>&#8211; Funci\u00f3n cognitiva<br \/>&#8211; Fertilidad en hombres y mujeres<br \/>&#8211; Metabolismo de la hormona tiroidea y s\u00edntesis del ADN<\/p>\n\t\t\t\t\t\t\t\t<\/div>\n\t\t\t\t<\/div>\n\t\t\t\t\t<\/div>\n\t\t<\/div>\n\t\t\t\t\t<\/div>\n\t\t<\/section>\n\t\t\t\t<\/div>\n\t\t","protected":false},"excerpt":{"rendered":"<p>Reaparici\u00f3n con m\u00e1s fuerza IV BOOK NOW Se admiten personas sin cita previa. Tanto si participas en un exigente programa deportivo universitario, como si has progresado hasta el \u00e1mbito del atletismo profesional o entrenas y compites en tus horas libres para tu bienestar y gratificaci\u00f3n personales, nuestra Infusi\u00f3n Terap\u00e9utica Intravenosa te ayudar\u00e1 a recuperarte m\u00e1s [&hellip;]<\/p>\n","protected":false},"author":1,"featured_media":0,"parent":0,"menu_order":0,"comment_status":"closed","ping_status":"closed","template":"","meta":{"site-sidebar-layout":"no-sidebar","site-content-layout":"page-builder","ast-site-content-layout":"default","site-content-style":"default","site-sidebar-style":"default","ast-global-header-display":"","ast-banner-title-visibility":"","ast-main-header-display":"","ast-hfb-above-header-display":"","ast-hfb-below-header-display":"","ast-hfb-mobile-header-display":"","site-post-title":"disabled","ast-breadcrumbs-content":"","ast-featured-img":"disabled","footer-sml-layout":"","ast-disable-related-posts":"","theme-transparent-header-meta":"","adv-header-id-meta":"","stick-header-meta":"","header-above-stick-meta":"","header-main-stick-meta":"","header-below-stick-meta":"","astra-migrate-meta-layouts":"default","ast-page-background-enabled":"default","ast-page-background-meta":{"desktop":{"background-color":"var(--ast-global-color-4)","background-image":"","background-repeat":"repeat","background-position":"center center","background-size":"auto","background-attachment":"scroll","background-type":"","background-media":"","overlay-type":"","overlay-color":"","overlay-opacity":"","overlay-gradient":""},"tablet":{"background-color":"","background-image":"","background-repeat":"repeat","background-position":"center center","background-size":"auto","background-attachment":"scroll","background-type":"","background-media":"","overlay-type":"","overlay-color":"","overlay-opacity":"","overlay-gradient":""},"mobile":{"background-color":"","background-image":"","background-repeat":"repeat","background-position":"center center","background-size":"auto","background-attachment":"scroll","background-type":"","background-media":"","overlay-type":"","overlay-color":"","overlay-opacity":"","overlay-gradient":""}},"ast-content-background-meta":{"desktop":{"background-color":"var(--ast-global-color-5)","background-image":"","background-repeat":"repeat","background-position":"center center","background-size":"auto","background-attachment":"scroll","background-type":"","background-media":"","overlay-type":"","overlay-color":"","overlay-opacity":"","overlay-gradient":""},"tablet":{"background-color":"var(--ast-global-color-5)","background-image":"","background-repeat":"repeat","background-position":"center center","background-size":"auto","background-attachment":"scroll","background-type":"","background-media":"","overlay-type":"","overlay-color":"","overlay-opacity":"","overlay-gradient":""},"mobile":{"background-color":"var(--ast-global-color-5)","background-image":"","background-repeat":"repeat","background-position":"center center","background-size":"auto","background-attachment":"scroll","background-type":"","background-media":"","overlay-type":"","overlay-color":"","overlay-opacity":"","overlay-gradient":""}},"footnotes":""},"class_list":["post-9239","page","type-page","status-publish","hentry"],"_links":{"self":[{"href":"https:\/\/ivharmonyclinic.com\/es\/wp-json\/wp\/v2\/pages\/9239","targetHints":{"allow":["GET"]}}],"collection":[{"href":"https:\/\/ivharmonyclinic.com\/es\/wp-json\/wp\/v2\/pages"}],"about":[{"href":"https:\/\/ivharmonyclinic.com\/es\/wp-json\/wp\/v2\/types\/page"}],"author":[{"embeddable":true,"href":"https:\/\/ivharmonyclinic.com\/es\/wp-json\/wp\/v2\/users\/1"}],"replies":[{"embeddable":true,"href":"https:\/\/ivharmonyclinic.com\/es\/wp-json\/wp\/v2\/comments?post=9239"}],"version-history":[{"count":8,"href":"https:\/\/ivharmonyclinic.com\/es\/wp-json\/wp\/v2\/pages\/9239\/revisions"}],"predecessor-version":[{"id":14393,"href":"https:\/\/ivharmonyclinic.com\/es\/wp-json\/wp\/v2\/pages\/9239\/revisions\/14393"}],"wp:attachment":[{"href":"https:\/\/ivharmonyclinic.com\/es\/wp-json\/wp\/v2\/media?parent=9239"}],"curies":[{"name":"wp","href":"https:\/\/api.w.org\/{rel}","templated":true}]}}