{"id":9237,"date":"2022-05-05T20:04:54","date_gmt":"2022-05-05T20:04:54","guid":{"rendered":"https:\/\/ivharmonyclinic.com\/coctel-myers\/"},"modified":"2025-07-28T20:04:55","modified_gmt":"2025-07-28T20:04:55","slug":"coctel-myers","status":"publish","type":"page","link":"https:\/\/ivharmonyclinic.com\/es\/coctel-myers\/","title":{"rendered":"C\u00f3ctel Myers: Experimenta #1 Poderosos Beneficios para una Salud \u00d3ptima"},"content":{"rendered":"\t\t<div data-elementor-type=\"wp-page\" data-elementor-id=\"9237\" class=\"elementor elementor-9237 elementor-796\" data-elementor-post-type=\"page\">\n\t\t\t\t\t\t<section class=\"elementor-section elementor-top-section elementor-element elementor-element-77e32b7f elementor-section-height-min-height elementor-section-boxed elementor-section-height-default elementor-section-items-middle\" data-id=\"77e32b7f\" data-element_type=\"section\" data-e-type=\"section\" data-settings=\"{&quot;background_background&quot;:&quot;classic&quot;}\">\n\t\t\t\t\t\t\t<div class=\"elementor-background-overlay\"><\/div>\n\t\t\t\t\t\t\t<div class=\"elementor-container elementor-column-gap-default\">\n\t\t\t\t\t<div class=\"elementor-column elementor-col-100 elementor-top-column elementor-element elementor-element-32c39648\" data-id=\"32c39648\" data-element_type=\"column\" data-e-type=\"column\">\n\t\t\t<div class=\"elementor-widget-wrap elementor-element-populated\">\n\t\t\t\t\t\t<div class=\"elementor-element elementor-element-36406c3f elementor-widget elementor-widget-heading\" data-id=\"36406c3f\" data-element_type=\"widget\" data-e-type=\"widget\" data-widget_type=\"heading.default\">\n\t\t\t\t<div class=\"elementor-widget-container\">\n\t\t\t\t\t<h1 class=\"elementor-heading-title elementor-size-default\">C\u00f3ctel Myers IV<\/h1>\t\t\t\t<\/div>\n\t\t\t\t<\/div>\n\t\t\t\t<div class=\"elementor-element elementor-element-c15218f elementor-align-center elementor-widget elementor-widget-global elementor-global-12348 elementor-widget-button\" data-id=\"c15218f\" data-element_type=\"widget\" data-e-type=\"widget\" data-widget_type=\"button.default\">\n\t\t\t\t<div class=\"elementor-widget-container\">\n\t\t\t\t\t\t\t\t\t<div class=\"elementor-button-wrapper\">\n\t\t\t\t\t<a class=\"elementor-button elementor-button-link elementor-size-sm\" href=\"https:\/\/ivharmonyclinic.com\/request-consultation\/\">\n\t\t\t\t\t\t<span class=\"elementor-button-content-wrapper\">\n\t\t\t\t\t\t\t\t\t<span class=\"elementor-button-text\">BOOK NOW<\/span>\n\t\t\t\t\t<\/span>\n\t\t\t\t\t<\/a>\n\t\t\t\t<\/div>\n\t\t\t\t\t\t\t\t<\/div>\n\t\t\t\t<\/div>\n\t\t\t\t<div class=\"elementor-element elementor-element-325ac87 elementor-widget elementor-widget-heading\" data-id=\"325ac87\" data-element_type=\"widget\" data-e-type=\"widget\" data-widget_type=\"heading.default\">\n\t\t\t\t<div class=\"elementor-widget-container\">\n\t\t\t\t\t<h2 class=\"elementor-heading-title elementor-size-default\">Se admiten personas sin cita previa.<\/h2>\t\t\t\t<\/div>\n\t\t\t\t<\/div>\n\t\t\t\t\t<\/div>\n\t\t<\/div>\n\t\t\t\t\t<\/div>\n\t\t<\/section>\n\t\t\t\t<section class=\"elementor-section elementor-top-section elementor-element elementor-element-63bf19d5 elementor-section-boxed elementor-section-height-default elementor-section-height-default\" data-id=\"63bf19d5\" data-element_type=\"section\" data-e-type=\"section\" data-settings=\"{&quot;shape_divider_bottom&quot;:&quot;curve&quot;}\">\n\t\t\t\t\t<div class=\"elementor-shape elementor-shape-bottom\" aria-hidden=\"true\" data-negative=\"false\">\n\t\t\t<svg xmlns=\"http:\/\/www.w3.org\/2000\/svg\" viewBox=\"0 0 1000 100\" preserveAspectRatio=\"none\">\n    <path class=\"elementor-shape-fill\" d=\"M1000,4.3V0H0v4.3C0.9,23.1,126.7,99.2,500,100S1000,22.7,1000,4.3z\"\/>\n<\/svg>\t\t<\/div>\n\t\t\t\t\t<div class=\"elementor-container elementor-column-gap-default\">\n\t\t\t\t\t<div class=\"elementor-column elementor-col-100 elementor-top-column elementor-element elementor-element-69716118\" data-id=\"69716118\" data-element_type=\"column\" data-e-type=\"column\">\n\t\t\t<div class=\"elementor-widget-wrap elementor-element-populated\">\n\t\t\t\t\t\t<div class=\"elementor-element elementor-element-5067c466 elementor-widget elementor-widget-text-editor\" data-id=\"5067c466\" data-element_type=\"widget\" data-e-type=\"widget\" data-widget_type=\"text-editor.default\">\n\t\t\t\t<div class=\"elementor-widget-container\">\n\t\t\t\t\t\t\t\t\t<script type=\"application\/ld+json\">\n{\n  \"@context\": \"https:\/\/schema.org\",\n  \"@type\": \"Service\",\n  \"name\": \"Myers Cocktail IV Therapy\",\n  \"description\": \"The Myers Cocktail IV Therapy at IV Harmony Clinic is a powerful blend of vitamins and minerals designed to boost energy, enhance immune function, and improve overall health by replenishing essential nutrients directly into your bloodstream.\",\n  \"provider\": {\n    \"@type\": \"Organization\",\n    \"name\": \"IV Harmony Clinic\",\n    \"address\": {\n      \"@type\": \"PostalAddress\",\n      \"streetAddress\": \"2749 E County Line Rd\",\n      \"addressLocality\": \"Lutz\",\n      \"addressRegion\": \"FL\",\n      \"postalCode\": \"33559\",\n      \"addressCountry\": \"US\"\n    },\n    \"telephone\": \"+1-813-325-3870\",\n    \"url\": \"https:\/\/ivharmonyclinic.com\/myers-cocktail\/\"\n  },\n  \"areaServed\": {\n    \"@type\": \"City\",\n    \"name\": \"Lutz, FL\"\n  },\n  \"availableChannel\": {\n    \"@type\": \"ServiceChannel\",\n    \"serviceUrl\": \"https:\/\/ivharmonyclinic.com\/myers-cocktail\/\"\n  },\n  \"serviceType\": \"Healthcare Services\",\n  \"image\": \"https:\/\/i0.wp.com\/ivharmonyclinic.com\/wp-content\/uploads\/2023\/07\/cropped-iv-con-slogan.png?w=500&ssl=1\",\n  \"offers\": {\n    \"@type\": \"Offer\",\n    \"price\": \"$$\",\n    \"priceCurrency\": \"USD\",\n    \"url\": \"https:\/\/ivharmonyclinic.com\/myers-cocktail\/\"\n  }\n}\n<\/script>\n<p class=\"p1\">El <a href=\"https:\/\/www.webmd.com\/vitamins-and-supplements\/iv-vitamin-therapy-does-it-work\" target=\"_blank\" rel=\"noopener\">c\u00f3ctel de Myers<\/a> es una terapia intravenosa cada vez m\u00e1s popular. El difunto doctor <a href=\"https:\/\/pubmed.ncbi.nlm.nih.gov\/12410623\/\" target=\"_blank\" rel=\"noopener\">John Myers<\/a> fue el primero en introducir este tratamiento de vitaminas y minerales. Dise\u00f1\u00f3 esta f\u00f3rmula para tratar potencialmente varias afecciones cl\u00ednicas, como la fatiga, la fibromialgia, los espasmos musculares y muchas m\u00e1s.<span class=\"Apple-converted-space\"> <\/span><\/p>\n<p class=\"p1\">Aunque el c\u00f3ctel original de Myers puede funcionar para muchas dolencias, los profesionales sanitarios suelen adaptar tratamientos similares a sus pacientes para satisfacer sus necesidades espec\u00edficas.<span class=\"Apple-converted-space\"> <\/span><\/p>\t\t\t\t\t\t\t\t<\/div>\n\t\t\t\t<\/div>\n\t\t\t\t<div class=\"elementor-element elementor-element-0915f29 elementor-widget elementor-widget-global elementor-global-10732 elementor-widget-heading\" data-id=\"0915f29\" data-element_type=\"widget\" data-e-type=\"widget\" data-widget_type=\"heading.default\">\n\t\t\t\t<div class=\"elementor-widget-container\">\n\t\t\t\t\t<h2 class=\"elementor-heading-title elementor-size-default\"><a href=\"tel:813-325-3870\">We also offer Mobile IV Therapy in your home or workplace. \n<br>Call to schedule your appointment.<\/a><\/h2>\t\t\t\t<\/div>\n\t\t\t\t<\/div>\n\t\t\t\t\t<\/div>\n\t\t<\/div>\n\t\t\t\t\t<\/div>\n\t\t<\/section>\n\t\t\t\t<section class=\"elementor-section elementor-top-section elementor-element elementor-element-1ba5089e elementor-section-boxed elementor-section-height-default elementor-section-height-default\" data-id=\"1ba5089e\" data-element_type=\"section\" data-e-type=\"section\" data-settings=\"{&quot;background_background&quot;:&quot;classic&quot;}\">\n\t\t\t\t\t\t<div class=\"elementor-container elementor-column-gap-default\">\n\t\t\t\t\t<div class=\"elementor-column elementor-col-50 elementor-top-column elementor-element elementor-element-575ff161\" data-id=\"575ff161\" data-element_type=\"column\" data-e-type=\"column\">\n\t\t\t<div class=\"elementor-widget-wrap elementor-element-populated\">\n\t\t\t\t\t\t<div class=\"elementor-element elementor-element-73c13eda elementor-widget elementor-widget-heading\" data-id=\"73c13eda\" data-element_type=\"widget\" data-e-type=\"widget\" data-widget_type=\"heading.default\">\n\t\t\t\t<div class=\"elementor-widget-container\">\n\t\t\t\t\t<h2 class=\"elementor-heading-title elementor-size-default\">Ingredientes del C\u00f3ctel Myers IV<\/h2>\t\t\t\t<\/div>\n\t\t\t\t<\/div>\n\t\t\t\t<div class=\"elementor-element elementor-element-3356dae7 elementor-widget elementor-widget-text-editor\" data-id=\"3356dae7\" data-element_type=\"widget\" data-e-type=\"widget\" data-widget_type=\"text-editor.default\">\n\t\t\t\t<div class=\"elementor-widget-container\">\n\t\t\t\t\t\t\t\t\t<ul>\n<li>Vitamina C<\/li>\n<li>Complejo B(B1,B2,B3),B5<\/li>\n<li>B6<\/li>\n<li>B12,<\/li>\n<li>Calcio<\/li>\n<li>Magnesio<\/li>\n<li>Zinc<\/li>\n<li>Glutati\u00f3n<\/li>\n<\/ul>\n\t\t\t\t\t\t\t\t<\/div>\n\t\t\t\t<\/div>\n\t\t\t\t\t<\/div>\n\t\t<\/div>\n\t\t\t\t<div class=\"elementor-column elementor-col-50 elementor-top-column elementor-element elementor-element-545216a4\" data-id=\"545216a4\" data-element_type=\"column\" data-e-type=\"column\" data-settings=\"{&quot;background_background&quot;:&quot;classic&quot;}\">\n\t\t\t<div class=\"elementor-widget-wrap elementor-element-populated\">\n\t\t\t\t\t\t<div class=\"elementor-element elementor-element-cfb5f5e elementor-widget elementor-widget-image\" data-id=\"cfb5f5e\" data-element_type=\"widget\" data-e-type=\"widget\" data-widget_type=\"image.default\">\n\t\t\t\t<div class=\"elementor-widget-container\">\n\t\t\t\t\t\t\t\t\t\t\t\t\t\t\t<img fetchpriority=\"high\" decoding=\"async\" width=\"400\" height=\"585\" src=\"https:\/\/ivharmonyclinic.com\/wp-content\/uploads\/2022\/05\/laboratory-2021-08-29-15-20-00-utc.jpeg\" class=\"attachment-large size-large wp-image-8870\" alt=\"Myers\u2019 cocktail\" srcset=\"https:\/\/ivharmonyclinic.com\/wp-content\/uploads\/2022\/05\/laboratory-2021-08-29-15-20-00-utc.jpeg 400w, https:\/\/ivharmonyclinic.com\/wp-content\/uploads\/2022\/05\/laboratory-2021-08-29-15-20-00-utc-205x300.jpeg 205w\" sizes=\"(max-width: 400px) 100vw, 400px\" title=\"\">\t\t\t\t\t\t\t\t\t\t\t\t\t\t\t<\/div>\n\t\t\t\t<\/div>\n\t\t\t\t\t<\/div>\n\t\t<\/div>\n\t\t\t\t\t<\/div>\n\t\t<\/section>\n\t\t\t\t<section class=\"elementor-section elementor-top-section elementor-element elementor-element-b1ae047 elementor-section-boxed elementor-section-height-default elementor-section-height-default\" data-id=\"b1ae047\" data-element_type=\"section\" data-e-type=\"section\">\n\t\t\t\t\t\t<div class=\"elementor-container elementor-column-gap-default\">\n\t\t\t\t\t<div class=\"elementor-column elementor-col-100 elementor-top-column elementor-element elementor-element-e16fee4\" data-id=\"e16fee4\" data-element_type=\"column\" data-e-type=\"column\">\n\t\t\t<div class=\"elementor-widget-wrap elementor-element-populated\">\n\t\t\t\t\t\t<div class=\"elementor-element elementor-element-42fbfc3 elementor-widget elementor-widget-text-editor\" data-id=\"42fbfc3\" data-element_type=\"widget\" data-e-type=\"widget\" data-widget_type=\"text-editor.default\">\n\t\t\t\t<div class=\"elementor-widget-container\">\n\t\t\t\t\t\t\t\t\t<p>En la Cl\u00ednica Armon\u00eda IV nos dedicamos a mejorar tu salud y bienestar mediante terapias innovadoras y eficaces. Nuestra Terapia IV de C\u00f3ctel Myers es un tratamiento de eficacia probada dise\u00f1ado para potenciar tu energ\u00eda, reforzar tu sistema inmunitario y mejorar tu vitalidad general. Esta potente mezcla de vitaminas y minerales est\u00e1 adaptada para apoyar las necesidades nutricionales de tu cuerpo y ayudarte a conseguir una salud \u00f3ptima.  <\/p>\n<h2><strong>\u00bfQu\u00e9 es <a href=\"https:\/\/ivharmonyclinic.com\/es\/iv-terapia-cerca-de-mi\/\">la terapia intravenosa<\/a> del C\u00f3ctel Myers?<\/strong><\/h2>\n<p>El C\u00f3ctel Myers es un suplemento nutritivo intravenoso que se utiliza desde hace d\u00e9cadas para tratar diversas afecciones. Llamado as\u00ed por el Dr. John Myers, que desarroll\u00f3 esta infusi\u00f3n, el C\u00f3ctel Myers combina vitaminas y minerales clave en una potente f\u00f3rmula que se administra directamente en tu torrente sangu\u00edneo para una m\u00e1xima absorci\u00f3n. <\/p>\n<p><strong>Ingredientes clave<\/strong><\/p>\n<p>Nuestro C\u00f3ctel Myers incluye los siguientes nutrientes esenciales:<\/p>\n<ul>\n<li><strong>Vitamina C:<\/strong> Conocida por sus propiedades antioxidantes y de apoyo inmunitario.<\/li>\n<li><strong>Vitaminas B:<\/strong> Un complejo de vitaminas B potencia la producci\u00f3n de energ\u00eda y favorece la salud nerviosa.<\/li>\n<li><strong>El magnesio:<\/strong> Ayuda a regular la tensi\u00f3n arterial, favorece la funci\u00f3n muscular y nerviosa y alivia las migra\u00f1as.<\/li>\n<li><strong>Calcio:<\/strong> Esencial para la fortaleza \u00f3sea y la salud cardiovascular.<\/li>\n<li><strong>Zinc:<\/strong> Favorece la funci\u00f3n inmunitaria y la cicatrizaci\u00f3n de heridas.<\/li>\n<\/ul>\n<h2><strong>Beneficios de la terapia intravenosa con el c\u00f3ctel Myers<\/strong><\/h2>\n<ul>\n<li><strong>Mejora la salud inmunitaria:<\/strong> Con altas dosis de vitamina C y zinc, el C\u00f3ctel Myers puede ayudar a reforzar tu sistema inmunitario, haci\u00e9ndolo m\u00e1s eficaz contra las infecciones.<\/li>\n<li><strong>Aumento de los niveles de energ\u00eda:<\/strong> Las vitaminas B desempe\u00f1an un papel vital en el metabolismo energ\u00e9tico, ayud\u00e1ndote a sentirte con energ\u00eda y renovado.<\/li>\n<li><strong>Mejor estado de \u00e1nimo y claridad mental:<\/strong> Los nutrientes como el magnesio pueden ayudar a controlar los niveles de estr\u00e9s y aumentar la claridad mental, lo que mejora el estado de \u00e1nimo general y la funci\u00f3n cognitiva.<\/li>\n<li><strong>Reducci\u00f3n de los S\u00edntomas de Afecciones Cr\u00f3nicas:<\/strong> Los pacientes con afecciones como fibromialgia, asma y migra\u00f1as pueden experimentar una reducci\u00f3n de los s\u00edntomas y una mejora de la calidad de vida.<\/li>\n<\/ul>\n<p><strong>Qu\u00e9 esperar durante la sesi\u00f3n<\/strong><\/p>\n<p>Una sesi\u00f3n de Terapia Intravenosa C\u00f3ctel Myers en la Cl\u00ednica Armon\u00eda Intravenosa es una experiencia c\u00f3moda y relajante:<\/p>\n<ul>\n<li><strong>Consulta:<\/strong> Nuestro equipo de expertos se reunir\u00e1 contigo para hablar de tus problemas de salud espec\u00edficos y determinar si la terapia intravenosa C\u00f3ctel Myers es adecuada para ti.<\/li>\n<li><strong>El tratamiento:<\/strong> La infusi\u00f3n intravenosa suele durar entre 30 y 45 minutos. Puedes relajarte en un c\u00f3modo sill\u00f3n de nuestro sereno entorno cl\u00ednico mientras recibes el tratamiento. <\/li>\n<li><strong>Cuidados posteriores:<\/strong> Despu\u00e9s de la infusi\u00f3n, la mayor\u00eda de los pacientes dicen sentirse revitalizados y con energ\u00eda. Proporcionamos instrucciones de cuidado y apoyo tras el tratamiento para asegurarnos de que aprovechas al m\u00e1ximo la terapia. <\/li>\n<\/ul>\n<p><strong>\u00bfPor qu\u00e9 elegir IV Harmony Clinic?<\/strong><\/p>\n<p>En la Cl\u00ednica IV Harmony, damos prioridad a tu salud y comodidad. En nuestra cl\u00ednica trabajan profesionales sanitarios experimentados a los que les apasiona utilizar enfoques hol\u00edsticos para mejorar tu bienestar. S\u00f3lo utilizamos ingredientes de la m\u00e1xima calidad en nuestras terapias intravenosas, para garantizar que recibas el tratamiento m\u00e1s seguro y eficaz posible.  <\/p>\n<h3><strong>Reserva hoy tu terapia intravenosa C\u00f3ctel Myers<\/strong><\/h3>\n<p>\u00bfEst\u00e1s preparado para sentirte lo mejor posible y vivir tu vida m\u00e1s sana? Ponte en contacto hoy mismo con la Cl\u00ednica Armon\u00eda Intravenosa para <a href=\"https:\/\/ivharmonyclinic.com\/es\/contacto\/\">programar<\/a> tu sesi\u00f3n de Terapia Intravenosa C\u00f3ctel Myers. Nuestro amable equipo est\u00e1 aqu\u00ed para ayudarte a dar el primer paso hacia una mejor salud y vitalidad.  <\/p>\n\t\t\t\t\t\t\t\t<\/div>\n\t\t\t\t<\/div>\n\t\t\t\t\t<\/div>\n\t\t<\/div>\n\t\t\t\t\t<\/div>\n\t\t<\/section>\n\t\t\t\t<\/div>\n\t\t","protected":false},"excerpt":{"rendered":"<p>C\u00f3ctel Myers IV BOOK NOW Se admiten personas sin cita previa. El c\u00f3ctel de Myers es una terapia intravenosa cada vez m\u00e1s popular. El difunto doctor John Myers fue el primero en introducir este tratamiento de vitaminas y minerales. Dise\u00f1\u00f3 esta f\u00f3rmula para tratar potencialmente varias afecciones cl\u00ednicas, como la fatiga, la fibromialgia, los espasmos [&hellip;]<\/p>\n","protected":false},"author":1,"featured_media":0,"parent":0,"menu_order":0,"comment_status":"closed","ping_status":"closed","template":"","meta":{"site-sidebar-layout":"no-sidebar","site-content-layout":"page-builder","ast-site-content-layout":"full-width-container","site-content-style":"unboxed","site-sidebar-style":"unboxed","ast-global-header-display":"","ast-banner-title-visibility":"","ast-main-header-display":"","ast-hfb-above-header-display":"","ast-hfb-below-header-display":"","ast-hfb-mobile-header-display":"","site-post-title":"disabled","ast-breadcrumbs-content":"","ast-featured-img":"disabled","footer-sml-layout":"","ast-disable-related-posts":"","theme-transparent-header-meta":"","adv-header-id-meta":"","stick-header-meta":"","header-above-stick-meta":"","header-main-stick-meta":"","header-below-stick-meta":"","astra-migrate-meta-layouts":"default","ast-page-background-enabled":"default","ast-page-background-meta":{"desktop":{"background-color":"var(--ast-global-color-4)","background-image":"","background-repeat":"repeat","background-position":"center center","background-size":"auto","background-attachment":"scroll","background-type":"","background-media":"","overlay-type":"","overlay-color":"","overlay-opacity":"","overlay-gradient":""},"tablet":{"background-color":"","background-image":"","background-repeat":"repeat","background-position":"center center","background-size":"auto","background-attachment":"scroll","background-type":"","background-media":"","overlay-type":"","overlay-color":"","overlay-opacity":"","overlay-gradient":""},"mobile":{"background-color":"","background-image":"","background-repeat":"repeat","background-position":"center center","background-size":"auto","background-attachment":"scroll","background-type":"","background-media":"","overlay-type":"","overlay-color":"","overlay-opacity":"","overlay-gradient":""}},"ast-content-background-meta":{"desktop":{"background-color":"var(--ast-global-color-5)","background-image":"","background-repeat":"repeat","background-position":"center center","background-size":"auto","background-attachment":"scroll","background-type":"","background-media":"","overlay-type":"","overlay-color":"","overlay-opacity":"","overlay-gradient":""},"tablet":{"background-color":"var(--ast-global-color-5)","background-image":"","background-repeat":"repeat","background-position":"center center","background-size":"auto","background-attachment":"scroll","background-type":"","background-media":"","overlay-type":"","overlay-color":"","overlay-opacity":"","overlay-gradient":""},"mobile":{"background-color":"var(--ast-global-color-5)","background-image":"","background-repeat":"repeat","background-position":"center center","background-size":"auto","background-attachment":"scroll","background-type":"","background-media":"","overlay-type":"","overlay-color":"","overlay-opacity":"","overlay-gradient":""}},"footnotes":""},"class_list":["post-9237","page","type-page","status-publish","hentry"],"_links":{"self":[{"href":"https:\/\/ivharmonyclinic.com\/es\/wp-json\/wp\/v2\/pages\/9237","targetHints":{"allow":["GET"]}}],"collection":[{"href":"https:\/\/ivharmonyclinic.com\/es\/wp-json\/wp\/v2\/pages"}],"about":[{"href":"https:\/\/ivharmonyclinic.com\/es\/wp-json\/wp\/v2\/types\/page"}],"author":[{"embeddable":true,"href":"https:\/\/ivharmonyclinic.com\/es\/wp-json\/wp\/v2\/users\/1"}],"replies":[{"embeddable":true,"href":"https:\/\/ivharmonyclinic.com\/es\/wp-json\/wp\/v2\/comments?post=9237"}],"version-history":[{"count":6,"href":"https:\/\/ivharmonyclinic.com\/es\/wp-json\/wp\/v2\/pages\/9237\/revisions"}],"predecessor-version":[{"id":14377,"href":"https:\/\/ivharmonyclinic.com\/es\/wp-json\/wp\/v2\/pages\/9237\/revisions\/14377"}],"wp:attachment":[{"href":"https:\/\/ivharmonyclinic.com\/es\/wp-json\/wp\/v2\/media?parent=9237"}],"curies":[{"name":"wp","href":"https:\/\/api.w.org\/{rel}","templated":true}]}}