{"id":9235,"date":"2022-05-05T20:14:08","date_gmt":"2022-05-05T20:14:08","guid":{"rendered":"https:\/\/ivharmonyclinic.com\/reinicio-terapia-iv\/"},"modified":"2025-07-28T20:11:17","modified_gmt":"2025-07-28T20:11:17","slug":"reinicio-terapia-iv","status":"publish","type":"page","link":"https:\/\/ivharmonyclinic.com\/es\/reinicio-terapia-iv\/","title":{"rendered":"Reinicio &#8211; Terapia IV"},"content":{"rendered":"\t\t<div data-elementor-type=\"wp-page\" data-elementor-id=\"9235\" class=\"elementor elementor-9235 elementor-815\" data-elementor-post-type=\"page\">\n\t\t\t\t\t\t<section class=\"elementor-section elementor-top-section elementor-element elementor-element-6e438040 elementor-section-height-min-height elementor-section-boxed elementor-section-height-default elementor-section-items-middle\" data-id=\"6e438040\" data-element_type=\"section\" data-e-type=\"section\" data-settings=\"{&quot;background_background&quot;:&quot;classic&quot;}\">\n\t\t\t\t\t\t\t<div class=\"elementor-background-overlay\"><\/div>\n\t\t\t\t\t\t\t<div class=\"elementor-container elementor-column-gap-default\">\n\t\t\t\t\t<div class=\"elementor-column elementor-col-100 elementor-top-column elementor-element elementor-element-519d53a2\" data-id=\"519d53a2\" data-element_type=\"column\" data-e-type=\"column\">\n\t\t\t<div class=\"elementor-widget-wrap elementor-element-populated\">\n\t\t\t\t\t\t<div class=\"elementor-element elementor-element-45a438bf elementor-widget elementor-widget-heading\" data-id=\"45a438bf\" data-element_type=\"widget\" data-e-type=\"widget\" data-widget_type=\"heading.default\">\n\t\t\t\t<div class=\"elementor-widget-container\">\n\t\t\t\t\t<h1 class=\"elementor-heading-title elementor-size-default\">Reinicio - Terapia IV<\/h1>\t\t\t\t<\/div>\n\t\t\t\t<\/div>\n\t\t\t\t<div class=\"elementor-element elementor-element-2f5c8a1 elementor-align-center elementor-widget elementor-widget-global elementor-global-12348 elementor-widget-button\" data-id=\"2f5c8a1\" data-element_type=\"widget\" data-e-type=\"widget\" data-widget_type=\"button.default\">\n\t\t\t\t<div class=\"elementor-widget-container\">\n\t\t\t\t\t\t\t\t\t<div class=\"elementor-button-wrapper\">\n\t\t\t\t\t<a class=\"elementor-button elementor-button-link elementor-size-sm\" href=\"https:\/\/ivharmonyclinic.com\/request-consultation\/\">\n\t\t\t\t\t\t<span class=\"elementor-button-content-wrapper\">\n\t\t\t\t\t\t\t\t\t<span class=\"elementor-button-text\">BOOK NOW<\/span>\n\t\t\t\t\t<\/span>\n\t\t\t\t\t<\/a>\n\t\t\t\t<\/div>\n\t\t\t\t\t\t\t\t<\/div>\n\t\t\t\t<\/div>\n\t\t\t\t<div class=\"elementor-element elementor-element-dfa4b31 elementor-widget elementor-widget-heading\" data-id=\"dfa4b31\" data-element_type=\"widget\" data-e-type=\"widget\" data-widget_type=\"heading.default\">\n\t\t\t\t<div class=\"elementor-widget-container\">\n\t\t\t\t\t<h2 class=\"elementor-heading-title elementor-size-default\">Se admiten personas sin cita previa.<\/h2>\t\t\t\t<\/div>\n\t\t\t\t<\/div>\n\t\t\t\t\t<\/div>\n\t\t<\/div>\n\t\t\t\t\t<\/div>\n\t\t<\/section>\n\t\t\t\t<section class=\"elementor-section elementor-top-section elementor-element elementor-element-72681fe4 elementor-section-boxed elementor-section-height-default elementor-section-height-default\" data-id=\"72681fe4\" data-element_type=\"section\" data-e-type=\"section\" data-settings=\"{&quot;shape_divider_bottom&quot;:&quot;curve&quot;}\">\n\t\t\t\t\t<div class=\"elementor-shape elementor-shape-bottom\" aria-hidden=\"true\" data-negative=\"false\">\n\t\t\t<svg xmlns=\"http:\/\/www.w3.org\/2000\/svg\" viewBox=\"0 0 1000 100\" preserveAspectRatio=\"none\">\n    <path class=\"elementor-shape-fill\" d=\"M1000,4.3V0H0v4.3C0.9,23.1,126.7,99.2,500,100S1000,22.7,1000,4.3z\"\/>\n<\/svg>\t\t<\/div>\n\t\t\t\t\t<div class=\"elementor-container elementor-column-gap-default\">\n\t\t\t\t\t<div class=\"elementor-column elementor-col-100 elementor-top-column elementor-element elementor-element-164257bd\" data-id=\"164257bd\" data-element_type=\"column\" data-e-type=\"column\">\n\t\t\t<div class=\"elementor-widget-wrap elementor-element-populated\">\n\t\t\t\t\t\t<div class=\"elementor-element elementor-element-4c8cfaab elementor-widget elementor-widget-text-editor\" data-id=\"4c8cfaab\" data-element_type=\"widget\" data-e-type=\"widget\" data-widget_type=\"text-editor.default\">\n\t\t\t\t<div class=\"elementor-widget-container\">\n\t\t\t\t\t\t\t\t\t<script type=\"application\/ld+json\">\n{\n  \"@context\": \"https:\/\/schema.org\",\n  \"@type\": \"Service\",\n  \"name\": \"Restart IV Therapy\",\n  \"description\": \"Restart IV Therapy at IV Harmony Clinic is designed to detoxify your body and refresh your system, providing a blend of hydration, vitamins, and antioxidants to restore vitality and optimize health.\",\n  \"provider\": {\n    \"@type\": \"Organization\",\n    \"name\": \"IV Harmony Clinic\",\n    \"address\": {\n      \"@type\": \"PostalAddress\",\n      \"streetAddress\": \"2749 E County Line Rd\",\n      \"addressLocality\": \"Lutz\",\n      \"addressRegion\": \"FL\",\n      \"postalCode\": \"33559\",\n      \"addressCountry\": \"US\"\n    },\n    \"telephone\": \"+1-813-325-3870\",\n    \"url\": \"https:\/\/ivharmonyclinic.com\/restart-iv-therapy\/\"\n  },\n  \"areaServed\": {\n    \"@type\": \"City\",\n    \"name\": \"Lutz, FL\"\n  },\n  \"availableChannel\": {\n    \"@type\": \"ServiceChannel\",\n    \"serviceUrl\": \"https:\/\/ivharmonyclinic.com\/restart-iv-therapy\/\"\n  },\n  \"serviceType\": \"Healthcare Services\",\n  \"image\": \"https:\/\/i0.wp.com\/ivharmonyclinic.com\/wp-content\/uploads\/2023\/07\/cropped-iv-con-slogan.png?w=500&ssl=1\",\n  \"offers\": {\n    \"@type\": \"Offer\",\n    \"price\": \"$$\",\n    \"priceCurrency\": \"USD\",\n    \"url\": \"https:\/\/ivharmonyclinic.com\/restart-iv-therapy\/\"\n  }\n}\n<\/script>\n<p class=\"p1\">Sufres una enfermedad llamada \u00ababstinencia alcoh\u00f3lica aguda\u00bb, m\u00e1s popularmente conocida como resaca. No te quedes al margen por dolores de cabeza, n\u00e1useas y niebla cerebral. Perm\u00edtanos ayudarle a sentirse mejor r\u00e1pidamente. Hablaremos en voz baja y comenzaremos a rehidratar r\u00e1pidamente su cuerpo con 1 litro de soluci\u00f3n salina normal. Para ese dolor de cabeza punzante, a\u00f1adiremos Toradol, un analg\u00e9sico y antiinflamatorio potente, no narc\u00f3tico y de larga duraci\u00f3n. A\u00f1ade un poco de Zofran para las n\u00e1useas y tus s\u00edntomas pr\u00e1cticamente desaparecer\u00e1n.<span class=\"Apple-converted-space\"> <\/span><\/p>\n<p class=\"p1\">Adem\u00e1s, Restart &#8211; IV Therapy combina los niveles de vitaminas del grupo B y minerales que su cuerpo puede estar echando en falta despu\u00e9s de la \u00faltima noche con una generosa raci\u00f3n de antioxidantes como la vitamina C para que vuelva a sentirse como nuevo.<span class=\"Apple-converted-space\"> <\/span><\/p>\t\t\t\t\t\t\t\t<\/div>\n\t\t\t\t<\/div>\n\t\t\t\t<div class=\"elementor-element elementor-element-5dbfde9 elementor-widget elementor-widget-global elementor-global-10732 elementor-widget-heading\" data-id=\"5dbfde9\" data-element_type=\"widget\" data-e-type=\"widget\" data-widget_type=\"heading.default\">\n\t\t\t\t<div class=\"elementor-widget-container\">\n\t\t\t\t\t<h2 class=\"elementor-heading-title elementor-size-default\"><a href=\"tel:813-325-3870\">We also offer Mobile IV Therapy in your home or workplace. \n<br>Call to schedule your appointment.<\/a><\/h2>\t\t\t\t<\/div>\n\t\t\t\t<\/div>\n\t\t\t\t\t<\/div>\n\t\t<\/div>\n\t\t\t\t\t<\/div>\n\t\t<\/section>\n\t\t\t\t<section class=\"elementor-section elementor-top-section elementor-element elementor-element-314633b7 elementor-section-boxed elementor-section-height-default elementor-section-height-default\" data-id=\"314633b7\" data-element_type=\"section\" data-e-type=\"section\" data-settings=\"{&quot;background_background&quot;:&quot;classic&quot;}\">\n\t\t\t\t\t\t<div class=\"elementor-container elementor-column-gap-default\">\n\t\t\t\t\t<div class=\"elementor-column elementor-col-50 elementor-top-column elementor-element elementor-element-7a98293\" data-id=\"7a98293\" data-element_type=\"column\" data-e-type=\"column\">\n\t\t\t<div class=\"elementor-widget-wrap elementor-element-populated\">\n\t\t\t\t\t\t<div class=\"elementor-element elementor-element-3fc10b21 elementor-widget elementor-widget-heading\" data-id=\"3fc10b21\" data-element_type=\"widget\" data-e-type=\"widget\" data-widget_type=\"heading.default\">\n\t\t\t\t<div class=\"elementor-widget-container\">\n\t\t\t\t\t<h2 class=\"elementor-heading-title elementor-size-default\">IV Ingredientes<\/h2>\t\t\t\t<\/div>\n\t\t\t\t<\/div>\n\t\t\t\t<div class=\"elementor-element elementor-element-74b7a9a9 elementor-widget elementor-widget-text-editor\" data-id=\"74b7a9a9\" data-element_type=\"widget\" data-e-type=\"widget\" data-widget_type=\"text-editor.default\">\n\t\t\t\t<div class=\"elementor-widget-container\">\n\t\t\t\t\t\t\t\t\t<ul>\n<li>Complejo vitam\u00ednico B (B1,B2,B3), B5, B6<\/li>\n<li>Toradol<\/li>\n<li>Zofran<\/li>\n<li>Magnesio CL<\/li>\n<li>Zinc<\/li>\n<li>Manganeso<\/li>\n<li>Cobre<\/li>\n<li>Selenio<\/li>\n<\/ul>\n\t\t\t\t\t\t\t\t<\/div>\n\t\t\t\t<\/div>\n\t\t\t\t\t<\/div>\n\t\t<\/div>\n\t\t\t\t<div class=\"elementor-column elementor-col-50 elementor-top-column elementor-element elementor-element-45e003b6\" data-id=\"45e003b6\" data-element_type=\"column\" data-e-type=\"column\" data-settings=\"{&quot;background_background&quot;:&quot;classic&quot;}\">\n\t\t\t<div class=\"elementor-widget-wrap elementor-element-populated\">\n\t\t\t\t\t\t<div class=\"elementor-element elementor-element-4933561a elementor-widget elementor-widget-image\" data-id=\"4933561a\" data-element_type=\"widget\" data-e-type=\"widget\" data-widget_type=\"image.default\">\n\t\t\t\t<div class=\"elementor-widget-container\">\n\t\t\t\t\t\t\t\t\t\t\t\t\t\t\t<img fetchpriority=\"high\" decoding=\"async\" width=\"441\" height=\"900\" src=\"https:\/\/ivharmonyclinic.com\/wp-content\/uploads\/2022\/05\/myers.png\" class=\"attachment-large size-large wp-image-8866\" alt=\"\" srcset=\"https:\/\/ivharmonyclinic.com\/wp-content\/uploads\/2022\/05\/myers.png 441w, https:\/\/ivharmonyclinic.com\/wp-content\/uploads\/2022\/05\/myers-147x300.png 147w\" sizes=\"(max-width: 441px) 100vw, 441px\" title=\"\">\t\t\t\t\t\t\t\t\t\t\t\t\t\t\t<\/div>\n\t\t\t\t<\/div>\n\t\t\t\t\t<\/div>\n\t\t<\/div>\n\t\t\t\t\t<\/div>\n\t\t<\/section>\n\t\t\t\t<section class=\"elementor-section elementor-top-section elementor-element elementor-element-4f1465d6 elementor-section-boxed elementor-section-height-default elementor-section-height-default\" data-id=\"4f1465d6\" data-element_type=\"section\" data-e-type=\"section\" data-settings=\"{&quot;background_background&quot;:&quot;classic&quot;}\">\n\t\t\t\t\t\t<div class=\"elementor-container elementor-column-gap-default\">\n\t\t\t\t\t<div class=\"elementor-column elementor-col-100 elementor-top-column elementor-element elementor-element-d1f173d\" data-id=\"d1f173d\" data-element_type=\"column\" data-e-type=\"column\">\n\t\t\t<div class=\"elementor-widget-wrap elementor-element-populated\">\n\t\t\t\t\t\t<div class=\"elementor-element elementor-element-4eb91bce elementor-widget-divider--view-line elementor-widget elementor-widget-divider\" data-id=\"4eb91bce\" data-element_type=\"widget\" data-e-type=\"widget\" data-widget_type=\"divider.default\">\n\t\t\t\t<div class=\"elementor-widget-container\">\n\t\t\t\t\t\t\t<div class=\"elementor-divider\">\n\t\t\t<span class=\"elementor-divider-separator\">\n\t\t\t\t\t\t<\/span>\n\t\t<\/div>\n\t\t\t\t\t\t<\/div>\n\t\t\t\t<\/div>\n\t\t\t\t\t<\/div>\n\t\t<\/div>\n\t\t\t\t\t<\/div>\n\t\t<\/section>\n\t\t\t\t<section class=\"elementor-section elementor-top-section elementor-element elementor-element-54fad35 elementor-section-boxed elementor-section-height-default elementor-section-height-default\" data-id=\"54fad35\" data-element_type=\"section\" data-e-type=\"section\">\n\t\t\t\t\t\t<div class=\"elementor-container elementor-column-gap-default\">\n\t\t\t\t\t<div class=\"elementor-column elementor-col-100 elementor-top-column elementor-element elementor-element-6c93024\" data-id=\"6c93024\" data-element_type=\"column\" data-e-type=\"column\">\n\t\t\t<div class=\"elementor-widget-wrap elementor-element-populated\">\n\t\t\t\t\t\t<div class=\"elementor-element elementor-element-ddac110 elementor-widget elementor-widget-text-editor\" data-id=\"ddac110\" data-element_type=\"widget\" data-e-type=\"widget\" data-widget_type=\"text-editor.default\">\n\t\t\t\t<div class=\"elementor-widget-container\">\n\t\t\t\t\t\t\t\t\t<p>Restart &#8211; IV Therapy es un tratamiento \u00fanico para los s\u00edntomas agudos de abstinencia alcoh\u00f3lica, como dolores de cabeza, n\u00e1useas y niebla cerebral. Las resacas son una realidad. Por eso es tan popular la terapia intravenosa. Puede ayudarle a sentirse mejor m\u00e1s r\u00e1pidamente y a reincorporarse a su vida cotidiana.<\/p>\n<\/p>\n<p>\u00bfQu\u00e9 es Reiniciar?<\/p>\n<p>Restart es una terapia intravenosa (IV) utilizada para tratar la abstinencia aguda de alcohol en pacientes que han estado bebiendo en exceso. La terapia intravenosa Restart consiste en una combinaci\u00f3n de vitaminas, minerales y otros nutrientes que ayudan a estabilizar los niveles de az\u00facar en sangre y aportan al organismo los nutrientes esenciales que ha perdido debido al consumo excesivo de alcohol.<\/p>\n<p>La terapia intravenosa Restart suele durar menos de 60 minutos, y no es necesario que ayune ni se prepare antes de recibir el tratamiento. Puede recibir estos cuidados en su domicilio o en uno de nuestros pr\u00e1cticos centros de Tampa, Florida.<\/p>\n<p>\u00bfC\u00f3mo funciona?<\/p>\n<p>Cuando el alcohol se consume en exceso durante varios d\u00edas o semanas, provoca deshidrataci\u00f3n y desequilibrios electrol\u00edticos en el organismo. Estos desequilibrios suelen provocar diversos s\u00edntomas, como dolor de cabeza, n\u00e1useas, v\u00f3mitos y fatiga, todos ellos s\u00edntomas comunes del s\u00edndrome de abstinencia alcoh\u00f3lica aguda (SAA). Si no se trata, puede ser peligroso, ya que puede provocar convulsiones e incluso la muerte.<\/p>\n\t\t\t\t\t\t\t\t<\/div>\n\t\t\t\t<\/div>\n\t\t\t\t\t<\/div>\n\t\t<\/div>\n\t\t\t\t\t<\/div>\n\t\t<\/section>\n\t\t\t\t<\/div>\n\t\t","protected":false},"excerpt":{"rendered":"<p>Reinicio &#8211; Terapia IV BOOK NOW Se admiten personas sin cita previa. Sufres una enfermedad llamada \u00ababstinencia alcoh\u00f3lica aguda\u00bb, m\u00e1s popularmente conocida como resaca. No te quedes al margen por dolores de cabeza, n\u00e1useas y niebla cerebral. Perm\u00edtanos ayudarle a sentirse mejor r\u00e1pidamente. Hablaremos en voz baja y comenzaremos a rehidratar r\u00e1pidamente su cuerpo con [&hellip;]<\/p>\n","protected":false},"author":1,"featured_media":0,"parent":0,"menu_order":0,"comment_status":"closed","ping_status":"closed","template":"","meta":{"site-sidebar-layout":"no-sidebar","site-content-layout":"page-builder","ast-site-content-layout":"default","site-content-style":"default","site-sidebar-style":"default","ast-global-header-display":"","ast-banner-title-visibility":"","ast-main-header-display":"","ast-hfb-above-header-display":"","ast-hfb-below-header-display":"","ast-hfb-mobile-header-display":"","site-post-title":"disabled","ast-breadcrumbs-content":"","ast-featured-img":"disabled","footer-sml-layout":"","ast-disable-related-posts":"","theme-transparent-header-meta":"","adv-header-id-meta":"","stick-header-meta":"","header-above-stick-meta":"","header-main-stick-meta":"","header-below-stick-meta":"","astra-migrate-meta-layouts":"default","ast-page-background-enabled":"default","ast-page-background-meta":{"desktop":{"background-color":"var(--ast-global-color-4)","background-image":"","background-repeat":"repeat","background-position":"center center","background-size":"auto","background-attachment":"scroll","background-type":"","background-media":"","overlay-type":"","overlay-color":"","overlay-opacity":"","overlay-gradient":""},"tablet":{"background-color":"","background-image":"","background-repeat":"repeat","background-position":"center center","background-size":"auto","background-attachment":"scroll","background-type":"","background-media":"","overlay-type":"","overlay-color":"","overlay-opacity":"","overlay-gradient":""},"mobile":{"background-color":"","background-image":"","background-repeat":"repeat","background-position":"center center","background-size":"auto","background-attachment":"scroll","background-type":"","background-media":"","overlay-type":"","overlay-color":"","overlay-opacity":"","overlay-gradient":""}},"ast-content-background-meta":{"desktop":{"background-color":"var(--ast-global-color-5)","background-image":"","background-repeat":"repeat","background-position":"center center","background-size":"auto","background-attachment":"scroll","background-type":"","background-media":"","overlay-type":"","overlay-color":"","overlay-opacity":"","overlay-gradient":""},"tablet":{"background-color":"var(--ast-global-color-5)","background-image":"","background-repeat":"repeat","background-position":"center center","background-size":"auto","background-attachment":"scroll","background-type":"","background-media":"","overlay-type":"","overlay-color":"","overlay-opacity":"","overlay-gradient":""},"mobile":{"background-color":"var(--ast-global-color-5)","background-image":"","background-repeat":"repeat","background-position":"center center","background-size":"auto","background-attachment":"scroll","background-type":"","background-media":"","overlay-type":"","overlay-color":"","overlay-opacity":"","overlay-gradient":""}},"footnotes":""},"class_list":["post-9235","page","type-page","status-publish","hentry"],"_links":{"self":[{"href":"https:\/\/ivharmonyclinic.com\/es\/wp-json\/wp\/v2\/pages\/9235","targetHints":{"allow":["GET"]}}],"collection":[{"href":"https:\/\/ivharmonyclinic.com\/es\/wp-json\/wp\/v2\/pages"}],"about":[{"href":"https:\/\/ivharmonyclinic.com\/es\/wp-json\/wp\/v2\/types\/page"}],"author":[{"embeddable":true,"href":"https:\/\/ivharmonyclinic.com\/es\/wp-json\/wp\/v2\/users\/1"}],"replies":[{"embeddable":true,"href":"https:\/\/ivharmonyclinic.com\/es\/wp-json\/wp\/v2\/comments?post=9235"}],"version-history":[{"count":4,"href":"https:\/\/ivharmonyclinic.com\/es\/wp-json\/wp\/v2\/pages\/9235\/revisions"}],"predecessor-version":[{"id":14401,"href":"https:\/\/ivharmonyclinic.com\/es\/wp-json\/wp\/v2\/pages\/9235\/revisions\/14401"}],"wp:attachment":[{"href":"https:\/\/ivharmonyclinic.com\/es\/wp-json\/wp\/v2\/media?parent=9235"}],"curies":[{"name":"wp","href":"https:\/\/api.w.org\/{rel}","templated":true}]}}