{"id":9233,"date":"2022-05-05T19:56:49","date_gmt":"2022-05-05T19:56:49","guid":{"rendered":"https:\/\/ivharmonyclinic.com\/vitalidad\/"},"modified":"2025-07-28T20:12:17","modified_gmt":"2025-07-28T20:12:17","slug":"vitalidad","status":"publish","type":"page","link":"https:\/\/ivharmonyclinic.com\/es\/vitalidad\/","title":{"rendered":"Vitalidad"},"content":{"rendered":"\t\t<div data-elementor-type=\"wp-page\" data-elementor-id=\"9233\" class=\"elementor elementor-9233 elementor-764\" data-elementor-post-type=\"page\">\n\t\t\t\t\t\t<section class=\"elementor-section elementor-top-section elementor-element elementor-element-22a13964 elementor-section-height-min-height elementor-section-boxed elementor-section-height-default elementor-section-items-middle\" data-id=\"22a13964\" data-element_type=\"section\" data-e-type=\"section\" data-settings=\"{&quot;background_background&quot;:&quot;classic&quot;}\">\n\t\t\t\t\t\t\t<div class=\"elementor-background-overlay\"><\/div>\n\t\t\t\t\t\t\t<div class=\"elementor-container elementor-column-gap-default\">\n\t\t\t\t\t<div class=\"elementor-column elementor-col-100 elementor-top-column elementor-element elementor-element-50330c8e\" data-id=\"50330c8e\" data-element_type=\"column\" data-e-type=\"column\">\n\t\t\t<div class=\"elementor-widget-wrap elementor-element-populated\">\n\t\t\t\t\t\t<div class=\"elementor-element elementor-element-610986e9 elementor-widget elementor-widget-heading\" data-id=\"610986e9\" data-element_type=\"widget\" data-e-type=\"widget\" data-widget_type=\"heading.default\">\n\t\t\t\t<div class=\"elementor-widget-container\">\n\t\t\t\t\t<h1 class=\"elementor-heading-title elementor-size-default\">Vitalidad IV<\/h1>\t\t\t\t<\/div>\n\t\t\t\t<\/div>\n\t\t\t\t<div class=\"elementor-element elementor-element-6d73cb9 elementor-align-center elementor-widget elementor-widget-global elementor-global-12348 elementor-widget-button\" data-id=\"6d73cb9\" data-element_type=\"widget\" data-e-type=\"widget\" data-widget_type=\"button.default\">\n\t\t\t\t<div class=\"elementor-widget-container\">\n\t\t\t\t\t\t\t\t\t<div class=\"elementor-button-wrapper\">\n\t\t\t\t\t<a class=\"elementor-button elementor-button-link elementor-size-sm\" href=\"https:\/\/ivharmonyclinic.com\/request-consultation\/\">\n\t\t\t\t\t\t<span class=\"elementor-button-content-wrapper\">\n\t\t\t\t\t\t\t\t\t<span class=\"elementor-button-text\">BOOK NOW<\/span>\n\t\t\t\t\t<\/span>\n\t\t\t\t\t<\/a>\n\t\t\t\t<\/div>\n\t\t\t\t\t\t\t\t<\/div>\n\t\t\t\t<\/div>\n\t\t\t\t<div class=\"elementor-element elementor-element-771d8ad elementor-widget elementor-widget-heading\" data-id=\"771d8ad\" data-element_type=\"widget\" data-e-type=\"widget\" data-widget_type=\"heading.default\">\n\t\t\t\t<div class=\"elementor-widget-container\">\n\t\t\t\t\t<h2 class=\"elementor-heading-title elementor-size-default\">Se admiten personas sin cita previa.<\/h2>\t\t\t\t<\/div>\n\t\t\t\t<\/div>\n\t\t\t\t\t<\/div>\n\t\t<\/div>\n\t\t\t\t\t<\/div>\n\t\t<\/section>\n\t\t\t\t<section class=\"elementor-section elementor-top-section elementor-element elementor-element-64e3fe02 elementor-section-boxed elementor-section-height-default elementor-section-height-default\" data-id=\"64e3fe02\" data-element_type=\"section\" data-e-type=\"section\" data-settings=\"{&quot;shape_divider_bottom&quot;:&quot;curve&quot;}\">\n\t\t\t\t\t<div class=\"elementor-shape elementor-shape-bottom\" aria-hidden=\"true\" data-negative=\"false\">\n\t\t\t<svg xmlns=\"http:\/\/www.w3.org\/2000\/svg\" viewBox=\"0 0 1000 100\" preserveAspectRatio=\"none\">\n    <path class=\"elementor-shape-fill\" d=\"M1000,4.3V0H0v4.3C0.9,23.1,126.7,99.2,500,100S1000,22.7,1000,4.3z\"\/>\n<\/svg>\t\t<\/div>\n\t\t\t\t\t<div class=\"elementor-container elementor-column-gap-default\">\n\t\t\t\t\t<div class=\"elementor-column elementor-col-100 elementor-top-column elementor-element elementor-element-7d2d4c09\" data-id=\"7d2d4c09\" data-element_type=\"column\" data-e-type=\"column\">\n\t\t\t<div class=\"elementor-widget-wrap elementor-element-populated\">\n\t\t\t\t\t\t<div class=\"elementor-element elementor-element-75f4150e elementor-widget elementor-widget-text-editor\" data-id=\"75f4150e\" data-element_type=\"widget\" data-e-type=\"widget\" data-widget_type=\"text-editor.default\">\n\t\t\t\t<div class=\"elementor-widget-container\">\n\t\t\t\t\t\t\t\t\t<script type=\"application\/ld+json\">\n{\n  \"@context\": \"https:\/\/schema.org\",\n  \"@type\": \"Service\",\n  \"name\": \"Vitality IV Therapy\",\n  \"description\": \"Vitality IV Therapy at IV Harmony Clinic boosts your energy and strengthens your immune system with a powerful mix of vitamins, minerals, and antioxidants, designed to enhance your overall vitality and well-being.\",\n  \"provider\": {\n    \"@type\": \"Organization\",\n    \"name\": \"IV Harmony Clinic\",\n    \"address\": {\n      \"@type\": \"PostalAddress\",\n      \"streetAddress\": \"2749 E County Line Rd\",\n      \"addressLocality\": \"Lutz\",\n      \"addressRegion\": \"FL\",\n      \"postalCode\": \"33559\",\n      \"addressCountry\": \"US\"\n    },\n    \"telephone\": \"+1-813-325-3870\",\n    \"url\": \"https:\/\/ivharmonyclinic.com\/vitality\/\"\n  },\n  \"areaServed\": {\n    \"@type\": \"City\",\n    \"name\": \"Lutz, FL\"\n  },\n  \"availableChannel\": {\n    \"@type\": \"ServiceChannel\",\n    \"serviceUrl\": \"https:\/\/ivharmonyclinic.com\/vitality\/\"\n  },\n  \"serviceType\": \"Healthcare Services\",\n  \"image\": \"https:\/\/i0.wp.com\/ivharmonyclinic.com\/wp-content\/uploads\/2023\/07\/cropped-iv-con-slogan.png?w=500&ssl=1\",\n  \"offers\": {\n    \"@type\": \"Offer\",\n    \"price\": \"$$\",\n    \"priceCurrency\": \"USD\",\n    \"url\": \"https:\/\/ivharmonyclinic.com\/vitality\/\"\n  }\n}\n<\/script>\n<p class=\"p1\"><span class=\"Apple-converted-space\"><strong>Vitality IV<\/strong> est\u00e1 dise\u00f1ado para quemar grasa, sentirse lleno de energ\u00eda y estimular el metabolismo y los nutrientes necesarios para un bienestar \u00f3ptimo. Aprovecha esta incre\u00edble nueva oferta de Vitality IV mientras dure.<\/span><\/p>\t\t\t\t\t\t\t\t<\/div>\n\t\t\t\t<\/div>\n\t\t\t\t<div class=\"elementor-element elementor-element-3f82b8e elementor-widget elementor-widget-global elementor-global-10732 elementor-widget-heading\" data-id=\"3f82b8e\" data-element_type=\"widget\" data-e-type=\"widget\" data-widget_type=\"heading.default\">\n\t\t\t\t<div class=\"elementor-widget-container\">\n\t\t\t\t\t<h2 class=\"elementor-heading-title elementor-size-default\"><a href=\"tel:813-325-3870\">We also offer Mobile IV Therapy in your home or workplace. \n<br>Call to schedule your appointment.<\/a><\/h2>\t\t\t\t<\/div>\n\t\t\t\t<\/div>\n\t\t\t\t\t<\/div>\n\t\t<\/div>\n\t\t\t\t\t<\/div>\n\t\t<\/section>\n\t\t\t\t<section class=\"elementor-section elementor-top-section elementor-element elementor-element-1cf6a1e3 elementor-section-boxed elementor-section-height-default elementor-section-height-default\" data-id=\"1cf6a1e3\" data-element_type=\"section\" data-e-type=\"section\" data-settings=\"{&quot;background_background&quot;:&quot;classic&quot;}\">\n\t\t\t\t\t\t<div class=\"elementor-container elementor-column-gap-default\">\n\t\t\t\t\t<div class=\"elementor-column elementor-col-50 elementor-top-column elementor-element elementor-element-110ab5d6\" data-id=\"110ab5d6\" data-element_type=\"column\" data-e-type=\"column\">\n\t\t\t<div class=\"elementor-widget-wrap elementor-element-populated\">\n\t\t\t\t\t\t<div class=\"elementor-element elementor-element-484b7818 elementor-widget elementor-widget-heading\" data-id=\"484b7818\" data-element_type=\"widget\" data-e-type=\"widget\" data-widget_type=\"heading.default\">\n\t\t\t\t<div class=\"elementor-widget-container\">\n\t\t\t\t\t<h2 class=\"elementor-heading-title elementor-size-default\">IV Ingredientes<\/h2>\t\t\t\t<\/div>\n\t\t\t\t<\/div>\n\t\t\t\t<div class=\"elementor-element elementor-element-2ff06d93 elementor-widget elementor-widget-heading\" data-id=\"2ff06d93\" data-element_type=\"widget\" data-e-type=\"widget\" data-widget_type=\"heading.default\">\n\t\t\t\t<div class=\"elementor-widget-container\">\n\t\t\t\t\t<h3 class=\"elementor-heading-title elementor-size-default\">Vitaminas (solubles en agua)<\/h3>\t\t\t\t<\/div>\n\t\t\t\t<\/div>\n\t\t\t\t<div class=\"elementor-element elementor-element-2706a2bb elementor-widget elementor-widget-text-editor\" data-id=\"2706a2bb\" data-element_type=\"widget\" data-e-type=\"widget\" data-widget_type=\"text-editor.default\">\n\t\t\t\t<div class=\"elementor-widget-container\">\n\t\t\t\t\t\t\t\t\t<p class=\"p1\"><b>Complejo vitam\u00ednico B (B1,B2,B3)<span class=\"Apple-converted-space\"> <\/span><\/b><\/p>\n<p class=\"p2\">La vitamina B1, la vitamina B2 y la vitamina B3 son nutrientes necesarios para transformar los alimentos en energ\u00eda. El consumo de alcohol reduce significativamente la B1, mientras que una carencia de B2 puede provocar una funci\u00f3n inmunitaria deficiente, afecciones cut\u00e1neas y falta de energ\u00eda. Consumir suficiente vitamina B3 junto con otras vitaminas del complejo B puede ayudar a transformar los alimentos en energ\u00eda y disminuir el riesgo de sufrir algunos de los s\u00edntomas de la vida, como problemas gastrointestinales, dificultades mentales y menos vitalidad.<span class=\"Apple-converted-space\"> <\/span><\/p>\n\t\t\t\t\t\t\t\t<\/div>\n\t\t\t\t<\/div>\n\t\t\t\t<div class=\"elementor-element elementor-element-5a6d0b4d elementor-widget elementor-widget-text-editor\" data-id=\"5a6d0b4d\" data-element_type=\"widget\" data-e-type=\"widget\" data-widget_type=\"text-editor.default\">\n\t\t\t\t<div class=\"elementor-widget-container\">\n\t\t\t\t\t\t\t\t\t<p><strong>Glutamina | Ornitina | Arginina | Lisina | Citrulina | Carnitina<\/strong><\/p>\n<p><strong>FUNCIONES<\/strong><br \/>La combinaci\u00f3n de estos ingredientes y las funciones que desempe\u00f1an pueden ayudar al organismo en:<\/p>\n<p>&#8211; Metabolismo proteico<br \/>&#8211; Aumento del volumen celular<br \/>&#8211; Anticatabolismo (evita la descomposici\u00f3n del m\u00fasculo)<br \/>&#8211; Aumento del crecimiento humano<br \/>&#8211; Secreci\u00f3n hormonal<br \/>&#8211; Vasodilataci\u00f3n y flujo sangu\u00edneo<br \/>&#8211; Aumento de la vitalidad<br \/>&#8211; Conversi\u00f3n de \u00e1cidos grasos en energ\u00eda<br \/>&#8211; Crecimiento y mantenimiento de huesos y tejido conjuntivo<br \/>&#8211; Metabolismo de las grasas y energ\u00eda<br \/>&#8211; Tiempo de recuperaci\u00f3n del rendimiento<br \/>&#8211; Desarrollo muscular<\/p>\n\t\t\t\t\t\t\t\t<\/div>\n\t\t\t\t<\/div>\n\t\t\t\t\t<\/div>\n\t\t<\/div>\n\t\t\t\t<div class=\"elementor-column elementor-col-50 elementor-top-column elementor-element elementor-element-66a4cf00\" data-id=\"66a4cf00\" data-element_type=\"column\" data-e-type=\"column\" data-settings=\"{&quot;background_background&quot;:&quot;classic&quot;}\">\n\t\t\t<div class=\"elementor-widget-wrap elementor-element-populated\">\n\t\t\t\t\t\t<div class=\"elementor-element elementor-element-6f6754bd elementor-widget elementor-widget-image\" data-id=\"6f6754bd\" data-element_type=\"widget\" data-e-type=\"widget\" data-widget_type=\"image.default\">\n\t\t\t\t<div class=\"elementor-widget-container\">\n\t\t\t\t\t\t\t\t\t\t\t\t\t\t\t<img fetchpriority=\"high\" decoding=\"async\" width=\"398\" height=\"850\" src=\"https:\/\/ivharmonyclinic.com\/wp-content\/uploads\/2022\/05\/go-copy.png\" class=\"attachment-large size-large wp-image-8857\" alt=\"\" srcset=\"https:\/\/ivharmonyclinic.com\/wp-content\/uploads\/2022\/05\/go-copy.png 398w, https:\/\/ivharmonyclinic.com\/wp-content\/uploads\/2022\/05\/go-copy-140x300.png 140w\" sizes=\"(max-width: 398px) 100vw, 398px\" title=\"\">\t\t\t\t\t\t\t\t\t\t\t\t\t\t\t<\/div>\n\t\t\t\t<\/div>\n\t\t\t\t\t<\/div>\n\t\t<\/div>\n\t\t\t\t\t<\/div>\n\t\t<\/section>\n\t\t\t\t<\/div>\n\t\t","protected":false},"excerpt":{"rendered":"<p>Vitalidad IV BOOK NOW Se admiten personas sin cita previa. Vitality IV est\u00e1 dise\u00f1ado para quemar grasa, sentirse lleno de energ\u00eda y estimular el metabolismo y los nutrientes necesarios para un bienestar \u00f3ptimo. Aprovecha esta incre\u00edble nueva oferta de Vitality IV mientras dure. We also offer Mobile IV Therapy in your home or workplace. Call [&hellip;]<\/p>\n","protected":false},"author":1,"featured_media":0,"parent":0,"menu_order":0,"comment_status":"closed","ping_status":"closed","template":"","meta":{"site-sidebar-layout":"no-sidebar","site-content-layout":"page-builder","ast-site-content-layout":"default","site-content-style":"default","site-sidebar-style":"default","ast-global-header-display":"","ast-banner-title-visibility":"","ast-main-header-display":"","ast-hfb-above-header-display":"","ast-hfb-below-header-display":"","ast-hfb-mobile-header-display":"","site-post-title":"disabled","ast-breadcrumbs-content":"","ast-featured-img":"disabled","footer-sml-layout":"","ast-disable-related-posts":"","theme-transparent-header-meta":"","adv-header-id-meta":"","stick-header-meta":"","header-above-stick-meta":"","header-main-stick-meta":"","header-below-stick-meta":"","astra-migrate-meta-layouts":"default","ast-page-background-enabled":"default","ast-page-background-meta":{"desktop":{"background-color":"var(--ast-global-color-4)","background-image":"","background-repeat":"repeat","background-position":"center center","background-size":"auto","background-attachment":"scroll","background-type":"","background-media":"","overlay-type":"","overlay-color":"","overlay-opacity":"","overlay-gradient":""},"tablet":{"background-color":"","background-image":"","background-repeat":"repeat","background-position":"center center","background-size":"auto","background-attachment":"scroll","background-type":"","background-media":"","overlay-type":"","overlay-color":"","overlay-opacity":"","overlay-gradient":""},"mobile":{"background-color":"","background-image":"","background-repeat":"repeat","background-position":"center center","background-size":"auto","background-attachment":"scroll","background-type":"","background-media":"","overlay-type":"","overlay-color":"","overlay-opacity":"","overlay-gradient":""}},"ast-content-background-meta":{"desktop":{"background-color":"var(--ast-global-color-5)","background-image":"","background-repeat":"repeat","background-position":"center center","background-size":"auto","background-attachment":"scroll","background-type":"","background-media":"","overlay-type":"","overlay-color":"","overlay-opacity":"","overlay-gradient":""},"tablet":{"background-color":"var(--ast-global-color-5)","background-image":"","background-repeat":"repeat","background-position":"center center","background-size":"auto","background-attachment":"scroll","background-type":"","background-media":"","overlay-type":"","overlay-color":"","overlay-opacity":"","overlay-gradient":""},"mobile":{"background-color":"var(--ast-global-color-5)","background-image":"","background-repeat":"repeat","background-position":"center center","background-size":"auto","background-attachment":"scroll","background-type":"","background-media":"","overlay-type":"","overlay-color":"","overlay-opacity":"","overlay-gradient":""}},"footnotes":""},"class_list":["post-9233","page","type-page","status-publish","hentry"],"_links":{"self":[{"href":"https:\/\/ivharmonyclinic.com\/es\/wp-json\/wp\/v2\/pages\/9233","targetHints":{"allow":["GET"]}}],"collection":[{"href":"https:\/\/ivharmonyclinic.com\/es\/wp-json\/wp\/v2\/pages"}],"about":[{"href":"https:\/\/ivharmonyclinic.com\/es\/wp-json\/wp\/v2\/types\/page"}],"author":[{"embeddable":true,"href":"https:\/\/ivharmonyclinic.com\/es\/wp-json\/wp\/v2\/users\/1"}],"replies":[{"embeddable":true,"href":"https:\/\/ivharmonyclinic.com\/es\/wp-json\/wp\/v2\/comments?post=9233"}],"version-history":[{"count":5,"href":"https:\/\/ivharmonyclinic.com\/es\/wp-json\/wp\/v2\/pages\/9233\/revisions"}],"predecessor-version":[{"id":14405,"href":"https:\/\/ivharmonyclinic.com\/es\/wp-json\/wp\/v2\/pages\/9233\/revisions\/14405"}],"wp:attachment":[{"href":"https:\/\/ivharmonyclinic.com\/es\/wp-json\/wp\/v2\/media?parent=9233"}],"curies":[{"name":"wp","href":"https:\/\/api.w.org\/{rel}","templated":true}]}}