{"id":9231,"date":"2022-05-05T19:48:53","date_gmt":"2022-05-05T19:48:53","guid":{"rendered":"https:\/\/ivharmonyclinic.com\/rehidrato\/"},"modified":"2025-07-28T20:06:59","modified_gmt":"2025-07-28T20:06:59","slug":"rehidrato","status":"publish","type":"page","link":"https:\/\/ivharmonyclinic.com\/es\/rehidrato\/","title":{"rendered":"REHIDRATO"},"content":{"rendered":"\t\t<div data-elementor-type=\"wp-page\" data-elementor-id=\"9231\" class=\"elementor elementor-9231 elementor-759\" data-elementor-post-type=\"page\">\n\t\t\t\t\t\t<section class=\"elementor-section elementor-top-section elementor-element elementor-element-2cf0387f elementor-section-height-min-height elementor-section-boxed elementor-section-height-default elementor-section-items-middle\" data-id=\"2cf0387f\" data-element_type=\"section\" data-e-type=\"section\" data-settings=\"{&quot;background_background&quot;:&quot;classic&quot;}\">\n\t\t\t\t\t\t\t<div class=\"elementor-background-overlay\"><\/div>\n\t\t\t\t\t\t\t<div class=\"elementor-container elementor-column-gap-default\">\n\t\t\t\t\t<div class=\"elementor-column elementor-col-100 elementor-top-column elementor-element elementor-element-7220376d\" data-id=\"7220376d\" data-element_type=\"column\" data-e-type=\"column\">\n\t\t\t<div class=\"elementor-widget-wrap elementor-element-populated\">\n\t\t\t\t\t\t<div class=\"elementor-element elementor-element-5f8633ce elementor-widget elementor-widget-heading\" data-id=\"5f8633ce\" data-element_type=\"widget\" data-e-type=\"widget\" data-widget_type=\"heading.default\">\n\t\t\t\t<div class=\"elementor-widget-container\">\n\t\t\t\t\t<h1 class=\"elementor-heading-title elementor-size-default\">REHIDRATO<\/h1>\t\t\t\t<\/div>\n\t\t\t\t<\/div>\n\t\t\t\t<div class=\"elementor-element elementor-element-8e2b2a8 elementor-align-center elementor-widget elementor-widget-global elementor-global-12348 elementor-widget-button\" data-id=\"8e2b2a8\" data-element_type=\"widget\" data-e-type=\"widget\" data-widget_type=\"button.default\">\n\t\t\t\t<div class=\"elementor-widget-container\">\n\t\t\t\t\t\t\t\t\t<div class=\"elementor-button-wrapper\">\n\t\t\t\t\t<a class=\"elementor-button elementor-button-link elementor-size-sm\" href=\"https:\/\/ivharmonyclinic.com\/request-consultation\/\">\n\t\t\t\t\t\t<span class=\"elementor-button-content-wrapper\">\n\t\t\t\t\t\t\t\t\t<span class=\"elementor-button-text\">BOOK NOW<\/span>\n\t\t\t\t\t<\/span>\n\t\t\t\t\t<\/a>\n\t\t\t\t<\/div>\n\t\t\t\t\t\t\t\t<\/div>\n\t\t\t\t<\/div>\n\t\t\t\t<div class=\"elementor-element elementor-element-f43719d elementor-widget elementor-widget-heading\" data-id=\"f43719d\" data-element_type=\"widget\" data-e-type=\"widget\" data-widget_type=\"heading.default\">\n\t\t\t\t<div class=\"elementor-widget-container\">\n\t\t\t\t\t<h2 class=\"elementor-heading-title elementor-size-default\">Se admiten personas sin cita previa.<\/h2>\t\t\t\t<\/div>\n\t\t\t\t<\/div>\n\t\t\t\t\t<\/div>\n\t\t<\/div>\n\t\t\t\t\t<\/div>\n\t\t<\/section>\n\t\t\t\t<section class=\"elementor-section elementor-top-section elementor-element elementor-element-102515f1 elementor-section-boxed elementor-section-height-default elementor-section-height-default\" data-id=\"102515f1\" data-element_type=\"section\" data-e-type=\"section\" data-settings=\"{&quot;shape_divider_bottom&quot;:&quot;curve&quot;}\">\n\t\t\t\t\t<div class=\"elementor-shape elementor-shape-bottom\" aria-hidden=\"true\" data-negative=\"false\">\n\t\t\t<svg xmlns=\"http:\/\/www.w3.org\/2000\/svg\" viewBox=\"0 0 1000 100\" preserveAspectRatio=\"none\">\n    <path class=\"elementor-shape-fill\" d=\"M1000,4.3V0H0v4.3C0.9,23.1,126.7,99.2,500,100S1000,22.7,1000,4.3z\"\/>\n<\/svg>\t\t<\/div>\n\t\t\t\t\t<div class=\"elementor-container elementor-column-gap-default\">\n\t\t\t\t\t<div class=\"elementor-column elementor-col-100 elementor-top-column elementor-element elementor-element-6dc4e51\" data-id=\"6dc4e51\" data-element_type=\"column\" data-e-type=\"column\">\n\t\t\t<div class=\"elementor-widget-wrap elementor-element-populated\">\n\t\t\t\t\t\t<div class=\"elementor-element elementor-element-3c985099 elementor-widget elementor-widget-text-editor\" data-id=\"3c985099\" data-element_type=\"widget\" data-e-type=\"widget\" data-widget_type=\"text-editor.default\">\n\t\t\t\t<div class=\"elementor-widget-container\">\n\t\t\t\t\t\t\t\t\t<script type=\"application\/ld+json\">\n{\n  \"@context\": \"https:\/\/schema.org\",\n  \"@type\": \"Service\",\n  \"name\": \"Rehydration Therapy\",\n  \"description\": \"Rehydration Therapy at IV Harmony Clinic quickly restores your body's hydration levels, replenishing essential fluids and electrolytes lost due to dehydration, enhancing recovery and overall well-being.\",\n  \"provider\": {\n    \"@type\": \"Organization\",\n    \"name\": \"IV Harmony Clinic\",\n    \"address\": {\n      \"@type\": \"PostalAddress\",\n      \"streetAddress\": \"2749 E County Line Rd\",\n      \"addressLocality\": \"Lutz\",\n      \"addressRegion\": \"FL\",\n      \"postalCode\": \"33559\",\n      \"addressCountry\": \"US\"\n    },\n    \"telephone\": \"+1-813-325-3870\",\n    \"url\": \"https:\/\/ivharmonyclinic.com\/rehydrate\/\"\n  },\n  \"areaServed\": {\n    \"@type\": \"City\",\n    \"name\": \"Lutz, FL\"\n  },\n  \"availableChannel\": {\n    \"@type\": \"ServiceChannel\",\n    \"serviceUrl\": \"https:\/\/ivharmonyclinic.com\/rehydrate\/\"\n  },\n  \"serviceType\": \"Healthcare Services\",\n  \"image\": \"https:\/\/i0.wp.com\/ivharmonyclinic.com\/wp-content\/uploads\/2023\/07\/cropped-iv-con-slogan.png?w=500&ssl=1\",\n  \"offers\": {\n    \"@type\": \"Offer\",\n    \"price\": \"$$\",\n    \"priceCurrency\": \"USD\",\n    \"url\": \"https:\/\/ivharmonyclinic.com\/rehydrate\/\"\n  }\n}\n<\/script>\n<p class=\"p1\">Es sorprendente cu\u00e1ntos de nosotros pensamos que cubrimos nuestras necesidades de hidrataci\u00f3n cuando en realidad no es as\u00ed. Y luego, al final del d\u00eda, nos damos cuenta de que nos hemos vuelto a olvidar de beber agua. REHYDRATE IV es la forma r\u00e1pida y sencilla de asegurarse de que cumple sus objetivos diarios de H2O.<span class=\"Apple-converted-space\"> <\/span><\/p>\n<p class=\"p1\">Nuestro REHYDRATE IV contiene suero salino que repone los l\u00edquidos perdidos, mejora la hidrataci\u00f3n y corrige los desequilibrios electrol\u00edticos. Se a\u00f1ade para proporcionar l\u00edquido adicional a las personas que no beben 8 vasos de agua al d\u00eda. Tambi\u00e9n ofrecemos una gran selecci\u00f3n de suplementos opcionales para que pueda adaptarlos a sus necesidades.<span class=\"Apple-converted-space\"> <\/span><\/p>\t\t\t\t\t\t\t\t<\/div>\n\t\t\t\t<\/div>\n\t\t\t\t<div class=\"elementor-element elementor-element-44e6496 elementor-widget elementor-widget-global elementor-global-10732 elementor-widget-heading\" data-id=\"44e6496\" data-element_type=\"widget\" data-e-type=\"widget\" data-widget_type=\"heading.default\">\n\t\t\t\t<div class=\"elementor-widget-container\">\n\t\t\t\t\t<h2 class=\"elementor-heading-title elementor-size-default\"><a href=\"tel:813-325-3870\">We also offer Mobile IV Therapy in your home or workplace. \n<br>Call to schedule your appointment.<\/a><\/h2>\t\t\t\t<\/div>\n\t\t\t\t<\/div>\n\t\t\t\t\t<\/div>\n\t\t<\/div>\n\t\t\t\t\t<\/div>\n\t\t<\/section>\n\t\t\t\t<section class=\"elementor-section elementor-top-section elementor-element elementor-element-e27dc87 elementor-section-boxed elementor-section-height-default elementor-section-height-default\" data-id=\"e27dc87\" data-element_type=\"section\" data-e-type=\"section\" data-settings=\"{&quot;background_background&quot;:&quot;classic&quot;}\">\n\t\t\t\t\t\t<div class=\"elementor-container elementor-column-gap-default\">\n\t\t\t\t\t<div class=\"elementor-column elementor-col-50 elementor-top-column elementor-element elementor-element-76551f11\" data-id=\"76551f11\" data-element_type=\"column\" data-e-type=\"column\">\n\t\t\t<div class=\"elementor-widget-wrap elementor-element-populated\">\n\t\t\t\t\t\t<div class=\"elementor-element elementor-element-3897e2a1 elementor-widget elementor-widget-heading\" data-id=\"3897e2a1\" data-element_type=\"widget\" data-e-type=\"widget\" data-widget_type=\"heading.default\">\n\t\t\t\t<div class=\"elementor-widget-container\">\n\t\t\t\t\t<h2 class=\"elementor-heading-title elementor-size-default\">IV Ingredientes<\/h2>\t\t\t\t<\/div>\n\t\t\t\t<\/div>\n\t\t\t\t<div class=\"elementor-element elementor-element-153500a1 elementor-widget elementor-widget-text-editor\" data-id=\"153500a1\" data-element_type=\"widget\" data-e-type=\"widget\" data-widget_type=\"text-editor.default\">\n\t\t\t\t<div class=\"elementor-widget-container\">\n\t\t\t\t\t\t\t\t\t<ul>\n<li class=\"p1\">Complejo vitam\u00ednico B (B1,B2,B3), B5, B6<\/li>\n<\/ul>\n\t\t\t\t\t\t\t\t<\/div>\n\t\t\t\t<\/div>\n\t\t\t\t\t<\/div>\n\t\t<\/div>\n\t\t\t\t<div class=\"elementor-column elementor-col-50 elementor-top-column elementor-element elementor-element-1169e26e\" data-id=\"1169e26e\" data-element_type=\"column\" data-e-type=\"column\" data-settings=\"{&quot;background_background&quot;:&quot;classic&quot;}\">\n\t\t\t<div class=\"elementor-widget-wrap elementor-element-populated\">\n\t\t\t\t\t\t<div class=\"elementor-element elementor-element-66ef4623 elementor-widget elementor-widget-image\" data-id=\"66ef4623\" data-element_type=\"widget\" data-e-type=\"widget\" data-widget_type=\"image.default\">\n\t\t\t\t<div class=\"elementor-widget-container\">\n\t\t\t\t\t\t\t\t\t\t\t\t\t\t\t<img fetchpriority=\"high\" decoding=\"async\" width=\"684\" height=\"1024\" src=\"https:\/\/ivharmonyclinic.com\/wp-content\/uploads\/2022\/05\/drinking-water-copy-684x1024.png\" class=\"attachment-large size-large wp-image-8856\" alt=\"\" srcset=\"https:\/\/ivharmonyclinic.com\/wp-content\/uploads\/2022\/05\/drinking-water-copy-684x1024.png 684w, https:\/\/ivharmonyclinic.com\/wp-content\/uploads\/2022\/05\/drinking-water-copy-200x300.png 200w, https:\/\/ivharmonyclinic.com\/wp-content\/uploads\/2022\/05\/drinking-water-copy-768x1150.png 768w, https:\/\/ivharmonyclinic.com\/wp-content\/uploads\/2022\/05\/drinking-water-copy-1025x1536.png 1025w, https:\/\/ivharmonyclinic.com\/wp-content\/uploads\/2022\/05\/drinking-water-copy.png 1179w\" sizes=\"(max-width: 684px) 100vw, 684px\" title=\"\">\t\t\t\t\t\t\t\t\t\t\t\t\t\t\t<\/div>\n\t\t\t\t<\/div>\n\t\t\t\t\t<\/div>\n\t\t<\/div>\n\t\t\t\t\t<\/div>\n\t\t<\/section>\n\t\t\t\t<section class=\"elementor-section elementor-top-section elementor-element elementor-element-78bcd6c5 elementor-section-boxed elementor-section-height-default elementor-section-height-default\" data-id=\"78bcd6c5\" data-element_type=\"section\" data-e-type=\"section\" data-settings=\"{&quot;background_background&quot;:&quot;classic&quot;}\">\n\t\t\t\t\t\t<div class=\"elementor-container elementor-column-gap-default\">\n\t\t\t\t\t<div class=\"elementor-column elementor-col-100 elementor-top-column elementor-element elementor-element-5f91a93c\" data-id=\"5f91a93c\" data-element_type=\"column\" data-e-type=\"column\">\n\t\t\t<div class=\"elementor-widget-wrap elementor-element-populated\">\n\t\t\t\t\t\t<div class=\"elementor-element elementor-element-5961bf7b elementor-widget-divider--view-line elementor-widget elementor-widget-divider\" data-id=\"5961bf7b\" data-element_type=\"widget\" data-e-type=\"widget\" data-widget_type=\"divider.default\">\n\t\t\t\t<div class=\"elementor-widget-container\">\n\t\t\t\t\t\t\t<div class=\"elementor-divider\">\n\t\t\t<span class=\"elementor-divider-separator\">\n\t\t\t\t\t\t<\/span>\n\t\t<\/div>\n\t\t\t\t\t\t<\/div>\n\t\t\t\t<\/div>\n\t\t\t\t\t<\/div>\n\t\t<\/div>\n\t\t\t\t\t<\/div>\n\t\t<\/section>\n\t\t\t\t<\/div>\n\t\t","protected":false},"excerpt":{"rendered":"<p>REHIDRATO BOOK NOW Se admiten personas sin cita previa. Es sorprendente cu\u00e1ntos de nosotros pensamos que cubrimos nuestras necesidades de hidrataci\u00f3n cuando en realidad no es as\u00ed. Y luego, al final del d\u00eda, nos damos cuenta de que nos hemos vuelto a olvidar de beber agua. REHYDRATE IV es la forma r\u00e1pida y sencilla de [&hellip;]<\/p>\n","protected":false},"author":1,"featured_media":0,"parent":0,"menu_order":0,"comment_status":"closed","ping_status":"closed","template":"","meta":{"site-sidebar-layout":"no-sidebar","site-content-layout":"page-builder","ast-site-content-layout":"default","site-content-style":"default","site-sidebar-style":"default","ast-global-header-display":"","ast-banner-title-visibility":"","ast-main-header-display":"","ast-hfb-above-header-display":"","ast-hfb-below-header-display":"","ast-hfb-mobile-header-display":"","site-post-title":"disabled","ast-breadcrumbs-content":"","ast-featured-img":"disabled","footer-sml-layout":"","ast-disable-related-posts":"","theme-transparent-header-meta":"","adv-header-id-meta":"","stick-header-meta":"","header-above-stick-meta":"","header-main-stick-meta":"","header-below-stick-meta":"","astra-migrate-meta-layouts":"default","ast-page-background-enabled":"default","ast-page-background-meta":{"desktop":{"background-color":"var(--ast-global-color-4)","background-image":"","background-repeat":"repeat","background-position":"center center","background-size":"auto","background-attachment":"scroll","background-type":"","background-media":"","overlay-type":"","overlay-color":"","overlay-opacity":"","overlay-gradient":""},"tablet":{"background-color":"","background-image":"","background-repeat":"repeat","background-position":"center center","background-size":"auto","background-attachment":"scroll","background-type":"","background-media":"","overlay-type":"","overlay-color":"","overlay-opacity":"","overlay-gradient":""},"mobile":{"background-color":"","background-image":"","background-repeat":"repeat","background-position":"center center","background-size":"auto","background-attachment":"scroll","background-type":"","background-media":"","overlay-type":"","overlay-color":"","overlay-opacity":"","overlay-gradient":""}},"ast-content-background-meta":{"desktop":{"background-color":"var(--ast-global-color-5)","background-image":"","background-repeat":"repeat","background-position":"center center","background-size":"auto","background-attachment":"scroll","background-type":"","background-media":"","overlay-type":"","overlay-color":"","overlay-opacity":"","overlay-gradient":""},"tablet":{"background-color":"var(--ast-global-color-5)","background-image":"","background-repeat":"repeat","background-position":"center center","background-size":"auto","background-attachment":"scroll","background-type":"","background-media":"","overlay-type":"","overlay-color":"","overlay-opacity":"","overlay-gradient":""},"mobile":{"background-color":"var(--ast-global-color-5)","background-image":"","background-repeat":"repeat","background-position":"center center","background-size":"auto","background-attachment":"scroll","background-type":"","background-media":"","overlay-type":"","overlay-color":"","overlay-opacity":"","overlay-gradient":""}},"footnotes":""},"class_list":["post-9231","page","type-page","status-publish","hentry"],"_links":{"self":[{"href":"https:\/\/ivharmonyclinic.com\/es\/wp-json\/wp\/v2\/pages\/9231","targetHints":{"allow":["GET"]}}],"collection":[{"href":"https:\/\/ivharmonyclinic.com\/es\/wp-json\/wp\/v2\/pages"}],"about":[{"href":"https:\/\/ivharmonyclinic.com\/es\/wp-json\/wp\/v2\/types\/page"}],"author":[{"embeddable":true,"href":"https:\/\/ivharmonyclinic.com\/es\/wp-json\/wp\/v2\/users\/1"}],"replies":[{"embeddable":true,"href":"https:\/\/ivharmonyclinic.com\/es\/wp-json\/wp\/v2\/comments?post=9231"}],"version-history":[{"count":5,"href":"https:\/\/ivharmonyclinic.com\/es\/wp-json\/wp\/v2\/pages\/9231\/revisions"}],"predecessor-version":[{"id":14385,"href":"https:\/\/ivharmonyclinic.com\/es\/wp-json\/wp\/v2\/pages\/9231\/revisions\/14385"}],"wp:attachment":[{"href":"https:\/\/ivharmonyclinic.com\/es\/wp-json\/wp\/v2\/media?parent=9231"}],"curies":[{"name":"wp","href":"https:\/\/api.w.org\/{rel}","templated":true}]}}