{"id":9224,"date":"2022-05-05T20:01:13","date_gmt":"2022-05-05T20:01:13","guid":{"rendered":"https:\/\/ivharmonyclinic.com\/curacion-terapia-intravenosa\/"},"modified":"2025-07-28T20:10:18","modified_gmt":"2025-07-28T20:10:18","slug":"curacion-terapia-intravenosa","status":"publish","type":"page","link":"https:\/\/ivharmonyclinic.com\/es\/curacion-terapia-intravenosa\/","title":{"rendered":"Curaci\u00f3n &#8211; Terapia intravenosa"},"content":{"rendered":"\t\t<div data-elementor-type=\"wp-page\" data-elementor-id=\"9224\" class=\"elementor elementor-9224 elementor-783\" data-elementor-post-type=\"page\">\n\t\t\t\t\t\t<section class=\"elementor-section elementor-top-section elementor-element elementor-element-155032b elementor-section-height-min-height elementor-section-boxed elementor-section-height-default elementor-section-items-middle\" data-id=\"155032b\" data-element_type=\"section\" data-e-type=\"section\" data-settings=\"{&quot;background_background&quot;:&quot;classic&quot;}\">\n\t\t\t\t\t\t\t<div class=\"elementor-background-overlay\"><\/div>\n\t\t\t\t\t\t\t<div class=\"elementor-container elementor-column-gap-default\">\n\t\t\t\t\t<div class=\"elementor-column elementor-col-100 elementor-top-column elementor-element elementor-element-6f12dffb\" data-id=\"6f12dffb\" data-element_type=\"column\" data-e-type=\"column\">\n\t\t\t<div class=\"elementor-widget-wrap elementor-element-populated\">\n\t\t\t\t\t\t<div class=\"elementor-element elementor-element-471da8cf elementor-widget elementor-widget-heading\" data-id=\"471da8cf\" data-element_type=\"widget\" data-e-type=\"widget\" data-widget_type=\"heading.default\">\n\t\t\t\t<div class=\"elementor-widget-container\">\n\t\t\t\t\t<h1 class=\"elementor-heading-title elementor-size-default\">Curaci\u00f3n - Terapia intravenosa<\/h1>\t\t\t\t<\/div>\n\t\t\t\t<\/div>\n\t\t\t\t<div class=\"elementor-element elementor-element-5336783 elementor-align-center elementor-widget elementor-widget-global elementor-global-12348 elementor-widget-button\" data-id=\"5336783\" data-element_type=\"widget\" data-e-type=\"widget\" data-widget_type=\"button.default\">\n\t\t\t\t<div class=\"elementor-widget-container\">\n\t\t\t\t\t\t\t\t\t<div class=\"elementor-button-wrapper\">\n\t\t\t\t\t<a class=\"elementor-button elementor-button-link elementor-size-sm\" href=\"https:\/\/ivharmonyclinic.com\/request-consultation\/\">\n\t\t\t\t\t\t<span class=\"elementor-button-content-wrapper\">\n\t\t\t\t\t\t\t\t\t<span class=\"elementor-button-text\">BOOK NOW<\/span>\n\t\t\t\t\t<\/span>\n\t\t\t\t\t<\/a>\n\t\t\t\t<\/div>\n\t\t\t\t\t\t\t\t<\/div>\n\t\t\t\t<\/div>\n\t\t\t\t<div class=\"elementor-element elementor-element-95c587c elementor-widget elementor-widget-heading\" data-id=\"95c587c\" data-element_type=\"widget\" data-e-type=\"widget\" data-widget_type=\"heading.default\">\n\t\t\t\t<div class=\"elementor-widget-container\">\n\t\t\t\t\t<h2 class=\"elementor-heading-title elementor-size-default\">Se admiten personas sin cita previa.<\/h2>\t\t\t\t<\/div>\n\t\t\t\t<\/div>\n\t\t\t\t\t<\/div>\n\t\t<\/div>\n\t\t\t\t\t<\/div>\n\t\t<\/section>\n\t\t\t\t<section class=\"elementor-section elementor-top-section elementor-element elementor-element-2d154201 elementor-section-boxed elementor-section-height-default elementor-section-height-default\" data-id=\"2d154201\" data-element_type=\"section\" data-e-type=\"section\" data-settings=\"{&quot;shape_divider_bottom&quot;:&quot;curve&quot;}\">\n\t\t\t\t\t<div class=\"elementor-shape elementor-shape-bottom\" aria-hidden=\"true\" data-negative=\"false\">\n\t\t\t<svg xmlns=\"http:\/\/www.w3.org\/2000\/svg\" viewBox=\"0 0 1000 100\" preserveAspectRatio=\"none\">\n    <path class=\"elementor-shape-fill\" d=\"M1000,4.3V0H0v4.3C0.9,23.1,126.7,99.2,500,100S1000,22.7,1000,4.3z\"\/>\n<\/svg>\t\t<\/div>\n\t\t\t\t\t<div class=\"elementor-container elementor-column-gap-default\">\n\t\t\t\t\t<div class=\"elementor-column elementor-col-100 elementor-top-column elementor-element elementor-element-26120529\" data-id=\"26120529\" data-element_type=\"column\" data-e-type=\"column\">\n\t\t\t<div class=\"elementor-widget-wrap elementor-element-populated\">\n\t\t\t\t\t\t<div class=\"elementor-element elementor-element-1bd2a972 elementor-widget elementor-widget-text-editor\" data-id=\"1bd2a972\" data-element_type=\"widget\" data-e-type=\"widget\" data-widget_type=\"text-editor.default\">\n\t\t\t\t<div class=\"elementor-widget-container\">\n\t\t\t\t\t\t\t\t\t<script type=\"application\/ld+json\">\n{\n  \"@context\": \"https:\/\/schema.org\",\n  \"@type\": \"Service\",\n  \"name\": \"Healing IV Therapy\",\n  \"description\": \"Healing IV Therapy at IV Harmony Clinic is designed to expedite the natural healing processes, offering nutrient-rich infusions that support cellular repair, immune function, and overall body recovery.\",\n  \"provider\": {\n    \"@type\": \"Organization\",\n    \"name\": \"IV Harmony Clinic\",\n    \"address\": {\n      \"@type\": \"PostalAddress\",\n      \"streetAddress\": \"2749 E County Line Rd\",\n      \"addressLocality\": \"Lutz\",\n      \"addressRegion\": \"FL\",\n      \"postalCode\": \"33559\",\n      \"addressCountry\": \"US\"\n    },\n    \"telephone\": \"+1-813-325-3870\",\n    \"url\": \"https:\/\/ivharmonyclinic.com\/healing-iv-therapy\/\"\n  },\n  \"areaServed\": {\n    \"@type\": \"City\",\n    \"name\": \"Lutz, FL\"\n  },\n  \"availableChannel\": {\n    \"@type\": \"ServiceChannel\",\n    \"serviceUrl\": \"https:\/\/ivharmonyclinic.com\/healing-iv-therapy\/\"\n  },\n  \"serviceType\": \"Healthcare Services\",\n  \"image\": \"https:\/\/i0.wp.com\/ivharmonyclinic.com\/wp-content\/uploads\/2023\/07\/cropped-iv-con-slogan.png?w=500&ssl=1\",\n  \"offers\": {\n    \"@type\": \"Offer\",\n    \"price\": \"$$\",\n    \"priceCurrency\": \"USD\",\n    \"url\": \"https:\/\/ivharmonyclinic.com\/healing-iv-therapy\/\"\n  }\n}\n<\/script>\n<p class=\"p1\">Curaci\u00f3n &#8211; La terapia intravenosa es un medicamento compuesto que puede ayudar a aliviar los s\u00edntomas del s\u00edndrome premenstrual, que puede reducir la hinchaz\u00f3n, irritabilidad, malestar abdominal y dolor de espalda baja.<span class=\"Apple-converted-space\"> <\/span><\/p>\t\t\t\t\t\t\t\t<\/div>\n\t\t\t\t<\/div>\n\t\t\t\t<div class=\"elementor-element elementor-element-f85d641 elementor-widget elementor-widget-global elementor-global-10732 elementor-widget-heading\" data-id=\"f85d641\" data-element_type=\"widget\" data-e-type=\"widget\" data-widget_type=\"heading.default\">\n\t\t\t\t<div class=\"elementor-widget-container\">\n\t\t\t\t\t<h2 class=\"elementor-heading-title elementor-size-default\"><a href=\"tel:813-325-3870\">We also offer Mobile IV Therapy in your home or workplace. \n<br>Call to schedule your appointment.<\/a><\/h2>\t\t\t\t<\/div>\n\t\t\t\t<\/div>\n\t\t\t\t\t<\/div>\n\t\t<\/div>\n\t\t\t\t\t<\/div>\n\t\t<\/section>\n\t\t\t\t<section class=\"elementor-section elementor-top-section elementor-element elementor-element-9a6351 elementor-section-boxed elementor-section-height-default elementor-section-height-default\" data-id=\"9a6351\" data-element_type=\"section\" data-e-type=\"section\" data-settings=\"{&quot;background_background&quot;:&quot;classic&quot;}\">\n\t\t\t\t\t\t<div class=\"elementor-container elementor-column-gap-default\">\n\t\t\t\t\t<div class=\"elementor-column elementor-col-50 elementor-top-column elementor-element elementor-element-59fb73d3\" data-id=\"59fb73d3\" data-element_type=\"column\" data-e-type=\"column\">\n\t\t\t<div class=\"elementor-widget-wrap elementor-element-populated\">\n\t\t\t\t\t\t<div class=\"elementor-element elementor-element-7d69b31d elementor-widget elementor-widget-heading\" data-id=\"7d69b31d\" data-element_type=\"widget\" data-e-type=\"widget\" data-widget_type=\"heading.default\">\n\t\t\t\t<div class=\"elementor-widget-container\">\n\t\t\t\t\t<h2 class=\"elementor-heading-title elementor-size-default\">IV Ingredientes<\/h2>\t\t\t\t<\/div>\n\t\t\t\t<\/div>\n\t\t\t\t<div class=\"elementor-element elementor-element-489d9f6c elementor-widget elementor-widget-heading\" data-id=\"489d9f6c\" data-element_type=\"widget\" data-e-type=\"widget\" data-widget_type=\"heading.default\">\n\t\t\t\t<div class=\"elementor-widget-container\">\n\t\t\t\t\t<h3 class=\"elementor-heading-title elementor-size-default\">Vitaminas (solubles en agua)<\/h3>\t\t\t\t<\/div>\n\t\t\t\t<\/div>\n\t\t\t\t<div class=\"elementor-element elementor-element-53ab7d88 elementor-widget elementor-widget-text-editor\" data-id=\"53ab7d88\" data-element_type=\"widget\" data-e-type=\"widget\" data-widget_type=\"text-editor.default\">\n\t\t\t\t<div class=\"elementor-widget-container\">\n\t\t\t\t\t\t\t\t\t<p class=\"p1\"><b>Calcio<span class=\"Apple-converted-space\"> <\/span><\/b><\/p>\n<p class=\"p1\">El calcio es el componente b\u00e1sico de unos huesos fuertes y sanos. El calcio es esencial para mantener el sistema \u00f3seo y evitar la p\u00e9rdida de masa \u00f3sea y enfermedades como la artrosis. Tambi\u00e9n contribuye a la salud del coraz\u00f3n, as\u00ed como a un sistema nervioso funcional y un sistema inmunitario receptivo.<span class=\"Apple-converted-space\"> <\/span><\/p>\n<p class=\"p1\"><b>Magnesio<span class=\"Apple-converted-space\"> <\/span><\/b><\/p>\n<p class=\"p1\">El magnesio mejora la salud de muchas maneras. Ayuda al organismo a procesar los alimentos, a producir los \u00e1cidos grasos y prote\u00ednas necesarios y a disfrutar de un sistema nervioso sano y funcional. Contribuye a la salud de los huesos, el coraz\u00f3n y la resistencia a enfermedades como la diabetes.<span class=\"Apple-converted-space\"> <\/span><\/p>\n<p class=\"p2\"><b>Complejo vitam\u00ednico B (B1,B2,B3)<span class=\"Apple-converted-space\"> <\/span><\/b><\/p>\n<p class=\"p3\">La vitamina B1, la vitamina B2 y la vitamina B3 son nutrientes necesarios para transformar los alimentos en energ\u00eda. El consumo de alcohol reduce significativamente la B1, mientras que una carencia de B2 puede provocar una funci\u00f3n inmunitaria deficiente, afecciones cut\u00e1neas y falta de energ\u00eda. Consumir suficiente vitamina B3 junto con otras vitaminas del complejo B puede ayudar a transformar los alimentos en energ\u00eda y disminuir el riesgo de sufrir algunos de los s\u00edntomas de la vida, como problemas gastrointestinales, dificultades mentales y menos vitalidad.<span class=\"Apple-converted-space\"> <\/span><\/p>\n<p class=\"p3\">La <b>vitamina B5 <\/b>procesa los \u00e1cidos grasos. La vitamina B5 tambi\u00e9n acelera la cicatrizaci\u00f3n de heridas, reduce el colesterol en sangre, retrasa el encanecimiento del cabello y ayuda a dormir mejor. La carencia de vitamina B5 se ha relacionado con la aparici\u00f3n de dolor de cabeza, fatiga, insomnio, trastornos intestinales, entumecimiento y hormigueo de manos o pies, disfunci\u00f3n suprarrenal y menor tolerancia al ejercicio.<span class=\"Apple-converted-space\"> <\/span><\/p>\n<p class=\"p1\"><b>B6<span class=\"Apple-converted-space\"> <\/span><\/b><\/p>\n<p class=\"p1\">La B6 (piridoxina) es una vitamina esencial que transforma los alimentos en energ\u00eda. Ayuda al organismo a absorber otras vitaminas del grupo B y contribuye a la salud celular. Adem\u00e1s, la vitamina B6 ayuda a producir varios neurotransmisores en el cerebro.<span class=\"Apple-converted-space\"> <\/span><\/p>\n<p class=\"p1\"><b>B-12<span class=\"Apple-converted-space\"> <\/span><\/b><\/p>\n<p class=\"p1\">El organismo necesita vitamina B12 para crear ADN, el material gen\u00e9tico que compone nuestro cuerpo. Tambi\u00e9n contribuye a la salud de las c\u00e9lulas nerviosas y sangu\u00edneas y previene ciertos tipos de anemia. Su organismo no funcionar\u00e1 a pleno rendimiento sin vitamina B12.<span class=\"Apple-converted-space\"> <\/span><\/p>\n\t\t\t\t\t\t\t\t<\/div>\n\t\t\t\t<\/div>\n\t\t\t\t\t<\/div>\n\t\t<\/div>\n\t\t\t\t<div class=\"elementor-column elementor-col-50 elementor-top-column elementor-element elementor-element-700e852\" data-id=\"700e852\" data-element_type=\"column\" data-e-type=\"column\" data-settings=\"{&quot;background_background&quot;:&quot;classic&quot;}\">\n\t\t\t<div class=\"elementor-widget-wrap elementor-element-populated\">\n\t\t\t\t\t\t<div class=\"elementor-element elementor-element-4ce40100 elementor-widget elementor-widget-image\" data-id=\"4ce40100\" data-element_type=\"widget\" data-e-type=\"widget\" data-widget_type=\"image.default\">\n\t\t\t\t<div class=\"elementor-widget-container\">\n\t\t\t\t\t\t\t\t\t\t\t\t\t\t\t<img fetchpriority=\"high\" decoding=\"async\" width=\"307\" height=\"900\" src=\"https:\/\/ivharmonyclinic.com\/wp-content\/uploads\/2022\/05\/pms-copy-1.png\" class=\"attachment-large size-large wp-image-8861\" alt=\"\" srcset=\"https:\/\/ivharmonyclinic.com\/wp-content\/uploads\/2022\/05\/pms-copy-1.png 307w, https:\/\/ivharmonyclinic.com\/wp-content\/uploads\/2022\/05\/pms-copy-1-102x300.png 102w\" sizes=\"(max-width: 307px) 100vw, 307px\" title=\"\">\t\t\t\t\t\t\t\t\t\t\t\t\t\t\t<\/div>\n\t\t\t\t<\/div>\n\t\t\t\t\t<\/div>\n\t\t<\/div>\n\t\t\t\t\t<\/div>\n\t\t<\/section>\n\t\t\t\t<section class=\"elementor-section elementor-top-section elementor-element elementor-element-94930d4 elementor-section-boxed elementor-section-height-default elementor-section-height-default\" data-id=\"94930d4\" data-element_type=\"section\" data-e-type=\"section\">\n\t\t\t\t\t\t<div class=\"elementor-container elementor-column-gap-default\">\n\t\t\t\t\t<div class=\"elementor-column elementor-col-100 elementor-top-column elementor-element elementor-element-4b1b0ed\" data-id=\"4b1b0ed\" data-element_type=\"column\" data-e-type=\"column\">\n\t\t\t<div class=\"elementor-widget-wrap elementor-element-populated\">\n\t\t\t\t\t\t<div class=\"elementor-element elementor-element-6c67d54 elementor-widget elementor-widget-heading\" data-id=\"6c67d54\" data-element_type=\"widget\" data-e-type=\"widget\" data-widget_type=\"heading.default\">\n\t\t\t\t<div class=\"elementor-widget-container\">\n\t\t\t\t\t<h2 class=\"elementor-heading-title elementor-size-default\">\u00bfQu\u00e9 es la CURA - TERAPIA IV?<\/h2>\t\t\t\t<\/div>\n\t\t\t\t<\/div>\n\t\t\t\t<div class=\"elementor-element elementor-element-a435fb9 elementor-widget elementor-widget-text-editor\" data-id=\"a435fb9\" data-element_type=\"widget\" data-e-type=\"widget\" data-widget_type=\"text-editor.default\">\n\t\t\t\t<div class=\"elementor-widget-container\">\n\t\t\t\t\t\t\t\t\t<p>La terapia intravenosa es un procedimiento no quir\u00fargico que puede ayudar a aliviar los s\u00edntomas del s\u00edndrome premenstrual, lo que puede reducir la hinchaz\u00f3n, la irritabilidad, las molestias abdominales y el dolor lumbar. La terapia IV tambi\u00e9n se conoce como terapia intravenosa o terapia IV.<\/p>\n<p>La terapia intravenosa consiste en inyectar sustancias en una vena a trav\u00e9s de una v\u00eda intravenosa. Las sustancias utilizadas para la terapia intravenosa pueden incluir vitaminas y minerales, medicamentos, l\u00edquidos y nutrientes.<\/p>\n<p>Se desconoce la causa exacta del s\u00edndrome premenstrual. Sin embargo, se cree que los cambios en los niveles hormonales pueden influir. Las mujeres con s\u00edndrome premenstrual suelen tener niveles m\u00e1s altos de estr\u00f3genos y m\u00e1s bajos de progesterona que las mujeres que no padecen esta afecci\u00f3n.<\/p>\n\t\t\t\t\t\t\t\t<\/div>\n\t\t\t\t<\/div>\n\t\t\t\t\t<\/div>\n\t\t<\/div>\n\t\t\t\t\t<\/div>\n\t\t<\/section>\n\t\t\t\t<\/div>\n\t\t","protected":false},"excerpt":{"rendered":"<p>Curaci\u00f3n &#8211; Terapia intravenosa BOOK NOW Se admiten personas sin cita previa. Curaci\u00f3n &#8211; La terapia intravenosa es un medicamento compuesto que puede ayudar a aliviar los s\u00edntomas del s\u00edndrome premenstrual, que puede reducir la hinchaz\u00f3n, irritabilidad, malestar abdominal y dolor de espalda baja. We also offer Mobile IV Therapy in your home or workplace. [&hellip;]<\/p>\n","protected":false},"author":1,"featured_media":0,"parent":0,"menu_order":0,"comment_status":"closed","ping_status":"closed","template":"","meta":{"site-sidebar-layout":"no-sidebar","site-content-layout":"page-builder","ast-site-content-layout":"full-width-container","site-content-style":"unboxed","site-sidebar-style":"unboxed","ast-global-header-display":"","ast-banner-title-visibility":"","ast-main-header-display":"","ast-hfb-above-header-display":"","ast-hfb-below-header-display":"","ast-hfb-mobile-header-display":"","site-post-title":"disabled","ast-breadcrumbs-content":"","ast-featured-img":"disabled","footer-sml-layout":"","ast-disable-related-posts":"","theme-transparent-header-meta":"","adv-header-id-meta":"","stick-header-meta":"","header-above-stick-meta":"","header-main-stick-meta":"","header-below-stick-meta":"","astra-migrate-meta-layouts":"default","ast-page-background-enabled":"default","ast-page-background-meta":{"desktop":{"background-color":"var(--ast-global-color-4)","background-image":"","background-repeat":"repeat","background-position":"center center","background-size":"auto","background-attachment":"scroll","background-type":"","background-media":"","overlay-type":"","overlay-color":"","overlay-opacity":"","overlay-gradient":""},"tablet":{"background-color":"","background-image":"","background-repeat":"repeat","background-position":"center center","background-size":"auto","background-attachment":"scroll","background-type":"","background-media":"","overlay-type":"","overlay-color":"","overlay-opacity":"","overlay-gradient":""},"mobile":{"background-color":"","background-image":"","background-repeat":"repeat","background-position":"center center","background-size":"auto","background-attachment":"scroll","background-type":"","background-media":"","overlay-type":"","overlay-color":"","overlay-opacity":"","overlay-gradient":""}},"ast-content-background-meta":{"desktop":{"background-color":"var(--ast-global-color-5)","background-image":"","background-repeat":"repeat","background-position":"center center","background-size":"auto","background-attachment":"scroll","background-type":"","background-media":"","overlay-type":"","overlay-color":"","overlay-opacity":"","overlay-gradient":""},"tablet":{"background-color":"var(--ast-global-color-5)","background-image":"","background-repeat":"repeat","background-position":"center center","background-size":"auto","background-attachment":"scroll","background-type":"","background-media":"","overlay-type":"","overlay-color":"","overlay-opacity":"","overlay-gradient":""},"mobile":{"background-color":"var(--ast-global-color-5)","background-image":"","background-repeat":"repeat","background-position":"center center","background-size":"auto","background-attachment":"scroll","background-type":"","background-media":"","overlay-type":"","overlay-color":"","overlay-opacity":"","overlay-gradient":""}},"footnotes":""},"class_list":["post-9224","page","type-page","status-publish","hentry"],"_links":{"self":[{"href":"https:\/\/ivharmonyclinic.com\/es\/wp-json\/wp\/v2\/pages\/9224","targetHints":{"allow":["GET"]}}],"collection":[{"href":"https:\/\/ivharmonyclinic.com\/es\/wp-json\/wp\/v2\/pages"}],"about":[{"href":"https:\/\/ivharmonyclinic.com\/es\/wp-json\/wp\/v2\/types\/page"}],"author":[{"embeddable":true,"href":"https:\/\/ivharmonyclinic.com\/es\/wp-json\/wp\/v2\/users\/1"}],"replies":[{"embeddable":true,"href":"https:\/\/ivharmonyclinic.com\/es\/wp-json\/wp\/v2\/comments?post=9224"}],"version-history":[{"count":5,"href":"https:\/\/ivharmonyclinic.com\/es\/wp-json\/wp\/v2\/pages\/9224\/revisions"}],"predecessor-version":[{"id":14397,"href":"https:\/\/ivharmonyclinic.com\/es\/wp-json\/wp\/v2\/pages\/9224\/revisions\/14397"}],"wp:attachment":[{"href":"https:\/\/ivharmonyclinic.com\/es\/wp-json\/wp\/v2\/media?parent=9224"}],"curies":[{"name":"wp","href":"https:\/\/api.w.org\/{rel}","templated":true}]}}