{"id":9222,"date":"2022-08-29T16:24:53","date_gmt":"2022-08-29T16:24:53","guid":{"rendered":"https:\/\/ivharmonyclinic.com\/politica-de-cancelacion\/"},"modified":"2024-10-09T11:25:00","modified_gmt":"2024-10-09T11:25:00","slug":"politica-de-cancelacion","status":"publish","type":"page","link":"https:\/\/ivharmonyclinic.com\/es\/politica-de-cancelacion\/","title":{"rendered":"Pol\u00edtica de cancelaci\u00f3n"},"content":{"rendered":"\t\t<div data-elementor-type=\"wp-page\" data-elementor-id=\"9222\" class=\"elementor elementor-9222 elementor-2242\" data-elementor-post-type=\"page\">\n\t\t\t\t\t\t<section class=\"elementor-section elementor-top-section elementor-element elementor-element-8f599fa elementor-section-boxed elementor-section-height-default elementor-section-height-default\" data-id=\"8f599fa\" data-element_type=\"section\" data-e-type=\"section\">\n\t\t\t\t\t\t<div class=\"elementor-container elementor-column-gap-default\">\n\t\t\t\t\t<div class=\"elementor-column elementor-col-100 elementor-top-column elementor-element elementor-element-a0e7c81\" data-id=\"a0e7c81\" data-element_type=\"column\" data-e-type=\"column\">\n\t\t\t<div class=\"elementor-widget-wrap elementor-element-populated\">\n\t\t\t\t\t\t<div class=\"elementor-element elementor-element-ce11281 elementor-widget elementor-widget-heading\" data-id=\"ce11281\" data-element_type=\"widget\" data-e-type=\"widget\" data-widget_type=\"heading.default\">\n\t\t\t\t<div class=\"elementor-widget-container\">\n\t\t\t\t\t<h1 class=\"elementor-heading-title elementor-size-default\">Pol\u00edtica de cancelaci\u00f3n<\/h1>\t\t\t\t<\/div>\n\t\t\t\t<\/div>\n\t\t\t\t\t<\/div>\n\t\t<\/div>\n\t\t\t\t\t<\/div>\n\t\t<\/section>\n\t\t\t\t<section class=\"elementor-section elementor-top-section elementor-element elementor-element-9bc4d84 elementor-section-boxed elementor-section-height-default elementor-section-height-default\" data-id=\"9bc4d84\" data-element_type=\"section\" data-e-type=\"section\">\n\t\t\t\t\t\t<div class=\"elementor-container elementor-column-gap-default\">\n\t\t\t\t\t<div class=\"elementor-column elementor-col-100 elementor-top-column elementor-element elementor-element-7f3aa5f\" data-id=\"7f3aa5f\" data-element_type=\"column\" data-e-type=\"column\">\n\t\t\t<div class=\"elementor-widget-wrap elementor-element-populated\">\n\t\t\t\t\t\t<div class=\"elementor-element elementor-element-bb93b5e elementor-widget elementor-widget-text-editor\" data-id=\"bb93b5e\" data-element_type=\"widget\" data-e-type=\"widget\" data-widget_type=\"text-editor.default\">\n\t\t\t\t<div class=\"elementor-widget-container\">\n\t\t\t\t\t\t\t\t\t<div class=\"wpb_text_column wpb_content_element \">\n<div class=\"wpb_wrapper\">\n<p><strong>Nombramientos confirmados y no confirmados<\/strong><\/p>\n<p>Si su cita est\u00e1 confirmada en cualquier momento con uno de los miembros de nuestro personal, se aplicar\u00e1n las normas de cancelaci\u00f3n que figuran a continuaci\u00f3n.<\/p>\n<p>Si su cita no se confirma antes de la hora de reserva, se le reembolsar\u00e1 \u00edntegramente.<\/p>\n<p><strong>Cancelaci\u00f3n &#8211; 24 horas de antelaci\u00f3n<\/strong><\/p>\n<p>S\u00f3lo se aplica a las citas confirmadas.<\/p>\n<p>Para evitar gastos de cancelaci\u00f3n, es necesario avisar con al menos 24 horas de antelaci\u00f3n. No obstante, si su cita est\u00e1 confirmada, se le aplicar\u00e1 una tasa.<\/p>\n<\/div>\n<\/div>\n\t\t\t\t\t\t\t\t<\/div>\n\t\t\t\t<\/div>\n\t\t\t\t\t<\/div>\n\t\t<\/div>\n\t\t\t\t\t<\/div>\n\t\t<\/section>\n\t\t\t\t<section class=\"elementor-section elementor-top-section elementor-element elementor-element-888e80d elementor-section-boxed elementor-section-height-default elementor-section-height-default\" data-id=\"888e80d\" data-element_type=\"section\" data-e-type=\"section\" data-settings=\"{&quot;background_background&quot;:&quot;classic&quot;}\">\n\t\t\t\t\t\t<div class=\"elementor-container elementor-column-gap-default\">\n\t\t\t\t\t<div class=\"elementor-column elementor-col-100 elementor-top-column elementor-element elementor-element-f5f5fb8\" data-id=\"f5f5fb8\" data-element_type=\"column\" data-e-type=\"column\">\n\t\t\t<div class=\"elementor-widget-wrap elementor-element-populated\">\n\t\t\t\t\t\t<div class=\"elementor-element elementor-element-d7c32be elementor-widget elementor-widget-text-editor\" data-id=\"d7c32be\" data-element_type=\"widget\" data-e-type=\"widget\" data-widget_type=\"text-editor.default\">\n\t\t\t\t<div class=\"elementor-widget-container\">\n\t\t\t\t\t\t\t\t\t<p style=\"text-align: center;\"><strong>Para notificar la cancelaci\u00f3n o el cambio de fecha, debe ponerse en contacto con nosotros:<\/strong><\/p>\n<p>1. Responder directamente al correo electr\u00f3nico de confirmaci\u00f3n de la cita<\/p>\n<p>2. Ll\u00e1menos al 813-325-3870, o env\u00ede un correo electr\u00f3nico <a href=\"mailto:info@ivharmonyclinic.com\">a info@ivharmonyclinic.com<\/a>.<\/p>\n\t\t\t\t\t\t\t\t<\/div>\n\t\t\t\t<\/div>\n\t\t\t\t<div class=\"elementor-element elementor-element-94c8969 elementor-widget elementor-widget-text-editor\" data-id=\"94c8969\" data-element_type=\"widget\" data-e-type=\"widget\" data-widget_type=\"text-editor.default\">\n\t\t\t\t<div class=\"elementor-widget-container\">\n\t\t\t\t\t\t\t\t\t<p>Si usted o parte de su grupo cancela dentro del plazo de 24 horas de antelaci\u00f3n, se le reembolsar\u00e1 el importe \u00edntegro, pero tambi\u00e9n se le cobrar\u00e1 una tasa de cancelaci\u00f3n de 50 $ para las citas individuales y de 50 $ por persona para las citas de grupo.<\/p>\n<p><strong>Cancelaci\u00f3n &#8211; con 2 horas de antelaci\u00f3n y citas perdidas<\/strong><\/p>\n<p>S\u00f3lo se aplica a las citas confirmadas.<\/p>\n<p>No se reembolsar\u00e1n las faltas de asistencia ni las notificaciones de cancelaci\u00f3n con menos de 2 horas de antelaci\u00f3n.<\/p>\n<p><em>Si parte de su grupo est\u00e1 presente en la cita:<\/em><\/p>\n<p>a) y tu grupo es de 3 personas o menos, a las personas que falten se les cobrar\u00e1 el importe \u00edntegro<br \/>b) y tu grupo es de 4 personas o m\u00e1s, a las personas que falten se les devolver\u00e1 el importe cobrado, pero se les aplicar\u00e1 una tasa de 50 $ por persona por no presentarse. (Es decir, si reservan 10 personas y se presentan 5, se cobrar\u00e1 el importe \u00edntegro a esas 5 personas, y a las 5 que no se presenten se les reembolsar\u00e1n los servicios prestados y se les cobrar\u00e1 una tasa de cancelaci\u00f3n de 50 $ por persona).<\/p>\n\t\t\t\t\t\t\t\t<\/div>\n\t\t\t\t<\/div>\n\t\t\t\t\t<\/div>\n\t\t<\/div>\n\t\t\t\t\t<\/div>\n\t\t<\/section>\n\t\t\t\t<\/div>\n\t\t","protected":false},"excerpt":{"rendered":"<p>Pol\u00edtica de cancelaci\u00f3n Nombramientos confirmados y no confirmados Si su cita est\u00e1 confirmada en cualquier momento con uno de los miembros de nuestro personal, se aplicar\u00e1n las normas de cancelaci\u00f3n que figuran a continuaci\u00f3n. Si su cita no se confirma antes de la hora de reserva, se le reembolsar\u00e1 \u00edntegramente. Cancelaci\u00f3n &#8211; 24 horas de [&hellip;]<\/p>\n","protected":false},"author":1,"featured_media":0,"parent":0,"menu_order":0,"comment_status":"closed","ping_status":"closed","template":"","meta":{"site-sidebar-layout":"no-sidebar","site-content-layout":"page-builder","ast-site-content-layout":"full-width-container","site-content-style":"unboxed","site-sidebar-style":"unboxed","ast-global-header-display":"","ast-banner-title-visibility":"","ast-main-header-display":"","ast-hfb-above-header-display":"","ast-hfb-below-header-display":"","ast-hfb-mobile-header-display":"","site-post-title":"disabled","ast-breadcrumbs-content":"","ast-featured-img":"disabled","footer-sml-layout":"","ast-disable-related-posts":"","theme-transparent-header-meta":"","adv-header-id-meta":"","stick-header-meta":"","header-above-stick-meta":"","header-main-stick-meta":"","header-below-stick-meta":"","astra-migrate-meta-layouts":"default","ast-page-background-enabled":"default","ast-page-background-meta":{"desktop":{"background-color":"var(--ast-global-color-4)","background-image":"","background-repeat":"repeat","background-position":"center center","background-size":"auto","background-attachment":"scroll","background-type":"","background-media":"","overlay-type":"","overlay-color":"","overlay-opacity":"","overlay-gradient":""},"tablet":{"background-color":"","background-image":"","background-repeat":"repeat","background-position":"center center","background-size":"auto","background-attachment":"scroll","background-type":"","background-media":"","overlay-type":"","overlay-color":"","overlay-opacity":"","overlay-gradient":""},"mobile":{"background-color":"","background-image":"","background-repeat":"repeat","background-position":"center center","background-size":"auto","background-attachment":"scroll","background-type":"","background-media":"","overlay-type":"","overlay-color":"","overlay-opacity":"","overlay-gradient":""}},"ast-content-background-meta":{"desktop":{"background-color":"var(--ast-global-color-5)","background-image":"","background-repeat":"repeat","background-position":"center center","background-size":"auto","background-attachment":"scroll","background-type":"","background-media":"","overlay-type":"","overlay-color":"","overlay-opacity":"","overlay-gradient":""},"tablet":{"background-color":"var(--ast-global-color-5)","background-image":"","background-repeat":"repeat","background-position":"center center","background-size":"auto","background-attachment":"scroll","background-type":"","background-media":"","overlay-type":"","overlay-color":"","overlay-opacity":"","overlay-gradient":""},"mobile":{"background-color":"var(--ast-global-color-5)","background-image":"","background-repeat":"repeat","background-position":"center center","background-size":"auto","background-attachment":"scroll","background-type":"","background-media":"","overlay-type":"","overlay-color":"","overlay-opacity":"","overlay-gradient":""}},"footnotes":""},"class_list":["post-9222","page","type-page","status-publish","hentry"],"_links":{"self":[{"href":"https:\/\/ivharmonyclinic.com\/es\/wp-json\/wp\/v2\/pages\/9222","targetHints":{"allow":["GET"]}}],"collection":[{"href":"https:\/\/ivharmonyclinic.com\/es\/wp-json\/wp\/v2\/pages"}],"about":[{"href":"https:\/\/ivharmonyclinic.com\/es\/wp-json\/wp\/v2\/types\/page"}],"author":[{"embeddable":true,"href":"https:\/\/ivharmonyclinic.com\/es\/wp-json\/wp\/v2\/users\/1"}],"replies":[{"embeddable":true,"href":"https:\/\/ivharmonyclinic.com\/es\/wp-json\/wp\/v2\/comments?post=9222"}],"version-history":[{"count":2,"href":"https:\/\/ivharmonyclinic.com\/es\/wp-json\/wp\/v2\/pages\/9222\/revisions"}],"predecessor-version":[{"id":11788,"href":"https:\/\/ivharmonyclinic.com\/es\/wp-json\/wp\/v2\/pages\/9222\/revisions\/11788"}],"wp:attachment":[{"href":"https:\/\/ivharmonyclinic.com\/es\/wp-json\/wp\/v2\/media?parent=9222"}],"curies":[{"name":"wp","href":"https:\/\/api.w.org\/{rel}","templated":true}]}}