{"id":9174,"date":"2024-01-09T16:03:11","date_gmt":"2024-01-09T16:03:11","guid":{"rendered":"https:\/\/ivharmonyclinic.com\/revitalice-su-piel-con-la-hidrodermoabrasion-no-1\/"},"modified":"2024-10-09T11:37:30","modified_gmt":"2024-10-09T11:37:30","slug":"revitalice-su-piel-con-la-hidrodermoabrasion-no-1","status":"publish","type":"page","link":"https:\/\/ivharmonyclinic.com\/es\/revitalice-su-piel-con-la-hidrodermoabrasion-no-1\/","title":{"rendered":"Revitalice su piel con la Hidrodermoabrasi\u00f3n n\u00ba 1"},"content":{"rendered":"\t\t<div data-elementor-type=\"wp-page\" data-elementor-id=\"9174\" class=\"elementor elementor-9174 elementor-7171\" data-elementor-post-type=\"page\">\n\t\t\t\t\t\t<section class=\"elementor-section elementor-top-section elementor-element elementor-element-0b01fbb elementor-section-height-min-height elementor-section-boxed elementor-section-height-default elementor-section-items-middle\" data-id=\"0b01fbb\" data-element_type=\"section\" data-e-type=\"section\" data-settings=\"{&quot;background_background&quot;:&quot;classic&quot;}\">\n\t\t\t\t\t\t\t<div class=\"elementor-background-overlay\"><\/div>\n\t\t\t\t\t\t\t<div class=\"elementor-container elementor-column-gap-default\">\n\t\t\t\t\t<div class=\"elementor-column elementor-col-100 elementor-top-column elementor-element elementor-element-fd86cf1\" data-id=\"fd86cf1\" data-element_type=\"column\" data-e-type=\"column\">\n\t\t\t<div class=\"elementor-widget-wrap elementor-element-populated\">\n\t\t\t\t\t\t<div class=\"elementor-element elementor-element-de3493f elementor-widget elementor-widget-heading\" data-id=\"de3493f\" data-element_type=\"widget\" data-e-type=\"widget\" data-widget_type=\"heading.default\">\n\t\t\t\t<div class=\"elementor-widget-container\">\n\t\t\t\t\t<h1 class=\"elementor-heading-title elementor-size-default\">Revitaliza tu piel con la hidrodermoabrasi\u00f3n <br><\/h1>\t\t\t\t<\/div>\n\t\t\t\t<\/div>\n\t\t\t\t\t<\/div>\n\t\t<\/div>\n\t\t\t\t\t<\/div>\n\t\t<\/section>\n\t\t\t\t<section class=\"elementor-section elementor-top-section elementor-element elementor-element-523c284 elementor-section-boxed elementor-section-height-default elementor-section-height-default\" data-id=\"523c284\" data-element_type=\"section\" data-e-type=\"section\">\n\t\t\t\t\t\t<div class=\"elementor-container elementor-column-gap-default\">\n\t\t\t\t\t<div class=\"elementor-column elementor-col-100 elementor-top-column elementor-element elementor-element-265d148\" data-id=\"265d148\" data-element_type=\"column\" data-e-type=\"column\">\n\t\t\t<div class=\"elementor-widget-wrap elementor-element-populated\">\n\t\t\t\t\t\t<div class=\"elementor-element elementor-element-f6a3170 elementor-widget elementor-widget-text-editor\" data-id=\"f6a3170\" data-element_type=\"widget\" data-e-type=\"widget\" data-widget_type=\"text-editor.default\">\n\t\t\t\t<div class=\"elementor-widget-container\">\n\t\t\t\t\t\t\t\t\t<script type=\"application\/ld+json\">\n{\n  \"@context\": \"https:\/\/schema.org\",\n  \"@type\": \"Service\",\n  \"name\": \"Hydrodermabrasion\",\n  \"description\": \"Revitalize your skin with our Hydrodermabrasion service at IV Harmony Clinic, a gentle yet effective treatment designed to exfoliate, hydrate, and rejuvenate your skin, enhancing its texture and appearance.\",\n  \"provider\": {\n    \"@type\": \"Organization\",\n    \"name\": \"IV Harmony Clinic\",\n    \"address\": {\n      \"@type\": \"PostalAddress\",\n      \"streetAddress\": \"2749 E County Line Rd\",\n      \"addressLocality\": \"Lutz\",\n      \"addressRegion\": \"FL\",\n      \"postalCode\": \"33559\",\n      \"addressCountry\": \"US\"\n    },\n    \"telephone\": \"+1-813-325-3870\",\n    \"url\": \"https:\/\/ivharmonyclinic.com\/revitalize-your-skin-with-1-hydrodermabrasion\/\"\n  },\n  \"areaServed\": {\n    \"@type\": \"City\",\n    \"name\": \"Lutz, FL\"\n  },\n  \"availableChannel\": {\n    \"@type\": \"ServiceChannel\",\n    \"serviceUrl\": \"https:\/\/ivharmonyclinic.com\/revitalize-your-skin-with-1-hydrodermabrasion\/\"\n  },\n  \"serviceType\": \"Skin Care Treatment\",\n  \"image\": \"https:\/\/i0.wp.com\/ivharmonyclinic.com\/wp-content\/uploads\/2023\/07\/cropped-iv-con-slogan.png?w=500&ssl=1\",\n  \"offers\": {\n    \"@type\": \"Offer\",\n    \"price\": \"$$\",\n    \"priceCurrency\": \"USD\",\n    \"url\": \"https:\/\/ivharmonyclinic.com\/revitalize-your-skin-with-1-hydrodermabrasion\/\"\n  }\n}\n<\/script>  En la Cl\u00ednica Armon\u00eda IV, comprendemos la importancia de una piel brillante y sana. Presentamos nuestro exclusivo servicio de Hidrodermoabrasi\u00f3n: la soluci\u00f3n definitiva para conseguir una piel radiante y rejuvenecida. Sum\u00e9rjase en el lujo de un tratamiento que combina hidrataci\u00f3n, exfoliaci\u00f3n y nutrici\u00f3n, dejando su piel con el mejor aspecto y tacto.\t\t\t\t\t\t\t\t<\/div>\n\t\t\t\t<\/div>\n\t\t\t\t\t<\/div>\n\t\t<\/div>\n\t\t\t\t\t<\/div>\n\t\t<\/section>\n\t\t\t\t<section class=\"elementor-section elementor-top-section elementor-element elementor-element-f37cc43 elementor-section-boxed elementor-section-height-default elementor-section-height-default\" data-id=\"f37cc43\" data-element_type=\"section\" data-e-type=\"section\" data-settings=\"{&quot;background_background&quot;:&quot;classic&quot;}\">\n\t\t\t\t\t\t<div class=\"elementor-container elementor-column-gap-default\">\n\t\t\t\t\t<div class=\"elementor-column elementor-col-50 elementor-top-column elementor-element elementor-element-4be314a\" data-id=\"4be314a\" data-element_type=\"column\" data-e-type=\"column\">\n\t\t\t<div class=\"elementor-widget-wrap elementor-element-populated\">\n\t\t\t\t\t\t<div class=\"elementor-element elementor-element-c5216f4 elementor-widget elementor-widget-text-editor\" data-id=\"c5216f4\" data-element_type=\"widget\" data-e-type=\"widget\" data-widget_type=\"text-editor.default\">\n\t\t\t\t<div class=\"elementor-widget-container\">\n\t\t\t\t\t\t\t\t\t<h2><span style=\"color: #000000;\">\u00bfPor qu\u00e9 hidrodermoabrasi\u00f3n?<\/span><\/h2>\n<p>La hidrodermoabrasi\u00f3n es un tratamiento cut\u00e1neo de vanguardia que lleva la microdermoabrasi\u00f3n tradicional al siguiente nivel.<\/p>\n<p>Nuestra avanzada tecnolog\u00eda combina el poder del agua, el ox\u00edgeno y sueros especialmente formulados para limpiar, exfoliar e hidratar suavemente la piel.<\/p>\n<p>Este procedimiento no invasivo es adecuado para todos los tipos de piel y aborda una variedad de problemas, entre ellos:<\/p>\n\t\t\t\t\t\t\t\t<\/div>\n\t\t\t\t<\/div>\n\t\t\t\t\t<\/div>\n\t\t<\/div>\n\t\t\t\t<div class=\"elementor-column elementor-col-50 elementor-top-column elementor-element elementor-element-a9889b3\" data-id=\"a9889b3\" data-element_type=\"column\" data-e-type=\"column\">\n\t\t\t<div class=\"elementor-widget-wrap elementor-element-populated\">\n\t\t\t\t\t\t<div class=\"elementor-element elementor-element-94df1c8 elementor-widget elementor-widget-text-editor\" data-id=\"94df1c8\" data-element_type=\"widget\" data-e-type=\"widget\" data-widget_type=\"text-editor.default\">\n\t\t\t\t<div class=\"elementor-widget-container\">\n\t\t\t\t\t\t\t\t\t<ol>\n<li>\n<p><strong>Piel apagada:<\/strong> Diga adi\u00f3s a la piel apagada y sin vida mientras la Hidrodermoabrasi\u00f3n elimina las c\u00e9lulas muertas de la piel, revelando una tez radiante debajo.<\/p>\n<\/li>\n<li>\n<p><strong>L\u00edneas finas y arrugas:<\/strong> Rejuvenezca su piel minimizando la aparici\u00f3n de l\u00edneas finas y arrugas, promoviendo una textura m\u00e1s suave y juvenil.<\/p>\n<\/li>\n<li>\n<p><strong>Tono de piel desigual:<\/strong> La hidrodermoabrasi\u00f3n ayuda a igualar el tono de la piel reduciendo la aparici\u00f3n de hiperpigmentaci\u00f3n y decoloraci\u00f3n.<\/p>\n<\/li>\n<li>\n<p><strong>Poros obstruidos:<\/strong> Combate el acn\u00e9 y la congesti\u00f3n limpiando los poros obstruidos, previniendo los brotes y promoviendo una piel m\u00e1s clara y saludable.<\/p>\n<\/li>\n<li>\n<p><strong>Deshidrataci\u00f3n:<\/strong> Aporta a la piel la hidrataci\u00f3n que necesita, dej\u00e1ndola tersa, hidratada y resplandeciente.<\/p>\n<\/li>\n<\/ol>\n\t\t\t\t\t\t\t\t<\/div>\n\t\t\t\t<\/div>\n\t\t\t\t\t<\/div>\n\t\t<\/div>\n\t\t\t\t\t<\/div>\n\t\t<\/section>\n\t\t\t\t<section class=\"elementor-section elementor-top-section elementor-element elementor-element-fcf24cb elementor-section-boxed elementor-section-height-default elementor-section-height-default\" data-id=\"fcf24cb\" data-element_type=\"section\" data-e-type=\"section\">\n\t\t\t\t\t\t<div class=\"elementor-container elementor-column-gap-default\">\n\t\t\t\t\t<div class=\"elementor-column elementor-col-100 elementor-top-column elementor-element elementor-element-0da6519\" data-id=\"0da6519\" data-element_type=\"column\" data-e-type=\"column\">\n\t\t\t<div class=\"elementor-widget-wrap elementor-element-populated\">\n\t\t\t\t\t\t<div class=\"elementor-element elementor-element-a6c872c elementor-widget elementor-widget-text-editor\" data-id=\"a6c872c\" data-element_type=\"widget\" data-e-type=\"widget\" data-widget_type=\"text-editor.default\">\n\t\t\t\t<div class=\"elementor-widget-container\">\n\t\t\t\t\t\t\t\t\t<p><strong>\u00bfPor qu\u00e9 elegir IV Harmony Clinic?<\/strong><\/p>\n<p>En IV Harmony Clinic, damos prioridad a su bienestar y a sus objetivos est\u00e9ticos.<\/p>\n<h3>He aqu\u00ed por qu\u00e9 destaca nuestro servicio de Hidrodermoabrasi\u00f3n:<\/h3>\n<ol>\n<li style=\"list-style-type: none;\">\n<ol>\n<li>\n<p><strong>Profesionales con experiencia:<\/strong> Nuestros expertos y licenciados esteticistas se dedican a proporcionar una atenci\u00f3n personalizada, garantizando resultados \u00f3ptimos adaptados a sus preocupaciones \u00fanicas de la piel.<\/p>\n<\/li>\n<li>\n<p><strong>Instalaciones de \u00faltima generaci\u00f3n:<\/strong> Experimente lo \u00faltimo en tecnolog\u00eda para el cuidado de la piel dentro de nuestra moderna y confortable cl\u00ednica en Lutz, Florida.<\/p>\n<\/li>\n<li>\n<p><strong>Tratamientos personalizados:<\/strong> Creemos en un enfoque de talla \u00fanica. El tratamiento de hidrodermoabrasi\u00f3n se personalizar\u00e1 en funci\u00f3n del tipo de piel, los problemas y los resultados deseados.<\/p>\n<\/li>\n<li>\n<p><strong>Enfoque hol\u00edstico:<\/strong> IV Harmony Clinic promueve el bienestar general. Adem\u00e1s de la Hidrodermoabrasi\u00f3n, explore nuestra gama de servicios hol\u00edsticos dise\u00f1ados para mejorar su salud y belleza desde el interior.<\/p>\n<\/li>\n<\/ol>\n<\/li>\n<\/ol>\n<p><strong>Revelar un nuevo yo<\/strong><\/p>\n<p>Invierte en tu piel, invierte en ti. Descubra la belleza de la Hidrodermoabrasi\u00f3n en la Cl\u00ednica IV Harmony y emb\u00e1rquese en un viaje hacia una piel radiante y revitalizada. Concierte su cita hoy mismo y deje que nuestros expertos le gu\u00eden hacia una imagen m\u00e1s segura y luminosa.<\/p>\n<p><a href=\"https:\/\/ivharmonyclinic.com\/es\/contacto\/\">Vis\u00edtanos en Lutz, Florida<\/a>, y deja que la Cl\u00ednica IV Harmony sea tu santuario de belleza y bienestar.<\/p>\n<\/p>\n<p><strong>Revitaliza tu piel con el tratamiento facial de hidrodermoabrasi\u00f3n n\u00ba 1<\/strong><\/p>\n<p>Descubre los excepcionales beneficios de la hidrodermoabrasi\u00f3n en la Cl\u00ednica IV Harmony, adaptada a una amplia gama de tipos de piel. Nuestro tratamiento facial de hidrodermoabrasi\u00f3n destaca en la eliminaci\u00f3n de las c\u00e9lulas muertas de la piel, la mejora del tono cut\u00e1neo y la reducci\u00f3n del aspecto de las cicatrices del acn\u00e9, ofreciendo un cutis rejuvenecido incluso a quienes tienen la piel sensible. <\/p>\n<p><strong>Adaptado a cada tipo de piel<\/strong><\/p>\n<p>Nuestro tratamiento de hidrodermoabrasi\u00f3n est\u00e1 dise\u00f1ado para satisfacer las necesidades \u00fanicas de los distintos tipos de piel, garantizando unos resultados \u00f3ptimos. Tanto si tu piel es grasa, seca, sensible o mixta, nuestros expertos esteticistas personalizan el tratamiento para realzar la belleza natural de tu piel. <\/p>\n<p><strong>C\u00f3mo tratar las cicatrices del acn\u00e9 y el tono desigual de la piel<\/strong><\/p>\n<p>Trata <a href=\"https:\/\/ivharmonyclinic.com\/es\/libere-su-resplandor-explorando-los-beneficios-de-microneedling\/\">las cicatrices del acn\u00e9<\/a> y el tono desigual de la piel con nuestro tratamiento facial de hidrodermoabrasi\u00f3n. Este tratamiento suave pero eficaz exfolia en profundidad y elimina las impurezas, dejando tu piel suave y tu cutis uniforme. <\/p>\n<p><strong>Experimenta las \u00faltimas tendencias en tratamientos faciales<\/strong><\/p>\n<p>Mantente a la vanguardia del cuidado de la piel con la Cl\u00ednica IV Harmony. Nuestros tratamientos faciales de hidrodermoabrasi\u00f3n incorporan las \u00faltimas tendencias y t\u00e9cnicas, utilizando una gama de productos de marcas de renombre para garantizar que tu piel reciba el mejor cuidado posible. <\/p>\n\t\t\t\t\t\t\t\t<\/div>\n\t\t\t\t<\/div>\n\t\t\t\t\t<\/div>\n\t\t<\/div>\n\t\t\t\t\t<\/div>\n\t\t<\/section>\n\t\t\t\t<\/div>\n\t\t","protected":false},"excerpt":{"rendered":"<p>Revitaliza tu piel con la hidrodermoabrasi\u00f3n En la Cl\u00ednica Armon\u00eda IV, comprendemos la importancia de una piel brillante y sana. Presentamos nuestro exclusivo servicio de Hidrodermoabrasi\u00f3n: la soluci\u00f3n definitiva para conseguir una piel radiante y rejuvenecida. Sum\u00e9rjase en el lujo de un tratamiento que combina hidrataci\u00f3n, exfoliaci\u00f3n y nutrici\u00f3n, dejando su piel con el mejor [&hellip;]<\/p>\n","protected":false},"author":1,"featured_media":9110,"parent":0,"menu_order":0,"comment_status":"closed","ping_status":"closed","template":"","meta":{"site-sidebar-layout":"no-sidebar","site-content-layout":"page-builder","ast-site-content-layout":"full-width-container","site-content-style":"unboxed","site-sidebar-style":"unboxed","ast-global-header-display":"","ast-banner-title-visibility":"","ast-main-header-display":"","ast-hfb-above-header-display":"","ast-hfb-below-header-display":"","ast-hfb-mobile-header-display":"","site-post-title":"disabled","ast-breadcrumbs-content":"","ast-featured-img":"disabled","footer-sml-layout":"","ast-disable-related-posts":"","theme-transparent-header-meta":"","adv-header-id-meta":"","stick-header-meta":"","header-above-stick-meta":"","header-main-stick-meta":"","header-below-stick-meta":"","astra-migrate-meta-layouts":"default","ast-page-background-enabled":"default","ast-page-background-meta":{"desktop":{"background-color":"var(--ast-global-color-4)","background-image":"","background-repeat":"repeat","background-position":"center center","background-size":"auto","background-attachment":"scroll","background-type":"","background-media":"","overlay-type":"","overlay-color":"","overlay-opacity":"","overlay-gradient":""},"tablet":{"background-color":"","background-image":"","background-repeat":"repeat","background-position":"center center","background-size":"auto","background-attachment":"scroll","background-type":"","background-media":"","overlay-type":"","overlay-color":"","overlay-opacity":"","overlay-gradient":""},"mobile":{"background-color":"","background-image":"","background-repeat":"repeat","background-position":"center center","background-size":"auto","background-attachment":"scroll","background-type":"","background-media":"","overlay-type":"","overlay-color":"","overlay-opacity":"","overlay-gradient":""}},"ast-content-background-meta":{"desktop":{"background-color":"var(--ast-global-color-5)","background-image":"","background-repeat":"repeat","background-position":"center center","background-size":"auto","background-attachment":"scroll","background-type":"","background-media":"","overlay-type":"","overlay-color":"","overlay-opacity":"","overlay-gradient":""},"tablet":{"background-color":"var(--ast-global-color-5)","background-image":"","background-repeat":"repeat","background-position":"center center","background-size":"auto","background-attachment":"scroll","background-type":"","background-media":"","overlay-type":"","overlay-color":"","overlay-opacity":"","overlay-gradient":""},"mobile":{"background-color":"var(--ast-global-color-5)","background-image":"","background-repeat":"repeat","background-position":"center center","background-size":"auto","background-attachment":"scroll","background-type":"","background-media":"","overlay-type":"","overlay-color":"","overlay-opacity":"","overlay-gradient":""}},"footnotes":""},"class_list":["post-9174","page","type-page","status-publish","has-post-thumbnail","hentry"],"_links":{"self":[{"href":"https:\/\/ivharmonyclinic.com\/es\/wp-json\/wp\/v2\/pages\/9174","targetHints":{"allow":["GET"]}}],"collection":[{"href":"https:\/\/ivharmonyclinic.com\/es\/wp-json\/wp\/v2\/pages"}],"about":[{"href":"https:\/\/ivharmonyclinic.com\/es\/wp-json\/wp\/v2\/types\/page"}],"author":[{"embeddable":true,"href":"https:\/\/ivharmonyclinic.com\/es\/wp-json\/wp\/v2\/users\/1"}],"replies":[{"embeddable":true,"href":"https:\/\/ivharmonyclinic.com\/es\/wp-json\/wp\/v2\/comments?post=9174"}],"version-history":[{"count":2,"href":"https:\/\/ivharmonyclinic.com\/es\/wp-json\/wp\/v2\/pages\/9174\/revisions"}],"predecessor-version":[{"id":11814,"href":"https:\/\/ivharmonyclinic.com\/es\/wp-json\/wp\/v2\/pages\/9174\/revisions\/11814"}],"wp:featuredmedia":[{"embeddable":true,"href":"https:\/\/ivharmonyclinic.com\/es\/wp-json\/wp\/v2\/media\/9110"}],"wp:attachment":[{"href":"https:\/\/ivharmonyclinic.com\/es\/wp-json\/wp\/v2\/media?parent=9174"}],"curies":[{"name":"wp","href":"https:\/\/api.w.org\/{rel}","templated":true}]}}