{"id":9161,"date":"2024-03-22T16:24:17","date_gmt":"2024-03-22T16:24:17","guid":{"rendered":"https:\/\/ivharmonyclinic.com\/reduccion-de-la-celulitis\/"},"modified":"2024-10-09T11:25:40","modified_gmt":"2024-10-09T11:25:40","slug":"reduccion-de-la-celulitis","status":"publish","type":"page","link":"https:\/\/ivharmonyclinic.com\/es\/reduccion-de-la-celulitis\/","title":{"rendered":"Reducci\u00f3n de la Celulitis: Descubre las Estrategias Demostradas n\u00ba 1"},"content":{"rendered":"\t\t<div data-elementor-type=\"wp-page\" data-elementor-id=\"9161\" class=\"elementor elementor-9161 elementor-8788\" data-elementor-post-type=\"page\">\n\t\t\t\t\t\t<section class=\"elementor-section elementor-top-section elementor-element elementor-element-69e64f02 elementor-section-height-min-height elementor-section-boxed elementor-section-height-default elementor-section-items-middle\" data-id=\"69e64f02\" data-element_type=\"section\" data-e-type=\"section\" data-settings=\"{&quot;background_background&quot;:&quot;classic&quot;}\">\n\t\t\t\t\t\t\t<div class=\"elementor-background-overlay\"><\/div>\n\t\t\t\t\t\t\t<div class=\"elementor-container elementor-column-gap-default\">\n\t\t\t\t\t<div class=\"elementor-column elementor-col-50 elementor-top-column elementor-element elementor-element-7e46ebfe\" data-id=\"7e46ebfe\" data-element_type=\"column\" data-e-type=\"column\">\n\t\t\t<div class=\"elementor-widget-wrap\">\n\t\t\t\t\t\t\t<\/div>\n\t\t<\/div>\n\t\t\t\t<div class=\"elementor-column elementor-col-50 elementor-top-column elementor-element elementor-element-5a96fad3\" data-id=\"5a96fad3\" data-element_type=\"column\" data-e-type=\"column\">\n\t\t\t<div class=\"elementor-widget-wrap elementor-element-populated\">\n\t\t\t\t\t\t<div class=\"elementor-element elementor-element-f2ed08c elementor-widget elementor-widget-heading\" data-id=\"f2ed08c\" data-element_type=\"widget\" data-e-type=\"widget\" data-widget_type=\"heading.default\">\n\t\t\t\t<div class=\"elementor-widget-container\">\n\t\t\t\t\t<h1 class=\"elementor-heading-title elementor-size-default\">Reducci\u00f3n de la celulitis<\/h1>\t\t\t\t<\/div>\n\t\t\t\t<\/div>\n\t\t\t\t\t<\/div>\n\t\t<\/div>\n\t\t\t\t\t<\/div>\n\t\t<\/section>\n\t\t\t\t<section class=\"elementor-section elementor-top-section elementor-element elementor-element-2838bfff elementor-section-boxed elementor-section-height-default elementor-section-height-default\" data-id=\"2838bfff\" data-element_type=\"section\" data-e-type=\"section\">\n\t\t\t\t\t\t<div class=\"elementor-container elementor-column-gap-default\">\n\t\t\t\t\t<div class=\"elementor-column elementor-col-100 elementor-top-column elementor-element elementor-element-26c9fbd1\" data-id=\"26c9fbd1\" data-element_type=\"column\" data-e-type=\"column\">\n\t\t\t<div class=\"elementor-widget-wrap elementor-element-populated\">\n\t\t\t\t\t\t<section class=\"elementor-section elementor-inner-section elementor-element elementor-element-64daf940 elementor-section-boxed elementor-section-height-default elementor-section-height-default\" data-id=\"64daf940\" data-element_type=\"section\" data-e-type=\"section\">\n\t\t\t\t\t\t<div class=\"elementor-container elementor-column-gap-default\">\n\t\t\t\t\t<div class=\"elementor-column elementor-col-50 elementor-inner-column elementor-element elementor-element-5a8e3789\" data-id=\"5a8e3789\" data-element_type=\"column\" data-e-type=\"column\">\n\t\t\t<div class=\"elementor-widget-wrap elementor-element-populated\">\n\t\t\t\t\t\t<div class=\"elementor-element elementor-element-15f4dff9 elementor-widget elementor-widget-heading\" data-id=\"15f4dff9\" data-element_type=\"widget\" data-e-type=\"widget\" data-widget_type=\"heading.default\">\n\t\t\t\t<div class=\"elementor-widget-container\">\n\t\t\t\t\t<h2 class=\"elementor-heading-title elementor-size-default\">Di adi\u00f3s a la celulitis y hola a una piel m\u00e1s firme y tersa<\/h2>\t\t\t\t<\/div>\n\t\t\t\t<\/div>\n\t\t\t\t\t<\/div>\n\t\t<\/div>\n\t\t\t\t<div class=\"elementor-column elementor-col-50 elementor-inner-column elementor-element elementor-element-6392f679\" data-id=\"6392f679\" data-element_type=\"column\" data-e-type=\"column\">\n\t\t\t<div class=\"elementor-widget-wrap elementor-element-populated\">\n\t\t\t\t\t\t<div class=\"elementor-element elementor-element-15408e21 elementor-widget elementor-widget-text-editor\" data-id=\"15408e21\" data-element_type=\"widget\" data-e-type=\"widget\" data-widget_type=\"text-editor.default\">\n\t\t\t\t<div class=\"elementor-widget-container\">\n\t\t\t\t\t\t\t\t\t<div class=\"flex-1 overflow-hidden\">\n<div class=\"react-scroll-to-bottom--css-gwunl-79elbk h-full\">\n<div class=\"react-scroll-to-bottom--css-gwunl-1n7m0yu\">\n<div class=\"flex flex-col text-sm pb-9\">\n<div class=\"w-full text-token-text-primary\" data-testid=\"conversation-turn-15\">\n<div class=\"px-4 py-2 justify-center text-base md:gap-6 m-auto\">\n<div class=\"flex flex-1 text-base mx-auto gap-3 md:px-5 lg:px-1 xl:px-5 md:max-w-3xl lg:max-w-[40rem] xl:max-w-[48rem] group final-completion\">\n<div class=\"relative flex w-full flex-col agent-turn\">\n<div class=\"flex-col gap-1 md:gap-3\">\n<div class=\"flex flex-grow flex-col max-w-full\">\n<div class=\"min-h-[20px] text-message flex flex-col items-start gap-3 whitespace-pre-wrap break-words [.text-message+&amp;]:mt-5 overflow-x-auto\" data-message-author-role=\"assistant\" data-message-id=\"be63e624-49bf-415e-86bf-90e69b5dc813\">\n<div class=\"markdown prose w-full break-words dark:prose-invert dark\">\n<p>Numerosos tratamientos prometen mejorar el aspecto de la celulitis, pero s\u00f3lo los tratamientos de reducci\u00f3n de la celulitis de ENDYMED ofrecen los resultados cl\u00ednicamente comprobados que sus pacientes desean, todo ello sin necesidad de cirug\u00eda ni tiempo de recuperaci\u00f3n.<\/p>\n<\/div>\n<\/div>\n<\/div>\n<\/div>\n<\/div>\n<\/div>\n<\/div>\n<\/div>\n<\/div>\n<\/div>\n<\/div>\n<\/div>\n<div class=\"w-full pt-2 md:pt-0 dark:border-white\/20 md:border-transparent md:dark:border-transparent md:w-[calc(100%-.5rem)]\">\n<div class=\"m-8 flex flex-col items-center\">\n<div class=\"flex flex-col items-center gap-4 rounded-lg border border-token-border-heavy p-4\"> <\/div>\n<\/div>\n<\/div>\n\t\t\t\t\t\t\t\t<\/div>\n\t\t\t\t<\/div>\n\t\t\t\t\t<\/div>\n\t\t<\/div>\n\t\t\t\t\t<\/div>\n\t\t<\/section>\n\t\t\t\t\t<\/div>\n\t\t<\/div>\n\t\t\t\t\t<\/div>\n\t\t<\/section>\n\t\t\t\t<section class=\"elementor-section elementor-top-section elementor-element elementor-element-312e40a0 elementor-section-boxed elementor-section-height-default elementor-section-height-default\" data-id=\"312e40a0\" data-element_type=\"section\" data-e-type=\"section\">\n\t\t\t\t\t\t<div class=\"elementor-container elementor-column-gap-default\">\n\t\t\t\t\t<div class=\"elementor-column elementor-col-100 elementor-top-column elementor-element elementor-element-656d3756\" data-id=\"656d3756\" data-element_type=\"column\" data-e-type=\"column\">\n\t\t\t<div class=\"elementor-widget-wrap elementor-element-populated\">\n\t\t\t\t\t\t<div class=\"elementor-element elementor-element-591fe6 elementor-widget elementor-widget-heading\" data-id=\"591fe6\" data-element_type=\"widget\" data-e-type=\"widget\" data-widget_type=\"heading.default\">\n\t\t\t\t<div class=\"elementor-widget-container\">\n\t\t\t\t\t<h2 class=\"elementor-heading-title elementor-size-default\">Pieza de mano Contour<\/h2>\t\t\t\t<\/div>\n\t\t\t\t<\/div>\n\t\t\t\t<div class=\"elementor-element elementor-element-214c179 elementor-widget elementor-widget-text-editor\" data-id=\"214c179\" data-element_type=\"widget\" data-e-type=\"widget\" data-widget_type=\"text-editor.default\">\n\t\t\t\t<div class=\"elementor-widget-container\">\n\t\t\t\t\t\t\t\t\t<h2 class=\"elementor-heading-title elementor-size-default\">Tecnolog\u00eda RF 3DEEP + Vac\u00edo Pulsado Modulado que se dirige a la Reducci\u00f3n de la Celulitis en cualquier fase<\/h2>\n\t\t\t\t\t\t\t\t<\/div>\n\t\t\t\t<\/div>\n\t\t\t\t\t<\/div>\n\t\t<\/div>\n\t\t\t\t\t<\/div>\n\t\t<\/section>\n\t\t\t\t<section class=\"elementor-section elementor-top-section elementor-element elementor-element-3c3b5d96 elementor-section-boxed elementor-section-height-default elementor-section-height-default\" data-id=\"3c3b5d96\" data-element_type=\"section\" data-e-type=\"section\">\n\t\t\t\t\t\t<div class=\"elementor-container elementor-column-gap-default\">\n\t\t\t\t\t<div class=\"elementor-column elementor-col-100 elementor-top-column elementor-element elementor-element-74f78db4\" data-id=\"74f78db4\" data-element_type=\"column\" data-e-type=\"column\">\n\t\t\t<div class=\"elementor-widget-wrap elementor-element-populated\">\n\t\t\t\t\t\t<section class=\"elementor-section elementor-inner-section elementor-element elementor-element-375b777 elementor-section-boxed elementor-section-height-default elementor-section-height-default\" data-id=\"375b777\" data-element_type=\"section\" data-e-type=\"section\">\n\t\t\t\t\t\t<div class=\"elementor-container elementor-column-gap-default\">\n\t\t\t\t\t<div class=\"elementor-column elementor-col-50 elementor-inner-column elementor-element elementor-element-0fab5b0\" data-id=\"0fab5b0\" data-element_type=\"column\" data-e-type=\"column\">\n\t\t\t<div class=\"elementor-widget-wrap elementor-element-populated\">\n\t\t\t\t\t\t<div class=\"elementor-element elementor-element-5ebdbe86 elementor-widget__width-initial elementor-widget elementor-widget-image\" data-id=\"5ebdbe86\" data-element_type=\"widget\" data-e-type=\"widget\" data-widget_type=\"image.default\">\n\t\t\t\t<div class=\"elementor-widget-container\">\n\t\t\t\t\t\t\t\t\t\t\t\t\t\t\t<img fetchpriority=\"high\" decoding=\"async\" width=\"600\" height=\"600\" src=\"https:\/\/ivharmonyclinic.com\/wp-content\/uploads\/2024\/03\/contour_HR-1.png.webp\" class=\"attachment-large size-large wp-image-9123\" alt=\"Cellulite Reduction\" srcset=\"https:\/\/ivharmonyclinic.com\/wp-content\/uploads\/2024\/03\/contour_HR-1.png.webp 600w, https:\/\/ivharmonyclinic.com\/wp-content\/uploads\/2024\/03\/contour_HR-1.png-300x300.webp 300w, https:\/\/ivharmonyclinic.com\/wp-content\/uploads\/2024\/03\/contour_HR-1.png-150x150.webp 150w\" sizes=\"(max-width: 600px) 100vw, 600px\" title=\"\">\t\t\t\t\t\t\t\t\t\t\t\t\t\t\t<\/div>\n\t\t\t\t<\/div>\n\t\t\t\t\t<\/div>\n\t\t<\/div>\n\t\t\t\t<div class=\"elementor-column elementor-col-50 elementor-inner-column elementor-element elementor-element-70308d9\" data-id=\"70308d9\" data-element_type=\"column\" data-e-type=\"column\">\n\t\t\t<div class=\"elementor-widget-wrap elementor-element-populated\">\n\t\t\t\t\t\t<div class=\"elementor-element elementor-element-70ba7712 elementor-widget__width-initial elementor-widget elementor-widget-text-editor\" data-id=\"70ba7712\" data-element_type=\"widget\" data-e-type=\"widget\" data-widget_type=\"text-editor.default\">\n\t\t\t\t<div class=\"elementor-widget-container\">\n\t\t\t\t\t\t\t\t\t<h3>Resultados superiores<\/h3>\n<p>El Contour, que aprovecha la tecnolog\u00eda de RF 3DEEP combinada con un vac\u00edo pulsado modulado y controlado electr\u00f3nicamente, aspira 15 mm de tejido en la tapa de vac\u00edo de la pieza de mano. Este proceso permite una profundidad de calentamiento de hasta 26 mm, lo que mejora el suministro de energ\u00eda y el calentamiento volum\u00e9trico de la zona de tratamiento. Este enfoque garantiza una penetraci\u00f3n m\u00e1s profunda del calor y produce resultados extraordinarios.<\/p>\n<h3>Confort del paciente<\/h3>\n<p>El protocolo patentado de vac\u00edo pulsado de The Contour garantiza que los tratamientos sean c\u00f3modos y sin dolor, mejorando el flujo sangu\u00edneo y la circulaci\u00f3n en las zonas propensas a la celulitis. La presi\u00f3n subatmosf\u00e9rica del vac\u00edo tambi\u00e9n activa el sistema linf\u00e1tico, favoreciendo una eliminaci\u00f3n m\u00e1s eficaz de los residuos metab\u00f3licos y reduciendo los edemas.<\/p>\n<h3>Tratamientos personalizados<\/h3>\n<p>Los tratamientos Contour son totalmente personalizables para tratar la celulitis en cualquier fase y en cualquier zona del cuerpo, y ofrecen c\u00f3modas sesiones sin tiempo de inactividad. Gracias a la capacidad de The Contour de personalizar el levantamiento del tejido y la salida de energ\u00eda para cada paciente, puede alcanzar temperaturas de tratamiento \u00f3ptimas que se dirigen espec\u00edficamente a las c\u00e9lulas grasas. Este proceso funde eficazmente la grasa que se encuentra debajo del tejido, mejorando significativamente el aspecto de la celulitis.<\/p>\n\t\t\t\t\t\t\t\t<\/div>\n\t\t\t\t<\/div>\n\t\t\t\t\t<\/div>\n\t\t<\/div>\n\t\t\t\t\t<\/div>\n\t\t<\/section>\n\t\t\t\t<div class=\"elementor-element elementor-element-dcbb44a elementor-widget-divider--view-line elementor-widget elementor-widget-divider\" data-id=\"dcbb44a\" data-element_type=\"widget\" data-e-type=\"widget\" data-widget_type=\"divider.default\">\n\t\t\t\t<div class=\"elementor-widget-container\">\n\t\t\t\t\t\t\t<div class=\"elementor-divider\">\n\t\t\t<span class=\"elementor-divider-separator\">\n\t\t\t\t\t\t<\/span>\n\t\t<\/div>\n\t\t\t\t\t\t<\/div>\n\t\t\t\t<\/div>\n\t\t\t\t<div class=\"elementor-element elementor-element-eabbd7a elementor-widget elementor-widget-text-editor\" data-id=\"eabbd7a\" data-element_type=\"widget\" data-e-type=\"widget\" data-widget_type=\"text-editor.default\">\n\t\t\t\t<div class=\"elementor-widget-container\">\n\t\t\t\t\t\t\t\t\t<h2 style=\"text-align: center;\"><strong>Revitaliza tu piel con tratamientos de primera para reducir la celulitis<\/strong><\/h2>\n<p>En la Cl\u00ednica IV Harmony estamos especializados en transformar la piel mediante nuestros avanzados tratamientos anticelul\u00edticos. Nuestro objetivo es ayudarte a conseguir una piel m\u00e1s tersa y firme actuando sobre las causas subyacentes de la celulitis. <\/p>\n<p><strong>Soluciones eficaces para la celulitis rebelde<\/strong><\/p>\n<p>La celulitis puede afectar a cualquier persona, independientemente de su peso, y a menudo se resiste a los m\u00e9todos t\u00edpicos de adelgazamiento. Nuestros tratamientos van m\u00e1s all\u00e1 de la p\u00e9rdida de peso; tratan directamente la celulitis mejorando la estructura del tejido conjuntivo de la piel, aumentando la elasticidad cut\u00e1nea y reduciendo el aspecto de piel fl\u00e1cida. <\/p>\n<p><strong>Tecnolog\u00eda avanzada contra las c\u00e9lulas grasas y <span style=\"color: #99cc00;\"><a style=\"color: #99cc00;\" href=\"https:\/\/ivharmonyclinic.com\/es\/estiramiento-y-contorno-corporal\/\">reafirmar la piel<\/a><\/span><\/strong><\/p>\n<p>Utilizamos tecnolog\u00edas innovadoras, como las ondas sonoras, para descomponer las c\u00e9lulas grasas y estimular la producci\u00f3n de col\u00e1geno y elastina. Estas prote\u00ednas esenciales son vitales para mantener la resistencia y flexibilidad de la piel, ayudando a tensar la piel fl\u00e1cida no s\u00f3lo del cuerpo, sino tambi\u00e9n de zonas delicadas como la cara y el cuello. <\/p>\n<p><strong>Planes personalizados de <a href=\"https:\/\/www.mayoclinic.org\/diseases-conditions\/cellulite\/diagnosis-treatment\/drc-20354949\" target=\"_blank\" rel=\"noopener\">tratamiento de<\/a> la celulitis<\/strong><\/p>\n<p>Cada paciente recibe un plan de tratamiento personalizado dise\u00f1ado para tratar eficazmente la celulitis en funci\u00f3n de las condiciones y objetivos individuales de su piel. Nuestros expertos cl\u00ednicos se centran en reafirmar tu piel y mejorar su textura y tono general, garantizando resultados visibles. <\/p>\n<p><strong>Beneficios de nuestros tratamientos anticelul\u00edticos<\/strong><\/p>\n<ul>\n<li><strong>Reducci\u00f3n selectiva de la grasa<\/strong>: Nuestros tratamientos se dirigen espec\u00edficamente a las c\u00e9lulas grasas de las zonas propensas a la celulitis.<\/li>\n<li><strong>Reafirmaci\u00f3n de la piel<\/strong>: Al aumentar la producci\u00f3n de col\u00e1geno y elastina, nuestros tratamientos ayudan a reafirmar la capa superior de la piel, reduciendo las arrugas causadas por la celulitis.<\/li>\n<li>Efectos <strong>antienvejecimiento<\/strong>: Nuestros tratamientos anticelul\u00edticos tambi\u00e9n tienen beneficios antienvejecimiento, ya que ayudan a rejuvenecer la piel y a reducir los signos de la edad.<\/li>\n<\/ul>\n<p><strong>Enfoque integral para mejorar tus resultados<\/strong><\/p>\n<p>Aunque nuestros tratamientos son potentes, tambi\u00e9n creemos en un enfoque hol\u00edstico de la reducci\u00f3n de la celulitis. Integrar h\u00e1bitos de vida saludables, como una dieta equilibrada y ejercicio regular, puede aumentar la eficacia de nuestros tratamientos y ayudarte a mantener una piel m\u00e1s firme y tersa. <\/p>\n<p><strong>Por qu\u00e9 elegir <span style=\"color: #99cc00;\"><a style=\"color: #99cc00;\" href=\"https:\/\/ivharmonyclinic.com\/es\/\">Cl\u00ednica Armon\u00eda IV<\/a><\/span> para reducir la celulitis?<\/strong><\/p>\n<ul>\n<li><strong>Experiencia<\/strong>: Nuestros cualificados profesionales est\u00e1n formados en las \u00faltimas tecnolog\u00edas de reducci\u00f3n de la celulitis.<\/li>\n<li><strong>Personalizaci\u00f3n<\/strong>: Entendemos que la piel de cada persona es diferente. Adaptamos los tratamientos a tus necesidades espec\u00edficas. <\/li>\n<li><strong>Tecnolog\u00eda avanzada<\/strong>: Utilizamos tecnolog\u00eda punta para garantizar tratamientos seguros, eficaces y no invasivos.<\/li>\n<\/ul>\n<p><strong>Reserva hoy tu consulta<\/strong><\/p>\n<p>\u00bfEst\u00e1s preparada para reducir el aspecto de la celulitis y recuperar la confianza en tu piel? <strong><span style=\"color: #99cc00;\"><a style=\"color: #99cc00;\" href=\"https:\/\/ivharmonyclinic.com\/es\/contacto\/\">Ponte en contacto con<\/a><\/span><\/strong> IV Harmony Clinic hoy mismo para concertar una consulta y obtener m\u00e1s informaci\u00f3n sobre nuestros eficaces tratamientos de reducci\u00f3n de la celulitis.<\/p>\n\t\t\t\t\t\t\t\t<\/div>\n\t\t\t\t<\/div>\n\t\t\t\t\t<\/div>\n\t\t<\/div>\n\t\t\t\t\t<\/div>\n\t\t<\/section>\n\t\t\t\t<section class=\"elementor-section elementor-top-section elementor-element elementor-element-a89f5be elementor-section-boxed elementor-section-height-default elementor-section-height-default\" data-id=\"a89f5be\" data-element_type=\"section\" data-e-type=\"section\" data-settings=\"{&quot;background_background&quot;:&quot;classic&quot;}\">\n\t\t\t\t\t\t<div class=\"elementor-container elementor-column-gap-default\">\n\t\t\t\t\t<div class=\"elementor-column elementor-col-50 elementor-top-column elementor-element elementor-element-2b4956a3\" data-id=\"2b4956a3\" data-element_type=\"column\" data-e-type=\"column\">\n\t\t\t<div class=\"elementor-widget-wrap elementor-element-populated\">\n\t\t\t\t\t\t<div class=\"elementor-element elementor-element-7da130ad elementor-widget elementor-widget-heading\" data-id=\"7da130ad\" data-element_type=\"widget\" data-e-type=\"widget\" data-widget_type=\"heading.default\">\n\t\t\t\t<div class=\"elementor-widget-container\">\n\t\t\t\t\t<h2 class=\"elementor-heading-title elementor-size-default\">Experimente la diferencia en IV Harmony Clinic<\/h2>\t\t\t\t<\/div>\n\t\t\t\t<\/div>\n\t\t\t\t<div class=\"elementor-element elementor-element-bd3e985 elementor-widget elementor-widget-text-editor\" data-id=\"bd3e985\" data-element_type=\"widget\" data-e-type=\"widget\" data-widget_type=\"text-editor.default\">\n\t\t\t\t<div class=\"elementor-widget-container\">\n\t\t\t\t\t\t\t\t\t<p>En la Cl\u00ednica IV Harmony creemos que la belleza es algo m\u00e1s que la piel: es un reflejo de tu vitalidad y confianza interiores. Con la terapia de radiofrecuencia, puede descubrir el secreto de la belleza atemporal e irradiar energ\u00eda juvenil a cualquier edad.<\/p>\n<p>\u00bfEst\u00e1 preparado para hacer retroceder las agujas del reloj y mostrar un aspecto m\u00e1s joven y revitalizado? Programe su consulta con IV Harmony Clinic hoy mismo y descubra el poder transformador de la terapia de radiofrecuencia (RF). Abraza una nueva era de belleza y confianza, porque te mereces verte y sentirte lo mejor posible.<\/p>\n<p><em>Transforma tu piel. Transforma tu vida. Experimente la diferencia de IV Harmony.<\/em><\/p>\n\t\t\t\t\t\t\t\t<\/div>\n\t\t\t\t<\/div>\n\t\t\t\t\t<\/div>\n\t\t<\/div>\n\t\t\t\t<div class=\"elementor-column elementor-col-50 elementor-top-column elementor-element elementor-element-157d2531\" data-id=\"157d2531\" data-element_type=\"column\" data-e-type=\"column\">\n\t\t\t<div class=\"elementor-widget-wrap elementor-element-populated\">\n\t\t\t\t\t\t<div class=\"elementor-element elementor-element-750e357 elementor-widget elementor-widget-image\" data-id=\"750e357\" data-element_type=\"widget\" data-e-type=\"widget\" data-widget_type=\"image.default\">\n\t\t\t\t<div class=\"elementor-widget-container\">\n\t\t\t\t\t\t\t\t\t\t\t\t\t\t\t<img decoding=\"async\" width=\"760\" height=\"1024\" src=\"https:\/\/ivharmonyclinic.com\/wp-content\/uploads\/2024\/01\/front-IV-Clinic-760x1024.jpg\" class=\"attachment-large size-large wp-image-9080\" alt=\"\" srcset=\"https:\/\/ivharmonyclinic.com\/wp-content\/uploads\/2024\/01\/front-IV-Clinic-760x1024.jpg 760w, https:\/\/ivharmonyclinic.com\/wp-content\/uploads\/2024\/01\/front-IV-Clinic-223x300.jpg 223w, https:\/\/ivharmonyclinic.com\/wp-content\/uploads\/2024\/01\/front-IV-Clinic-768x1035.jpg 768w, https:\/\/ivharmonyclinic.com\/wp-content\/uploads\/2024\/01\/front-IV-Clinic.jpg 808w\" sizes=\"(max-width: 760px) 100vw, 760px\" title=\"\">\t\t\t\t\t\t\t\t\t\t\t\t\t\t\t<\/div>\n\t\t\t\t<\/div>\n\t\t\t\t\t<\/div>\n\t\t<\/div>\n\t\t\t\t\t<\/div>\n\t\t<\/section>\n\t\t\t\t<\/div>\n\t\t","protected":false},"excerpt":{"rendered":"<p>Reducci\u00f3n de la celulitis Di adi\u00f3s a la celulitis y hola a una piel m\u00e1s firme y tersa Numerosos tratamientos prometen mejorar el aspecto de la celulitis, pero s\u00f3lo los tratamientos de reducci\u00f3n de la celulitis de ENDYMED ofrecen los resultados cl\u00ednicamente comprobados que sus pacientes desean, todo ello sin necesidad de cirug\u00eda ni tiempo [&hellip;]<\/p>\n","protected":false},"author":1,"featured_media":0,"parent":0,"menu_order":0,"comment_status":"closed","ping_status":"closed","template":"","meta":{"site-sidebar-layout":"no-sidebar","site-content-layout":"page-builder","ast-site-content-layout":"full-width-container","site-content-style":"default","site-sidebar-style":"default","ast-global-header-display":"","ast-banner-title-visibility":"","ast-main-header-display":"","ast-hfb-above-header-display":"","ast-hfb-below-header-display":"","ast-hfb-mobile-header-display":"","site-post-title":"disabled","ast-breadcrumbs-content":"","ast-featured-img":"disabled","footer-sml-layout":"","ast-disable-related-posts":"","theme-transparent-header-meta":"","adv-header-id-meta":"","stick-header-meta":"","header-above-stick-meta":"","header-main-stick-meta":"","header-below-stick-meta":"","astra-migrate-meta-layouts":"default","ast-page-background-enabled":"default","ast-page-background-meta":{"desktop":{"background-color":"var(--ast-global-color-4)","background-image":"","background-repeat":"repeat","background-position":"center center","background-size":"auto","background-attachment":"scroll","background-type":"","background-media":"","overlay-type":"","overlay-color":"","overlay-opacity":"","overlay-gradient":""},"tablet":{"background-color":"","background-image":"","background-repeat":"repeat","background-position":"center center","background-size":"auto","background-attachment":"scroll","background-type":"","background-media":"","overlay-type":"","overlay-color":"","overlay-opacity":"","overlay-gradient":""},"mobile":{"background-color":"","background-image":"","background-repeat":"repeat","background-position":"center center","background-size":"auto","background-attachment":"scroll","background-type":"","background-media":"","overlay-type":"","overlay-color":"","overlay-opacity":"","overlay-gradient":""}},"ast-content-background-meta":{"desktop":{"background-color":"var(--ast-global-color-5)","background-image":"","background-repeat":"repeat","background-position":"center center","background-size":"auto","background-attachment":"scroll","background-type":"","background-media":"","overlay-type":"","overlay-color":"","overlay-opacity":"","overlay-gradient":""},"tablet":{"background-color":"var(--ast-global-color-5)","background-image":"","background-repeat":"repeat","background-position":"center center","background-size":"auto","background-attachment":"scroll","background-type":"","background-media":"","overlay-type":"","overlay-color":"","overlay-opacity":"","overlay-gradient":""},"mobile":{"background-color":"var(--ast-global-color-5)","background-image":"","background-repeat":"repeat","background-position":"center center","background-size":"auto","background-attachment":"scroll","background-type":"","background-media":"","overlay-type":"","overlay-color":"","overlay-opacity":"","overlay-gradient":""}},"footnotes":""},"class_list":["post-9161","page","type-page","status-publish","hentry"],"_links":{"self":[{"href":"https:\/\/ivharmonyclinic.com\/es\/wp-json\/wp\/v2\/pages\/9161","targetHints":{"allow":["GET"]}}],"collection":[{"href":"https:\/\/ivharmonyclinic.com\/es\/wp-json\/wp\/v2\/pages"}],"about":[{"href":"https:\/\/ivharmonyclinic.com\/es\/wp-json\/wp\/v2\/types\/page"}],"author":[{"embeddable":true,"href":"https:\/\/ivharmonyclinic.com\/es\/wp-json\/wp\/v2\/users\/1"}],"replies":[{"embeddable":true,"href":"https:\/\/ivharmonyclinic.com\/es\/wp-json\/wp\/v2\/comments?post=9161"}],"version-history":[{"count":3,"href":"https:\/\/ivharmonyclinic.com\/es\/wp-json\/wp\/v2\/pages\/9161\/revisions"}],"predecessor-version":[{"id":11790,"href":"https:\/\/ivharmonyclinic.com\/es\/wp-json\/wp\/v2\/pages\/9161\/revisions\/11790"}],"wp:attachment":[{"href":"https:\/\/ivharmonyclinic.com\/es\/wp-json\/wp\/v2\/media?parent=9161"}],"curies":[{"name":"wp","href":"https:\/\/api.w.org\/{rel}","templated":true}]}}