{"id":9156,"date":"2024-02-26T17:16:34","date_gmt":"2024-02-26T17:16:34","guid":{"rendered":"https:\/\/ivharmonyclinic.com\/estiramiento-y-contorno-corporal\/"},"modified":"2024-04-01T18:41:43","modified_gmt":"2024-04-01T18:41:43","slug":"estiramiento-y-contorno-corporal","status":"publish","type":"page","link":"https:\/\/ivharmonyclinic.com\/es\/estiramiento-y-contorno-corporal\/","title":{"rendered":"Estiramiento y contorno corporal"},"content":{"rendered":"\t\t<div data-elementor-type=\"wp-page\" data-elementor-id=\"9156\" class=\"elementor elementor-9156 elementor-8678\" data-elementor-post-type=\"page\">\n\t\t\t\t\t\t<section class=\"elementor-section elementor-top-section elementor-element elementor-element-3b308722 elementor-section-height-min-height elementor-section-boxed elementor-section-height-default elementor-section-items-middle\" data-id=\"3b308722\" data-element_type=\"section\" data-e-type=\"section\" data-settings=\"{&quot;background_background&quot;:&quot;classic&quot;}\">\n\t\t\t\t\t\t\t<div class=\"elementor-background-overlay\"><\/div>\n\t\t\t\t\t\t\t<div class=\"elementor-container elementor-column-gap-default\">\n\t\t\t\t\t<div class=\"elementor-column elementor-col-50 elementor-top-column elementor-element elementor-element-145dc9b6\" data-id=\"145dc9b6\" data-element_type=\"column\" data-e-type=\"column\">\n\t\t\t<div class=\"elementor-widget-wrap\">\n\t\t\t\t\t\t\t<\/div>\n\t\t<\/div>\n\t\t\t\t<div class=\"elementor-column elementor-col-50 elementor-top-column elementor-element elementor-element-5c235144\" data-id=\"5c235144\" data-element_type=\"column\" data-e-type=\"column\">\n\t\t\t<div class=\"elementor-widget-wrap elementor-element-populated\">\n\t\t\t\t\t\t<div class=\"elementor-element elementor-element-7936d35a elementor-widget elementor-widget-heading\" data-id=\"7936d35a\" data-element_type=\"widget\" data-e-type=\"widget\" data-widget_type=\"heading.default\">\n\t\t\t\t<div class=\"elementor-widget-container\">\n\t\t\t\t\t<h1 class=\"elementor-heading-title elementor-size-default\">Estiramiento y contorno corporal<\/h1>\t\t\t\t<\/div>\n\t\t\t\t<\/div>\n\t\t\t\t\t<\/div>\n\t\t<\/div>\n\t\t\t\t\t<\/div>\n\t\t<\/section>\n\t\t\t\t<section class=\"elementor-section elementor-top-section elementor-element elementor-element-25f5d1ca elementor-section-boxed elementor-section-height-default elementor-section-height-default\" data-id=\"25f5d1ca\" data-element_type=\"section\" data-e-type=\"section\">\n\t\t\t\t\t\t<div class=\"elementor-container elementor-column-gap-default\">\n\t\t\t\t\t<div class=\"elementor-column elementor-col-100 elementor-top-column elementor-element elementor-element-553f3035\" data-id=\"553f3035\" data-element_type=\"column\" data-e-type=\"column\">\n\t\t\t<div class=\"elementor-widget-wrap elementor-element-populated\">\n\t\t\t\t\t\t<section class=\"elementor-section elementor-inner-section elementor-element elementor-element-6ac60fe0 elementor-section-boxed elementor-section-height-default elementor-section-height-default\" data-id=\"6ac60fe0\" data-element_type=\"section\" data-e-type=\"section\">\n\t\t\t\t\t\t<div class=\"elementor-container elementor-column-gap-default\">\n\t\t\t\t\t<div class=\"elementor-column elementor-col-50 elementor-inner-column elementor-element elementor-element-2bcef570\" data-id=\"2bcef570\" data-element_type=\"column\" data-e-type=\"column\">\n\t\t\t<div class=\"elementor-widget-wrap elementor-element-populated\">\n\t\t\t\t\t\t<div class=\"elementor-element elementor-element-a122c04 elementor-widget elementor-widget-heading\" data-id=\"a122c04\" data-element_type=\"widget\" data-e-type=\"widget\" data-widget_type=\"heading.default\">\n\t\t\t\t<div class=\"elementor-widget-container\">\n\t\t\t\t\t<h2 class=\"elementor-heading-title elementor-size-default\">Experimente lo \u00faltimo en estiramiento y contorno corporal por RF: una soluci\u00f3n cl\u00ednicamente probada que adelgaza, tensa y reduce la circunferencia total de forma eficaz.<\/h2>\t\t\t\t<\/div>\n\t\t\t\t<\/div>\n\t\t\t\t\t<\/div>\n\t\t<\/div>\n\t\t\t\t<div class=\"elementor-column elementor-col-50 elementor-inner-column elementor-element elementor-element-74d7b307\" data-id=\"74d7b307\" data-element_type=\"column\" data-e-type=\"column\">\n\t\t\t<div class=\"elementor-widget-wrap elementor-element-populated\">\n\t\t\t\t\t\t<div class=\"elementor-element elementor-element-7f8ee762 elementor-widget elementor-widget-text-editor\" data-id=\"7f8ee762\" data-element_type=\"widget\" data-e-type=\"widget\" data-widget_type=\"text-editor.default\">\n\t\t\t\t<div class=\"elementor-widget-container\">\n\t\t\t\t\t\t\t\t\t<p>La tecnolog\u00eda de tratamiento corporal no invasivo de ENDYMED ofrece una penetraci\u00f3n mejorada de la energ\u00eda de RF, proporcionando un tensado y un contorneado precisos y controlados. Experimente una remodelaci\u00f3n superior del col\u00e1geno para tratamientos seguros y c\u00f3modos y resultados visiblemente mejorados.<\/p>\n\t\t\t\t\t\t\t\t<\/div>\n\t\t\t\t<\/div>\n\t\t\t\t\t<\/div>\n\t\t<\/div>\n\t\t\t\t\t<\/div>\n\t\t<\/section>\n\t\t\t\t\t<\/div>\n\t\t<\/div>\n\t\t\t\t\t<\/div>\n\t\t<\/section>\n\t\t\t\t<section class=\"elementor-section elementor-top-section elementor-element elementor-element-46403d5b elementor-section-boxed elementor-section-height-default elementor-section-height-default\" data-id=\"46403d5b\" data-element_type=\"section\" data-e-type=\"section\">\n\t\t\t\t\t\t<div class=\"elementor-container elementor-column-gap-default\">\n\t\t\t\t\t<div class=\"elementor-column elementor-col-100 elementor-top-column elementor-element elementor-element-75760611\" data-id=\"75760611\" data-element_type=\"column\" data-e-type=\"column\">\n\t\t\t<div class=\"elementor-widget-wrap elementor-element-populated\">\n\t\t\t\t\t\t<div class=\"elementor-element elementor-element-7ad7c410 elementor-widget elementor-widget-heading\" data-id=\"7ad7c410\" data-element_type=\"widget\" data-e-type=\"widget\" data-widget_type=\"heading.default\">\n\t\t\t\t<div class=\"elementor-widget-container\">\n\t\t\t\t\t<h2 class=\"elementor-heading-title elementor-size-default\">Descubra un nuevo yo con los tratamientos de reafirmaci\u00f3n corporal de EndyMed<\/h2>\t\t\t\t<\/div>\n\t\t\t\t<\/div>\n\t\t\t\t<div class=\"elementor-element elementor-element-4fba41f elementor-widget elementor-widget-text-editor\" data-id=\"4fba41f\" data-element_type=\"widget\" data-e-type=\"widget\" data-widget_type=\"text-editor.default\">\n\t\t\t\t<div class=\"elementor-widget-container\">\n\t\t\t\t\t\t\t\t\t<h2>Bienvenido al futuro del contorno corporal no invasivo<\/h2>\n<p>En EndyMed, creemos en el poder de la innovaci\u00f3n para transformar su cuerpo y aumentar su confianza sin necesidad de procedimientos invasivos. Nuestros avanzados tratamientos de estiramiento corporal est\u00e1n dise\u00f1ados para redefinir sus contornos, tensar la piel fl\u00e1cida y realzar su belleza natural, todo ello con un tiempo de inactividad m\u00ednimo y la m\u00e1xima comodidad.<\/p>\n\t\t\t\t\t\t\t\t<\/div>\n\t\t\t\t<\/div>\n\t\t\t\t\t<\/div>\n\t\t<\/div>\n\t\t\t\t\t<\/div>\n\t\t<\/section>\n\t\t\t\t<section class=\"elementor-section elementor-top-section elementor-element elementor-element-3e40d2f9 elementor-section-boxed elementor-section-height-default elementor-section-height-default\" data-id=\"3e40d2f9\" data-element_type=\"section\" data-e-type=\"section\">\n\t\t\t\t\t\t<div class=\"elementor-container elementor-column-gap-default\">\n\t\t\t\t\t<div class=\"elementor-column elementor-col-50 elementor-top-column elementor-element elementor-element-34cc332d\" data-id=\"34cc332d\" data-element_type=\"column\" data-e-type=\"column\">\n\t\t\t<div class=\"elementor-widget-wrap elementor-element-populated\">\n\t\t\t\t\t\t<div class=\"elementor-element elementor-element-72083201 elementor-widget__width-initial elementor-widget elementor-widget-image\" data-id=\"72083201\" data-element_type=\"widget\" data-e-type=\"widget\" data-widget_type=\"image.default\">\n\t\t\t\t<div class=\"elementor-widget-container\">\n\t\t\t\t\t\t\t\t\t\t\t\t\t\t\t<img fetchpriority=\"high\" decoding=\"async\" width=\"800\" height=\"800\" src=\"https:\/\/ivharmonyclinic.com\/wp-content\/uploads\/2024\/02\/1-2.png.webp\" class=\"attachment-large size-large wp-image-9081\" alt=\"Body Tightening and Contouring\" srcset=\"https:\/\/ivharmonyclinic.com\/wp-content\/uploads\/2024\/02\/1-2.png.webp 800w, https:\/\/ivharmonyclinic.com\/wp-content\/uploads\/2024\/02\/1-2.png-300x300.webp 300w, https:\/\/ivharmonyclinic.com\/wp-content\/uploads\/2024\/02\/1-2.png-150x150.webp 150w, https:\/\/ivharmonyclinic.com\/wp-content\/uploads\/2024\/02\/1-2.png-768x768.webp 768w\" sizes=\"(max-width: 800px) 100vw, 800px\" title=\"\">\t\t\t\t\t\t\t\t\t\t\t\t\t\t\t<\/div>\n\t\t\t\t<\/div>\n\t\t\t\t\t<\/div>\n\t\t<\/div>\n\t\t\t\t<div class=\"elementor-column elementor-col-50 elementor-top-column elementor-element elementor-element-1b00a8d6\" data-id=\"1b00a8d6\" data-element_type=\"column\" data-e-type=\"column\">\n\t\t\t<div class=\"elementor-widget-wrap elementor-element-populated\">\n\t\t\t\t\t\t<div class=\"elementor-element elementor-element-4471302a elementor-widget elementor-widget-text-editor\" data-id=\"4471302a\" data-element_type=\"widget\" data-e-type=\"widget\" data-widget_type=\"text-editor.default\">\n\t\t\t\t<div class=\"elementor-widget-container\">\n\t\t\t\t\t\t\t\t\t<h3>\u00bfPor qu\u00e9 elegir el lifting corporal de EndyMed?<\/h3>\n<ul>\n<li><strong>Resultados cl\u00ednicamente probados:<\/strong> Aprovechando lo \u00faltimo en tecnolog\u00eda RF (Radiofrecuencia), nuestros tratamientos han sido rigurosamente probados y se ha demostrado que ofrecen resultados visibles y duraderos.<\/li>\n<li><strong>Personalizado para sus necesidades \u00fanicas:<\/strong> Cada cuerpo es \u00fanico. Por eso ofrecemos planes de tratamiento personalizados adaptados a sus objetivos espec\u00edficos, ya se trate del abdomen, los brazos, los muslos u otras zonas que necesiten atenci\u00f3n.<\/li>\n<li><strong>C\u00f3modo y pr\u00e1ctico:<\/strong> Nuestros procedimientos no invasivos le permiten retomar sus actividades cotidianas inmediatamente despu\u00e9s del tratamiento, sin necesidad de tiempo de recuperaci\u00f3n.<\/li>\n<li><strong>Atenci\u00f3n experta:<\/strong> Nuestro equipo de profesionales certificados se dedica a proporcionarle el m\u00e1s alto nivel de atenci\u00f3n, asegurando que su experiencia sea tan c\u00f3moda como eficaz.<\/li>\n<\/ul>\n\t\t\t\t\t\t\t\t<\/div>\n\t\t\t\t<\/div>\n\t\t\t\t\t<\/div>\n\t\t<\/div>\n\t\t\t\t\t<\/div>\n\t\t<\/section>\n\t\t\t\t<section class=\"elementor-section elementor-top-section elementor-element elementor-element-6d044386 elementor-section-boxed elementor-section-height-default elementor-section-height-default\" data-id=\"6d044386\" data-element_type=\"section\" data-e-type=\"section\">\n\t\t\t\t\t\t<div class=\"elementor-container elementor-column-gap-default\">\n\t\t\t\t\t<div class=\"elementor-column elementor-col-50 elementor-top-column elementor-element elementor-element-3f1ee7ad\" data-id=\"3f1ee7ad\" data-element_type=\"column\" data-e-type=\"column\">\n\t\t\t<div class=\"elementor-widget-wrap\">\n\t\t\t\t\t\t\t<\/div>\n\t\t<\/div>\n\t\t\t\t<div class=\"elementor-column elementor-col-50 elementor-top-column elementor-element elementor-element-20f1d41e\" data-id=\"20f1d41e\" data-element_type=\"column\" data-e-type=\"column\">\n\t\t\t<div class=\"elementor-widget-wrap elementor-element-populated\">\n\t\t\t\t\t\t<div class=\"elementor-element elementor-element-51dce14a elementor-widget elementor-widget-image\" data-id=\"51dce14a\" data-element_type=\"widget\" data-e-type=\"widget\" data-widget_type=\"image.default\">\n\t\t\t\t<div class=\"elementor-widget-container\">\n\t\t\t\t\t\t\t\t\t\t\t\t\t\t\t<img decoding=\"async\" width=\"842\" height=\"359\" src=\"https:\/\/ivharmonyclinic.com\/wp-content\/uploads\/2024\/02\/Screenshot-2024-02-13-at-3.14.49\u202fPM.png\" class=\"attachment-large size-large wp-image-9088\" alt=\"\" srcset=\"https:\/\/ivharmonyclinic.com\/wp-content\/uploads\/2024\/02\/Screenshot-2024-02-13-at-3.14.49\u202fPM.png 842w, https:\/\/ivharmonyclinic.com\/wp-content\/uploads\/2024\/02\/Screenshot-2024-02-13-at-3.14.49\u202fPM-300x128.png 300w, https:\/\/ivharmonyclinic.com\/wp-content\/uploads\/2024\/02\/Screenshot-2024-02-13-at-3.14.49\u202fPM-768x327.png 768w\" sizes=\"(max-width: 842px) 100vw, 842px\" title=\"\">\t\t\t\t\t\t\t\t\t\t\t\t\t\t\t<\/div>\n\t\t\t\t<\/div>\n\t\t\t\t\t<\/div>\n\t\t<\/div>\n\t\t\t\t\t<\/div>\n\t\t<\/section>\n\t\t\t\t<section class=\"elementor-section elementor-top-section elementor-element elementor-element-7b277002 elementor-section-boxed elementor-section-height-default elementor-section-height-default\" data-id=\"7b277002\" data-element_type=\"section\" data-e-type=\"section\" data-settings=\"{&quot;background_background&quot;:&quot;classic&quot;}\">\n\t\t\t\t\t\t<div class=\"elementor-container elementor-column-gap-narrow\">\n\t\t\t\t\t<div class=\"elementor-column elementor-col-50 elementor-top-column elementor-element elementor-element-3ff30ac0\" data-id=\"3ff30ac0\" data-element_type=\"column\" data-e-type=\"column\">\n\t\t\t<div class=\"elementor-widget-wrap elementor-element-populated\">\n\t\t\t\t\t\t<div class=\"elementor-element elementor-element-38e008ee elementor-widget elementor-widget-heading\" data-id=\"38e008ee\" data-element_type=\"widget\" data-e-type=\"widget\" data-widget_type=\"heading.default\">\n\t\t\t\t<div class=\"elementor-widget-container\">\n\t\t\t\t\t<h2 class=\"elementor-heading-title elementor-size-default\">C\u00f3mo funciona<\/h2>\t\t\t\t<\/div>\n\t\t\t\t<\/div>\n\t\t\t\t<div class=\"elementor-element elementor-element-26259f56 elementor-widget elementor-widget-text-editor\" data-id=\"26259f56\" data-element_type=\"widget\" data-e-type=\"widget\" data-widget_type=\"text-editor.default\">\n\t\t\t\t<div class=\"elementor-widget-container\">\n\t\t\t\t\t\t\t\t\t<p>Los tratamientos de reafirmaci\u00f3n corporal de EndyMed utilizan tecnolog\u00eda de radiofrecuencia de vanguardia para calentar suavemente las capas m\u00e1s profundas de la piel, estimulando la producci\u00f3n de col\u00e1geno y favoreciendo la elasticidad cut\u00e1nea. Este proceso no s\u00f3lo tensa y alisa la piel, sino que tambi\u00e9n estimula la respuesta curativa natural del organismo, lo que se traduce en una piel m\u00e1s firme y joven con el paso del tiempo.<\/p>\n\t\t\t\t\t\t\t\t<\/div>\n\t\t\t\t<\/div>\n\t\t\t\t\t<\/div>\n\t\t<\/div>\n\t\t\t\t<div class=\"elementor-column elementor-col-50 elementor-top-column elementor-element elementor-element-7b47e750\" data-id=\"7b47e750\" data-element_type=\"column\" data-e-type=\"column\">\n\t\t\t<div class=\"elementor-widget-wrap elementor-element-populated\">\n\t\t\t\t\t\t<div class=\"elementor-element elementor-element-8a75012 elementor-widget elementor-widget-heading\" data-id=\"8a75012\" data-element_type=\"widget\" data-e-type=\"widget\" data-widget_type=\"heading.default\">\n\t\t\t\t<div class=\"elementor-widget-container\">\n\t\t\t\t\t<h2 class=\"elementor-heading-title elementor-size-default\">Qu\u00e9 esperar<\/h2>\t\t\t\t<\/div>\n\t\t\t\t<\/div>\n\t\t\t\t<div class=\"elementor-element elementor-element-49ed7c70 elementor-widget elementor-widget-text-editor\" data-id=\"49ed7c70\" data-element_type=\"widget\" data-e-type=\"widget\" data-widget_type=\"text-editor.default\">\n\t\t\t\t<div class=\"elementor-widget-container\">\n\t\t\t\t\t\t\t\t\t<ul>\n<li><strong>Consulta:<\/strong> Su viaje comienza con una consulta personalizada para discutir sus objetivos y dise\u00f1ar un plan de tratamiento adecuado para usted.<\/li>\n<li><strong>Tratamiento:<\/strong> Dependiendo de su plan personalizado, los tratamientos suelen durar entre 30 y 60 minutos, y la mayor\u00eda de los clientes experimentan molestias m\u00ednimas o nulas.<\/li>\n<li><strong>Resultados:<\/strong> Aunque los resultados pueden variar, muchos de nuestros clientes ven mejoras notables a las pocas semanas de su primer tratamiento, con mejoras continuas a lo largo de su plan de tratamiento.<\/li>\n<\/ul>\n\t\t\t\t\t\t\t\t<\/div>\n\t\t\t\t<\/div>\n\t\t\t\t\t<\/div>\n\t\t<\/div>\n\t\t\t\t\t<\/div>\n\t\t<\/section>\n\t\t\t\t<section class=\"elementor-section elementor-top-section elementor-element elementor-element-44f5eee elementor-section-boxed elementor-section-height-default elementor-section-height-default\" data-id=\"44f5eee\" data-element_type=\"section\" data-e-type=\"section\">\n\t\t\t\t\t\t<div class=\"elementor-container elementor-column-gap-default\">\n\t\t\t\t\t<div class=\"elementor-column elementor-col-100 elementor-top-column elementor-element elementor-element-c925b39\" data-id=\"c925b39\" data-element_type=\"column\" data-e-type=\"column\">\n\t\t\t<div class=\"elementor-widget-wrap elementor-element-populated\">\n\t\t\t\t\t\t<div class=\"elementor-element elementor-element-85dcf36 elementor-widget elementor-widget-text-editor\" data-id=\"85dcf36\" data-element_type=\"widget\" data-e-type=\"widget\" data-widget_type=\"text-editor.default\">\n\t\t\t\t<div class=\"elementor-widget-container\">\n\t\t\t\t\t\t\t\t\t<h3><strong>\u00bfListo para transformar tu cuerpo?<\/strong><\/h3>\n<p>Si est\u00e1 lista para dar el siguiente paso hacia una imagen m\u00e1s segura y contorneada, estamos aqu\u00ed para guiarla en cada paso del camino. Vis\u00edtenos en <a href=\"https:\/\/endymed.com\/treatments\/body-tightening\/\" target=\"_new\" rel=\"noopener\">https:\/\/endymed.com\/treatments\/body-tightening\/<\/a> para obtener m\u00e1s informaci\u00f3n o para programar su consulta hoy mismo.<\/p>\n<p>Deje que EndyMed le ayude a alcanzar un nuevo nivel de confianza con nuestros tratamientos de estiramiento corporal de \u00faltima generaci\u00f3n. Porque todo el mundo merece sentirse bien en su propia piel.<\/p>\n\t\t\t\t\t\t\t\t<\/div>\n\t\t\t\t<\/div>\n\t\t\t\t\t<\/div>\n\t\t<\/div>\n\t\t\t\t\t<\/div>\n\t\t<\/section>\n\t\t\t\t<section class=\"elementor-section elementor-top-section elementor-element elementor-element-7ed2273 elementor-section-boxed elementor-section-height-default elementor-section-height-default\" data-id=\"7ed2273\" data-element_type=\"section\" data-e-type=\"section\" data-settings=\"{&quot;background_background&quot;:&quot;classic&quot;}\">\n\t\t\t\t\t\t<div class=\"elementor-container elementor-column-gap-default\">\n\t\t\t\t\t<div class=\"elementor-column elementor-col-50 elementor-top-column elementor-element elementor-element-3fff512\" data-id=\"3fff512\" data-element_type=\"column\" data-e-type=\"column\">\n\t\t\t<div class=\"elementor-widget-wrap elementor-element-populated\">\n\t\t\t\t\t\t<div class=\"elementor-element elementor-element-21f78b6a elementor-widget elementor-widget-heading\" data-id=\"21f78b6a\" data-element_type=\"widget\" data-e-type=\"widget\" data-widget_type=\"heading.default\">\n\t\t\t\t<div class=\"elementor-widget-container\">\n\t\t\t\t\t<h2 class=\"elementor-heading-title elementor-size-default\">Experimente la diferencia en IV Harmony Clinic<\/h2>\t\t\t\t<\/div>\n\t\t\t\t<\/div>\n\t\t\t\t<div class=\"elementor-element elementor-element-2b583d5f elementor-widget elementor-widget-text-editor\" data-id=\"2b583d5f\" data-element_type=\"widget\" data-e-type=\"widget\" data-widget_type=\"text-editor.default\">\n\t\t\t\t<div class=\"elementor-widget-container\">\n\t\t\t\t\t\t\t\t\t<p>En la Cl\u00ednica IV Harmony creemos que la belleza es algo m\u00e1s que la piel: es un reflejo de tu vitalidad y confianza interiores. Con la terapia de radiofrecuencia, puede descubrir el secreto de la belleza atemporal e irradiar energ\u00eda juvenil a cualquier edad.<\/p>\n<p>\u00bfEst\u00e1 preparado para hacer retroceder las agujas del reloj y mostrar un aspecto m\u00e1s joven y revitalizado? Programe su consulta con IV Harmony Clinic hoy mismo y descubra el poder transformador de la terapia de radiofrecuencia (RF). Abraza una nueva era de belleza y confianza, porque te mereces verte y sentirte lo mejor posible.<\/p>\n<p><em>Transforma tu piel. Transforma tu vida. Experimente la diferencia de IV Harmony.<\/em><\/p>\n\t\t\t\t\t\t\t\t<\/div>\n\t\t\t\t<\/div>\n\t\t\t\t\t<\/div>\n\t\t<\/div>\n\t\t\t\t<div class=\"elementor-column elementor-col-50 elementor-top-column elementor-element elementor-element-65997117\" data-id=\"65997117\" data-element_type=\"column\" data-e-type=\"column\">\n\t\t\t<div class=\"elementor-widget-wrap elementor-element-populated\">\n\t\t\t\t\t\t<div class=\"elementor-element elementor-element-4a33ed8d elementor-widget elementor-widget-image\" data-id=\"4a33ed8d\" data-element_type=\"widget\" data-e-type=\"widget\" data-widget_type=\"image.default\">\n\t\t\t\t<div class=\"elementor-widget-container\">\n\t\t\t\t\t\t\t\t\t\t\t\t\t\t\t<img decoding=\"async\" width=\"760\" height=\"1024\" src=\"https:\/\/ivharmonyclinic.com\/wp-content\/uploads\/2024\/01\/front-IV-Clinic-760x1024.jpg\" class=\"attachment-large size-large wp-image-9080\" alt=\"\" srcset=\"https:\/\/ivharmonyclinic.com\/wp-content\/uploads\/2024\/01\/front-IV-Clinic-760x1024.jpg 760w, https:\/\/ivharmonyclinic.com\/wp-content\/uploads\/2024\/01\/front-IV-Clinic-223x300.jpg 223w, https:\/\/ivharmonyclinic.com\/wp-content\/uploads\/2024\/01\/front-IV-Clinic-768x1035.jpg 768w, https:\/\/ivharmonyclinic.com\/wp-content\/uploads\/2024\/01\/front-IV-Clinic.jpg 808w\" sizes=\"(max-width: 760px) 100vw, 760px\" title=\"\">\t\t\t\t\t\t\t\t\t\t\t\t\t\t\t<\/div>\n\t\t\t\t<\/div>\n\t\t\t\t\t<\/div>\n\t\t<\/div>\n\t\t\t\t\t<\/div>\n\t\t<\/section>\n\t\t\t\t<\/div>\n\t\t","protected":false},"excerpt":{"rendered":"<p>Estiramiento y contorno corporal Experimente lo \u00faltimo en estiramiento y contorno corporal por RF: una soluci\u00f3n cl\u00ednicamente probada que adelgaza, tensa y reduce la circunferencia total de forma eficaz. La tecnolog\u00eda de tratamiento corporal no invasivo de ENDYMED ofrece una penetraci\u00f3n mejorada de la energ\u00eda de RF, proporcionando un tensado y un contorneado precisos y [&hellip;]<\/p>\n","protected":false},"author":1,"featured_media":9088,"parent":0,"menu_order":0,"comment_status":"closed","ping_status":"closed","template":"","meta":{"site-sidebar-layout":"no-sidebar","site-content-layout":"page-builder","ast-site-content-layout":"full-width-container","site-content-style":"default","site-sidebar-style":"default","ast-global-header-display":"","ast-banner-title-visibility":"","ast-main-header-display":"","ast-hfb-above-header-display":"","ast-hfb-below-header-display":"","ast-hfb-mobile-header-display":"","site-post-title":"disabled","ast-breadcrumbs-content":"","ast-featured-img":"disabled","footer-sml-layout":"","ast-disable-related-posts":"","theme-transparent-header-meta":"","adv-header-id-meta":"","stick-header-meta":"","header-above-stick-meta":"","header-main-stick-meta":"","header-below-stick-meta":"","astra-migrate-meta-layouts":"default","ast-page-background-enabled":"default","ast-page-background-meta":{"desktop":{"background-color":"var(--ast-global-color-4)","background-image":"","background-repeat":"repeat","background-position":"center center","background-size":"auto","background-attachment":"scroll","background-type":"","background-media":"","overlay-type":"","overlay-color":"","overlay-opacity":"","overlay-gradient":""},"tablet":{"background-color":"","background-image":"","background-repeat":"repeat","background-position":"center center","background-size":"auto","background-attachment":"scroll","background-type":"","background-media":"","overlay-type":"","overlay-color":"","overlay-opacity":"","overlay-gradient":""},"mobile":{"background-color":"","background-image":"","background-repeat":"repeat","background-position":"center center","background-size":"auto","background-attachment":"scroll","background-type":"","background-media":"","overlay-type":"","overlay-color":"","overlay-opacity":"","overlay-gradient":""}},"ast-content-background-meta":{"desktop":{"background-color":"var(--ast-global-color-5)","background-image":"","background-repeat":"repeat","background-position":"center center","background-size":"auto","background-attachment":"scroll","background-type":"","background-media":"","overlay-type":"","overlay-color":"","overlay-opacity":"","overlay-gradient":""},"tablet":{"background-color":"var(--ast-global-color-5)","background-image":"","background-repeat":"repeat","background-position":"center center","background-size":"auto","background-attachment":"scroll","background-type":"","background-media":"","overlay-type":"","overlay-color":"","overlay-opacity":"","overlay-gradient":""},"mobile":{"background-color":"var(--ast-global-color-5)","background-image":"","background-repeat":"repeat","background-position":"center center","background-size":"auto","background-attachment":"scroll","background-type":"","background-media":"","overlay-type":"","overlay-color":"","overlay-opacity":"","overlay-gradient":""}},"footnotes":""},"class_list":["post-9156","page","type-page","status-publish","has-post-thumbnail","hentry"],"_links":{"self":[{"href":"https:\/\/ivharmonyclinic.com\/es\/wp-json\/wp\/v2\/pages\/9156","targetHints":{"allow":["GET"]}}],"collection":[{"href":"https:\/\/ivharmonyclinic.com\/es\/wp-json\/wp\/v2\/pages"}],"about":[{"href":"https:\/\/ivharmonyclinic.com\/es\/wp-json\/wp\/v2\/types\/page"}],"author":[{"embeddable":true,"href":"https:\/\/ivharmonyclinic.com\/es\/wp-json\/wp\/v2\/users\/1"}],"replies":[{"embeddable":true,"href":"https:\/\/ivharmonyclinic.com\/es\/wp-json\/wp\/v2\/comments?post=9156"}],"version-history":[{"count":2,"href":"https:\/\/ivharmonyclinic.com\/es\/wp-json\/wp\/v2\/pages\/9156\/revisions"}],"predecessor-version":[{"id":9159,"href":"https:\/\/ivharmonyclinic.com\/es\/wp-json\/wp\/v2\/pages\/9156\/revisions\/9159"}],"wp:featuredmedia":[{"embeddable":true,"href":"https:\/\/ivharmonyclinic.com\/es\/wp-json\/wp\/v2\/media\/9088"}],"wp:attachment":[{"href":"https:\/\/ivharmonyclinic.com\/es\/wp-json\/wp\/v2\/media?parent=9156"}],"curies":[{"name":"wp","href":"https:\/\/api.w.org\/{rel}","templated":true}]}}