{"id":9152,"date":"2024-02-19T20:55:43","date_gmt":"2024-02-19T20:55:43","guid":{"rendered":"https:\/\/ivharmonyclinic.com\/rellenos-de-belleza\/"},"modified":"2024-04-01T18:39:18","modified_gmt":"2024-04-01T18:39:18","slug":"rellenos-de-belleza","status":"publish","type":"page","link":"https:\/\/ivharmonyclinic.com\/es\/rellenos-de-belleza\/","title":{"rendered":"Rellenos de belleza"},"content":{"rendered":"\t\t<div data-elementor-type=\"wp-page\" data-elementor-id=\"9152\" class=\"elementor elementor-9152 elementor-8065\" data-elementor-post-type=\"page\">\n\t\t\t\t\t\t<section class=\"elementor-section elementor-top-section elementor-element elementor-element-20b5276a elementor-section-height-min-height elementor-section-boxed elementor-section-height-default elementor-section-items-middle\" data-id=\"20b5276a\" data-element_type=\"section\" data-e-type=\"section\" data-settings=\"{&quot;background_background&quot;:&quot;classic&quot;}\">\n\t\t\t\t\t\t\t<div class=\"elementor-background-overlay\"><\/div>\n\t\t\t\t\t\t\t<div class=\"elementor-container elementor-column-gap-default\">\n\t\t\t\t\t<div class=\"elementor-column elementor-col-100 elementor-top-column elementor-element elementor-element-5c10c07d\" data-id=\"5c10c07d\" data-element_type=\"column\" data-e-type=\"column\">\n\t\t\t<div class=\"elementor-widget-wrap elementor-element-populated\">\n\t\t\t\t\t\t<div class=\"elementor-element elementor-element-5c51ba0b elementor-widget elementor-widget-heading\" data-id=\"5c51ba0b\" data-element_type=\"widget\" data-e-type=\"widget\" data-widget_type=\"heading.default\">\n\t\t\t\t<div class=\"elementor-widget-container\">\n\t\t\t\t\t<h1 class=\"elementor-heading-title elementor-size-default\">Rellenos de belleza<\/h1>\t\t\t\t<\/div>\n\t\t\t\t<\/div>\n\t\t\t\t\t<\/div>\n\t\t<\/div>\n\t\t\t\t\t<\/div>\n\t\t<\/section>\n\t\t\t\t<section class=\"elementor-section elementor-top-section elementor-element elementor-element-d683e86 elementor-section-boxed elementor-section-height-default elementor-section-height-default\" data-id=\"d683e86\" data-element_type=\"section\" data-e-type=\"section\">\n\t\t\t\t\t\t<div class=\"elementor-container elementor-column-gap-default\">\n\t\t\t\t\t<div class=\"elementor-column elementor-col-50 elementor-top-column elementor-element elementor-element-d9cb06c\" data-id=\"d9cb06c\" data-element_type=\"column\" data-e-type=\"column\">\n\t\t\t<div class=\"elementor-widget-wrap elementor-element-populated\">\n\t\t\t\t\t\t<div class=\"elementor-element elementor-element-d57f037 elementor-widget elementor-widget-heading\" data-id=\"d57f037\" data-element_type=\"widget\" data-e-type=\"widget\" data-widget_type=\"heading.default\">\n\t\t\t\t<div class=\"elementor-widget-container\">\n\t\t\t\t\t<h2 class=\"elementor-heading-title elementor-size-default\">Perfeccione\n<br>Revitalice  <br>Rejuvenecer<\/h2>\t\t\t\t<\/div>\n\t\t\t\t<\/div>\n\t\t\t\t\t<\/div>\n\t\t<\/div>\n\t\t\t\t<div class=\"elementor-column elementor-col-50 elementor-top-column elementor-element elementor-element-60879f0\" data-id=\"60879f0\" data-element_type=\"column\" data-e-type=\"column\">\n\t\t\t<div class=\"elementor-widget-wrap elementor-element-populated\">\n\t\t\t\t\t\t<div class=\"elementor-element elementor-element-32588ed elementor-widget elementor-widget-text-editor\" data-id=\"32588ed\" data-element_type=\"widget\" data-e-type=\"widget\" data-widget_type=\"text-editor.default\">\n\t\t\t\t<div class=\"elementor-widget-container\">\n\t\t\t\t\t\t\t\t\t<p>En la Cl\u00ednica IV Harmony, creemos que la belleza consiste en la armon\u00eda, la armon\u00eda entre su confianza interior y su aspecto exterior. Nuestra misi\u00f3n es ayudarle a alcanzar ese equilibrio perfecto a trav\u00e9s de nuestros servicios de rellenos de belleza elaborados por expertos. Con un enfoque en la mejora de la belleza natural y la restauraci\u00f3n de la vitalidad juvenil, nos especializamos en el tratamiento de las preocupaciones comunes, tales como l\u00edneas de marioneta, pliegues nasolabiales, y el aumento de labios.<\/p>\n\t\t\t\t\t\t\t\t<\/div>\n\t\t\t\t<\/div>\n\t\t\t\t\t<\/div>\n\t\t<\/div>\n\t\t\t\t\t<\/div>\n\t\t<\/section>\n\t\t\t\t<section class=\"elementor-section elementor-top-section elementor-element elementor-element-7ddee87 elementor-section-boxed elementor-section-height-default elementor-section-height-default\" data-id=\"7ddee87\" data-element_type=\"section\" data-e-type=\"section\" data-settings=\"{&quot;background_background&quot;:&quot;classic&quot;}\">\n\t\t\t\t\t\t<div class=\"elementor-container elementor-column-gap-default\">\n\t\t\t\t\t<div class=\"elementor-column elementor-col-100 elementor-top-column elementor-element elementor-element-276472c\" data-id=\"276472c\" data-element_type=\"column\" data-e-type=\"column\">\n\t\t\t<div class=\"elementor-widget-wrap elementor-element-populated\">\n\t\t\t\t\t\t<div class=\"elementor-element elementor-element-0e8835b elementor-widget elementor-widget-heading\" data-id=\"0e8835b\" data-element_type=\"widget\" data-e-type=\"widget\" data-widget_type=\"heading.default\">\n\t\t\t\t<div class=\"elementor-widget-container\">\n\t\t\t\t\t<h2 class=\"elementor-heading-title elementor-size-default\">Nuestra gama de servicios de Beauty Filler<\/h2>\t\t\t\t<\/div>\n\t\t\t\t<\/div>\n\t\t\t\t<div class=\"elementor-element elementor-element-c39fba0 elementor-cta--layout-image-left elementor-cta--mobile-layout-image-above elementor-cta--skin-classic elementor-animated-content elementor-bg-transform elementor-bg-transform-zoom-in elementor-widget elementor-widget-call-to-action\" data-id=\"c39fba0\" data-element_type=\"widget\" data-e-type=\"widget\" data-widget_type=\"call-to-action.default\">\n\t\t\t\t<div class=\"elementor-widget-container\">\n\t\t\t\t\t\t\t<div class=\"elementor-cta\">\n\t\t\t\t\t<div class=\"elementor-cta__bg-wrapper\">\n\t\t\t\t<div class=\"elementor-cta__bg elementor-bg\" style=\"background-image: url(https:\/\/ivharmonyclinic.com\/wp-content\/uploads\/2024\/02\/marionette-1-1024x575.jpg);\" role=\"img\" aria-label=\"marionette\"><\/div>\n\t\t\t\t<div class=\"elementor-cta__bg-overlay\"><\/div>\n\t\t\t<\/div>\n\t\t\t\t\t\t\t<div class=\"elementor-cta__content\">\n\t\t\t\t\n\t\t\t\t\t\t\t\t\t<h2 class=\"elementor-cta__title elementor-cta__content-item elementor-content-item\">\n\t\t\t\t\t\tTratamiento de la l\u00ednea de marionetas\t\t\t\t\t<\/h2>\n\t\t\t\t\n\t\t\t\t\t\t\t\t\t<div class=\"elementor-cta__description elementor-cta__content-item elementor-content-item\">\n\t\t\t\t\t\t<p>Diga adi\u00f3s a las l\u00edneas descendentes que pueden crear un aspecto cansado o triste. Nuestros tratamientos de l\u00edneas de marioneta est\u00e1n dise\u00f1ados para suavizar y alisar estas l\u00edneas, devolviendo a su rostro un aspecto m\u00e1s joven y fresco.<\/p>\n\t\t\t\t\t<\/div>\n\t\t\t\t\n\t\t\t\t\t\t\t<\/div>\n\t\t\t\t\t\t<\/div>\n\t\t\t\t\t\t<\/div>\n\t\t\t\t<\/div>\n\t\t\t\t<div class=\"elementor-element elementor-element-a11845d elementor-cta--layout-image-left elementor-cta--mobile-layout-image-above elementor-cta--skin-classic elementor-animated-content elementor-bg-transform elementor-bg-transform-zoom-in elementor-widget elementor-widget-call-to-action\" data-id=\"a11845d\" data-element_type=\"widget\" data-e-type=\"widget\" data-widget_type=\"call-to-action.default\">\n\t\t\t\t<div class=\"elementor-widget-container\">\n\t\t\t\t\t\t\t<div class=\"elementor-cta\">\n\t\t\t\t\t<div class=\"elementor-cta__bg-wrapper\">\n\t\t\t\t<div class=\"elementor-cta__bg elementor-bg\" style=\"background-image: url(https:\/\/ivharmonyclinic.com\/wp-content\/uploads\/2024\/02\/fold-1-1024x562.jpg);\" role=\"img\" aria-label=\"fold\"><\/div>\n\t\t\t\t<div class=\"elementor-cta__bg-overlay\"><\/div>\n\t\t\t<\/div>\n\t\t\t\t\t\t\t<div class=\"elementor-cta__content\">\n\t\t\t\t\n\t\t\t\t\t\t\t\t\t<h2 class=\"elementor-cta__title elementor-cta__content-item elementor-content-item\">\n\t\t\t\t\t\tCorrecci\u00f3n del pliegue nasolabial\t\t\t\t\t<\/h2>\n\t\t\t\t\n\t\t\t\t\t\t\t\t\t<div class=\"elementor-cta__description elementor-cta__content-item elementor-content-item\">\n\t\t\t\t\t\t<p>Haga frente a las l\u00edneas profundas que van desde los laterales de la nariz hasta las comisuras de la boca con nuestros tratamientos de correcci\u00f3n del surco nasogeniano. Al a\u00f1adir volumen y soporte a esta zona, podemos disminuir la apariencia de estas l\u00edneas y rejuvenecer el aspecto general del rostro.<\/p>\n\t\t\t\t\t<\/div>\n\t\t\t\t\n\t\t\t\t\t\t\t<\/div>\n\t\t\t\t\t\t<\/div>\n\t\t\t\t\t\t<\/div>\n\t\t\t\t<\/div>\n\t\t\t\t<div class=\"elementor-element elementor-element-abfcbe1 elementor-cta--layout-image-left elementor-cta--mobile-layout-image-above elementor-cta--skin-classic elementor-animated-content elementor-bg-transform elementor-bg-transform-zoom-in elementor-widget elementor-widget-call-to-action\" data-id=\"abfcbe1\" data-element_type=\"widget\" data-e-type=\"widget\" data-widget_type=\"call-to-action.default\">\n\t\t\t\t<div class=\"elementor-widget-container\">\n\t\t\t\t\t\t\t<div class=\"elementor-cta\">\n\t\t\t\t\t<div class=\"elementor-cta__bg-wrapper\">\n\t\t\t\t<div class=\"elementor-cta__bg elementor-bg\" style=\"background-image: url(https:\/\/ivharmonyclinic.com\/wp-content\/uploads\/2024\/02\/lip-filler-1024x498.jpg);\" role=\"img\" aria-label=\"lip filler\"><\/div>\n\t\t\t\t<div class=\"elementor-cta__bg-overlay\"><\/div>\n\t\t\t<\/div>\n\t\t\t\t\t\t\t<div class=\"elementor-cta__content\">\n\t\t\t\t\n\t\t\t\t\t\t\t\t\t<h2 class=\"elementor-cta__title elementor-cta__content-item elementor-content-item\">\n\t\t\t\t\t\tAumento de labios\t\t\t\t\t<\/h2>\n\t\t\t\t\n\t\t\t\t\t\t\t\t\t<div class=\"elementor-cta__description elementor-cta__content-item elementor-content-item\">\n\t\t\t\t\t\t<p>Consiga unos labios m\u00e1s voluminosos y definidos con nuestros servicios de aumento de labios. Tanto si desea un realce sutil como una transformaci\u00f3n m\u00e1s espectacular, nuestros expertos profesionales trabajar\u00e1n con usted para crear la forma y el volumen de labios perfectos para sus rasgos faciales.<\/p>\n\t\t\t\t\t<\/div>\n\t\t\t\t\n\t\t\t\t\t\t\t<\/div>\n\t\t\t\t\t\t<\/div>\n\t\t\t\t\t\t<\/div>\n\t\t\t\t<\/div>\n\t\t\t\t\t<\/div>\n\t\t<\/div>\n\t\t\t\t\t<\/div>\n\t\t<\/section>\n\t\t\t\t<section class=\"elementor-section elementor-top-section elementor-element elementor-element-2dacb5a elementor-section-boxed elementor-section-height-default elementor-section-height-default\" data-id=\"2dacb5a\" data-element_type=\"section\" data-e-type=\"section\" data-settings=\"{&quot;background_background&quot;:&quot;classic&quot;}\">\n\t\t\t\t\t\t<div class=\"elementor-container elementor-column-gap-default\">\n\t\t\t\t\t<div class=\"elementor-column elementor-col-100 elementor-top-column elementor-element elementor-element-45e71be\" data-id=\"45e71be\" data-element_type=\"column\" data-e-type=\"column\">\n\t\t\t<div class=\"elementor-widget-wrap elementor-element-populated\">\n\t\t\t\t\t\t<div class=\"elementor-element elementor-element-623b667 elementor-widget elementor-widget-heading\" data-id=\"623b667\" data-element_type=\"widget\" data-e-type=\"widget\" data-widget_type=\"heading.default\">\n\t\t\t\t<div class=\"elementor-widget-container\">\n\t\t\t\t\t<h2 class=\"elementor-heading-title elementor-size-default\">\u00bfPor qu\u00e9 elegir la Cl\u00ednica IV Harmony para los rellenos est\u00e9ticos?<\/h2>\t\t\t\t<\/div>\n\t\t\t\t<\/div>\n\t\t\t\t<div class=\"elementor-element elementor-element-ce36cae elementor-widget elementor-widget-text-editor\" data-id=\"ce36cae\" data-element_type=\"widget\" data-e-type=\"widget\" data-widget_type=\"text-editor.default\">\n\t\t\t\t<div class=\"elementor-widget-container\">\n\t\t\t\t\t\t\t\t\t<ol>\n<li>\n<p><strong>Experiencia especializada:<\/strong> Nuestro equipo de profesionales experimentados est\u00e1 altamente capacitado en el arte de los rellenos est\u00e9ticos. Estamos especializados en tratar problemas espec\u00edficos como las l\u00edneas de marioneta, los pliegues nasolabiales y el aumento de labios, garantizando que reciba una atenci\u00f3n experta adaptada a sus necesidades \u00fanicas.<\/p>\n<\/li>\n<li>\n<p><strong>Planes de tratamiento personalizados:<\/strong> Entendemos que cada individuo es diferente, por lo que adoptamos un enfoque personalizado para el plan de tratamiento de cada cliente. Tanto si desea suavizar las l\u00edneas de marioneta, alisar los pliegues nasolabiales o realzar los labios, trabajaremos estrechamente con usted para desarrollar una soluci\u00f3n personalizada que consiga los resultados deseados.<\/p>\n<\/li>\n<li>\n<p><strong>Productos de primera calidad:<\/strong> En IV Harmony Clinic, s\u00f3lo utilizamos la m\u00e1s alta calidad, rellenos aprobados por la FDA para nuestros tratamientos. Centr\u00e1ndonos en la seguridad y la eficacia, utilizamos productos de confianza conocidos por sus resultados de aspecto natural y sus efectos duraderos.<\/p>\n<\/li>\n<li>\n<p><strong>Comodidad y atenci\u00f3n:<\/strong> Su comodidad y satisfacci\u00f3n son nuestras principales prioridades. Desde el momento en que entre en nuestra cl\u00ednica, ser\u00e1 recibido con calidez y profesionalidad. Nos esforzamos por crear un entorno acogedor en el que pueda relajarse y sentirse seguro de su decisi\u00f3n de realzar su belleza natural.<\/p>\n<\/li>\n<li>\n<p><strong>Asistencia integral:<\/strong> Nuestro compromiso con su satisfacci\u00f3n no termina despu\u00e9s de su tratamiento. Proporcionamos apoyo continuo y atenci\u00f3n de seguimiento para asegurarnos de que est\u00e9 encantado con sus resultados y equipado con la informaci\u00f3n y los recursos que necesita para el \u00e9xito a largo plazo.<\/p>\n<\/li>\n<\/ol>\n\t\t\t\t\t\t\t\t<\/div>\n\t\t\t\t<\/div>\n\t\t\t\t\t<\/div>\n\t\t<\/div>\n\t\t\t\t\t<\/div>\n\t\t<\/section>\n\t\t\t\t<section class=\"elementor-section elementor-top-section elementor-element elementor-element-c26702e elementor-section-height-min-height elementor-section-boxed elementor-section-height-default elementor-section-items-middle\" data-id=\"c26702e\" data-element_type=\"section\" data-e-type=\"section\" data-settings=\"{&quot;background_background&quot;:&quot;classic&quot;}\">\n\t\t\t\t\t\t\t<div class=\"elementor-background-overlay\"><\/div>\n\t\t\t\t\t\t\t<div class=\"elementor-container elementor-column-gap-default\">\n\t\t\t\t\t<div class=\"elementor-column elementor-col-100 elementor-top-column elementor-element elementor-element-e265867\" data-id=\"e265867\" data-element_type=\"column\" data-e-type=\"column\">\n\t\t\t<div class=\"elementor-widget-wrap elementor-element-populated\">\n\t\t\t\t\t\t<div class=\"elementor-element elementor-element-0742482 elementor-widget elementor-widget-text-editor\" data-id=\"0742482\" data-element_type=\"widget\" data-e-type=\"widget\" data-widget_type=\"text-editor.default\">\n\t\t\t\t<div class=\"elementor-widget-container\">\n\t\t\t\t\t\t\t\t\t<p><strong>Programe su consulta hoy mismo<\/strong><\/p>\n<p>\u00bfListo para descubrir el poder transformador de los rellenos est\u00e9ticos en la Cl\u00ednica IV Harmony? Programe una consulta con nuestro equipo hoy mismo para obtener m\u00e1s informaci\u00f3n sobre nuestros tratamientos especializados para las l\u00edneas de marioneta, los pliegues nasolabiales y el aumento de labios. Juntos, crearemos un plan de tratamiento personalizado que le ayude a alcanzar sus objetivos de belleza y devuelva la armon\u00eda a su aspecto. Libere su verdadero potencial con los rellenos de belleza de la Cl\u00ednica IV Harmony.<\/p>\n\t\t\t\t\t\t\t\t<\/div>\n\t\t\t\t<\/div>\n\t\t\t\t\t<\/div>\n\t\t<\/div>\n\t\t\t\t\t<\/div>\n\t\t<\/section>\n\t\t\t\t<\/div>\n\t\t","protected":false},"excerpt":{"rendered":"<p>Rellenos de belleza Perfeccione Revitalice Rejuvenecer En la Cl\u00ednica IV Harmony, creemos que la belleza consiste en la armon\u00eda, la armon\u00eda entre su confianza interior y su aspecto exterior. Nuestra misi\u00f3n es ayudarle a alcanzar ese equilibrio perfecto a trav\u00e9s de nuestros servicios de rellenos de belleza elaborados por expertos. Con un enfoque en la [&hellip;]<\/p>\n","protected":false},"author":1,"featured_media":9100,"parent":0,"menu_order":0,"comment_status":"closed","ping_status":"closed","template":"","meta":{"site-sidebar-layout":"no-sidebar","site-content-layout":"page-builder","ast-site-content-layout":"full-width-container","site-content-style":"default","site-sidebar-style":"default","ast-global-header-display":"","ast-banner-title-visibility":"","ast-main-header-display":"","ast-hfb-above-header-display":"","ast-hfb-below-header-display":"","ast-hfb-mobile-header-display":"","site-post-title":"disabled","ast-breadcrumbs-content":"","ast-featured-img":"disabled","footer-sml-layout":"","ast-disable-related-posts":"","theme-transparent-header-meta":"","adv-header-id-meta":"","stick-header-meta":"","header-above-stick-meta":"","header-main-stick-meta":"","header-below-stick-meta":"","astra-migrate-meta-layouts":"default","ast-page-background-enabled":"default","ast-page-background-meta":{"desktop":{"background-color":"var(--ast-global-color-4)","background-image":"","background-repeat":"repeat","background-position":"center center","background-size":"auto","background-attachment":"scroll","background-type":"","background-media":"","overlay-type":"","overlay-color":"","overlay-opacity":"","overlay-gradient":""},"tablet":{"background-color":"","background-image":"","background-repeat":"repeat","background-position":"center center","background-size":"auto","background-attachment":"scroll","background-type":"","background-media":"","overlay-type":"","overlay-color":"","overlay-opacity":"","overlay-gradient":""},"mobile":{"background-color":"","background-image":"","background-repeat":"repeat","background-position":"center center","background-size":"auto","background-attachment":"scroll","background-type":"","background-media":"","overlay-type":"","overlay-color":"","overlay-opacity":"","overlay-gradient":""}},"ast-content-background-meta":{"desktop":{"background-color":"var(--ast-global-color-5)","background-image":"","background-repeat":"repeat","background-position":"center center","background-size":"auto","background-attachment":"scroll","background-type":"","background-media":"","overlay-type":"","overlay-color":"","overlay-opacity":"","overlay-gradient":""},"tablet":{"background-color":"var(--ast-global-color-5)","background-image":"","background-repeat":"repeat","background-position":"center center","background-size":"auto","background-attachment":"scroll","background-type":"","background-media":"","overlay-type":"","overlay-color":"","overlay-opacity":"","overlay-gradient":""},"mobile":{"background-color":"var(--ast-global-color-5)","background-image":"","background-repeat":"repeat","background-position":"center center","background-size":"auto","background-attachment":"scroll","background-type":"","background-media":"","overlay-type":"","overlay-color":"","overlay-opacity":"","overlay-gradient":""}},"footnotes":""},"class_list":["post-9152","page","type-page","status-publish","has-post-thumbnail","hentry"],"_links":{"self":[{"href":"https:\/\/ivharmonyclinic.com\/es\/wp-json\/wp\/v2\/pages\/9152","targetHints":{"allow":["GET"]}}],"collection":[{"href":"https:\/\/ivharmonyclinic.com\/es\/wp-json\/wp\/v2\/pages"}],"about":[{"href":"https:\/\/ivharmonyclinic.com\/es\/wp-json\/wp\/v2\/types\/page"}],"author":[{"embeddable":true,"href":"https:\/\/ivharmonyclinic.com\/es\/wp-json\/wp\/v2\/users\/1"}],"replies":[{"embeddable":true,"href":"https:\/\/ivharmonyclinic.com\/es\/wp-json\/wp\/v2\/comments?post=9152"}],"version-history":[{"count":1,"href":"https:\/\/ivharmonyclinic.com\/es\/wp-json\/wp\/v2\/pages\/9152\/revisions"}],"predecessor-version":[{"id":9153,"href":"https:\/\/ivharmonyclinic.com\/es\/wp-json\/wp\/v2\/pages\/9152\/revisions\/9153"}],"wp:featuredmedia":[{"embeddable":true,"href":"https:\/\/ivharmonyclinic.com\/es\/wp-json\/wp\/v2\/media\/9100"}],"wp:attachment":[{"href":"https:\/\/ivharmonyclinic.com\/es\/wp-json\/wp\/v2\/media?parent=9152"}],"curies":[{"name":"wp","href":"https:\/\/api.w.org\/{rel}","templated":true}]}}