{"id":9150,"date":"2024-03-22T17:23:27","date_gmt":"2024-03-22T17:23:27","guid":{"rendered":"https:\/\/ivharmonyclinic.com\/acne-y-cicatrices-de-acne\/"},"modified":"2024-10-09T11:22:04","modified_gmt":"2024-10-09T11:22:04","slug":"acne-y-cicatrices-de-acne","status":"publish","type":"page","link":"https:\/\/ivharmonyclinic.com\/es\/acne-y-cicatrices-de-acne\/","title":{"rendered":"Acn\u00e9 activo y cicatrices de acn\u00e9: Descubre la soluci\u00f3n transformadora n\u00ba 1"},"content":{"rendered":"\t\t<div data-elementor-type=\"wp-page\" data-elementor-id=\"9150\" class=\"elementor elementor-9150 elementor-8803\" data-elementor-post-type=\"page\">\n\t\t\t\t\t\t<section class=\"elementor-section elementor-top-section elementor-element elementor-element-5beba9ce elementor-section-height-min-height elementor-section-boxed elementor-section-height-default elementor-section-items-middle\" data-id=\"5beba9ce\" data-element_type=\"section\" data-e-type=\"section\" data-settings=\"{&quot;background_background&quot;:&quot;classic&quot;}\">\n\t\t\t\t\t\t\t<div class=\"elementor-background-overlay\"><\/div>\n\t\t\t\t\t\t\t<div class=\"elementor-container elementor-column-gap-default\">\n\t\t\t\t\t<div class=\"elementor-column elementor-col-50 elementor-top-column elementor-element elementor-element-1568c9f6\" data-id=\"1568c9f6\" data-element_type=\"column\" data-e-type=\"column\">\n\t\t\t<div class=\"elementor-widget-wrap\">\n\t\t\t\t\t\t\t<\/div>\n\t\t<\/div>\n\t\t\t\t<div class=\"elementor-column elementor-col-50 elementor-top-column elementor-element elementor-element-16655e4e\" data-id=\"16655e4e\" data-element_type=\"column\" data-e-type=\"column\">\n\t\t\t<div class=\"elementor-widget-wrap elementor-element-populated\">\n\t\t\t\t\t\t<div class=\"elementor-element elementor-element-dc65b34 elementor-widget elementor-widget-heading\" data-id=\"dc65b34\" data-element_type=\"widget\" data-e-type=\"widget\" data-widget_type=\"heading.default\">\n\t\t\t\t<div class=\"elementor-widget-container\">\n\t\t\t\t\t<h1 class=\"elementor-heading-title elementor-size-default\">Acn\u00e9 activo y cicatrices de acn\u00e9<\/h1>\t\t\t\t<\/div>\n\t\t\t\t<\/div>\n\t\t\t\t\t<\/div>\n\t\t<\/div>\n\t\t\t\t\t<\/div>\n\t\t<\/section>\n\t\t\t\t<section class=\"elementor-section elementor-top-section elementor-element elementor-element-13495d05 elementor-section-boxed elementor-section-height-default elementor-section-height-default\" data-id=\"13495d05\" data-element_type=\"section\" data-e-type=\"section\">\n\t\t\t\t\t\t<div class=\"elementor-container elementor-column-gap-default\">\n\t\t\t\t\t<div class=\"elementor-column elementor-col-100 elementor-top-column elementor-element elementor-element-1a09e0e4\" data-id=\"1a09e0e4\" data-element_type=\"column\" data-e-type=\"column\">\n\t\t\t<div class=\"elementor-widget-wrap elementor-element-populated\">\n\t\t\t\t\t\t<section class=\"elementor-section elementor-inner-section elementor-element elementor-element-2472f9b3 elementor-section-boxed elementor-section-height-default elementor-section-height-default\" data-id=\"2472f9b3\" data-element_type=\"section\" data-e-type=\"section\">\n\t\t\t\t\t\t<div class=\"elementor-container elementor-column-gap-default\">\n\t\t\t\t\t<div class=\"elementor-column elementor-col-50 elementor-inner-column elementor-element elementor-element-19f6f958\" data-id=\"19f6f958\" data-element_type=\"column\" data-e-type=\"column\">\n\t\t\t<div class=\"elementor-widget-wrap elementor-element-populated\">\n\t\t\t\t\t\t<div class=\"elementor-element elementor-element-2c00d579 elementor-widget elementor-widget-heading\" data-id=\"2c00d579\" data-element_type=\"widget\" data-e-type=\"widget\" data-widget_type=\"heading.default\">\n\t\t\t\t<div class=\"elementor-widget-container\">\n\t\t\t\t\t<h2 class=\"elementor-heading-title elementor-size-default\">Reducci\u00f3n del acn\u00e9 activo y las cicatrices del acn\u00e9 <br>Para todo tipo de acn\u00e9 activo y cicatrices del acn\u00e9<\/h2>\t\t\t\t<\/div>\n\t\t\t\t<\/div>\n\t\t\t\t\t<\/div>\n\t\t<\/div>\n\t\t\t\t<div class=\"elementor-column elementor-col-50 elementor-inner-column elementor-element elementor-element-2671c53e\" data-id=\"2671c53e\" data-element_type=\"column\" data-e-type=\"column\">\n\t\t\t<div class=\"elementor-widget-wrap elementor-element-populated\">\n\t\t\t\t\t\t<div class=\"elementor-element elementor-element-32fcf03f elementor-widget elementor-widget-text-editor\" data-id=\"32fcf03f\" data-element_type=\"widget\" data-e-type=\"widget\" data-widget_type=\"text-editor.default\">\n\t\t\t\t<div class=\"elementor-widget-container\">\n\t\t\t\t\t\t\t\t\t<p>El acn\u00e9 puede aparecer en cualquier etapa de la vida: las investigaciones indican que entre el 40 y el 55% de los adultos de 20 a 40 a\u00f1os sufren acn\u00e9 de bajo grado y piel grasa.<\/p>\n<p>Esto subraya la importante oportunidad que tienen los proveedores m\u00e9dicos y los esteticistas de ofrecer tratamientos eficaces para el acn\u00e9 activo y las cicatrices del acn\u00e9, ayudando a rejuvenecer la piel y a disminuir la visibilidad de diversas formas de acn\u00e9 y cicatrices.<\/p>\n\t\t\t\t\t\t\t\t<\/div>\n\t\t\t\t<\/div>\n\t\t\t\t\t<\/div>\n\t\t<\/div>\n\t\t\t\t\t<\/div>\n\t\t<\/section>\n\t\t\t\t\t<\/div>\n\t\t<\/div>\n\t\t\t\t\t<\/div>\n\t\t<\/section>\n\t\t\t\t<section class=\"elementor-section elementor-top-section elementor-element elementor-element-1d6b648b elementor-section-boxed elementor-section-height-default elementor-section-height-default\" data-id=\"1d6b648b\" data-element_type=\"section\" data-e-type=\"section\">\n\t\t\t\t\t\t<div class=\"elementor-container elementor-column-gap-default\">\n\t\t\t\t\t<div class=\"elementor-column elementor-col-100 elementor-top-column elementor-element elementor-element-17c99621\" data-id=\"17c99621\" data-element_type=\"column\" data-e-type=\"column\">\n\t\t\t<div class=\"elementor-widget-wrap elementor-element-populated\">\n\t\t\t\t\t\t<section class=\"elementor-section elementor-inner-section elementor-element elementor-element-ebfcd35 elementor-section-boxed elementor-section-height-default elementor-section-height-default\" data-id=\"ebfcd35\" data-element_type=\"section\" data-e-type=\"section\">\n\t\t\t\t\t\t<div class=\"elementor-container elementor-column-gap-default\">\n\t\t\t\t\t<div class=\"elementor-column elementor-col-50 elementor-inner-column elementor-element elementor-element-0ec5803\" data-id=\"0ec5803\" data-element_type=\"column\" data-e-type=\"column\">\n\t\t\t<div class=\"elementor-widget-wrap elementor-element-populated\">\n\t\t\t\t\t\t<div class=\"elementor-element elementor-element-200b553c elementor-widget__width-initial elementor-widget elementor-widget-image\" data-id=\"200b553c\" data-element_type=\"widget\" data-e-type=\"widget\" data-widget_type=\"image.default\">\n\t\t\t\t<div class=\"elementor-widget-container\">\n\t\t\t\t\t\t\t\t\t\t\t\t\t\t\t<img fetchpriority=\"high\" decoding=\"async\" width=\"598\" height=\"716\" src=\"https:\/\/ivharmonyclinic.com\/wp-content\/uploads\/2024\/03\/Intensif-1.png.webp\" class=\"attachment-large size-large wp-image-9125\" alt=\"Active Acne &amp; Acne Scars\" srcset=\"https:\/\/ivharmonyclinic.com\/wp-content\/uploads\/2024\/03\/Intensif-1.png.webp 598w, https:\/\/ivharmonyclinic.com\/wp-content\/uploads\/2024\/03\/Intensif-1.png-251x300.webp 251w\" sizes=\"(max-width: 598px) 100vw, 598px\" title=\"\">\t\t\t\t\t\t\t\t\t\t\t\t\t\t\t<\/div>\n\t\t\t\t<\/div>\n\t\t\t\t\t<\/div>\n\t\t<\/div>\n\t\t\t\t<div class=\"elementor-column elementor-col-50 elementor-inner-column elementor-element elementor-element-5ca1950\" data-id=\"5ca1950\" data-element_type=\"column\" data-e-type=\"column\">\n\t\t\t<div class=\"elementor-widget-wrap elementor-element-populated\">\n\t\t\t\t\t\t<div class=\"elementor-element elementor-element-4d4457ab elementor-widget elementor-widget-text-editor\" data-id=\"4d4457ab\" data-element_type=\"widget\" data-e-type=\"widget\" data-widget_type=\"text-editor.default\">\n\t\t\t\t<div class=\"elementor-widget-container\">\n\t\t\t\t\t\t\t\t\t<p><strong>Resultados excepcionales<\/strong><br \/>Intensif ofrece una gama de profundidades de aguja de 0,5 mm a 5,0 mm, junto con agujas no aisladas, que garantizan una administraci\u00f3n eficaz de la energ\u00eda de radiofrecuencia directamente en las capas d\u00e9rmicas objetivo. Esta capacidad hace que el tratamiento incluso de las cicatrices de acn\u00e9 m\u00e1s profundas sea sencillo y eficaz.<\/p>\n<p><strong>Experiencia mejorada para el paciente<\/strong><br \/>Gracias a su innovadora tecnolog\u00eda de inserci\u00f3n de agujas Smooth Motion, los tratamientos Intensif RF Microneedling ofrecen una experiencia c\u00f3moda y totalmente segura para todos los tipos de piel.<\/p>\n<p><strong>Soluciones a medida<\/strong><br \/>Las cicatrices del acn\u00e9, a menudo dif\u00edciles de tratar, especialmente para las personas con tonos de piel m\u00e1s oscuros debido a la posibilidad de que se produzcan problemas de pigmentaci\u00f3n tras el tratamiento con l\u00e1ser y otros tratamientos basados en el calor, encuentran una soluci\u00f3n en Intensif RF Microneedling. Este m\u00e9todo proporciona tratamientos de cicatrices de acn\u00e9 realmente eficaces y personalizados para cada paciente, lo que garantiza una alta eficacia sin riesgo de efectos adversos ni cambios de pigmentaci\u00f3n.<\/p>\n\t\t\t\t\t\t\t\t<\/div>\n\t\t\t\t<\/div>\n\t\t\t\t\t<\/div>\n\t\t<\/div>\n\t\t\t\t\t<\/div>\n\t\t<\/section>\n\t\t\t\t<div class=\"elementor-element elementor-element-d5377b1 elementor-widget elementor-widget-text-editor\" data-id=\"d5377b1\" data-element_type=\"widget\" data-e-type=\"widget\" data-widget_type=\"text-editor.default\">\n\t\t\t\t<div class=\"elementor-widget-container\">\n\t\t\t\t\t\t\t\t\t<h3>Soluciones de primera para el cuidado de la piel con acn\u00e9 activo y cicatrices de acn\u00e9 en Lutz, Florida<\/h3>\n<p>En la Cl\u00ednica IV Harmony, ofrecemos servicios especializados de tratamiento cut\u00e1neo dise\u00f1ados para tratar diversos problemas de la piel, como el acn\u00e9 y las cicatrices del acn\u00e9. Nuestros tratamientos de vanguardia, incluidos el tratamiento de radiofrecuencia y el microneedling Intensif, est\u00e1n dise\u00f1ados para mejorar el tono y la textura de la piel, ayud\u00e1ndote a conseguir una piel m\u00e1s suave y radiante. <\/p>\n<h4>Transforma tu piel con el estiramiento cut\u00e1neo RF y el <a href=\"https:\/\/ivharmonyclinic.com\/es\/servicios-de-microneedling-en-iv-harmony-clinic-su-destino-1-para-el-mejor-skinpen-en-lutz-florida\/\">microneedling<\/a> Intensif<\/h4>\n<p>Nuestra vanguardista tecnolog\u00eda de estiramiento cut\u00e1neo por radiofrecuencia es perfecta para quienes buscan combatir los signos del envejecimiento y la flacidez de la piel. Este tratamiento no invasivo estimula la producci\u00f3n de col\u00e1geno, dando lugar a una piel m\u00e1s firme y tensa. El tratamiento de RF es ideal para mejorar la elasticidad de la piel y la juventud general sin tiempo de inactividad.  <\/p>\n<p>El microneedling Intensif va un paso m\u00e1s all\u00e1, al dirigirse espec\u00edficamente a las cicatrices del acn\u00e9 y las manchas de la edad. Esta t\u00e9cnica avanzada de cuidado de la piel penetra en las capas m\u00e1s profundas de la piel, promoviendo una curaci\u00f3n y un rejuvenecimiento intensos. Es especialmente eficaz para tratar diversos tipos de cicatrices de acn\u00e9, lo que la convierte en una soluci\u00f3n vers\u00e1til y muy solicitada por nuestros clientes.  <\/p>\n<h4>Tratamientos a medida para todos los tonos de piel<\/h4>\n<p>En la Cl\u00ednica IV Harmony comprendemos que cada tipo de piel tiene necesidades \u00fanicas. Nuestros tratamientos est\u00e1n dise\u00f1ados para ser eficaces en distintos tonos de piel, garantizando que todo el mundo pueda beneficiarse de nuestras soluciones para el acn\u00e9 y las cicatrices del acn\u00e9. Tanto si tienes cicatrices planas como elevadas, nuestros tratamientos pueden personalizarse para adaptarse a las necesidades espec\u00edficas de tu piel.  <\/p>\n<h4>\u00bfPor qu\u00e9 elegir nuestros tratamientos activos para el acn\u00e9 y las cicatrices del acn\u00e9?<\/h4>\n<ul>\n<li><strong>Cuidado integral de la piel<\/strong>: Desde el estiramiento cut\u00e1neo con radiofrecuencia hasta la micropunci\u00f3n Intensif, nuestros tratamientos abordan no s\u00f3lo el acn\u00e9 y las cicatrices del acn\u00e9, sino tambi\u00e9n los signos del envejecimiento y la flacidez de la piel.<\/li>\n<li><strong>Tecnolog\u00eda avanzada<\/strong>: Utiliza los \u00faltimos avances en tratamientos de radiofrecuencia y microneedling para tratar las cicatrices del acn\u00e9 y rejuvenecer tu piel.<\/li>\n<li><strong>Personalizado para tus necesidades<\/strong>: Nuestros expertos en el cuidado de la piel adaptar\u00e1n los tratamientos a tu tipo de cicatriz de acn\u00e9 y tono de piel, garantizando unos resultados \u00f3ptimos.<\/li>\n<\/ul>\n<p>Descubre un nuevo nivel de confianza con nuestros tratamientos expertos para las cicatrices del acn\u00e9 en la Cl\u00ednica IV Harmony. Con nuestro compromiso con las soluciones avanzadas para el cuidado de la piel y los planes de tratamiento personalizados, estamos aqu\u00ed para ayudarte a conseguir la piel clara y suave que te mereces. <\/p>\n<p>Vis\u00edtanos hoy en Lutz, Florida, para saber m\u00e1s sobre nuestros innovadores tratamientos cut\u00e1neos o para concertar una consulta con uno de nuestros especialistas en el cuidado de la piel. Deja que te ayudemos a combatir las cicatrices del acn\u00e9 y a lucir tu piel m\u00e1s bonita. <\/p>\n\t\t\t\t\t\t\t\t<\/div>\n\t\t\t\t<\/div>\n\t\t\t\t\t<\/div>\n\t\t<\/div>\n\t\t\t\t\t<\/div>\n\t\t<\/section>\n\t\t\t\t<section class=\"elementor-section elementor-top-section elementor-element elementor-element-2e982e53 elementor-section-boxed elementor-section-height-default elementor-section-height-default\" data-id=\"2e982e53\" data-element_type=\"section\" data-e-type=\"section\" data-settings=\"{&quot;background_background&quot;:&quot;classic&quot;}\">\n\t\t\t\t\t\t<div class=\"elementor-container elementor-column-gap-default\">\n\t\t\t\t\t<div class=\"elementor-column elementor-col-50 elementor-top-column elementor-element elementor-element-537cbabb\" data-id=\"537cbabb\" data-element_type=\"column\" data-e-type=\"column\">\n\t\t\t<div class=\"elementor-widget-wrap elementor-element-populated\">\n\t\t\t\t\t\t<div class=\"elementor-element elementor-element-4a9be904 elementor-widget elementor-widget-heading\" data-id=\"4a9be904\" data-element_type=\"widget\" data-e-type=\"widget\" data-widget_type=\"heading.default\">\n\t\t\t\t<div class=\"elementor-widget-container\">\n\t\t\t\t\t<h2 class=\"elementor-heading-title elementor-size-default\">Experimente la diferencia en IV Harmony Clinic<\/h2>\t\t\t\t<\/div>\n\t\t\t\t<\/div>\n\t\t\t\t<div class=\"elementor-element elementor-element-47e103b elementor-widget elementor-widget-text-editor\" data-id=\"47e103b\" data-element_type=\"widget\" data-e-type=\"widget\" data-widget_type=\"text-editor.default\">\n\t\t\t\t<div class=\"elementor-widget-container\">\n\t\t\t\t\t\t\t\t\t<p>En la Cl\u00ednica IV Harmony creemos que la belleza es algo m\u00e1s que la piel: es un reflejo de tu vitalidad y confianza interiores. Con la terapia de radiofrecuencia, puede descubrir el secreto de la belleza atemporal e irradiar energ\u00eda juvenil a cualquier edad.<\/p>\n<p>\u00bfEst\u00e1 preparado para hacer retroceder las agujas del reloj y mostrar un aspecto m\u00e1s joven y revitalizado? Programe su consulta con IV Harmony Clinic hoy mismo y descubra el poder transformador de la terapia de radiofrecuencia (RF). Abraza una nueva era de belleza y confianza, porque te mereces verte y sentirte lo mejor posible.<\/p>\n<p><em>Transforma tu piel. Transforma tu vida. Experimente la diferencia de IV Harmony.<\/em><\/p>\n\t\t\t\t\t\t\t\t<\/div>\n\t\t\t\t<\/div>\n\t\t\t\t\t<\/div>\n\t\t<\/div>\n\t\t\t\t<div class=\"elementor-column elementor-col-50 elementor-top-column elementor-element elementor-element-60d61597\" data-id=\"60d61597\" data-element_type=\"column\" data-e-type=\"column\">\n\t\t\t<div class=\"elementor-widget-wrap elementor-element-populated\">\n\t\t\t\t\t\t<div class=\"elementor-element elementor-element-3a5688ce elementor-widget elementor-widget-image\" data-id=\"3a5688ce\" data-element_type=\"widget\" data-e-type=\"widget\" data-widget_type=\"image.default\">\n\t\t\t\t<div class=\"elementor-widget-container\">\n\t\t\t\t\t\t\t\t\t\t\t\t\t\t\t<img decoding=\"async\" width=\"760\" height=\"1024\" src=\"https:\/\/ivharmonyclinic.com\/wp-content\/uploads\/2024\/01\/front-IV-Clinic-760x1024.jpg\" class=\"attachment-large size-large wp-image-9080\" alt=\"\" srcset=\"https:\/\/ivharmonyclinic.com\/wp-content\/uploads\/2024\/01\/front-IV-Clinic-760x1024.jpg 760w, https:\/\/ivharmonyclinic.com\/wp-content\/uploads\/2024\/01\/front-IV-Clinic-223x300.jpg 223w, https:\/\/ivharmonyclinic.com\/wp-content\/uploads\/2024\/01\/front-IV-Clinic-768x1035.jpg 768w, https:\/\/ivharmonyclinic.com\/wp-content\/uploads\/2024\/01\/front-IV-Clinic.jpg 808w\" sizes=\"(max-width: 760px) 100vw, 760px\" title=\"\">\t\t\t\t\t\t\t\t\t\t\t\t\t\t\t<\/div>\n\t\t\t\t<\/div>\n\t\t\t\t\t<\/div>\n\t\t<\/div>\n\t\t\t\t\t<\/div>\n\t\t<\/section>\n\t\t\t\t<section class=\"elementor-section elementor-top-section elementor-element elementor-element-c075552 elementor-section-boxed elementor-section-height-default elementor-section-height-default\" data-id=\"c075552\" data-element_type=\"section\" data-e-type=\"section\">\n\t\t\t\t\t\t<div class=\"elementor-container elementor-column-gap-default\">\n\t\t\t\t\t<div class=\"elementor-column elementor-col-100 elementor-top-column elementor-element elementor-element-0291f2d\" data-id=\"0291f2d\" data-element_type=\"column\" data-e-type=\"column\">\n\t\t\t<div class=\"elementor-widget-wrap elementor-element-populated\">\n\t\t\t\t\t\t<div class=\"elementor-element elementor-element-b2bd471 elementor-widget elementor-widget-image\" data-id=\"b2bd471\" data-element_type=\"widget\" data-e-type=\"widget\" data-widget_type=\"image.default\">\n\t\t\t\t<div class=\"elementor-widget-container\">\n\t\t\t\t\t\t\t\t\t\t\t\t\t\t\t\t<a href=\"https:\/\/www.carecredit.com\/apply?sitecode=bb3lopc06182018\" target=\"_blank\" rel=\"noopener\">\n\t\t\t\t\t\t\t<img decoding=\"async\" width=\"800\" height=\"105\" src=\"https:\/\/ivharmonyclinic.com\/wp-content\/uploads\/2022\/04\/carecredit_notag_teal.png\" class=\"attachment-large size-large wp-image-8995\" alt=\"\" srcset=\"https:\/\/ivharmonyclinic.com\/wp-content\/uploads\/2022\/04\/carecredit_notag_teal.png 800w, https:\/\/ivharmonyclinic.com\/wp-content\/uploads\/2022\/04\/carecredit_notag_teal-300x39.png 300w, https:\/\/ivharmonyclinic.com\/wp-content\/uploads\/2022\/04\/carecredit_notag_teal-768x101.png 768w, https:\/\/ivharmonyclinic.com\/wp-content\/uploads\/2022\/04\/carecredit_notag_teal-18x2.png 18w\" sizes=\"(max-width: 800px) 100vw, 800px\" title=\"\">\t\t\t\t\t\t\t\t<\/a>\n\t\t\t\t\t\t\t\t\t\t\t\t\t\t\t<\/div>\n\t\t\t\t<\/div>\n\t\t\t\t\t<\/div>\n\t\t<\/div>\n\t\t\t\t\t<\/div>\n\t\t<\/section>\n\t\t\t\t<\/div>\n\t\t","protected":false},"excerpt":{"rendered":"<p>Acn\u00e9 activo y cicatrices de acn\u00e9 Reducci\u00f3n del acn\u00e9 activo y las cicatrices del acn\u00e9 Para todo tipo de acn\u00e9 activo y cicatrices del acn\u00e9 El acn\u00e9 puede aparecer en cualquier etapa de la vida: las investigaciones indican que entre el 40 y el 55% de los adultos de 20 a 40 a\u00f1os sufren acn\u00e9 [&hellip;]<\/p>\n","protected":false},"author":1,"featured_media":0,"parent":0,"menu_order":0,"comment_status":"closed","ping_status":"closed","template":"","meta":{"site-sidebar-layout":"no-sidebar","site-content-layout":"page-builder","ast-site-content-layout":"full-width-container","site-content-style":"default","site-sidebar-style":"default","ast-global-header-display":"","ast-banner-title-visibility":"","ast-main-header-display":"","ast-hfb-above-header-display":"","ast-hfb-below-header-display":"","ast-hfb-mobile-header-display":"","site-post-title":"disabled","ast-breadcrumbs-content":"","ast-featured-img":"disabled","footer-sml-layout":"","ast-disable-related-posts":"","theme-transparent-header-meta":"","adv-header-id-meta":"","stick-header-meta":"","header-above-stick-meta":"","header-main-stick-meta":"","header-below-stick-meta":"","astra-migrate-meta-layouts":"default","ast-page-background-enabled":"default","ast-page-background-meta":{"desktop":{"background-color":"var(--ast-global-color-4)","background-image":"","background-repeat":"repeat","background-position":"center center","background-size":"auto","background-attachment":"scroll","background-type":"","background-media":"","overlay-type":"","overlay-color":"","overlay-opacity":"","overlay-gradient":""},"tablet":{"background-color":"","background-image":"","background-repeat":"repeat","background-position":"center center","background-size":"auto","background-attachment":"scroll","background-type":"","background-media":"","overlay-type":"","overlay-color":"","overlay-opacity":"","overlay-gradient":""},"mobile":{"background-color":"","background-image":"","background-repeat":"repeat","background-position":"center center","background-size":"auto","background-attachment":"scroll","background-type":"","background-media":"","overlay-type":"","overlay-color":"","overlay-opacity":"","overlay-gradient":""}},"ast-content-background-meta":{"desktop":{"background-color":"var(--ast-global-color-5)","background-image":"","background-repeat":"repeat","background-position":"center center","background-size":"auto","background-attachment":"scroll","background-type":"","background-media":"","overlay-type":"","overlay-color":"","overlay-opacity":"","overlay-gradient":""},"tablet":{"background-color":"var(--ast-global-color-5)","background-image":"","background-repeat":"repeat","background-position":"center center","background-size":"auto","background-attachment":"scroll","background-type":"","background-media":"","overlay-type":"","overlay-color":"","overlay-opacity":"","overlay-gradient":""},"mobile":{"background-color":"var(--ast-global-color-5)","background-image":"","background-repeat":"repeat","background-position":"center center","background-size":"auto","background-attachment":"scroll","background-type":"","background-media":"","overlay-type":"","overlay-color":"","overlay-opacity":"","overlay-gradient":""}},"footnotes":""},"class_list":["post-9150","page","type-page","status-publish","hentry"],"_links":{"self":[{"href":"https:\/\/ivharmonyclinic.com\/es\/wp-json\/wp\/v2\/pages\/9150","targetHints":{"allow":["GET"]}}],"collection":[{"href":"https:\/\/ivharmonyclinic.com\/es\/wp-json\/wp\/v2\/pages"}],"about":[{"href":"https:\/\/ivharmonyclinic.com\/es\/wp-json\/wp\/v2\/types\/page"}],"author":[{"embeddable":true,"href":"https:\/\/ivharmonyclinic.com\/es\/wp-json\/wp\/v2\/users\/1"}],"replies":[{"embeddable":true,"href":"https:\/\/ivharmonyclinic.com\/es\/wp-json\/wp\/v2\/comments?post=9150"}],"version-history":[{"count":3,"href":"https:\/\/ivharmonyclinic.com\/es\/wp-json\/wp\/v2\/pages\/9150\/revisions"}],"predecessor-version":[{"id":11784,"href":"https:\/\/ivharmonyclinic.com\/es\/wp-json\/wp\/v2\/pages\/9150\/revisions\/11784"}],"wp:attachment":[{"href":"https:\/\/ivharmonyclinic.com\/es\/wp-json\/wp\/v2\/media?parent=9150"}],"curies":[{"name":"wp","href":"https:\/\/api.w.org\/{rel}","templated":true}]}}