{"id":9141,"date":"2023-11-07T16:30:08","date_gmt":"2023-11-07T16:30:08","guid":{"rendered":"https:\/\/ivharmonyclinic.com\/skinpen-microneedling\/"},"modified":"2024-10-09T11:38:44","modified_gmt":"2024-10-09T11:38:44","slug":"skinpen-microneedling","status":"publish","type":"page","link":"https:\/\/ivharmonyclinic.com\/es\/skinpen-microneedling\/","title":{"rendered":"SkinPen Microneedling"},"content":{"rendered":"\t\t<div data-elementor-type=\"wp-page\" data-elementor-id=\"9141\" class=\"elementor elementor-9141 elementor-6221\" data-elementor-post-type=\"page\">\n\t\t\t\t\t\t<section class=\"elementor-section elementor-top-section elementor-element elementor-element-6535550e elementor-section-height-min-height elementor-section-full_width elementor-section-height-default elementor-section-items-middle\" data-id=\"6535550e\" data-element_type=\"section\" data-e-type=\"section\" data-settings=\"{&quot;background_background&quot;:&quot;classic&quot;,&quot;shape_divider_bottom&quot;:&quot;mountains&quot;}\">\n\t\t\t\t\t\t\t<div class=\"elementor-background-overlay\"><\/div>\n\t\t\t\t\t\t<div class=\"elementor-shape elementor-shape-bottom\" aria-hidden=\"true\" data-negative=\"false\">\n\t\t\t<svg xmlns=\"http:\/\/www.w3.org\/2000\/svg\" viewBox=\"0 0 1000 100\" preserveAspectRatio=\"none\">\n\t<path class=\"elementor-shape-fill\" opacity=\"0.33\" d=\"M473,67.3c-203.9,88.3-263.1-34-320.3,0C66,119.1,0,59.7,0,59.7V0h1000v59.7 c0,0-62.1,26.1-94.9,29.3c-32.8,3.3-62.8-12.3-75.8-22.1C806,49.6,745.3,8.7,694.9,4.7S492.4,59,473,67.3z\"\/>\n\t<path class=\"elementor-shape-fill\" opacity=\"0.66\" d=\"M734,67.3c-45.5,0-77.2-23.2-129.1-39.1c-28.6-8.7-150.3-10.1-254,39.1 s-91.7-34.4-149.2,0C115.7,118.3,0,39.8,0,39.8V0h1000v36.5c0,0-28.2-18.5-92.1-18.5C810.2,18.1,775.7,67.3,734,67.3z\"\/>\n\t<path class=\"elementor-shape-fill\" d=\"M766.1,28.9c-200-57.5-266,65.5-395.1,19.5C242,1.8,242,5.4,184.8,20.6C128,35.8,132.3,44.9,89.9,52.5C28.6,63.7,0,0,0,0 h1000c0,0-9.9,40.9-83.6,48.1S829.6,47,766.1,28.9z\"\/>\n<\/svg>\t\t<\/div>\n\t\t\t\t\t<div class=\"elementor-container elementor-column-gap-no\">\n\t\t\t\t\t<div class=\"elementor-column elementor-col-100 elementor-top-column elementor-element elementor-element-58573d10\" data-id=\"58573d10\" data-element_type=\"column\" data-e-type=\"column\">\n\t\t\t<div class=\"elementor-widget-wrap elementor-element-populated\">\n\t\t\t\t\t\t<div class=\"elementor-element elementor-element-5cffa352 elementor-widget elementor-widget-heading\" data-id=\"5cffa352\" data-element_type=\"widget\" data-e-type=\"widget\" data-widget_type=\"heading.default\">\n\t\t\t\t<div class=\"elementor-widget-container\">\n\t\t\t\t\t<h1 class=\"elementor-heading-title elementor-size-default\">SkinPen microneedling<\/h1>\t\t\t\t<\/div>\n\t\t\t\t<\/div>\n\t\t\t\t\t<\/div>\n\t\t<\/div>\n\t\t\t\t\t<\/div>\n\t\t<\/section>\n\t\t\t\t<section class=\"elementor-section elementor-top-section elementor-element elementor-element-e30c855 elementor-section-boxed elementor-section-height-default elementor-section-height-default\" data-id=\"e30c855\" data-element_type=\"section\" data-e-type=\"section\">\n\t\t\t\t\t\t<div class=\"elementor-container elementor-column-gap-default\">\n\t\t\t\t\t<div class=\"elementor-column elementor-col-50 elementor-top-column elementor-element elementor-element-8c83046\" data-id=\"8c83046\" data-element_type=\"column\" data-e-type=\"column\">\n\t\t\t<div class=\"elementor-widget-wrap elementor-element-populated\">\n\t\t\t\t\t\t<div class=\"elementor-element elementor-element-e26f16b elementor-widget elementor-widget-image\" data-id=\"e26f16b\" data-element_type=\"widget\" data-e-type=\"widget\" data-widget_type=\"image.default\">\n\t\t\t\t<div class=\"elementor-widget-container\">\n\t\t\t\t\t\t\t\t\t\t\t\t\t\t\t<img fetchpriority=\"high\" decoding=\"async\" width=\"1024\" height=\"576\" src=\"https:\/\/ivharmonyclinic.com\/wp-content\/uploads\/2023\/12\/day-4-1024x576.jpg\" class=\"attachment-large size-large wp-image-9067\" alt=\"\" srcset=\"https:\/\/ivharmonyclinic.com\/wp-content\/uploads\/2023\/12\/day-4-1024x576.jpg 1024w, https:\/\/ivharmonyclinic.com\/wp-content\/uploads\/2023\/12\/day-4-300x169.jpg 300w, https:\/\/ivharmonyclinic.com\/wp-content\/uploads\/2023\/12\/day-4-768x432.jpg 768w, https:\/\/ivharmonyclinic.com\/wp-content\/uploads\/2023\/12\/day-4-1536x864.jpg 1536w, https:\/\/ivharmonyclinic.com\/wp-content\/uploads\/2023\/12\/day-4-18x10.jpg 18w, https:\/\/ivharmonyclinic.com\/wp-content\/uploads\/2023\/12\/day-4-1320x743.jpg 1320w, https:\/\/ivharmonyclinic.com\/wp-content\/uploads\/2023\/12\/day-4.jpg 1920w\" sizes=\"(max-width: 1024px) 100vw, 1024px\" title=\"\">\t\t\t\t\t\t\t\t\t\t\t\t\t\t\t<\/div>\n\t\t\t\t<\/div>\n\t\t\t\t\t<\/div>\n\t\t<\/div>\n\t\t\t\t<div class=\"elementor-column elementor-col-50 elementor-top-column elementor-element elementor-element-35c927a\" data-id=\"35c927a\" data-element_type=\"column\" data-e-type=\"column\">\n\t\t\t<div class=\"elementor-widget-wrap elementor-element-populated\">\n\t\t\t\t\t\t<div class=\"elementor-element elementor-element-4aee2d41 elementor-widget elementor-widget-text-editor\" data-id=\"4aee2d41\" data-element_type=\"widget\" data-e-type=\"widget\" data-widget_type=\"text-editor.default\">\n\t\t\t\t<div class=\"elementor-widget-container\">\n\t\t\t\t\t\t\t\t\t<p>Descubra el poder de SkinPen microneedling y libere la belleza natural de su piel en IV Harmony Clinic. Estamos orgullosos de ofrecer la tecnolog\u00eda de microneedling m\u00e1s avanzada disponible, proporcion\u00e1ndole resultados excepcionales y una renovada sensaci\u00f3n de confianza. Diga adi\u00f3s a las imperfecciones de la piel y salude a un cutis m\u00e1s vibrante y joven.<\/p>\n\t\t\t\t\t\t\t\t<\/div>\n\t\t\t\t<\/div>\n\t\t\t\t\t<\/div>\n\t\t<\/div>\n\t\t\t\t\t<\/div>\n\t\t<\/section>\n\t\t\t\t<section class=\"elementor-section elementor-top-section elementor-element elementor-element-708d2186 elementor-section-boxed elementor-section-height-default elementor-section-height-default\" data-id=\"708d2186\" data-element_type=\"section\" data-e-type=\"section\">\n\t\t\t\t\t\t<div class=\"elementor-container elementor-column-gap-default\">\n\t\t\t\t\t<div class=\"elementor-column elementor-col-50 elementor-top-column elementor-element elementor-element-3061b52e\" data-id=\"3061b52e\" data-element_type=\"column\" data-e-type=\"column\">\n\t\t\t<div class=\"elementor-widget-wrap elementor-element-populated\">\n\t\t\t\t\t\t<div class=\"elementor-element elementor-element-7a090aa1 elementor-widget elementor-widget-image\" data-id=\"7a090aa1\" data-element_type=\"widget\" data-e-type=\"widget\" data-widget_type=\"image.default\">\n\t\t\t\t<div class=\"elementor-widget-container\">\n\t\t\t\t\t\t\t\t\t\t\t\t\t\t\t<img decoding=\"async\" width=\"616\" height=\"811\" src=\"https:\/\/ivharmonyclinic.com\/wp-content\/uploads\/2023\/05\/Capture-080-copy-1.jpg\" class=\"attachment-large size-large wp-image-8930\" alt=\"\" srcset=\"https:\/\/ivharmonyclinic.com\/wp-content\/uploads\/2023\/05\/Capture-080-copy-1.jpg 616w, https:\/\/ivharmonyclinic.com\/wp-content\/uploads\/2023\/05\/Capture-080-copy-1-228x300.jpg 228w, https:\/\/ivharmonyclinic.com\/wp-content\/uploads\/2023\/05\/Capture-080-copy-1-9x12.jpg 9w\" sizes=\"(max-width: 616px) 100vw, 616px\" title=\"\">\t\t\t\t\t\t\t\t\t\t\t\t\t\t\t<\/div>\n\t\t\t\t<\/div>\n\t\t\t\t\t<\/div>\n\t\t<\/div>\n\t\t\t\t<div class=\"elementor-column elementor-col-50 elementor-top-column elementor-element elementor-element-28078169\" data-id=\"28078169\" data-element_type=\"column\" data-e-type=\"column\">\n\t\t\t<div class=\"elementor-widget-wrap elementor-element-populated\">\n\t\t\t\t\t\t<div class=\"elementor-element elementor-element-3514941e elementor-widget elementor-widget-text-editor\" data-id=\"3514941e\" data-element_type=\"widget\" data-e-type=\"widget\" data-widget_type=\"text-editor.default\">\n\t\t\t\t<div class=\"elementor-widget-container\">\n\t\t\t\t\t\t\t\t\t<p><strong>Presentaci\u00f3n de SkinPen Microneedling<\/strong><\/p>\n<p>SkinPen es un dispositivo de micropunci\u00f3n de \u00faltima generaci\u00f3n que utiliza agujas finas y est\u00e9riles para crear microlesiones controladas en la superficie de la piel. Estas microlesiones estimulan la producci\u00f3n de col\u00e1geno y elastina, dos prote\u00ednas esenciales responsables del mantenimiento de la estructura y la elasticidad de la piel. Como resultado, puede experimentar una serie de beneficios notables, incluyendo:<\/p>\n\t\t\t\t\t\t\t\t<\/div>\n\t\t\t\t<\/div>\n\t\t\t\t\t<\/div>\n\t\t<\/div>\n\t\t\t\t\t<\/div>\n\t\t<\/section>\n\t\t\t\t<section class=\"elementor-section elementor-top-section elementor-element elementor-element-74e1488e elementor-section-boxed elementor-section-height-default elementor-section-height-default\" data-id=\"74e1488e\" data-element_type=\"section\" data-e-type=\"section\" data-settings=\"{&quot;background_background&quot;:&quot;classic&quot;,&quot;shape_divider_top&quot;:&quot;tilt&quot;,&quot;shape_divider_bottom&quot;:&quot;tilt&quot;}\">\n\t\t\t\t\t<div class=\"elementor-shape elementor-shape-top\" aria-hidden=\"true\" data-negative=\"false\">\n\t\t\t<svg xmlns=\"http:\/\/www.w3.org\/2000\/svg\" viewBox=\"0 0 1000 100\" preserveAspectRatio=\"none\">\n\t<path class=\"elementor-shape-fill\" d=\"M0,6V0h1000v100L0,6z\"\/>\n<\/svg>\t\t<\/div>\n\t\t\t\t<div class=\"elementor-shape elementor-shape-bottom\" aria-hidden=\"true\" data-negative=\"false\">\n\t\t\t<svg xmlns=\"http:\/\/www.w3.org\/2000\/svg\" viewBox=\"0 0 1000 100\" preserveAspectRatio=\"none\">\n\t<path class=\"elementor-shape-fill\" d=\"M0,6V0h1000v100L0,6z\"\/>\n<\/svg>\t\t<\/div>\n\t\t\t\t\t<div class=\"elementor-container elementor-column-gap-default\">\n\t\t\t\t\t<div class=\"elementor-column elementor-col-50 elementor-top-column elementor-element elementor-element-6b03b874\" data-id=\"6b03b874\" data-element_type=\"column\" data-e-type=\"column\">\n\t\t\t<div class=\"elementor-widget-wrap elementor-element-populated\">\n\t\t\t\t\t\t<div class=\"elementor-element elementor-element-40d3dc7b elementor-widget elementor-widget-text-editor\" data-id=\"40d3dc7b\" data-element_type=\"widget\" data-e-type=\"widget\" data-widget_type=\"text-editor.default\">\n\t\t\t\t<div class=\"elementor-widget-container\">\n\t\t\t\t\t\t\t\t\t<ul>\n<li>Reducci\u00f3n de l\u00edneas finas, arrugas y patas de gallo<\/li>\n<li>Mejora de la textura y el tono de la piel<\/li>\n<li>Minimizaci\u00f3n del tama\u00f1o de los poros<\/li>\n<li>Disminuci\u00f3n de cicatrices de acn\u00e9 y estr\u00edas<\/li>\n<li>Mejora del aspecto general de la piel y de su luminosidad<\/li>\n<\/ul>\n\t\t\t\t\t\t\t\t<\/div>\n\t\t\t\t<\/div>\n\t\t\t\t\t<\/div>\n\t\t<\/div>\n\t\t\t\t<div class=\"elementor-column elementor-col-50 elementor-top-column elementor-element elementor-element-57ff73bf\" data-id=\"57ff73bf\" data-element_type=\"column\" data-e-type=\"column\" data-settings=\"{&quot;background_background&quot;:&quot;classic&quot;}\">\n\t\t\t<div class=\"elementor-widget-wrap\">\n\t\t\t\t\t\t\t<\/div>\n\t\t<\/div>\n\t\t\t\t\t<\/div>\n\t\t<\/section>\n\t\t\t\t<section class=\"elementor-section elementor-top-section elementor-element elementor-element-3743ba19 elementor-section-boxed elementor-section-height-default elementor-section-height-default\" data-id=\"3743ba19\" data-element_type=\"section\" data-e-type=\"section\">\n\t\t\t\t\t\t<div class=\"elementor-container elementor-column-gap-default\">\n\t\t\t\t\t<div class=\"elementor-column elementor-col-100 elementor-top-column elementor-element elementor-element-44630894\" data-id=\"44630894\" data-element_type=\"column\" data-e-type=\"column\">\n\t\t\t<div class=\"elementor-widget-wrap elementor-element-populated\">\n\t\t\t\t\t\t<div class=\"elementor-element elementor-element-62d1d143 elementor-widget elementor-widget-text-editor\" data-id=\"62d1d143\" data-element_type=\"widget\" data-e-type=\"widget\" data-widget_type=\"text-editor.default\">\n\t\t\t\t<div class=\"elementor-widget-container\">\n\t\t\t\t\t\t\t\t\t<p>\u00bfPor qu\u00e9 elegir IV Harmony Clinic para SkinPen Microneedling?<\/p>\n<ol>\n<li>\n<p>Conocimientos y experiencia: En IV Harmony Clinic, nuestro equipo de profesionales altamente cualificados y experimentados se especializa en la prestaci\u00f3n de servicios excepcionales de microneedling. Nos dedicamos a estar al d\u00eda de los \u00faltimos avances en este campo y a aplicar las t\u00e9cnicas m\u00e1s eficaces para obtener resultados extraordinarios.<\/p>\n<\/li>\n<li>\n<p>Planes de tratamiento personalizados: Entendemos que cada individuo tiene preocupaciones y metas \u00fanicas de la piel. Durante su consulta inicial, nuestros expertos evaluar\u00e1n el estado de su piel, analizar\u00e1n los resultados deseados y desarrollar\u00e1n un plan de tratamiento personalizado adaptado a sus necesidades espec\u00edficas. Su satisfacci\u00f3n y el logro de resultados \u00f3ptimos son nuestras principales prioridades.<\/p>\n<\/li>\n<li>\n<p>Comodidad y seguridad: Damos prioridad a su comodidad y seguridad a lo largo de su experiencia microneedling. Nuestra cl\u00ednica en Lutz, Florida, est\u00e1 equipada con instalaciones de \u00faltima generaci\u00f3n y se adhiere a los m\u00e1s altos est\u00e1ndares de limpieza e higiene. Puede confiar en que se encuentra en un entorno seguro y acogedor.<\/p>\n<\/li>\n<li>\n<p>Cuidados postoperatorios integrales: En IV Harmony Clinic, creemos que para obtener resultados excelentes es necesario un postratamiento adecuado. Le proporcionamos orientaci\u00f3n y apoyo completos durante su proceso de recuperaci\u00f3n, asegur\u00e1ndonos de que dispone de toda la informaci\u00f3n y las herramientas necesarias para optimizar sus resultados y lograr beneficios duraderos.<\/p>\n<\/li>\n<\/ol>\n\t\t\t\t\t\t\t\t<\/div>\n\t\t\t\t<\/div>\n\t\t\t\t\t<\/div>\n\t\t<\/div>\n\t\t\t\t\t<\/div>\n\t\t<\/section>\n\t\t\t\t<section class=\"elementor-section elementor-top-section elementor-element elementor-element-5428c2a elementor-section-boxed elementor-section-height-default elementor-section-height-default\" data-id=\"5428c2a\" data-element_type=\"section\" data-e-type=\"section\">\n\t\t\t\t\t\t<div class=\"elementor-container elementor-column-gap-default\">\n\t\t\t\t\t<div class=\"elementor-column elementor-col-100 elementor-top-column elementor-element elementor-element-7c5efbec\" data-id=\"7c5efbec\" data-element_type=\"column\" data-e-type=\"column\">\n\t\t\t<div class=\"elementor-widget-wrap elementor-element-populated\">\n\t\t\t\t\t\t<div class=\"elementor-element elementor-element-12635e93 elementor-widget elementor-widget-heading\" data-id=\"12635e93\" data-element_type=\"widget\" data-e-type=\"widget\" data-widget_type=\"heading.default\">\n\t\t\t\t<div class=\"elementor-widget-container\">\n\t\t\t\t\t<h2 class=\"elementor-heading-title elementor-size-default\">Solicite una cita hoy mismo<\/h2>\t\t\t\t<\/div>\n\t\t\t\t<\/div>\n\t\t\t\t\t<\/div>\n\t\t<\/div>\n\t\t\t\t\t<\/div>\n\t\t<\/section>\n\t\t\t\t<section class=\"elementor-section elementor-top-section elementor-element elementor-element-bd99c35 elementor-section-boxed elementor-section-height-default elementor-section-height-default\" data-id=\"bd99c35\" data-element_type=\"section\" data-e-type=\"section\">\n\t\t\t\t\t\t<div class=\"elementor-container elementor-column-gap-default\">\n\t\t\t\t\t<div class=\"elementor-column elementor-col-100 elementor-top-column elementor-element elementor-element-40d1fe31\" data-id=\"40d1fe31\" data-element_type=\"column\" data-e-type=\"column\">\n\t\t\t<div class=\"elementor-widget-wrap elementor-element-populated\">\n\t\t\t\t\t\t<div class=\"elementor-element elementor-element-c8cc42b elementor-widget elementor-widget-text-editor\" data-id=\"c8cc42b\" data-element_type=\"widget\" data-e-type=\"widget\" data-widget_type=\"text-editor.default\">\n\t\t\t\t<div class=\"elementor-widget-container\">\n\t\t\t\t\t\t\t\t\t<p>\u00bfLista para experimentar los efectos transformadores de SkinPen microneedling en IV Harmony Clinic? D\u00e9 el primer paso hacia una piel rejuvenecida y radiante solicitando una cita hoy mismo. S\u00f3lo tiene que rellenar el siguiente formulario o ponerse en contacto directamente con nuestro amable personal, y estaremos encantados de programar su consulta en el momento que m\u00e1s le convenga.<\/p>\n<p>Su piel merece el mejor cuidado y atenci\u00f3n. Deje que la Cl\u00ednica IV Harmony y nuestros servicios de microneedling SkinPen realcen la belleza natural de su piel y le devuelvan la confianza. No espere m\u00e1s, solicite su cita ahora y d\u00e9jenos ayudarle a conseguir la piel que siempre ha so\u00f1ado.<\/p>\n\t\t\t\t\t\t\t\t<\/div>\n\t\t\t\t<\/div>\n\t\t\t\t\t<\/div>\n\t\t<\/div>\n\t\t\t\t\t<\/div>\n\t\t<\/section>\n\t\t\t\t<\/div>\n\t\t","protected":false},"excerpt":{"rendered":"<p>SkinPen microneedling Descubra el poder de SkinPen microneedling y libere la belleza natural de su piel en IV Harmony Clinic. Estamos orgullosos de ofrecer la tecnolog\u00eda de microneedling m\u00e1s avanzada disponible, proporcion\u00e1ndole resultados excepcionales y una renovada sensaci\u00f3n de confianza. Diga adi\u00f3s a las imperfecciones de la piel y salude a un cutis m\u00e1s vibrante [&hellip;]<\/p>\n","protected":false},"author":1,"featured_media":0,"parent":0,"menu_order":0,"comment_status":"closed","ping_status":"closed","template":"","meta":{"site-sidebar-layout":"no-sidebar","site-content-layout":"page-builder","ast-site-content-layout":"full-width-container","site-content-style":"default","site-sidebar-style":"default","ast-global-header-display":"","ast-banner-title-visibility":"","ast-main-header-display":"","ast-hfb-above-header-display":"","ast-hfb-below-header-display":"","ast-hfb-mobile-header-display":"","site-post-title":"disabled","ast-breadcrumbs-content":"","ast-featured-img":"disabled","footer-sml-layout":"","ast-disable-related-posts":"","theme-transparent-header-meta":"","adv-header-id-meta":"","stick-header-meta":"","header-above-stick-meta":"","header-main-stick-meta":"","header-below-stick-meta":"","astra-migrate-meta-layouts":"default","ast-page-background-enabled":"default","ast-page-background-meta":{"desktop":{"background-color":"var(--ast-global-color-4)","background-image":"","background-repeat":"repeat","background-position":"center center","background-size":"auto","background-attachment":"scroll","background-type":"","background-media":"","overlay-type":"","overlay-color":"","overlay-opacity":"","overlay-gradient":""},"tablet":{"background-color":"","background-image":"","background-repeat":"repeat","background-position":"center center","background-size":"auto","background-attachment":"scroll","background-type":"","background-media":"","overlay-type":"","overlay-color":"","overlay-opacity":"","overlay-gradient":""},"mobile":{"background-color":"","background-image":"","background-repeat":"repeat","background-position":"center center","background-size":"auto","background-attachment":"scroll","background-type":"","background-media":"","overlay-type":"","overlay-color":"","overlay-opacity":"","overlay-gradient":""}},"ast-content-background-meta":{"desktop":{"background-color":"var(--ast-global-color-5)","background-image":"","background-repeat":"repeat","background-position":"center center","background-size":"auto","background-attachment":"scroll","background-type":"","background-media":"","overlay-type":"","overlay-color":"","overlay-opacity":"","overlay-gradient":""},"tablet":{"background-color":"var(--ast-global-color-5)","background-image":"","background-repeat":"repeat","background-position":"center center","background-size":"auto","background-attachment":"scroll","background-type":"","background-media":"","overlay-type":"","overlay-color":"","overlay-opacity":"","overlay-gradient":""},"mobile":{"background-color":"var(--ast-global-color-5)","background-image":"","background-repeat":"repeat","background-position":"center center","background-size":"auto","background-attachment":"scroll","background-type":"","background-media":"","overlay-type":"","overlay-color":"","overlay-opacity":"","overlay-gradient":""}},"footnotes":""},"class_list":["post-9141","page","type-page","status-publish","hentry"],"_links":{"self":[{"href":"https:\/\/ivharmonyclinic.com\/es\/wp-json\/wp\/v2\/pages\/9141","targetHints":{"allow":["GET"]}}],"collection":[{"href":"https:\/\/ivharmonyclinic.com\/es\/wp-json\/wp\/v2\/pages"}],"about":[{"href":"https:\/\/ivharmonyclinic.com\/es\/wp-json\/wp\/v2\/types\/page"}],"author":[{"embeddable":true,"href":"https:\/\/ivharmonyclinic.com\/es\/wp-json\/wp\/v2\/users\/1"}],"replies":[{"embeddable":true,"href":"https:\/\/ivharmonyclinic.com\/es\/wp-json\/wp\/v2\/comments?post=9141"}],"version-history":[{"count":3,"href":"https:\/\/ivharmonyclinic.com\/es\/wp-json\/wp\/v2\/pages\/9141\/revisions"}],"predecessor-version":[{"id":11817,"href":"https:\/\/ivharmonyclinic.com\/es\/wp-json\/wp\/v2\/pages\/9141\/revisions\/11817"}],"wp:attachment":[{"href":"https:\/\/ivharmonyclinic.com\/es\/wp-json\/wp\/v2\/media?parent=9141"}],"curies":[{"name":"wp","href":"https:\/\/api.w.org\/{rel}","templated":true}]}}