{"id":9132,"date":"2022-04-26T22:14:44","date_gmt":"2022-04-26T22:14:44","guid":{"rendered":"https:\/\/ivharmonyclinic.com\/contacto\/"},"modified":"2025-09-15T16:21:51","modified_gmt":"2025-09-15T16:21:51","slug":"contacto","status":"publish","type":"page","link":"https:\/\/ivharmonyclinic.com\/es\/contacto\/","title":{"rendered":"Contacto"},"content":{"rendered":"\t\t<div data-elementor-type=\"wp-page\" data-elementor-id=\"9132\" class=\"elementor elementor-9132 elementor-543\" data-elementor-post-type=\"page\">\n\t\t\t\t\t\t<section class=\"elementor-section elementor-top-section elementor-element elementor-element-5b0f629c elementor-section-content-middle elementor-reverse-mobile elementor-section-boxed elementor-section-height-default elementor-section-height-default\" data-id=\"5b0f629c\" data-element_type=\"section\" data-e-type=\"section\" data-settings=\"{&quot;background_background&quot;:&quot;classic&quot;}\">\n\t\t\t\t\t\t<div class=\"elementor-container elementor-column-gap-no\">\n\t\t\t\t\t<div class=\"elementor-column elementor-col-50 elementor-top-column elementor-element elementor-element-68118275\" data-id=\"68118275\" data-element_type=\"column\" data-e-type=\"column\">\n\t\t\t<div class=\"elementor-widget-wrap elementor-element-populated\">\n\t\t\t\t\t\t<div class=\"elementor-element elementor-element-3babc319 elementor-widget elementor-widget-heading\" data-id=\"3babc319\" data-element_type=\"widget\" data-e-type=\"widget\" data-widget_type=\"heading.default\">\n\t\t\t\t<div class=\"elementor-widget-container\">\n\t\t\t\t\t<h1 class=\"elementor-heading-title elementor-size-default\">P\u00f3ngase en contacto<\/h1>\t\t\t\t<\/div>\n\t\t\t\t<\/div>\n\t\t\t\t<div class=\"elementor-element elementor-element-13ddfac elementor-widget elementor-widget-html\" data-id=\"13ddfac\" data-element_type=\"widget\" data-e-type=\"widget\" data-widget_type=\"html.default\">\n\t\t\t\t<div class=\"elementor-widget-container\">\n\t\t\t\t\t<iframe src=\"https:\/\/app.ivharmonyclinic-mkt.com\/widget\/form\/9TlfjM7shdiT517lSNJI\" style=\"width:100%;height:100%;border:none;border-radius:3px\" id=\"inline-9TlfjM7shdiT517lSNJI\" data-layout=\"{'id':'INLINE'}\" data-trigger-type=\"alwaysShow\" data-trigger-value=\"\" data-activation-type=\"alwaysActivated\" data-activation-value=\"\" data-deactivation-type=\"neverDeactivate\" data-deactivation-value=\"\" data-form-name=\"WEB FORM\" data-height=\"786\" data-layout-iframe-id=\"inline-9TlfjM7shdiT517lSNJI\" data-form-id=\"9TlfjM7shdiT517lSNJI\" title=\"FORMULARIO WEB\">\n<\/iframe>\n<script src=\"https:\/\/app.ivharmonyclinic-mkt.com\/js\/form_embed.js\"><\/script>\t\t\t\t<\/div>\n\t\t\t\t<\/div>\n\t\t\t\t\t<\/div>\n\t\t<\/div>\n\t\t\t\t<div class=\"elementor-column elementor-col-50 elementor-top-column elementor-element elementor-element-0abe964\" data-id=\"0abe964\" data-element_type=\"column\" data-e-type=\"column\">\n\t\t\t<div class=\"elementor-widget-wrap elementor-element-populated\">\n\t\t\t\t\t\t<section class=\"elementor-section elementor-inner-section elementor-element elementor-element-d38b3ff elementor-section-boxed elementor-section-height-default elementor-section-height-default\" data-id=\"d38b3ff\" data-element_type=\"section\" data-e-type=\"section\">\n\t\t\t\t\t\t<div class=\"elementor-container elementor-column-gap-default\">\n\t\t\t\t\t<div class=\"elementor-column elementor-col-50 elementor-inner-column elementor-element elementor-element-8796046\" data-id=\"8796046\" data-element_type=\"column\" data-e-type=\"column\">\n\t\t\t<div class=\"elementor-widget-wrap elementor-element-populated\">\n\t\t\t\t\t\t<div class=\"elementor-element elementor-element-baf4d1b elementor-widget elementor-widget-text-editor\" data-id=\"baf4d1b\" data-element_type=\"widget\" data-e-type=\"widget\" data-widget_type=\"text-editor.default\">\n\t\t\t\t<div class=\"elementor-widget-container\">\n\t\t\t\t\t\t\t\t\t<p>2749 E County Line Rd<\/p>\n<p>Lutz, FL 33559<\/p>\n\t\t\t\t\t\t\t\t<\/div>\n\t\t\t\t<\/div>\n\t\t\t\t\t<\/div>\n\t\t<\/div>\n\t\t\t\t<div class=\"elementor-column elementor-col-50 elementor-inner-column elementor-element elementor-element-e04a357\" data-id=\"e04a357\" data-element_type=\"column\" data-e-type=\"column\">\n\t\t\t<div class=\"elementor-widget-wrap elementor-element-populated\">\n\t\t\t\t\t\t<div class=\"elementor-element elementor-element-ccfb248 elementor-widget elementor-widget-heading\" data-id=\"ccfb248\" data-element_type=\"widget\" data-e-type=\"widget\" data-widget_type=\"heading.default\">\n\t\t\t\t<div class=\"elementor-widget-container\">\n\t\t\t\t\t<div class=\"elementor-heading-title elementor-size-default\">P\u00f3ngase en contacto con nosotros<\/div>\t\t\t\t<\/div>\n\t\t\t\t<\/div>\n\t\t\t\t<div class=\"elementor-element elementor-element-4ab1469 elementor-widget elementor-widget-text-editor\" data-id=\"4ab1469\" data-element_type=\"widget\" data-e-type=\"widget\" data-widget_type=\"text-editor.default\">\n\t\t\t\t<div class=\"elementor-widget-container\">\n\t\t\t\t\t\t\t\t\t<p>Tel\u00e9fono : + 1 813-325-3870<\/p>\n\t\t\t\t\t\t\t\t<\/div>\n\t\t\t\t<\/div>\n\t\t\t\t<div class=\"elementor-element elementor-element-928ae02 elementor-widget elementor-widget-text-editor\" data-id=\"928ae02\" data-element_type=\"widget\" data-e-type=\"widget\" data-widget_type=\"text-editor.default\">\n\t\t\t\t<div class=\"elementor-widget-container\">\n\t\t\t\t\t\t\t\t\t<p>Correo electr\u00f3nico : <a href=\"mailto:info@ivharmonyclinic.com\">info@ivharmonyclinic.com<\/a><\/p>\n\t\t\t\t\t\t\t\t<\/div>\n\t\t\t\t<\/div>\n\t\t\t\t\t<\/div>\n\t\t<\/div>\n\t\t\t\t\t<\/div>\n\t\t<\/section>\n\t\t\t\t<section class=\"elementor-section elementor-inner-section elementor-element elementor-element-6f3cf56 elementor-section-boxed elementor-section-height-default elementor-section-height-default\" data-id=\"6f3cf56\" data-element_type=\"section\" data-e-type=\"section\">\n\t\t\t\t\t\t<div class=\"elementor-container elementor-column-gap-default\">\n\t\t\t\t\t<div class=\"elementor-column elementor-col-100 elementor-inner-column elementor-element elementor-element-f6216a1\" data-id=\"f6216a1\" data-element_type=\"column\" data-e-type=\"column\">\n\t\t\t<div class=\"elementor-widget-wrap elementor-element-populated\">\n\t\t\t\t\t\t<div class=\"elementor-element elementor-element-ad3b326 elementor-widget elementor-widget-heading\" data-id=\"ad3b326\" data-element_type=\"widget\" data-e-type=\"widget\" data-widget_type=\"heading.default\">\n\t\t\t\t<div class=\"elementor-widget-container\">\n\t\t\t\t\t<div class=\"elementor-heading-title elementor-size-default\">Nuestro horario<\/div>\t\t\t\t<\/div>\n\t\t\t\t<\/div>\n\t\t\t\t<div class=\"elementor-element elementor-element-cbcffb2 elementor-icon-list--layout-traditional elementor-list-item-link-full_width elementor-widget elementor-widget-icon-list\" data-id=\"cbcffb2\" data-element_type=\"widget\" data-e-type=\"widget\" data-widget_type=\"icon-list.default\">\n\t\t\t\t<div class=\"elementor-widget-container\">\n\t\t\t\t\t\t\t<ul class=\"elementor-icon-list-items\">\n\t\t\t\t\t\t\t<li class=\"elementor-icon-list-item\">\n\t\t\t\t\t\t\t\t\t\t<span class=\"elementor-icon-list-text\">Domingo 13:00 - 16:00<\/span>\n\t\t\t\t\t\t\t\t\t<\/li>\n\t\t\t\t\t\t\t\t<li class=\"elementor-icon-list-item\">\n\t\t\t\t\t\t\t\t\t\t<span class=\"elementor-icon-list-text\">Lunes: de 10:00 a 18:00<\/span>\n\t\t\t\t\t\t\t\t\t<\/li>\n\t\t\t\t\t\t\t\t<li class=\"elementor-icon-list-item\">\n\t\t\t\t\t\t\t\t\t\t<span class=\"elementor-icon-list-text\">Martes: de 10:00 a 18:00<\/span>\n\t\t\t\t\t\t\t\t\t<\/li>\n\t\t\t\t\t\t\t\t<li class=\"elementor-icon-list-item\">\n\t\t\t\t\t\t\t\t\t\t<span class=\"elementor-icon-list-text\">Mi\u00e9rcoles: de 12:00 a 18:00<\/span>\n\t\t\t\t\t\t\t\t\t<\/li>\n\t\t\t\t\t\t\t\t<li class=\"elementor-icon-list-item\">\n\t\t\t\t\t\t\t\t\t\t<span class=\"elementor-icon-list-text\">Jueves: de 10:00 a 18:00<\/span>\n\t\t\t\t\t\t\t\t\t<\/li>\n\t\t\t\t\t\t\t\t<li class=\"elementor-icon-list-item\">\n\t\t\t\t\t\t\t\t\t\t<span class=\"elementor-icon-list-text\">Viernes: de 10:00 a 17:00<\/span>\n\t\t\t\t\t\t\t\t\t<\/li>\n\t\t\t\t\t\t\t\t<li class=\"elementor-icon-list-item\">\n\t\t\t\t\t\t\t\t\t\t<span class=\"elementor-icon-list-text\">S\u00e1bado De 10:00 a 15:00<\/span>\n\t\t\t\t\t\t\t\t\t<\/li>\n\t\t\t\t\t\t<\/ul>\n\t\t\t\t\t\t<\/div>\n\t\t\t\t<\/div>\n\t\t\t\t<div class=\"elementor-element elementor-element-1588ac2 elementor-widget elementor-widget-heading\" data-id=\"1588ac2\" data-element_type=\"widget\" data-e-type=\"widget\" data-widget_type=\"heading.default\">\n\t\t\t\t<div class=\"elementor-widget-container\">\n\t\t\t\t\t<div class=\"elementor-heading-title elementor-size-default\">S\u00edguenos<\/div>\t\t\t\t<\/div>\n\t\t\t\t<\/div>\n\t\t\t\t\t<\/div>\n\t\t<\/div>\n\t\t\t\t\t<\/div>\n\t\t<\/section>\n\t\t\t\t<div class=\"elementor-element elementor-element-ba39725 elementor-shape-circle e-grid-align-left e-grid-align-mobile-center elementor-grid-0 elementor-widget elementor-widget-social-icons\" data-id=\"ba39725\" data-element_type=\"widget\" data-e-type=\"widget\" data-widget_type=\"social-icons.default\">\n\t\t\t\t<div class=\"elementor-widget-container\">\n\t\t\t\t\t\t\t<div class=\"elementor-social-icons-wrapper elementor-grid\" role=\"list\">\n\t\t\t\t\t\t\t<span class=\"elementor-grid-item\" role=\"listitem\">\n\t\t\t\t\t<a class=\"elementor-icon elementor-social-icon elementor-social-icon-facebook-f elementor-repeater-item-6fb5456\" href=\"https:\/\/www.facebook.com\/ivharmonyclinic\" target=\"_blank\" rel=\"noopener\">\n\t\t\t\t\t\t<span class=\"elementor-screen-only\">Facebook-f<\/span>\n\t\t\t\t\t\t<i aria-hidden=\"true\" class=\"fab fa-facebook-f\"><\/i>\t\t\t\t\t<\/a>\n\t\t\t\t<\/span>\n\t\t\t\t\t\t\t<span class=\"elementor-grid-item\" role=\"listitem\">\n\t\t\t\t\t<a class=\"elementor-icon elementor-social-icon elementor-social-icon-instagram elementor-repeater-item-5e3d796\" href=\"https:\/\/www.instagram.com\/ivharmonyclinic\/\" target=\"_blank\" rel=\"noopener\">\n\t\t\t\t\t\t<span class=\"elementor-screen-only\">Instagram<\/span>\n\t\t\t\t\t\t<i aria-hidden=\"true\" class=\"fab fa-instagram\"><\/i>\t\t\t\t\t<\/a>\n\t\t\t\t<\/span>\n\t\t\t\t\t\t\t<span class=\"elementor-grid-item\" role=\"listitem\">\n\t\t\t\t\t<a class=\"elementor-icon elementor-social-icon elementor-social-icon-linkedin elementor-repeater-item-34111a8\" href=\"https:\/\/www.linkedin.com\/company\/97028157\/\" target=\"_blank\" rel=\"noopener\">\n\t\t\t\t\t\t<span class=\"elementor-screen-only\">Linkedin<\/span>\n\t\t\t\t\t\t<i aria-hidden=\"true\" class=\"fab fa-linkedin\"><\/i>\t\t\t\t\t<\/a>\n\t\t\t\t<\/span>\n\t\t\t\t\t\t\t<span class=\"elementor-grid-item\" role=\"listitem\">\n\t\t\t\t\t<a class=\"elementor-icon elementor-social-icon elementor-social-icon-youtube elementor-repeater-item-d2193bc\" href=\"https:\/\/www.youtube.com\/channel\/UCJLGiMtg7rpjKpEbJ1JAxOA\" target=\"_blank\" rel=\"noopener\">\n\t\t\t\t\t\t<span class=\"elementor-screen-only\">Youtube<\/span>\n\t\t\t\t\t\t<i aria-hidden=\"true\" class=\"fab fa-youtube\"><\/i>\t\t\t\t\t<\/a>\n\t\t\t\t<\/span>\n\t\t\t\t\t\t\t<span class=\"elementor-grid-item\" role=\"listitem\">\n\t\t\t\t\t<a class=\"elementor-icon elementor-social-icon elementor-social-icon-tiktok elementor-repeater-item-f4bb18a\" href=\"https:\/\/www.tiktok.com\/@ivharmonycliniclutz\" target=\"_blank\" rel=\"noopener\">\n\t\t\t\t\t\t<span class=\"elementor-screen-only\">Tiktok<\/span>\n\t\t\t\t\t\t<i aria-hidden=\"true\" class=\"fab fa-tiktok\"><\/i>\t\t\t\t\t<\/a>\n\t\t\t\t<\/span>\n\t\t\t\t\t<\/div>\n\t\t\t\t\t\t<\/div>\n\t\t\t\t<\/div>\n\t\t\t\t\t<\/div>\n\t\t<\/div>\n\t\t\t\t\t<\/div>\n\t\t<\/section>\n\t\t\t\t<section class=\"elementor-section elementor-top-section elementor-element elementor-element-95c5818 elementor-section-full_width elementor-section-height-default elementor-section-height-default\" data-id=\"95c5818\" data-element_type=\"section\" data-e-type=\"section\">\n\t\t\t\t\t\t<div class=\"elementor-container elementor-column-gap-no\">\n\t\t\t\t\t<div class=\"elementor-column elementor-col-100 elementor-top-column elementor-element elementor-element-d8bda81\" data-id=\"d8bda81\" data-element_type=\"column\" data-e-type=\"column\">\n\t\t\t<div class=\"elementor-widget-wrap elementor-element-populated\">\n\t\t\t\t\t\t<div class=\"elementor-element elementor-element-86e1b21 elementor-widget elementor-widget-google_maps\" data-id=\"86e1b21\" data-element_type=\"widget\" data-e-type=\"widget\" data-widget_type=\"google_maps.default\">\n\t\t\t\t<div class=\"elementor-widget-container\">\n\t\t\t\t\t\t\t<div class=\"elementor-custom-embed\">\n\t\t\t<iframe loading=\"lazy\"\n\t\t\t\t\tsrc=\"https:\/\/maps.google.com\/maps?q=2749%20E%20County%20Line%20Rd%20%20Lutz%2C%20FL%2033559&#038;t=m&#038;z=17&#038;output=embed&#038;iwloc=near\"\n\t\t\t\t\ttitle=\"2749 E County Line Rd  Lutz, FL 33559\"\n\t\t\t\t\taria-label=\"2749 E County Line Rd  Lutz, FL 33559\"\n\t\t\t><\/iframe>\n\t\t<\/div>\n\t\t\t\t\t\t<\/div>\n\t\t\t\t<\/div>\n\t\t\t\t\t<\/div>\n\t\t<\/div>\n\t\t\t\t\t<\/div>\n\t\t<\/section>\n\t\t\t\t<section class=\"elementor-section elementor-top-section elementor-element elementor-element-86268f5 elementor-section-boxed elementor-section-height-default elementor-section-height-default\" data-id=\"86268f5\" data-element_type=\"section\" data-e-type=\"section\">\n\t\t\t\t\t\t<div class=\"elementor-container elementor-column-gap-default\">\n\t\t\t\t\t<div class=\"elementor-column elementor-col-100 elementor-top-column elementor-element elementor-element-924c138\" data-id=\"924c138\" data-element_type=\"column\" data-e-type=\"column\">\n\t\t\t<div class=\"elementor-widget-wrap elementor-element-populated\">\n\t\t\t\t\t\t<div class=\"elementor-element elementor-element-49cac49 elementor-widget elementor-widget-text-editor\" data-id=\"49cac49\" data-element_type=\"widget\" data-e-type=\"widget\" data-widget_type=\"text-editor.default\">\n\t\t\t\t<div class=\"elementor-widget-container\">\n\t\t\t\t\t\t\t\t\t<p>En IV Harmony Clinic, entendemos que lograr un bienestar \u00f3ptimo implica algo m\u00e1s que tratar los s\u00edntomas; requiere un enfoque personalizado e integrador para tratar las causas profundas de los problemas de salud. Nuestro equipo de profesionales sanitarios altamente cualificados se dedica a proporcionarle el m\u00e1s alto nivel de atenci\u00f3n, asegur\u00e1ndose de que recibe tratamientos a medida para satisfacer sus necesidades \u00fanicas.<\/p>\n<p>Una de nuestras principales especialidades es la terapia intravenosa, un m\u00e9todo revolucionario de administrar nutrientes esenciales directamente en el torrente sangu\u00edneo para obtener resultados m\u00e1s r\u00e1pidos y eficaces. Nuestros tratamientos de terapia intravenosa se elaboran meticulosamente para tratar diversos problemas de salud, desde reforzar el sistema inmunitario y aumentar los niveles de energ\u00eda hasta favorecer la hidrataci\u00f3n y ayudar a la recuperaci\u00f3n tras actividades f\u00edsicas intensas. Nuestros c\u00f3cteles intravenosos formulados por expertos est\u00e1n dise\u00f1ados para proporcionarle las vitaminas, minerales y antioxidantes esenciales que su organismo necesita para prosperar.<\/p>\n<p>Para quienes buscan rejuvenecimiento y renovaci\u00f3n de la piel, nuestros tratamientos con microneedling son insuperables. Microneedling es un procedimiento m\u00ednimamente invasivo que estimula la producci\u00f3n de col\u00e1geno, mejorando la textura y el tono de su piel. Nuestros expertos esteticistas utilizan tecnolog\u00eda de vanguardia para garantizar tratamientos precisos y c\u00f3modos, dej\u00e1ndole un cutis radiante y juvenil.<\/p>\n<p>La p\u00e9rdida de peso puede ser un viaje dif\u00edcil, y en la Cl\u00ednica IV Harmony, estamos aqu\u00ed para apoyarle en cada paso del camino. Nuestros programas de p\u00e9rdida de peso se adaptan a sus necesidades individuales y combinan diversos enfoques, como planes diet\u00e9ticos personalizados, orientaci\u00f3n sobre ejercicios y, cuando procede, terapias de vanguardia para perder peso. Nuestro objetivo no es s\u00f3lo ayudarle a perder kilos, sino capacitarle para realizar cambios sostenibles en su estilo de vida que le aporten salud y bienestar a largo plazo.<\/p>\n\t\t\t\t\t\t\t\t<\/div>\n\t\t\t\t<\/div>\n\t\t\t\t\t<\/div>\n\t\t<\/div>\n\t\t\t\t\t<\/div>\n\t\t<\/section>\n\t\t\t\t<section class=\"elementor-section elementor-top-section elementor-element elementor-element-7609b0d elementor-section-boxed elementor-section-height-default elementor-section-height-default\" data-id=\"7609b0d\" data-element_type=\"section\" data-e-type=\"section\">\n\t\t\t\t\t\t<div class=\"elementor-container elementor-column-gap-default\">\n\t\t\t\t\t<div class=\"elementor-column elementor-col-50 elementor-top-column elementor-element elementor-element-a1823a7\" data-id=\"a1823a7\" data-element_type=\"column\" data-e-type=\"column\">\n\t\t\t<div class=\"elementor-widget-wrap elementor-element-populated\">\n\t\t\t\t\t\t<div class=\"elementor-element elementor-element-2e69a47 elementor-widget elementor-widget-image\" data-id=\"2e69a47\" data-element_type=\"widget\" data-e-type=\"widget\" data-widget_type=\"image.default\">\n\t\t\t\t<div class=\"elementor-widget-container\">\n\t\t\t\t\t\t\t\t\t\t\t\t\t\t\t<img fetchpriority=\"high\" decoding=\"async\" width=\"760\" height=\"1024\" src=\"https:\/\/ivharmonyclinic.com\/wp-content\/uploads\/2024\/01\/front-IV-Clinic-760x1024.jpg\" class=\"attachment-large size-large wp-image-9080\" alt=\"\" srcset=\"https:\/\/ivharmonyclinic.com\/wp-content\/uploads\/2024\/01\/front-IV-Clinic-760x1024.jpg 760w, https:\/\/ivharmonyclinic.com\/wp-content\/uploads\/2024\/01\/front-IV-Clinic-223x300.jpg 223w, https:\/\/ivharmonyclinic.com\/wp-content\/uploads\/2024\/01\/front-IV-Clinic-768x1035.jpg 768w, https:\/\/ivharmonyclinic.com\/wp-content\/uploads\/2024\/01\/front-IV-Clinic.jpg 808w\" sizes=\"(max-width: 760px) 100vw, 760px\" title=\"\">\t\t\t\t\t\t\t\t\t\t\t\t\t\t\t<\/div>\n\t\t\t\t<\/div>\n\t\t\t\t\t<\/div>\n\t\t<\/div>\n\t\t\t\t<div class=\"elementor-column elementor-col-50 elementor-top-column elementor-element elementor-element-2962207\" data-id=\"2962207\" data-element_type=\"column\" data-e-type=\"column\">\n\t\t\t<div class=\"elementor-widget-wrap elementor-element-populated\">\n\t\t\t\t\t\t<div class=\"elementor-element elementor-element-1dc1e61 elementor-widget elementor-widget-text-editor\" data-id=\"1dc1e61\" data-element_type=\"widget\" data-e-type=\"widget\" data-widget_type=\"text-editor.default\">\n\t\t\t\t<div class=\"elementor-widget-container\">\n\t\t\t\t\t\t\t\t\t<p>Lo que distingue a IV Harmony Clinic es nuestro compromiso inquebrantable con la satisfacci\u00f3n y la seguridad del paciente. Damos prioridad a los m\u00e1s altos niveles de atenci\u00f3n, garantizando que nuestros tratamientos se basen en pruebas y se apliquen en un entorno limpio, c\u00f3modo y acogedor. Nuestro equipo de profesionales sanitarios experimentados y compasivos se dedica a fomentar una relaci\u00f3n positiva y de apoyo con cada paciente.<\/p>\n<p>La comodidad es otro factor que convierte a IV Harmony Clinic en la mejor cl\u00ednica de bienestar de Lutz. Nuestras c\u00e9ntricas instalaciones son f\u00e1cilmente accesibles, y nuestras opciones de horarios flexibles hacen que sea conveniente para usted dar prioridad a su salud y bienestar en su apretada agenda.<\/p>\n<p>Elija IV Harmony Clinic para un enfoque integral y personalizado del bienestar, la terapia IV, el microneedling y la p\u00e9rdida de peso. Experimente el poder transformador de nuestros tratamientos y emb\u00e1rquese en un viaje hacia una vida m\u00e1s sana y vibrante. P\u00f3ngase en contacto con nosotros hoy para programar su consulta y descubrir por qu\u00e9 somos la opci\u00f3n preferida para aquellos que buscan lo mejor en salud hol\u00edstica en Lutz, Florida.<\/p>\n<h6 style=\"text-align: center;\">Su bienestar es nuestra prioridad en la Cl\u00ednica IV Harmony.<\/h6>\n\t\t\t\t\t\t\t\t<\/div>\n\t\t\t\t<\/div>\n\t\t\t\t\t<\/div>\n\t\t<\/div>\n\t\t\t\t\t<\/div>\n\t\t<\/section>\n\t\t\t\t<\/div>\n\t\t","protected":false},"excerpt":{"rendered":"<p>P\u00f3ngase en contacto 2749 E County Line Rd Lutz, FL 33559 P\u00f3ngase en contacto con nosotros Tel\u00e9fono : + 1 813-325-3870 Correo electr\u00f3nico : info@ivharmonyclinic.com Nuestro horario Domingo 13:00 &#8211; 16:00 Lunes: de 10:00 a 18:00 Martes: de 10:00 a 18:00 Mi\u00e9rcoles: de 12:00 a 18:00 Jueves: de 10:00 a 18:00 Viernes: de 10:00 a [&hellip;]<\/p>\n","protected":false},"author":1,"featured_media":0,"parent":0,"menu_order":0,"comment_status":"closed","ping_status":"closed","template":"elementor_header_footer","meta":{"site-sidebar-layout":"no-sidebar","site-content-layout":"page-builder","ast-site-content-layout":"full-width-container","site-content-style":"unboxed","site-sidebar-style":"unboxed","ast-global-header-display":"","ast-banner-title-visibility":"","ast-main-header-display":"","ast-hfb-above-header-display":"","ast-hfb-below-header-display":"","ast-hfb-mobile-header-display":"","site-post-title":"disabled","ast-breadcrumbs-content":"","ast-featured-img":"disabled","footer-sml-layout":"","ast-disable-related-posts":"","theme-transparent-header-meta":"","adv-header-id-meta":"","stick-header-meta":"","header-above-stick-meta":"","header-main-stick-meta":"","header-below-stick-meta":"","astra-migrate-meta-layouts":"default","ast-page-background-enabled":"default","ast-page-background-meta":{"desktop":{"background-color":"var(--ast-global-color-4)","background-image":"","background-repeat":"repeat","background-position":"center center","background-size":"auto","background-attachment":"scroll","background-type":"","background-media":"","overlay-type":"","overlay-color":"","overlay-opacity":"","overlay-gradient":""},"tablet":{"background-color":"","background-image":"","background-repeat":"repeat","background-position":"center center","background-size":"auto","background-attachment":"scroll","background-type":"","background-media":"","overlay-type":"","overlay-color":"","overlay-opacity":"","overlay-gradient":""},"mobile":{"background-color":"","background-image":"","background-repeat":"repeat","background-position":"center center","background-size":"auto","background-attachment":"scroll","background-type":"","background-media":"","overlay-type":"","overlay-color":"","overlay-opacity":"","overlay-gradient":""}},"ast-content-background-meta":{"desktop":{"background-color":"var(--ast-global-color-5)","background-image":"","background-repeat":"repeat","background-position":"center center","background-size":"auto","background-attachment":"scroll","background-type":"","background-media":"","overlay-type":"","overlay-color":"","overlay-opacity":"","overlay-gradient":""},"tablet":{"background-color":"var(--ast-global-color-5)","background-image":"","background-repeat":"repeat","background-position":"center center","background-size":"auto","background-attachment":"scroll","background-type":"","background-media":"","overlay-type":"","overlay-color":"","overlay-opacity":"","overlay-gradient":""},"mobile":{"background-color":"var(--ast-global-color-5)","background-image":"","background-repeat":"repeat","background-position":"center center","background-size":"auto","background-attachment":"scroll","background-type":"","background-media":"","overlay-type":"","overlay-color":"","overlay-opacity":"","overlay-gradient":""}},"footnotes":""},"class_list":["post-9132","page","type-page","status-publish","hentry"],"_links":{"self":[{"href":"https:\/\/ivharmonyclinic.com\/es\/wp-json\/wp\/v2\/pages\/9132","targetHints":{"allow":["GET"]}}],"collection":[{"href":"https:\/\/ivharmonyclinic.com\/es\/wp-json\/wp\/v2\/pages"}],"about":[{"href":"https:\/\/ivharmonyclinic.com\/es\/wp-json\/wp\/v2\/types\/page"}],"author":[{"embeddable":true,"href":"https:\/\/ivharmonyclinic.com\/es\/wp-json\/wp\/v2\/users\/1"}],"replies":[{"embeddable":true,"href":"https:\/\/ivharmonyclinic.com\/es\/wp-json\/wp\/v2\/comments?post=9132"}],"version-history":[{"count":6,"href":"https:\/\/ivharmonyclinic.com\/es\/wp-json\/wp\/v2\/pages\/9132\/revisions"}],"predecessor-version":[{"id":15260,"href":"https:\/\/ivharmonyclinic.com\/es\/wp-json\/wp\/v2\/pages\/9132\/revisions\/15260"}],"wp:attachment":[{"href":"https:\/\/ivharmonyclinic.com\/es\/wp-json\/wp\/v2\/media?parent=9132"}],"curies":[{"name":"wp","href":"https:\/\/api.w.org\/{rel}","templated":true}]}}