{"id":15247,"date":"2025-08-08T17:23:18","date_gmt":"2025-08-08T17:23:18","guid":{"rendered":"https:\/\/ivharmonyclinic.com\/plaquex-iv\/"},"modified":"2025-09-15T16:16:35","modified_gmt":"2025-09-15T16:16:35","slug":"plaquex-iv","status":"publish","type":"page","link":"https:\/\/ivharmonyclinic.com\/es\/plaquex-iv\/","title":{"rendered":"Plaquex IV"},"content":{"rendered":"\t\t<div data-elementor-type=\"wp-page\" data-elementor-id=\"15247\" class=\"elementor elementor-15247 elementor-14476\" data-elementor-post-type=\"page\">\n\t\t\t\t\t\t<section class=\"elementor-section elementor-top-section elementor-element elementor-element-7991e1c elementor-section-height-min-height elementor-section-boxed elementor-section-height-default elementor-section-items-middle\" data-id=\"7991e1c\" data-element_type=\"section\" data-e-type=\"section\" data-settings=\"{&quot;background_background&quot;:&quot;classic&quot;}\">\n\t\t\t\t\t\t\t<div class=\"elementor-background-overlay\"><\/div>\n\t\t\t\t\t\t\t<div class=\"elementor-container elementor-column-gap-default\">\n\t\t\t\t\t<div class=\"elementor-column elementor-col-100 elementor-top-column elementor-element elementor-element-7d54b956\" data-id=\"7d54b956\" data-element_type=\"column\" data-e-type=\"column\">\n\t\t\t<div class=\"elementor-widget-wrap elementor-element-populated\">\n\t\t\t\t\t\t<div class=\"elementor-element elementor-element-73b98476 elementor-widget elementor-widget-heading\" data-id=\"73b98476\" data-element_type=\"widget\" data-e-type=\"widget\" data-widget_type=\"heading.default\">\n\t\t\t\t<div class=\"elementor-widget-container\">\n\t\t\t\t\t<h1 class=\"elementor-heading-title elementor-size-default\">Plaquex\u00ae Terapia IV<\/h1>\t\t\t\t<\/div>\n\t\t\t\t<\/div>\n\t\t\t\t<div class=\"elementor-element elementor-element-746932d1 elementor-align-center elementor-widget elementor-widget-global elementor-global-12348 elementor-widget-button\" data-id=\"746932d1\" data-element_type=\"widget\" data-e-type=\"widget\" data-widget_type=\"button.default\">\n\t\t\t\t<div class=\"elementor-widget-container\">\n\t\t\t\t\t\t\t\t\t<div class=\"elementor-button-wrapper\">\n\t\t\t\t\t<a class=\"elementor-button elementor-button-link elementor-size-sm\" href=\"https:\/\/ivharmonyclinic.com\/request-consultation\/\">\n\t\t\t\t\t\t<span class=\"elementor-button-content-wrapper\">\n\t\t\t\t\t\t\t\t\t<span class=\"elementor-button-text\">BOOK NOW<\/span>\n\t\t\t\t\t<\/span>\n\t\t\t\t\t<\/a>\n\t\t\t\t<\/div>\n\t\t\t\t\t\t\t\t<\/div>\n\t\t\t\t<\/div>\n\t\t\t\t<div class=\"elementor-element elementor-element-1877b559 elementor-widget elementor-widget-heading\" data-id=\"1877b559\" data-element_type=\"widget\" data-e-type=\"widget\" data-widget_type=\"heading.default\">\n\t\t\t\t<div class=\"elementor-widget-container\">\n\t\t\t\t\t<h2 class=\"elementor-heading-title elementor-size-default\">Se admiten personas sin cita previa.<\/h2>\t\t\t\t<\/div>\n\t\t\t\t<\/div>\n\t\t\t\t\t<\/div>\n\t\t<\/div>\n\t\t\t\t\t<\/div>\n\t\t<\/section>\n\t\t\t\t<section class=\"elementor-section elementor-top-section elementor-element elementor-element-322c6b1d elementor-section-boxed elementor-section-height-default elementor-section-height-default\" data-id=\"322c6b1d\" data-element_type=\"section\" data-e-type=\"section\">\n\t\t\t\t\t\t<div class=\"elementor-container elementor-column-gap-default\">\n\t\t\t\t\t<div class=\"elementor-column elementor-col-100 elementor-top-column elementor-element elementor-element-42752c43\" data-id=\"42752c43\" data-element_type=\"column\" data-e-type=\"column\">\n\t\t\t<div class=\"elementor-widget-wrap elementor-element-populated\">\n\t\t\t\t\t\t<div class=\"elementor-element elementor-element-45557c58 elementor-widget elementor-widget-html\" data-id=\"45557c58\" data-element_type=\"widget\" data-e-type=\"widget\" data-widget_type=\"html.default\">\n\t\t\t\t<div class=\"elementor-widget-container\">\n\t\t\t\t\t<script type=\"application\/ld+json\">{\n  \"@context\": \"https:\/\/schema.org\",\n  \"@type\": \"MedicalClinic\",\n  \"name\": \"IV Harmony Clinic\",\n  \"description\": \"IV Harmony Clinic offers Weight Loss IV therapy in Wesley Chapel and Lutz, FL. Boost metabolism, increase energy, and support your weight loss journey with physician-supervised IV treatments.\",\n  \"url\": \"https:\/\/ivharmonyclinic.com\/weight-loss-iv\/\",\n  \"telephone\": \"+1-813-325-3870\",\n  \"address\": [\n    {\n      \"@type\": \"PostalAddress\",\n      \"streetAddress\": \"33921 FL-54 suite 102\",\n      \"addressLocality\": \"Wesley Chapel\",\n      \"addressRegion\": \"FL\",\n      \"postalCode\": \"33543\",\n      \"addressCountry\": \"US\"\n    },\n    {\n      \"@type\": \"PostalAddress\",\n      \"streetAddress\": \"2749 E County Line Rd\",\n      \"addressLocality\": \"Lutz\",\n      \"addressRegion\": \"FL\",\n      \"postalCode\": \"33559\",\n      \"addressCountry\": \"US\"\n    }\n  ],\n  \"openingHoursSpecification\": [\n    {\n      \"@type\": \"OpeningHoursSpecification\",\n      \"dayOfWeek\": \"Monday\",\n      \"opens\": \"10:00\",\n      \"closes\": \"18:00\"\n    },\n    {\n      \"@type\": \"OpeningHoursSpecification\",\n      \"dayOfWeek\": \"Tuesday\",\n      \"opens\": \"10:00\",\n      \"closes\": \"18:00\"\n    },\n    {\n      \"@type\": \"OpeningHoursSpecification\",\n      \"dayOfWeek\": \"Wednesday\",\n      \"opens\": \"12:00\",\n      \"closes\": \"18:00\"\n    },\n    {\n      \"@type\": \"OpeningHoursSpecification\",\n      \"dayOfWeek\": \"Thursday\",\n      \"opens\": \"10:00\",\n      \"closes\": \"18:00\"\n    },\n    {\n      \"@type\": \"OpeningHoursSpecification\",\n      \"dayOfWeek\": \"Friday\",\n      \"opens\": \"10:00\",\n      \"closes\": \"17:00\"\n    },\n    {\n      \"@type\": \"OpeningHoursSpecification\",\n      \"dayOfWeek\": \"Saturday\",\n      \"opens\": \"10:00\",\n      \"closes\": \"15:00\"\n    }\n  ],\n  \"image\": \"https:\/\/ivharmonyclinic.com\/wp-content\/uploads\/2023\/10\/iv-harmony-logo-300x148.png\",\n  \"sameAs\": [\n    \"https:\/\/www.facebook.com\/IVHarmonyClinic\/\",\n    \"https:\/\/www.instagram.com\/ivharmonyclinic\/\"\n  ]\n}\n<\/script>\t\t\t\t<\/div>\n\t\t\t\t<\/div>\n\t\t\t\t<div class=\"elementor-element elementor-element-20d4c852 elementor-widget elementor-widget-text-editor\" data-id=\"20d4c852\" data-element_type=\"widget\" data-e-type=\"widget\" data-widget_type=\"text-editor.default\">\n\t\t\t\t<div class=\"elementor-widget-container\">\n\t\t\t\t\t\t\t\t\t<h2>Desintoxica, Revitaliza y Favorece tu Salud Cardiovascular<\/h2>\n<p><strong data-start=\"352\" data-end=\"395\">Restaura tu cuerpo a nivel celular<\/strong> con la Terapia Intravenosa Plaquex\u00ae en <strong data-start=\"424\" data-end=\"445\">la Cl\u00ednica Armon\u00eda Intravenosa<\/strong>. Este innovador tratamiento ayuda a eliminar los dep\u00f3sitos de placa perjudiciales, favorece la desintoxicaci\u00f3n hep\u00e1tica y mejora la circulaci\u00f3n sangu\u00ednea, proporcionando a tu cuerpo las herramientas que necesita para rendir al m\u00e1ximo. <\/p>\n\t\t\t\t\t\t\t\t<\/div>\n\t\t\t\t<\/div>\n\t\t\t\t<div class=\"elementor-element elementor-element-f8a6073 elementor-widget elementor-widget-global elementor-global-10732 elementor-widget-heading\" data-id=\"f8a6073\" data-element_type=\"widget\" data-e-type=\"widget\" data-widget_type=\"heading.default\">\n\t\t\t\t<div class=\"elementor-widget-container\">\n\t\t\t\t\t<h2 class=\"elementor-heading-title elementor-size-default\"><a href=\"tel:813-325-3870\">We also offer Mobile IV Therapy in your home or workplace. \n<br>Call to schedule your appointment.<\/a><\/h2>\t\t\t\t<\/div>\n\t\t\t\t<\/div>\n\t\t\t\t\t<\/div>\n\t\t<\/div>\n\t\t\t\t\t<\/div>\n\t\t<\/section>\n\t\t\t\t<section class=\"elementor-section elementor-top-section elementor-element elementor-element-8795172 elementor-section-boxed elementor-section-height-default elementor-section-height-default\" data-id=\"8795172\" data-element_type=\"section\" data-e-type=\"section\" data-settings=\"{&quot;background_background&quot;:&quot;classic&quot;}\">\n\t\t\t\t\t\t<div class=\"elementor-container elementor-column-gap-default\">\n\t\t\t\t\t<div class=\"elementor-column elementor-col-50 elementor-top-column elementor-element elementor-element-7cc90a44\" data-id=\"7cc90a44\" data-element_type=\"column\" data-e-type=\"column\">\n\t\t\t<div class=\"elementor-widget-wrap elementor-element-populated\">\n\t\t\t\t\t\t<div class=\"elementor-element elementor-element-45af3c10 elementor-widget elementor-widget-heading\" data-id=\"45af3c10\" data-element_type=\"widget\" data-e-type=\"widget\" data-widget_type=\"heading.default\">\n\t\t\t\t<div class=\"elementor-widget-container\">\n\t\t\t\t\t<h2 class=\"elementor-heading-title elementor-size-default\">\u00bfQu\u00e9 es la terapia intravenosa con Plaquex\u00ae?<\/h2>\t\t\t\t<\/div>\n\t\t\t\t<\/div>\n\t\t\t\t<div class=\"elementor-element elementor-element-138f1b45 elementor-widget elementor-widget-text-editor\" data-id=\"138f1b45\" data-element_type=\"widget\" data-e-type=\"widget\" data-widget_type=\"text-editor.default\">\n\t\t\t\t<div class=\"elementor-widget-container\">\n\t\t\t\t\t\t\t\t\t<p>Plaquex\u00ae es una terapia intravenosa a base de fosfol\u00edpidos dise\u00f1ada para <strong data-start=\"745\" data-end=\"789\">ayudar a disolver los dep\u00f3sitos de grasa y calcio<\/strong> en los vasos sangu\u00edneos, favorecer unos niveles saludables de colesterol y promover el funcionamiento \u00f3ptimo de las membranas celulares.<br data-start=\"887\" data-end=\"890\">Utilizado desde hace d\u00e9cadas en Europa y EE.UU., es una opci\u00f3n no quir\u00fargica para quienes buscan <strong data-start=\"979\" data-end=\"1033\">mejorar la salud cardiovascular y el bienestar general<\/strong>.<\/p>\n\t\t\t\t\t\t\t\t<\/div>\n\t\t\t\t<\/div>\n\t\t\t\t\t<\/div>\n\t\t<\/div>\n\t\t\t\t<div class=\"elementor-column elementor-col-50 elementor-top-column elementor-element elementor-element-69ec12fb\" data-id=\"69ec12fb\" data-element_type=\"column\" data-e-type=\"column\" data-settings=\"{&quot;background_background&quot;:&quot;classic&quot;}\">\n\t\t\t<div class=\"elementor-widget-wrap elementor-element-populated\">\n\t\t\t\t\t\t<div class=\"elementor-element elementor-element-52b52aa3 elementor-widget elementor-widget-image\" data-id=\"52b52aa3\" data-element_type=\"widget\" data-e-type=\"widget\" data-widget_type=\"image.default\">\n\t\t\t\t<div class=\"elementor-widget-container\">\n\t\t\t\t\t\t\t\t\t\t\t\t\t\t\t<img fetchpriority=\"high\" decoding=\"async\" width=\"600\" height=\"400\" src=\"https:\/\/ivharmonyclinic.com\/wp-content\/uploads\/2025\/08\/health.webp\" class=\"attachment-large size-large wp-image-14496\" alt=\"health\" srcset=\"https:\/\/ivharmonyclinic.com\/wp-content\/uploads\/2025\/08\/health.webp 600w, https:\/\/ivharmonyclinic.com\/wp-content\/uploads\/2025\/08\/health-300x200.webp 300w\" sizes=\"(max-width: 600px) 100vw, 600px\" title=\"\">\t\t\t\t\t\t\t\t\t\t\t\t\t\t\t<\/div>\n\t\t\t\t<\/div>\n\t\t\t\t\t<\/div>\n\t\t<\/div>\n\t\t\t\t\t<\/div>\n\t\t<\/section>\n\t\t\t\t<section class=\"elementor-section elementor-top-section elementor-element elementor-element-32badfc9 elementor-section-boxed elementor-section-height-default elementor-section-height-default\" data-id=\"32badfc9\" data-element_type=\"section\" data-e-type=\"section\" data-settings=\"{&quot;background_background&quot;:&quot;classic&quot;}\">\n\t\t\t\t\t\t<div class=\"elementor-container elementor-column-gap-default\">\n\t\t\t\t\t<div class=\"elementor-column elementor-col-100 elementor-top-column elementor-element elementor-element-6be049fc\" data-id=\"6be049fc\" data-element_type=\"column\" data-e-type=\"column\">\n\t\t\t<div class=\"elementor-widget-wrap elementor-element-populated\">\n\t\t\t\t\t\t<div class=\"elementor-element elementor-element-6946f126 elementor-widget-divider--view-line elementor-widget elementor-widget-divider\" data-id=\"6946f126\" data-element_type=\"widget\" data-e-type=\"widget\" data-widget_type=\"divider.default\">\n\t\t\t\t<div class=\"elementor-widget-container\">\n\t\t\t\t\t\t\t<div class=\"elementor-divider\">\n\t\t\t<span class=\"elementor-divider-separator\">\n\t\t\t\t\t\t<\/span>\n\t\t<\/div>\n\t\t\t\t\t\t<\/div>\n\t\t\t\t<\/div>\n\t\t\t\t\t<\/div>\n\t\t<\/div>\n\t\t\t\t\t<\/div>\n\t\t<\/section>\n\t\t\t\t<section class=\"elementor-section elementor-top-section elementor-element elementor-element-2ef20cf4 elementor-section-boxed elementor-section-height-default elementor-section-height-default\" data-id=\"2ef20cf4\" data-element_type=\"section\" data-e-type=\"section\">\n\t\t\t\t\t\t<div class=\"elementor-container elementor-column-gap-default\">\n\t\t\t\t\t<div class=\"elementor-column elementor-col-100 elementor-top-column elementor-element elementor-element-60bc3872\" data-id=\"60bc3872\" data-element_type=\"column\" data-e-type=\"column\">\n\t\t\t<div class=\"elementor-widget-wrap elementor-element-populated\">\n\t\t\t\t\t\t<div class=\"elementor-element elementor-element-f831eaf elementor-widget elementor-widget-heading\" data-id=\"f831eaf\" data-element_type=\"widget\" data-e-type=\"widget\" data-widget_type=\"heading.default\">\n\t\t\t\t<div class=\"elementor-widget-container\">\n\t\t\t\t\t<h2 class=\"elementor-heading-title elementor-size-default\">Beneficios clave de la terapia con Plaquex<\/h2>\t\t\t\t<\/div>\n\t\t\t\t<\/div>\n\t\t\t\t<div class=\"elementor-element elementor-element-7e9762e0 elementor-widget elementor-widget-text-editor\" data-id=\"7e9762e0\" data-element_type=\"widget\" data-e-type=\"widget\" data-widget_type=\"text-editor.default\">\n\t\t\t\t<div class=\"elementor-widget-container\">\n\t\t\t\t\t\t\t\t\t<ul>\n<li data-start=\"1082\" data-end=\"1207\">\n<p data-start=\"1084\" data-end=\"1207\"><strong data-start=\"1084\" data-end=\"1112\">Favorece la salud arterial<\/strong> &#8211; Ayuda a reducir la acumulaci\u00f3n de placa en las arterias, mejorando potencialmente el flujo sangu\u00edneo y la circulaci\u00f3n.<\/p>\n<\/li>\n<li data-start=\"1208\" data-end=\"1304\">\n<p data-start=\"1210\" data-end=\"1304\"><strong data-start=\"1210\" data-end=\"1234\">Desintoxicaci\u00f3n hep\u00e1tica<\/strong> &#8211; Ayuda a eliminar toxinas, favoreciendo una funci\u00f3n hep\u00e1tica sana.<\/p>\n<\/li>\n<li data-start=\"1305\" data-end=\"1419\">\n<p data-start=\"1307\" data-end=\"1419\"><strong data-start=\"1307\" data-end=\"1326\">Reparaci\u00f3n celular<\/strong> &#8211; Restaura y protege las membranas celulares para un mejor intercambio de nutrientes y producci\u00f3n de energ\u00eda.<\/p>\n<\/li>\n<li data-start=\"1420\" data-end=\"1528\">\n<p data-start=\"1422\" data-end=\"1528\"><strong data-start=\"1422\" data-end=\"1448\">Mejora del perfil lip\u00eddico<\/strong> &#8211; Puede ayudar a reducir el colesterol LDL y los triglic\u00e9ridos, al tiempo que aumenta el HDL.<\/p>\n<\/li>\n<li data-start=\"1529\" data-end=\"1631\">\n<p data-start=\"1531\" data-end=\"1631\"><strong data-start=\"1531\" data-end=\"1553\">Efectos antienvejecimiento<\/strong> &#8211; Favorece la elasticidad y la vitalidad de la piel mediante la mejora de la salud celular.<\/p>\n<\/li>\n<\/ul>\n\t\t\t\t\t\t\t\t<\/div>\n\t\t\t\t<\/div>\n\t\t\t\t<div class=\"elementor-element elementor-element-77a14982 elementor-widget elementor-widget-text-editor\" data-id=\"77a14982\" data-element_type=\"widget\" data-e-type=\"widget\" data-widget_type=\"text-editor.default\">\n\t\t\t\t<div class=\"elementor-widget-container\">\n\t\t\t\t\t\t\t\t\t<h2>\u00bfQui\u00e9n puede beneficiarse de Plaquex\u00ae?<\/h2>\n<p data-start=\"1677\" data-end=\"1726\">Plaquex\u00ae puede ser beneficioso para las personas que:<\/p>\n<ul data-start=\"1727\" data-end=\"1993\">\n<li data-start=\"1727\" data-end=\"1807\">\n<p data-start=\"1729\" data-end=\"1807\">Tienes antecedentes de <strong data-start=\"1747\" data-end=\"1805\">enfermedad cardiaca, colesterol alto o problemas circulatorios<\/strong><\/p>\n<\/li>\n<li data-start=\"1808\" data-end=\"1863\">\n<p data-start=\"1810\" data-end=\"1863\">Quieres <strong data-start=\"1818\" data-end=\"1844\">favorecer la desintoxicaci\u00f3n<\/strong> y la salud del h\u00edgado<\/p>\n<\/li>\n<li data-start=\"1864\" data-end=\"1923\">\n<p data-start=\"1866\" data-end=\"1923\">Buscas <strong data-start=\"1882\" data-end=\"1921\">ayuda cardiovascular no quir\u00fargica<\/strong><\/p>\n<\/li>\n<li data-start=\"1924\" data-end=\"1993\">\n<p data-start=\"1926\" data-end=\"1993\">Desea <strong data-start=\"1933\" data-end=\"1969\">beneficios antienvejecimiento y de bienestar<\/strong> a nivel celular<\/p>\n<\/li>\n<\/ul>\n\t\t\t\t\t\t\t\t<\/div>\n\t\t\t\t<\/div>\n\t\t\t\t\t<\/div>\n\t\t<\/div>\n\t\t\t\t\t<\/div>\n\t\t<\/section>\n\t\t\t\t<\/div>\n\t\t","protected":false},"excerpt":{"rendered":"<p>Plaquex\u00ae Terapia IV BOOK NOW Se admiten personas sin cita previa. Desintoxica, Revitaliza y Favorece tu Salud Cardiovascular Restaura tu cuerpo a nivel celular con la Terapia Intravenosa Plaquex\u00ae en la Cl\u00ednica Armon\u00eda Intravenosa. Este innovador tratamiento ayuda a eliminar los dep\u00f3sitos de placa perjudiciales, favorece la desintoxicaci\u00f3n hep\u00e1tica y mejora la circulaci\u00f3n sangu\u00ednea, proporcionando [&hellip;]<\/p>\n","protected":false},"author":1,"featured_media":0,"parent":0,"menu_order":0,"comment_status":"closed","ping_status":"closed","template":"","meta":{"site-sidebar-layout":"no-sidebar","site-content-layout":"page-builder","ast-site-content-layout":"full-width-container","site-content-style":"default","site-sidebar-style":"default","ast-global-header-display":"","ast-banner-title-visibility":"","ast-main-header-display":"","ast-hfb-above-header-display":"","ast-hfb-below-header-display":"","ast-hfb-mobile-header-display":"","site-post-title":"disabled","ast-breadcrumbs-content":"","ast-featured-img":"disabled","footer-sml-layout":"","ast-disable-related-posts":"","theme-transparent-header-meta":"","adv-header-id-meta":"","stick-header-meta":"","header-above-stick-meta":"","header-main-stick-meta":"","header-below-stick-meta":"","astra-migrate-meta-layouts":"default","ast-page-background-enabled":"default","ast-page-background-meta":{"desktop":{"background-color":"var(--ast-global-color-4)","background-image":"","background-repeat":"repeat","background-position":"center center","background-size":"auto","background-attachment":"scroll","background-type":"","background-media":"","overlay-type":"","overlay-color":"","overlay-opacity":"","overlay-gradient":""},"tablet":{"background-color":"","background-image":"","background-repeat":"repeat","background-position":"center center","background-size":"auto","background-attachment":"scroll","background-type":"","background-media":"","overlay-type":"","overlay-color":"","overlay-opacity":"","overlay-gradient":""},"mobile":{"background-color":"","background-image":"","background-repeat":"repeat","background-position":"center center","background-size":"auto","background-attachment":"scroll","background-type":"","background-media":"","overlay-type":"","overlay-color":"","overlay-opacity":"","overlay-gradient":""}},"ast-content-background-meta":{"desktop":{"background-color":"var(--ast-global-color-5)","background-image":"","background-repeat":"repeat","background-position":"center center","background-size":"auto","background-attachment":"scroll","background-type":"","background-media":"","overlay-type":"","overlay-color":"","overlay-opacity":"","overlay-gradient":""},"tablet":{"background-color":"var(--ast-global-color-5)","background-image":"","background-repeat":"repeat","background-position":"center center","background-size":"auto","background-attachment":"scroll","background-type":"","background-media":"","overlay-type":"","overlay-color":"","overlay-opacity":"","overlay-gradient":""},"mobile":{"background-color":"var(--ast-global-color-5)","background-image":"","background-repeat":"repeat","background-position":"center center","background-size":"auto","background-attachment":"scroll","background-type":"","background-media":"","overlay-type":"","overlay-color":"","overlay-opacity":"","overlay-gradient":""}},"footnotes":""},"class_list":["post-15247","page","type-page","status-publish","hentry"],"_links":{"self":[{"href":"https:\/\/ivharmonyclinic.com\/es\/wp-json\/wp\/v2\/pages\/15247","targetHints":{"allow":["GET"]}}],"collection":[{"href":"https:\/\/ivharmonyclinic.com\/es\/wp-json\/wp\/v2\/pages"}],"about":[{"href":"https:\/\/ivharmonyclinic.com\/es\/wp-json\/wp\/v2\/types\/page"}],"author":[{"embeddable":true,"href":"https:\/\/ivharmonyclinic.com\/es\/wp-json\/wp\/v2\/users\/1"}],"replies":[{"embeddable":true,"href":"https:\/\/ivharmonyclinic.com\/es\/wp-json\/wp\/v2\/comments?post=15247"}],"version-history":[{"count":3,"href":"https:\/\/ivharmonyclinic.com\/es\/wp-json\/wp\/v2\/pages\/15247\/revisions"}],"predecessor-version":[{"id":15250,"href":"https:\/\/ivharmonyclinic.com\/es\/wp-json\/wp\/v2\/pages\/15247\/revisions\/15250"}],"wp:attachment":[{"href":"https:\/\/ivharmonyclinic.com\/es\/wp-json\/wp\/v2\/media?parent=15247"}],"curies":[{"name":"wp","href":"https:\/\/api.w.org\/{rel}","templated":true}]}}