{"id":15225,"date":"2025-07-02T15:10:49","date_gmt":"2025-07-02T15:10:49","guid":{"rendered":"https:\/\/ivharmonyclinic.com\/mascara-de-co2\/"},"modified":"2025-09-15T16:13:38","modified_gmt":"2025-09-15T16:13:38","slug":"mascara-de-co2","status":"publish","type":"page","link":"https:\/\/ivharmonyclinic.com\/es\/mascara-de-co2\/","title":{"rendered":"M\u00e1scara de CO2"},"content":{"rendered":"\t\t<div data-elementor-type=\"wp-page\" data-elementor-id=\"15225\" class=\"elementor elementor-15225 elementor-13908\" data-elementor-post-type=\"page\">\n\t\t\t\t\t\t<section class=\"elementor-section elementor-top-section elementor-element elementor-element-2b6badb elementor-section-height-min-height elementor-section-content-bottom elementor-section-boxed elementor-section-height-default elementor-section-items-middle\" data-id=\"2b6badb\" data-element_type=\"section\" data-e-type=\"section\" data-settings=\"{&quot;background_background&quot;:&quot;classic&quot;}\">\n\t\t\t\t\t\t\t<div class=\"elementor-background-overlay\"><\/div>\n\t\t\t\t\t\t\t<div class=\"elementor-container elementor-column-gap-default\">\n\t\t\t\t\t<div class=\"elementor-column elementor-col-100 elementor-top-column elementor-element elementor-element-55197b04\" data-id=\"55197b04\" data-element_type=\"column\" data-e-type=\"column\">\n\t\t\t<div class=\"elementor-widget-wrap elementor-element-populated\">\n\t\t\t\t\t\t<div class=\"elementor-element elementor-element-d206df3 elementor-widget elementor-widget-heading\" data-id=\"d206df3\" data-element_type=\"widget\" data-e-type=\"widget\" data-widget_type=\"heading.default\">\n\t\t\t\t<div class=\"elementor-widget-container\">\n\t\t\t\t\t<h1 class=\"elementor-heading-title elementor-size-default\">CO2Lift\u00ae Facial<\/h1>\t\t\t\t<\/div>\n\t\t\t\t<\/div>\n\t\t\t\t\t<\/div>\n\t\t<\/div>\n\t\t\t\t\t<\/div>\n\t\t<\/section>\n\t\t\t\t<section class=\"elementor-section elementor-top-section elementor-element elementor-element-27673ca elementor-section-boxed elementor-section-height-default elementor-section-height-default\" data-id=\"27673ca\" data-element_type=\"section\" data-e-type=\"section\">\n\t\t\t\t\t\t<div class=\"elementor-container elementor-column-gap-default\">\n\t\t\t\t\t<div class=\"elementor-column elementor-col-100 elementor-top-column elementor-element elementor-element-24457b11\" data-id=\"24457b11\" data-element_type=\"column\" data-e-type=\"column\">\n\t\t\t<div class=\"elementor-widget-wrap elementor-element-populated\">\n\t\t\t\t\t\t<div class=\"elementor-element elementor-element-1def40a3 elementor-widget elementor-widget-heading\" data-id=\"1def40a3\" data-element_type=\"widget\" data-e-type=\"widget\" data-widget_type=\"heading.default\">\n\t\t\t\t<div class=\"elementor-widget-container\">\n\t\t\t\t\t<h1 class=\"elementor-heading-title elementor-size-default\">Una piel hidratada es una piel joven<\/h1>\t\t\t\t<\/div>\n\t\t\t\t<\/div>\n\t\t\t\t<div class=\"elementor-element elementor-element-2ebe95a7 elementor-widget elementor-widget-heading\" data-id=\"2ebe95a7\" data-element_type=\"widget\" data-e-type=\"widget\" data-widget_type=\"heading.default\">\n\t\t\t\t<div class=\"elementor-widget-container\">\n\t\t\t\t\t<h2 class=\"elementor-heading-title elementor-size-default\">Descubre CO2Lift\u00ae Facial - La soluci\u00f3n no invasiva para una piel radiante y rejuvenecida<\/h2>\t\t\t\t<\/div>\n\t\t\t\t<\/div>\n\t\t\t\t<div class=\"elementor-element elementor-element-806a8bb elementor-widget elementor-widget-text-editor\" data-id=\"806a8bb\" data-element_type=\"widget\" data-e-type=\"widget\" data-widget_type=\"text-editor.default\">\n\t\t\t\t<div class=\"elementor-widget-container\">\n\t\t\t\t\t\t\t\t\t<p>Di adi\u00f3s a la sequedad y hola a la hidrataci\u00f3n profunda y duradera. CO2Lift\u00ae Rostro es un revolucionario tratamiento de gel carbox\u00edlico que proporciona una hidrataci\u00f3n intensa por debajo de la superficie de la piel, d\u00e1ndole el \u00abvaso de agua\u00bb que tanto ans\u00eda. <\/p>\n\t\t\t\t\t\t\t\t<\/div>\n\t\t\t\t<\/div>\n\t\t\t\t<section class=\"elementor-section elementor-inner-section elementor-element elementor-element-3ab9efe0 elementor-section-boxed elementor-section-height-default elementor-section-height-default\" data-id=\"3ab9efe0\" data-element_type=\"section\" data-e-type=\"section\">\n\t\t\t\t\t\t<div class=\"elementor-container elementor-column-gap-default\">\n\t\t\t\t\t<div class=\"elementor-column elementor-col-50 elementor-inner-column elementor-element elementor-element-7ac814ca\" data-id=\"7ac814ca\" data-element_type=\"column\" data-e-type=\"column\" data-settings=\"{&quot;background_background&quot;:&quot;classic&quot;}\">\n\t\t\t<div class=\"elementor-widget-wrap elementor-element-populated\">\n\t\t\t\t\t\t<div class=\"elementor-element elementor-element-41201dce elementor-widget elementor-widget-heading\" data-id=\"41201dce\" data-element_type=\"widget\" data-e-type=\"widget\" data-widget_type=\"heading.default\">\n\t\t\t\t<div class=\"elementor-widget-container\">\n\t\t\t\t\t<h2 class=\"elementor-heading-title elementor-size-default\">Se ha demostrado cl\u00ednicamente que CO2Lift\u00ae aumenta la hidrataci\u00f3n de la piel hasta un 117%:<\/h2>\t\t\t\t<\/div>\n\t\t\t\t<\/div>\n\t\t\t\t\t<\/div>\n\t\t<\/div>\n\t\t\t\t<div class=\"elementor-column elementor-col-50 elementor-inner-column elementor-element elementor-element-542225a9\" data-id=\"542225a9\" data-element_type=\"column\" data-e-type=\"column\">\n\t\t\t<div class=\"elementor-widget-wrap elementor-element-populated\">\n\t\t\t\t\t\t<div class=\"elementor-element elementor-element-5208ced2 elementor-widget-mobile__width-initial elementor-widget elementor-widget-text-editor\" data-id=\"5208ced2\" data-element_type=\"widget\" data-e-type=\"widget\" data-widget_type=\"text-editor.default\">\n\t\t\t\t<div class=\"elementor-widget-container\">\n\t\t\t\t\t\t\t\t\t<div class=\"flex max-w-full flex-col flex-grow\">\n<div class=\"min-h-8 text-message flex w-full flex-col items-end gap-2 whitespace-normal break-words [.text-message+&amp;]:mt-5\" dir=\"auto\" data-message-author-role=\"assistant\" data-message-id=\"8a216bd6-f9fe-40f8-aa5d-da3862a95a42\" data-message-model-slug=\"gpt-4o\">\n<div class=\"flex w-full flex-col gap-1 empty:hidden first:pt-[3px]\">\n<div class=\"markdown prose w-full break-words dark:prose-invert dark\">\n<ul data-start=\"552\" data-end=\"667\">\n<li data-start=\"552\" data-end=\"586\">\n<p data-start=\"554\" data-end=\"586\">Alisa las l\u00edneas finas y las arrugas<\/p>\n<\/li>\n<li data-start=\"587\" data-end=\"626\">\n<p data-start=\"589\" data-end=\"626\">Minimiza el tama\u00f1o de los poros y las ojeras<\/p>\n<\/li>\n<li data-start=\"627\" data-end=\"667\">\n<p data-start=\"629\" data-end=\"667\">Ilumina y refresca tu cutis<\/p>\n<\/li>\n<\/ul>\n<p data-start=\"669\" data-end=\"802\">La hidrataci\u00f3n no es s\u00f3lo un lujo: es el secreto de una piel sana, resplandeciente y joven. Empieza tu transformaci\u00f3n hoy mismo con CO2Lift\u00ae Rostro. <\/p>\n<\/div>\n<\/div>\n<\/div>\n<\/div>\n\t\t\t\t\t\t\t\t<\/div>\n\t\t\t\t<\/div>\n\t\t\t\t\t<\/div>\n\t\t<\/div>\n\t\t\t\t\t<\/div>\n\t\t<\/section>\n\t\t\t\t\t<\/div>\n\t\t<\/div>\n\t\t\t\t\t<\/div>\n\t\t<\/section>\n\t\t\t\t<section class=\"elementor-section elementor-top-section elementor-element elementor-element-47262ed3 elementor-section-boxed elementor-section-height-default elementor-section-height-default\" data-id=\"47262ed3\" data-element_type=\"section\" data-e-type=\"section\" data-settings=\"{&quot;background_background&quot;:&quot;classic&quot;}\">\n\t\t\t\t\t\t<div class=\"elementor-container elementor-column-gap-default\">\n\t\t\t\t\t<div class=\"elementor-column elementor-col-50 elementor-top-column elementor-element elementor-element-26d76481\" data-id=\"26d76481\" data-element_type=\"column\" data-e-type=\"column\">\n\t\t\t<div class=\"elementor-widget-wrap elementor-element-populated\">\n\t\t\t\t\t\t<div class=\"elementor-element elementor-element-532f3bbf elementor-widget elementor-widget-heading\" data-id=\"532f3bbf\" data-element_type=\"widget\" data-e-type=\"widget\" data-widget_type=\"heading.default\">\n\t\t\t\t<div class=\"elementor-widget-container\">\n\t\t\t\t\t<h2 class=\"elementor-heading-title elementor-size-default\">Experimente la diferencia en IV Harmony Clinic<\/h2>\t\t\t\t<\/div>\n\t\t\t\t<\/div>\n\t\t\t\t<div class=\"elementor-element elementor-element-1fd5f652 elementor-widget elementor-widget-text-editor\" data-id=\"1fd5f652\" data-element_type=\"widget\" data-e-type=\"widget\" data-widget_type=\"text-editor.default\">\n\t\t\t\t<div class=\"elementor-widget-container\">\n\t\t\t\t\t\t\t\t\t<p>En la Cl\u00ednica IV Harmony creemos que la belleza es algo m\u00e1s que la piel: es un reflejo de tu vitalidad y confianza interiores. Con la terapia de radiofrecuencia, puede descubrir el secreto de la belleza atemporal e irradiar energ\u00eda juvenil a cualquier edad.<\/p>\n<p>\u00bfEst\u00e1 preparado para hacer retroceder las agujas del reloj y mostrar un aspecto m\u00e1s joven y revitalizado? Programe su consulta con IV Harmony Clinic hoy mismo y descubra el poder transformador de la terapia de radiofrecuencia (RF). Abraza una nueva era de belleza y confianza, porque te mereces verte y sentirte lo mejor posible.<\/p>\n<p><em>Transforma tu piel. Transforma tu vida. Experimente la diferencia de IV Harmony.<\/em><\/p>\n\t\t\t\t\t\t\t\t<\/div>\n\t\t\t\t<\/div>\n\t\t\t\t\t<\/div>\n\t\t<\/div>\n\t\t\t\t<div class=\"elementor-column elementor-col-50 elementor-top-column elementor-element elementor-element-15fac614\" data-id=\"15fac614\" data-element_type=\"column\" data-e-type=\"column\">\n\t\t\t<div class=\"elementor-widget-wrap elementor-element-populated\">\n\t\t\t\t\t\t<div class=\"elementor-element elementor-element-3a5d0441 elementor-widget elementor-widget-image\" data-id=\"3a5d0441\" data-element_type=\"widget\" data-e-type=\"widget\" data-widget_type=\"image.default\">\n\t\t\t\t<div class=\"elementor-widget-container\">\n\t\t\t\t\t\t\t\t\t\t\t\t\t\t\t<img fetchpriority=\"high\" decoding=\"async\" width=\"760\" height=\"1024\" src=\"https:\/\/ivharmonyclinic.com\/wp-content\/uploads\/2024\/01\/front-IV-Clinic-760x1024.jpg\" class=\"attachment-large size-large wp-image-9080\" alt=\"\" srcset=\"https:\/\/ivharmonyclinic.com\/wp-content\/uploads\/2024\/01\/front-IV-Clinic-760x1024.jpg 760w, https:\/\/ivharmonyclinic.com\/wp-content\/uploads\/2024\/01\/front-IV-Clinic-223x300.jpg 223w, https:\/\/ivharmonyclinic.com\/wp-content\/uploads\/2024\/01\/front-IV-Clinic-768x1035.jpg 768w, https:\/\/ivharmonyclinic.com\/wp-content\/uploads\/2024\/01\/front-IV-Clinic.jpg 808w\" sizes=\"(max-width: 760px) 100vw, 760px\" title=\"\">\t\t\t\t\t\t\t\t\t\t\t\t\t\t\t<\/div>\n\t\t\t\t<\/div>\n\t\t\t\t\t<\/div>\n\t\t<\/div>\n\t\t\t\t\t<\/div>\n\t\t<\/section>\n\t\t\t\t<\/div>\n\t\t","protected":false},"excerpt":{"rendered":"<p>CO2Lift\u00ae Facial Una piel hidratada es una piel joven Descubre CO2Lift\u00ae Facial &#8211; La soluci\u00f3n no invasiva para una piel radiante y rejuvenecida Di adi\u00f3s a la sequedad y hola a la hidrataci\u00f3n profunda y duradera. CO2Lift\u00ae Rostro es un revolucionario tratamiento de gel carbox\u00edlico que proporciona una hidrataci\u00f3n intensa por debajo de la superficie [&hellip;]<\/p>\n","protected":false},"author":1,"featured_media":0,"parent":0,"menu_order":0,"comment_status":"closed","ping_status":"closed","template":"","meta":{"site-sidebar-layout":"no-sidebar","site-content-layout":"page-builder","ast-site-content-layout":"full-width-container","site-content-style":"default","site-sidebar-style":"default","ast-global-header-display":"","ast-banner-title-visibility":"","ast-main-header-display":"","ast-hfb-above-header-display":"","ast-hfb-below-header-display":"","ast-hfb-mobile-header-display":"","site-post-title":"disabled","ast-breadcrumbs-content":"","ast-featured-img":"disabled","footer-sml-layout":"","ast-disable-related-posts":"","theme-transparent-header-meta":"","adv-header-id-meta":"","stick-header-meta":"","header-above-stick-meta":"","header-main-stick-meta":"","header-below-stick-meta":"","astra-migrate-meta-layouts":"default","ast-page-background-enabled":"default","ast-page-background-meta":{"desktop":{"background-color":"var(--ast-global-color-4)","background-image":"","background-repeat":"repeat","background-position":"center center","background-size":"auto","background-attachment":"scroll","background-type":"","background-media":"","overlay-type":"","overlay-color":"","overlay-opacity":"","overlay-gradient":""},"tablet":{"background-color":"","background-image":"","background-repeat":"repeat","background-position":"center center","background-size":"auto","background-attachment":"scroll","background-type":"","background-media":"","overlay-type":"","overlay-color":"","overlay-opacity":"","overlay-gradient":""},"mobile":{"background-color":"","background-image":"","background-repeat":"repeat","background-position":"center center","background-size":"auto","background-attachment":"scroll","background-type":"","background-media":"","overlay-type":"","overlay-color":"","overlay-opacity":"","overlay-gradient":""}},"ast-content-background-meta":{"desktop":{"background-color":"var(--ast-global-color-5)","background-image":"","background-repeat":"repeat","background-position":"center center","background-size":"auto","background-attachment":"scroll","background-type":"","background-media":"","overlay-type":"","overlay-color":"","overlay-opacity":"","overlay-gradient":""},"tablet":{"background-color":"var(--ast-global-color-5)","background-image":"","background-repeat":"repeat","background-position":"center center","background-size":"auto","background-attachment":"scroll","background-type":"","background-media":"","overlay-type":"","overlay-color":"","overlay-opacity":"","overlay-gradient":""},"mobile":{"background-color":"var(--ast-global-color-5)","background-image":"","background-repeat":"repeat","background-position":"center center","background-size":"auto","background-attachment":"scroll","background-type":"","background-media":"","overlay-type":"","overlay-color":"","overlay-opacity":"","overlay-gradient":""}},"footnotes":""},"class_list":["post-15225","page","type-page","status-publish","hentry"],"_links":{"self":[{"href":"https:\/\/ivharmonyclinic.com\/es\/wp-json\/wp\/v2\/pages\/15225","targetHints":{"allow":["GET"]}}],"collection":[{"href":"https:\/\/ivharmonyclinic.com\/es\/wp-json\/wp\/v2\/pages"}],"about":[{"href":"https:\/\/ivharmonyclinic.com\/es\/wp-json\/wp\/v2\/types\/page"}],"author":[{"embeddable":true,"href":"https:\/\/ivharmonyclinic.com\/es\/wp-json\/wp\/v2\/users\/1"}],"replies":[{"embeddable":true,"href":"https:\/\/ivharmonyclinic.com\/es\/wp-json\/wp\/v2\/comments?post=15225"}],"version-history":[{"count":3,"href":"https:\/\/ivharmonyclinic.com\/es\/wp-json\/wp\/v2\/pages\/15225\/revisions"}],"predecessor-version":[{"id":15229,"href":"https:\/\/ivharmonyclinic.com\/es\/wp-json\/wp\/v2\/pages\/15225\/revisions\/15229"}],"wp:attachment":[{"href":"https:\/\/ivharmonyclinic.com\/es\/wp-json\/wp\/v2\/media?parent=15225"}],"curies":[{"name":"wp","href":"https:\/\/api.w.org\/{rel}","templated":true}]}}