{"id":15223,"date":"2025-08-14T18:33:51","date_gmt":"2025-08-14T18:33:51","guid":{"rendered":"https:\/\/ivharmonyclinic.com\/terapia-intravenosa-con-bolsa-de-platano-en-tampa-aumento-de-energia-e-hidratacion\/"},"modified":"2025-09-15T16:12:35","modified_gmt":"2025-09-15T16:12:35","slug":"terapia-intravenosa-con-bolsa-de-platano-en-tampa-aumento-de-energia-e-hidratacion","status":"publish","type":"page","link":"https:\/\/ivharmonyclinic.com\/es\/terapia-intravenosa-con-bolsa-de-platano-en-tampa-aumento-de-energia-e-hidratacion\/","title":{"rendered":"Terapia intravenosa con bolsa de pl\u00e1tano en Tampa | Aumento de energ\u00eda e hidrataci\u00f3n"},"content":{"rendered":"\t\t<div data-elementor-type=\"wp-page\" data-elementor-id=\"15223\" class=\"elementor elementor-15223 elementor-14604\" data-elementor-post-type=\"page\">\n\t\t\t\t\t\t<section class=\"elementor-section elementor-top-section elementor-element elementor-element-3253b25b elementor-section-height-min-height elementor-section-boxed elementor-section-height-default elementor-section-items-middle\" data-id=\"3253b25b\" data-element_type=\"section\" data-e-type=\"section\" data-settings=\"{&quot;background_background&quot;:&quot;classic&quot;}\">\n\t\t\t\t\t\t\t<div class=\"elementor-background-overlay\"><\/div>\n\t\t\t\t\t\t\t<div class=\"elementor-container elementor-column-gap-default\">\n\t\t\t\t\t<div class=\"elementor-column elementor-col-100 elementor-top-column elementor-element elementor-element-58f369f4\" data-id=\"58f369f4\" data-element_type=\"column\" data-e-type=\"column\">\n\t\t\t<div class=\"elementor-widget-wrap elementor-element-populated\">\n\t\t\t\t\t\t<div class=\"elementor-element elementor-element-76039c8a elementor-widget elementor-widget-heading\" data-id=\"76039c8a\" data-element_type=\"widget\" data-e-type=\"widget\" data-widget_type=\"heading.default\">\n\t\t\t\t<div class=\"elementor-widget-container\">\n\t\t\t\t\t<h1 class=\"elementor-heading-title elementor-size-default\">Terapia intravenosa con bolsa de pl\u00e1tano en Lutz y Wesley Chapel<\/h1>\t\t\t\t<\/div>\n\t\t\t\t<\/div>\n\t\t\t\t<div class=\"elementor-element elementor-element-7f1935f0 elementor-align-center elementor-widget elementor-widget-global elementor-global-12348 elementor-widget-button\" data-id=\"7f1935f0\" data-element_type=\"widget\" data-e-type=\"widget\" data-widget_type=\"button.default\">\n\t\t\t\t<div class=\"elementor-widget-container\">\n\t\t\t\t\t\t\t\t\t<div class=\"elementor-button-wrapper\">\n\t\t\t\t\t<a class=\"elementor-button elementor-button-link elementor-size-sm\" href=\"https:\/\/ivharmonyclinic.com\/request-consultation\/\">\n\t\t\t\t\t\t<span class=\"elementor-button-content-wrapper\">\n\t\t\t\t\t\t\t\t\t<span class=\"elementor-button-text\">BOOK NOW<\/span>\n\t\t\t\t\t<\/span>\n\t\t\t\t\t<\/a>\n\t\t\t\t<\/div>\n\t\t\t\t\t\t\t\t<\/div>\n\t\t\t\t<\/div>\n\t\t\t\t<div class=\"elementor-element elementor-element-6af65a65 elementor-widget elementor-widget-heading\" data-id=\"6af65a65\" data-element_type=\"widget\" data-e-type=\"widget\" data-widget_type=\"heading.default\">\n\t\t\t\t<div class=\"elementor-widget-container\">\n\t\t\t\t\t<h2 class=\"elementor-heading-title elementor-size-default\">Refuerzo de energ\u00eda e hidrataci\u00f3n<\/h2>\t\t\t\t<\/div>\n\t\t\t\t<\/div>\n\t\t\t\t\t<\/div>\n\t\t<\/div>\n\t\t\t\t\t<\/div>\n\t\t<\/section>\n\t\t\t\t<section class=\"elementor-section elementor-top-section elementor-element elementor-element-20dad58c elementor-section-boxed elementor-section-height-default elementor-section-height-default\" data-id=\"20dad58c\" data-element_type=\"section\" data-e-type=\"section\">\n\t\t\t\t\t\t<div class=\"elementor-container elementor-column-gap-default\">\n\t\t\t\t\t<div class=\"elementor-column elementor-col-100 elementor-top-column elementor-element elementor-element-265d9ddc\" data-id=\"265d9ddc\" data-element_type=\"column\" data-e-type=\"column\">\n\t\t\t<div class=\"elementor-widget-wrap elementor-element-populated\">\n\t\t\t\t\t\t<div class=\"elementor-element elementor-element-b68a192 elementor-widget elementor-widget-heading\" data-id=\"b68a192\" data-element_type=\"widget\" data-e-type=\"widget\" data-widget_type=\"heading.default\">\n\t\t\t\t<div class=\"elementor-widget-container\">\n\t\t\t\t\t<h2 class=\"elementor-heading-title elementor-size-default\">Aumenta tu energ\u00eda y claridad mental con una infusi\u00f3n intravenosa repleta de nutrientes<\/h2>\t\t\t\t<\/div>\n\t\t\t\t<\/div>\n\t\t\t\t<div class=\"elementor-element elementor-element-6ea65b76 elementor-widget elementor-widget-text-editor\" data-id=\"6ea65b76\" data-element_type=\"widget\" data-e-type=\"widget\" data-widget_type=\"text-editor.default\">\n\t\t\t\t<div class=\"elementor-widget-container\">\n\t\t\t\t\t\t\t\t\t<p data-start=\"359\" data-end=\"631\">Es sorprendente la frecuencia con que la <strong data-start=\"385\" data-end=\"423\">fatiga, la niebla cerebral y la falta de energ\u00eda<\/strong> est\u00e1n relacionadas con deficiencias de nutrientes de las que ni siquiera nos damos cuenta. Las agendas apretadas, el estr\u00e9s elevado, los viajes y una dieta inadecuada pueden agotar las reservas del organismo, dej\u00e1ndote agotado, desconcentrado y desmotivado. <\/p>\n<p data-start=\"633\" data-end=\"842\">En <strong data-start=\"636\" data-end=\"666\">la Cl\u00ednica IV Harmony de Tampa<\/strong>, nuestra <strong data-start=\"672\" data-end=\"697\">Terapia IV en Bolsa de Pl\u00e1tano<\/strong> suministra una potente combinaci\u00f3n de hidrataci\u00f3n, electrolitos y vitaminas esenciales directamente a tu torrente sangu\u00edneo para obtener resultados r\u00e1pidos y eficaces.<\/p>\n\t\t\t\t\t\t\t\t<\/div>\n\t\t\t\t<\/div>\n\t\t\t\t<div class=\"elementor-element elementor-element-4d9f7ca5 elementor-widget elementor-widget-global elementor-global-10732 elementor-widget-heading\" data-id=\"4d9f7ca5\" data-element_type=\"widget\" data-e-type=\"widget\" data-widget_type=\"heading.default\">\n\t\t\t\t<div class=\"elementor-widget-container\">\n\t\t\t\t\t<h2 class=\"elementor-heading-title elementor-size-default\"><a href=\"tel:813-325-3870\">We also offer Mobile IV Therapy in your home or workplace. \n<br>Call to schedule your appointment.<\/a><\/h2>\t\t\t\t<\/div>\n\t\t\t\t<\/div>\n\t\t\t\t\t<\/div>\n\t\t<\/div>\n\t\t\t\t\t<\/div>\n\t\t<\/section>\n\t\t\t\t<section class=\"elementor-section elementor-top-section elementor-element elementor-element-4aa237c9 elementor-section-boxed elementor-section-height-default elementor-section-height-default\" data-id=\"4aa237c9\" data-element_type=\"section\" data-e-type=\"section\" data-settings=\"{&quot;background_background&quot;:&quot;classic&quot;}\">\n\t\t\t\t\t\t<div class=\"elementor-container elementor-column-gap-default\">\n\t\t\t\t\t<div class=\"elementor-column elementor-col-50 elementor-top-column elementor-element elementor-element-7c9bc8cd\" data-id=\"7c9bc8cd\" data-element_type=\"column\" data-e-type=\"column\">\n\t\t\t<div class=\"elementor-widget-wrap elementor-element-populated\">\n\t\t\t\t\t\t<div class=\"elementor-element elementor-element-2e81c431 elementor-widget elementor-widget-text-editor\" data-id=\"2e81c431\" data-element_type=\"widget\" data-e-type=\"widget\" data-widget_type=\"text-editor.default\">\n\t\t\t\t<div class=\"elementor-widget-container\">\n\t\t\t\t\t\t\t\t\t<h2 data-start=\"849\" data-end=\"880\"><span style=\"color: #000000;\"><strong data-start=\"852\" data-end=\"880\">\u00bfQu\u00e9 es una bolsa de pl\u00e1tano IV?<\/strong><\/span><\/h2>\n<p data-start=\"881\" data-end=\"1109\">Una <strong data-start=\"883\" data-end=\"900\">Bolsa de Pl\u00e1tano IV<\/strong> es una infusi\u00f3n de color amarillo brillante (gracias a su complejo vitam\u00ednico B) que se utiliza desde hace d\u00e9cadas en los hospitales para <strong data-start=\"996\" data-end=\"1041\">rehidratar y restaurar los nutrientes esenciales<\/strong>. En la Cl\u00ednica Armon\u00eda IV, hemos optimizado la f\u00f3rmula para ayudar a mejorar: <\/p>\n<ul data-start=\"1110\" data-end=\"1233\">\n<li data-start=\"1110\" data-end=\"1131\">\n<p data-start=\"1112\" data-end=\"1131\">Producci\u00f3n de energ\u00eda<\/p>\n<\/li>\n<li data-start=\"1132\" data-end=\"1154\">\n<p data-start=\"1134\" data-end=\"1154\">Funci\u00f3n cognitiva<\/p>\n<\/li>\n<li data-start=\"1155\" data-end=\"1175\">\n<p data-start=\"1157\" data-end=\"1175\">Salud metab\u00f3lica<\/p>\n<\/li>\n<li data-start=\"1176\" data-end=\"1233\">\n<p data-start=\"1178\" data-end=\"1233\">Recuperaci\u00f3n tras enfermedad, viaje o actividad extenuante<\/p>\n<\/li>\n<\/ul>\n\t\t\t\t\t\t\t\t<\/div>\n\t\t\t\t<\/div>\n\t\t\t\t\t<\/div>\n\t\t<\/div>\n\t\t\t\t<div class=\"elementor-column elementor-col-50 elementor-top-column elementor-element elementor-element-355ddbe5\" data-id=\"355ddbe5\" data-element_type=\"column\" data-e-type=\"column\" data-settings=\"{&quot;background_background&quot;:&quot;classic&quot;}\">\n\t\t\t<div class=\"elementor-widget-wrap\">\n\t\t\t\t\t\t\t<\/div>\n\t\t<\/div>\n\t\t\t\t\t<\/div>\n\t\t<\/section>\n\t\t\t\t<section class=\"elementor-section elementor-top-section elementor-element elementor-element-1163cefa elementor-section-boxed elementor-section-height-default elementor-section-height-default\" data-id=\"1163cefa\" data-element_type=\"section\" data-e-type=\"section\" data-settings=\"{&quot;background_background&quot;:&quot;classic&quot;}\">\n\t\t\t\t\t\t<div class=\"elementor-container elementor-column-gap-default\">\n\t\t\t\t\t<div class=\"elementor-column elementor-col-50 elementor-top-column elementor-element elementor-element-173fea78\" data-id=\"173fea78\" data-element_type=\"column\" data-e-type=\"column\">\n\t\t\t<div class=\"elementor-widget-wrap elementor-element-populated\">\n\t\t\t\t\t\t<div class=\"elementor-element elementor-element-208516b8 elementor-widget elementor-widget-heading\" data-id=\"208516b8\" data-element_type=\"widget\" data-e-type=\"widget\" data-widget_type=\"heading.default\">\n\t\t\t\t<div class=\"elementor-widget-container\">\n\t\t\t\t\t<h2 class=\"elementor-heading-title elementor-size-default\">Beneficios clave de la terapia intravenosa con bolsas de pl\u00e1tano<\/h2>\t\t\t\t<\/div>\n\t\t\t\t<\/div>\n\t\t\t\t<div class=\"elementor-element elementor-element-2425fad8 elementor-widget elementor-widget-text-editor\" data-id=\"2425fad8\" data-element_type=\"widget\" data-e-type=\"widget\" data-widget_type=\"text-editor.default\">\n\t\t\t\t<div class=\"elementor-widget-container\">\n\t\t\t\t\t\t\t\t\t<p data-start=\"1285\" data-end=\"1390\">Cuando tu cuerpo recibe los nutrientes que necesita, notas la diferencia&#8230; r\u00e1pidamente. Nuestros pacientes suelen notarlo: <\/p>\n<ul data-start=\"1391\" data-end=\"1656\">\n<li data-start=\"1391\" data-end=\"1435\">\n<p data-start=\"1393\" data-end=\"1435\"><strong data-start=\"1393\" data-end=\"1413\">Aumento de la energ\u00eda<\/strong> y reducci\u00f3n de la fatiga<\/p>\n<\/li>\n<li data-start=\"1436\" data-end=\"1485\">\n<p data-start=\"1438\" data-end=\"1485\"><strong data-start=\"1438\" data-end=\"1455\">Mayor concentraci\u00f3n<\/strong> y claridad mental<\/p>\n<\/li>\n<li data-start=\"1486\" data-end=\"1549\">\n<p data-start=\"1488\" data-end=\"1549\"><strong data-start=\"1488\" data-end=\"1507\">Recuperaci\u00f3n m\u00e1s r\u00e1pida<\/strong> de la resaca, la enfermedad o la deshidrataci\u00f3n<\/p>\n<\/li>\n<li data-start=\"1550\" data-end=\"1596\">\n<p data-start=\"1552\" data-end=\"1596\"><strong data-start=\"1552\" data-end=\"1567\">Mejor estado de \u00e1nimo<\/strong> y reducci\u00f3n de los efectos del estr\u00e9s<\/p>\n<\/li>\n<li data-start=\"1597\" data-end=\"1656\">\n<p data-start=\"1599\" data-end=\"1656\"><strong data-start=\"1599\" data-end=\"1633\">Apoyo al metabolismo sano<\/strong> y al bienestar general<\/p>\n<\/li>\n<\/ul>\n\t\t\t\t\t\t\t\t<\/div>\n\t\t\t\t<\/div>\n\t\t\t\t\t<\/div>\n\t\t<\/div>\n\t\t\t\t<div class=\"elementor-column elementor-col-50 elementor-top-column elementor-element elementor-element-33774902\" data-id=\"33774902\" data-element_type=\"column\" data-e-type=\"column\">\n\t\t\t<div class=\"elementor-widget-wrap elementor-element-populated\">\n\t\t\t\t\t\t<div class=\"elementor-element elementor-element-20235e56 elementor-widget elementor-widget-heading\" data-id=\"20235e56\" data-element_type=\"widget\" data-e-type=\"widget\" data-widget_type=\"heading.default\">\n\t\t\t\t<div class=\"elementor-widget-container\">\n\t\t\t\t\t<h2 class=\"elementor-heading-title elementor-size-default\">\u00bfPor qu\u00e9 elegir la Cl\u00ednica IV Harmony de Tampa?<\/h2>\t\t\t\t<\/div>\n\t\t\t\t<\/div>\n\t\t\t\t<div class=\"elementor-element elementor-element-2baabc2e elementor-widget elementor-widget-text-editor\" data-id=\"2baabc2e\" data-element_type=\"widget\" data-e-type=\"widget\" data-widget_type=\"text-editor.default\">\n\t\t\t\t<div class=\"elementor-widget-container\">\n\t\t\t\t\t\t\t\t\t<ul>\n<li data-start=\"2062\" data-end=\"2121\">\n<p data-start=\"2064\" data-end=\"2121\"><strong data-start=\"2064\" data-end=\"2090\">F\u00f3rmulas de grado m\u00e9dico<\/strong> e ingredientes de alta calidad<\/p>\n<\/li>\n<li data-start=\"2122\" data-end=\"2195\">\n<p data-start=\"2124\" data-end=\"2195\"><strong data-start=\"2124\" data-end=\"2164\">Profesionales sanitarios experimentados<\/strong> que administran cada infusi\u00f3n<\/p>\n<\/li>\n<li data-start=\"2196\" data-end=\"2268\">\n<p data-start=\"2198\" data-end=\"2268\"><strong data-start=\"2198\" data-end=\"2235\">Entorno c\u00f3modo y relajante<\/strong> para recargar tu cuerpo y tu mente<\/p>\n<\/li>\n<li data-start=\"2269\" data-end=\"2319\">\n<p data-start=\"2271\" data-end=\"2319\"><strong data-start=\"2271\" data-end=\"2317\">Se aceptan citas el mismo d\u00eda y sin cita previa<\/strong><\/p>\n<\/li>\n<\/ul>\n\t\t\t\t\t\t\t\t<\/div>\n\t\t\t\t<\/div>\n\t\t\t\t\t<\/div>\n\t\t<\/div>\n\t\t\t\t\t<\/div>\n\t\t<\/section>\n\t\t\t\t<section class=\"elementor-section elementor-top-section elementor-element elementor-element-3ca85406 elementor-section-boxed elementor-section-height-default elementor-section-height-default\" data-id=\"3ca85406\" data-element_type=\"section\" data-e-type=\"section\">\n\t\t\t\t\t\t<div class=\"elementor-container elementor-column-gap-default\">\n\t\t\t\t\t<div class=\"elementor-column elementor-col-33 elementor-top-column elementor-element elementor-element-45b90d0\" data-id=\"45b90d0\" data-element_type=\"column\" data-e-type=\"column\">\n\t\t\t<div class=\"elementor-widget-wrap elementor-element-populated\">\n\t\t\t\t\t\t<div class=\"elementor-element elementor-element-46fd509a elementor-widget elementor-widget-heading\" data-id=\"46fd509a\" data-element_type=\"widget\" data-e-type=\"widget\" data-widget_type=\"heading.default\">\n\t\t\t\t<div class=\"elementor-widget-container\">\n\t\t\t\t\t<h2 class=\"elementor-heading-title elementor-size-default\">\u00bfQui\u00e9n puede beneficiarse de la terapia intravenosa con bolsas de pl\u00e1tano?<\/h2>\t\t\t\t<\/div>\n\t\t\t\t<\/div>\n\t\t\t\t<div class=\"elementor-element elementor-element-5ecad183 elementor-widget elementor-widget-text-editor\" data-id=\"5ecad183\" data-element_type=\"widget\" data-e-type=\"widget\" data-widget_type=\"text-editor.default\">\n\t\t\t\t<div class=\"elementor-widget-container\">\n\t\t\t\t\t\t\t\t\t<p data-start=\"2377\" data-end=\"2407\">Esta infusi\u00f3n es ideal si<\/p>\n<ul data-start=\"2408\" data-end=\"2630\">\n<li data-start=\"2408\" data-end=\"2454\">\n<p data-start=\"2410\" data-end=\"2454\">Lucha contra la fatiga continua o la niebla cerebral<\/p>\n<\/li>\n<li data-start=\"2455\" data-end=\"2523\">\n<p data-start=\"2457\" data-end=\"2523\">Necesitas recuperarte r\u00e1pidamente despu\u00e9s de una enfermedad, resaca o ejercicio intenso<\/p>\n<\/li>\n<li data-start=\"2524\" data-end=\"2585\">\n<p data-start=\"2526\" data-end=\"2585\">\u00bfQuieres reforzar la inmunidad antes de un viaje o un periodo de trabajo intenso?<\/p>\n<\/li>\n<li data-start=\"2586\" data-end=\"2630\">\n<p data-start=\"2588\" data-end=\"2630\">Experimentar bajones de energ\u00eda relacionados con el estr\u00e9s<\/p>\n<\/li>\n<\/ul>\n<p>.<\/p>\n\t\t\t\t\t\t\t\t<\/div>\n\t\t\t\t<\/div>\n\t\t\t\t\t<\/div>\n\t\t<\/div>\n\t\t\t\t<div class=\"elementor-column elementor-col-33 elementor-top-column elementor-element elementor-element-19c8bc42\" data-id=\"19c8bc42\" data-element_type=\"column\" data-e-type=\"column\">\n\t\t\t<div class=\"elementor-widget-wrap elementor-element-populated\">\n\t\t\t\t\t\t<div class=\"elementor-element elementor-element-246af1ef elementor-widget elementor-widget-heading\" data-id=\"246af1ef\" data-element_type=\"widget\" data-e-type=\"widget\" data-widget_type=\"heading.default\">\n\t\t\t\t<div class=\"elementor-widget-container\">\n\t\t\t\t\t<h2 class=\"elementor-heading-title elementor-size-default\">C\u00f3mo funciona<\/h2>\t\t\t\t<\/div>\n\t\t\t\t<\/div>\n\t\t\t\t<div class=\"elementor-element elementor-element-4bfd1a2f elementor-widget elementor-widget-text-editor\" data-id=\"4bfd1a2f\" data-element_type=\"widget\" data-e-type=\"widget\" data-widget_type=\"text-editor.default\">\n\t\t\t\t<div class=\"elementor-widget-container\">\n\t\t\t\t\t\t\t\t\t<ul>\n<li data-start=\"2660\" data-end=\"2719\"><strong data-start=\"2660\" data-end=\"2676\">Consulta<\/strong> &#8211; Revisamos tus necesidades y objetivos de salud.<\/li>\n<li data-start=\"2660\" data-end=\"2719\"><strong data-start=\"2723\" data-end=\"2738\">Infusi\u00f3n intravenosa<\/strong> &#8211; Si\u00e9ntate y rel\u00e1jate mientras tu cuerpo absorbe los nutrientes.<\/li>\n<li data-start=\"2660\" data-end=\"2719\"><strong data-start=\"2804\" data-end=\"2827\">Siente la diferencia<\/strong> &#8211; La mayor\u00eda de los pacientes notan los beneficios en cuesti\u00f3n de horas.<\/li>\n<li style=\"list-style-type: none;\"> <\/li>\n<\/ul>\n\t\t\t\t\t\t\t\t<\/div>\n\t\t\t\t<\/div>\n\t\t\t\t\t<\/div>\n\t\t<\/div>\n\t\t\t\t<div class=\"elementor-column elementor-col-33 elementor-top-column elementor-element elementor-element-38f7ae48\" data-id=\"38f7ae48\" data-element_type=\"column\" data-e-type=\"column\">\n\t\t\t<div class=\"elementor-widget-wrap\">\n\t\t\t\t\t\t\t<\/div>\n\t\t<\/div>\n\t\t\t\t\t<\/div>\n\t\t<\/section>\n\t\t\t\t<\/div>\n\t\t","protected":false},"excerpt":{"rendered":"<p>Terapia intravenosa con bolsa de pl\u00e1tano en Lutz y Wesley Chapel BOOK NOW Refuerzo de energ\u00eda e hidrataci\u00f3n Aumenta tu energ\u00eda y claridad mental con una infusi\u00f3n intravenosa repleta de nutrientes Es sorprendente la frecuencia con que la fatiga, la niebla cerebral y la falta de energ\u00eda est\u00e1n relacionadas con deficiencias de nutrientes de las [&hellip;]<\/p>\n","protected":false},"author":1,"featured_media":0,"parent":0,"menu_order":0,"comment_status":"closed","ping_status":"closed","template":"","meta":{"site-sidebar-layout":"no-sidebar","site-content-layout":"page-builder","ast-site-content-layout":"full-width-container","site-content-style":"default","site-sidebar-style":"default","ast-global-header-display":"","ast-banner-title-visibility":"","ast-main-header-display":"","ast-hfb-above-header-display":"","ast-hfb-below-header-display":"","ast-hfb-mobile-header-display":"","site-post-title":"disabled","ast-breadcrumbs-content":"","ast-featured-img":"disabled","footer-sml-layout":"","ast-disable-related-posts":"","theme-transparent-header-meta":"","adv-header-id-meta":"","stick-header-meta":"","header-above-stick-meta":"","header-main-stick-meta":"","header-below-stick-meta":"","astra-migrate-meta-layouts":"default","ast-page-background-enabled":"default","ast-page-background-meta":{"desktop":{"background-color":"var(--ast-global-color-4)","background-image":"","background-repeat":"repeat","background-position":"center center","background-size":"auto","background-attachment":"scroll","background-type":"","background-media":"","overlay-type":"","overlay-color":"","overlay-opacity":"","overlay-gradient":""},"tablet":{"background-color":"","background-image":"","background-repeat":"repeat","background-position":"center center","background-size":"auto","background-attachment":"scroll","background-type":"","background-media":"","overlay-type":"","overlay-color":"","overlay-opacity":"","overlay-gradient":""},"mobile":{"background-color":"","background-image":"","background-repeat":"repeat","background-position":"center center","background-size":"auto","background-attachment":"scroll","background-type":"","background-media":"","overlay-type":"","overlay-color":"","overlay-opacity":"","overlay-gradient":""}},"ast-content-background-meta":{"desktop":{"background-color":"var(--ast-global-color-5)","background-image":"","background-repeat":"repeat","background-position":"center center","background-size":"auto","background-attachment":"scroll","background-type":"","background-media":"","overlay-type":"","overlay-color":"","overlay-opacity":"","overlay-gradient":""},"tablet":{"background-color":"var(--ast-global-color-5)","background-image":"","background-repeat":"repeat","background-position":"center center","background-size":"auto","background-attachment":"scroll","background-type":"","background-media":"","overlay-type":"","overlay-color":"","overlay-opacity":"","overlay-gradient":""},"mobile":{"background-color":"var(--ast-global-color-5)","background-image":"","background-repeat":"repeat","background-position":"center center","background-size":"auto","background-attachment":"scroll","background-type":"","background-media":"","overlay-type":"","overlay-color":"","overlay-opacity":"","overlay-gradient":""}},"footnotes":""},"class_list":["post-15223","page","type-page","status-publish","hentry"],"_links":{"self":[{"href":"https:\/\/ivharmonyclinic.com\/es\/wp-json\/wp\/v2\/pages\/15223","targetHints":{"allow":["GET"]}}],"collection":[{"href":"https:\/\/ivharmonyclinic.com\/es\/wp-json\/wp\/v2\/pages"}],"about":[{"href":"https:\/\/ivharmonyclinic.com\/es\/wp-json\/wp\/v2\/types\/page"}],"author":[{"embeddable":true,"href":"https:\/\/ivharmonyclinic.com\/es\/wp-json\/wp\/v2\/users\/1"}],"replies":[{"embeddable":true,"href":"https:\/\/ivharmonyclinic.com\/es\/wp-json\/wp\/v2\/comments?post=15223"}],"version-history":[{"count":1,"href":"https:\/\/ivharmonyclinic.com\/es\/wp-json\/wp\/v2\/pages\/15223\/revisions"}],"predecessor-version":[{"id":15224,"href":"https:\/\/ivharmonyclinic.com\/es\/wp-json\/wp\/v2\/pages\/15223\/revisions\/15224"}],"wp:attachment":[{"href":"https:\/\/ivharmonyclinic.com\/es\/wp-json\/wp\/v2\/media?parent=15223"}],"curies":[{"name":"wp","href":"https:\/\/api.w.org\/{rel}","templated":true}]}}