{"id":15219,"date":"2025-05-30T20:23:12","date_gmt":"2025-05-30T20:23:12","guid":{"rendered":"https:\/\/ivharmonyclinic.com\/terapia-iv-y-bienestar-en-wesley-chapel-iv-harmony-clinic\/"},"modified":"2025-09-15T16:12:22","modified_gmt":"2025-09-15T16:12:22","slug":"terapia-iv-y-bienestar-en-wesley-chapel-iv-harmony-clinic","status":"publish","type":"page","link":"https:\/\/ivharmonyclinic.com\/es\/terapia-iv-y-bienestar-en-wesley-chapel-iv-harmony-clinic\/","title":{"rendered":"Terapia IV y Bienestar en Wesley Chapel | IV Harmony Clinic"},"content":{"rendered":"\t\t<div data-elementor-type=\"wp-page\" data-elementor-id=\"15219\" class=\"elementor elementor-15219 elementor-13062\" data-elementor-post-type=\"page\">\n\t\t\t\t\t\t<section class=\"elementor-section elementor-top-section elementor-element elementor-element-40a3b53 elementor-section-height-min-height elementor-section-boxed elementor-section-height-default elementor-section-items-middle\" data-id=\"40a3b53\" data-element_type=\"section\" data-e-type=\"section\" data-settings=\"{&quot;background_background&quot;:&quot;classic&quot;}\">\n\t\t\t\t\t\t\t<div class=\"elementor-background-overlay\"><\/div>\n\t\t\t\t\t\t\t<div class=\"elementor-container elementor-column-gap-default\">\n\t\t\t\t\t<div class=\"elementor-column elementor-col-100 elementor-top-column elementor-element elementor-element-6f02b07\" data-id=\"6f02b07\" data-element_type=\"column\" data-e-type=\"column\">\n\t\t\t<div class=\"elementor-widget-wrap elementor-element-populated\">\n\t\t\t\t\t\t<div class=\"elementor-element elementor-element-dbab6d2 elementor-widget elementor-widget-heading\" data-id=\"dbab6d2\" data-element_type=\"widget\" data-e-type=\"widget\" data-widget_type=\"heading.default\">\n\t\t\t\t<div class=\"elementor-widget-container\">\n\t\t\t\t\t<h1 class=\"elementor-heading-title elementor-size-default\">Revitaliza tu salud con la Cl\u00ednica Armon\u00eda IV - Wesley Chapel<\/h1>\t\t\t\t<\/div>\n\t\t\t\t<\/div>\n\t\t\t\t<div class=\"elementor-element elementor-element-2d5485c elementor-widget elementor-widget-heading\" data-id=\"2d5485c\" data-element_type=\"widget\" data-e-type=\"widget\" data-widget_type=\"heading.default\">\n\t\t\t\t<div class=\"elementor-widget-container\">\n\t\t\t\t\t<h2 class=\"elementor-heading-title elementor-size-default\">Restaurar - Reponer - Rejuvenecer<\/h2>\t\t\t\t<\/div>\n\t\t\t\t<\/div>\n\t\t\t\t<div class=\"elementor-element elementor-element-112c42d1 elementor-widget elementor-widget-text-editor\" data-id=\"112c42d1\" data-element_type=\"widget\" data-e-type=\"widget\" data-widget_type=\"text-editor.default\">\n\t\t\t\t<div class=\"elementor-widget-container\">\n\t\t\t\t\t\t\t\t\t<p>Bienvenido a <strong data-start=\"399\" data-end=\"420\">la Cl\u00ednica IV Harmony<\/strong>, tu destino para <strong data-start=\"456\" data-end=\"517\">terapias intravenosas<\/strong> de vanguardia <strong data-start=\"456\" data-end=\"517\">, inyecciones de bienestar y tratamientos est\u00e9ticos<\/strong> en Wesley Chapel, FL. Tanto si buscas un refuerzo inmunitario, una recuperaci\u00f3n m\u00e1s r\u00e1pida, una piel radiante o vitalidad general, nuestro equipo de profesionales m\u00e9dicos est\u00e1 aqu\u00ed para ofrecerte una atenci\u00f3n personalizada adaptada a tus objetivos. <\/p>\n\t\t\t\t\t\t\t\t<\/div>\n\t\t\t\t<\/div>\n\t\t\t\t\t<\/div>\n\t\t<\/div>\n\t\t\t\t\t<\/div>\n\t\t<\/section>\n\t\t\t\t<section class=\"elementor-section elementor-top-section elementor-element elementor-element-d391fd7 elementor-section-boxed elementor-section-height-default elementor-section-height-default\" data-id=\"d391fd7\" data-element_type=\"section\" data-e-type=\"section\" data-settings=\"{&quot;background_background&quot;:&quot;classic&quot;}\">\n\t\t\t\t\t\t<div class=\"elementor-container elementor-column-gap-default\">\n\t\t\t\t\t<div class=\"elementor-column elementor-col-50 elementor-top-column elementor-element elementor-element-2be1eae\" data-id=\"2be1eae\" data-element_type=\"column\" data-e-type=\"column\">\n\t\t\t<div class=\"elementor-widget-wrap elementor-element-populated\">\n\t\t\t\t\t\t<div class=\"elementor-element elementor-element-134bde8 elementor-widget elementor-widget-heading\" data-id=\"134bde8\" data-element_type=\"widget\" data-e-type=\"widget\" data-widget_type=\"heading.default\">\n\t\t\t\t<div class=\"elementor-widget-container\">\n\t\t\t\t\t<h2 class=\"elementor-heading-title elementor-size-default\">\u00bfPor qu\u00e9 elegir IV Harmony Clinic?<\/h2>\t\t\t\t<\/div>\n\t\t\t\t<\/div>\n\t\t\t\t<div class=\"elementor-element elementor-element-7e1ae3b elementor-widget elementor-widget-text-editor\" data-id=\"7e1ae3b\" data-element_type=\"widget\" data-e-type=\"widget\" data-widget_type=\"text-editor.default\">\n\t\t\t\t<div class=\"elementor-widget-container\">\n\t\t\t\t\t\t\t\t\t<p data-start=\"772\" data-end=\"951\">\u2705 <strong data-start=\"774\" data-end=\"800\">Equipo m\u00e9dico certificado<\/strong><br data-start=\"800\" data-end=\"803\">Est\u00e1s en manos expertas. Nuestros servicios los prestan profesionales licenciados y con experiencia, dedicados a tu seguridad, comodidad y bienestar a largo plazo. <\/p>\n<p data-start=\"953\" data-end=\"1136\">\u2705 <strong data-start=\"955\" data-end=\"984\">Planes de Bienestar Personalizados<\/strong><br data-start=\"984\" data-end=\"987\">Aqu\u00ed no hay talla \u00fanica. Cada goteo intravenoso, inyecci\u00f3n y tratamiento cut\u00e1neo se selecciona cuidadosamente para adaptarse a tu estilo de vida, estado de salud y objetivos \u00fanicos. <\/p>\n<p data-start=\"1138\" data-end=\"1317\">\u2705 <strong data-start=\"1140\" data-end=\"1174\">Entorno relajante y de boutique<\/strong><br data-start=\"1174\" data-end=\"1177\">Entra en un espacio tranquilo y moderno donde tu salud es nuestra m\u00e1xima prioridad. No somos una cl\u00ednica m\u00e1s: somos una <strong data-start=\"1293\" data-end=\"1317\">experiencia de bienestar.<\/strong> <\/p>\n\t\t\t\t\t\t\t\t<\/div>\n\t\t\t\t<\/div>\n\t\t\t\t\t<\/div>\n\t\t<\/div>\n\t\t\t\t<div class=\"elementor-column elementor-col-50 elementor-top-column elementor-element elementor-element-504ceda\" data-id=\"504ceda\" data-element_type=\"column\" data-e-type=\"column\">\n\t\t\t<div class=\"elementor-widget-wrap elementor-element-populated\">\n\t\t\t\t\t\t<div class=\"elementor-element elementor-element-1c68102 elementor-widget elementor-widget-heading\" data-id=\"1c68102\" data-element_type=\"widget\" data-e-type=\"widget\" data-widget_type=\"heading.default\">\n\t\t\t\t<div class=\"elementor-widget-container\">\n\t\t\t\t\t<h2 class=\"elementor-heading-title elementor-size-default\">\ud83d\udccd Orgullosamente al servicio de Wesley Chapel y alrededores<\/h2>\t\t\t\t<\/div>\n\t\t\t\t<\/div>\n\t\t\t\t<div class=\"elementor-element elementor-element-3b26664 elementor-widget elementor-widget-text-editor\" data-id=\"3b26664\" data-element_type=\"widget\" data-e-type=\"widget\" data-widget_type=\"text-editor.default\">\n\t\t\t\t<div class=\"elementor-widget-container\">\n\t\t\t\t\t\t\t\t\t<p>Situada convenientemente en el coraz\u00f3n de <strong data-start=\"2050\" data-end=\"2067\">Wesley Chapel<\/strong>, estamos orgullosos de servir a la vibrante comunidad de Tampa Bay. Tanto si eres un profesional ocupado, un atleta, un padre o simplemente est\u00e1s dispuesto a invertir en tu salud, <strong data-start=\"2218\" data-end=\"2271\">la Cl\u00ednica IV Harmony est\u00e1 aqu\u00ed para apoyar tu viaje<\/strong>. <\/p>\n\t\t\t\t\t\t\t\t<\/div>\n\t\t\t\t<\/div>\n\t\t\t\t<div class=\"elementor-element elementor-element-85c5e43 elementor-widget elementor-widget-heading\" data-id=\"85c5e43\" data-element_type=\"widget\" data-e-type=\"widget\" data-widget_type=\"heading.default\">\n\t\t\t\t<div class=\"elementor-widget-container\">\n\t\t\t\t\t<h2 class=\"elementor-heading-title elementor-size-default\">\u00bfListo para sentirte lo mejor posible?<\/h2>\t\t\t\t<\/div>\n\t\t\t\t<\/div>\n\t\t\t\t<div class=\"elementor-element elementor-element-fb1cc81 elementor-widget elementor-widget-text-editor\" data-id=\"fb1cc81\" data-element_type=\"widget\" data-e-type=\"widget\" data-widget_type=\"text-editor.default\">\n\t\t\t\t<div class=\"elementor-widget-container\">\n\t\t\t\t\t\t\t\t\t<p data-start=\"2312\" data-end=\"2448\"><strong data-start=\"2312\" data-end=\"2349\">Reserva tu consulta hoy mismo<\/strong> y descubre c\u00f3mo la terapia intravenosa puede transformar tu energ\u00eda, belleza y bienestar, desde dentro hacia fuera.<\/p>\n<p data-start=\"2450\" data-end=\"2555\">\ud83d\udcde Ll\u00e1manos <strong>813-729-2299<\/strong><br data-start=\"2483\" data-end=\"2486\">\ud83d\udccd Vis\u00edtanos: <strong><span class=\"elementor-icon-list-text\">33921 FL-54 suite 102, Wesley Chapel, FL 33543<\/span><\/strong><\/p>\n<ul class=\"elementor-icon-list-items\">\n<li class=\"elementor-icon-list-item\"> <\/li>\n<\/ul>\n\t\t\t\t\t\t\t\t<\/div>\n\t\t\t\t<\/div>\n\t\t\t\t\t<\/div>\n\t\t<\/div>\n\t\t\t\t\t<\/div>\n\t\t<\/section>\n\t\t\t\t<\/div>\n\t\t","protected":false},"excerpt":{"rendered":"<p>Revitaliza tu salud con la Cl\u00ednica Armon\u00eda IV &#8211; Wesley Chapel Restaurar &#8211; Reponer &#8211; Rejuvenecer Bienvenido a la Cl\u00ednica IV Harmony, tu destino para terapias intravenosas de vanguardia , inyecciones de bienestar y tratamientos est\u00e9ticos en Wesley Chapel, FL. Tanto si buscas un refuerzo inmunitario, una recuperaci\u00f3n m\u00e1s r\u00e1pida, una piel radiante o vitalidad [&hellip;]<\/p>\n","protected":false},"author":1,"featured_media":0,"parent":0,"menu_order":0,"comment_status":"closed","ping_status":"closed","template":"","meta":{"site-sidebar-layout":"no-sidebar","site-content-layout":"page-builder","ast-site-content-layout":"full-width-container","site-content-style":"default","site-sidebar-style":"default","ast-global-header-display":"","ast-banner-title-visibility":"","ast-main-header-display":"","ast-hfb-above-header-display":"","ast-hfb-below-header-display":"","ast-hfb-mobile-header-display":"","site-post-title":"disabled","ast-breadcrumbs-content":"","ast-featured-img":"disabled","footer-sml-layout":"","ast-disable-related-posts":"","theme-transparent-header-meta":"","adv-header-id-meta":"","stick-header-meta":"","header-above-stick-meta":"","header-main-stick-meta":"","header-below-stick-meta":"","astra-migrate-meta-layouts":"default","ast-page-background-enabled":"default","ast-page-background-meta":{"desktop":{"background-color":"var(--ast-global-color-4)","background-image":"","background-repeat":"repeat","background-position":"center center","background-size":"auto","background-attachment":"scroll","background-type":"","background-media":"","overlay-type":"","overlay-color":"","overlay-opacity":"","overlay-gradient":""},"tablet":{"background-color":"","background-image":"","background-repeat":"repeat","background-position":"center center","background-size":"auto","background-attachment":"scroll","background-type":"","background-media":"","overlay-type":"","overlay-color":"","overlay-opacity":"","overlay-gradient":""},"mobile":{"background-color":"","background-image":"","background-repeat":"repeat","background-position":"center center","background-size":"auto","background-attachment":"scroll","background-type":"","background-media":"","overlay-type":"","overlay-color":"","overlay-opacity":"","overlay-gradient":""}},"ast-content-background-meta":{"desktop":{"background-color":"var(--ast-global-color-5)","background-image":"","background-repeat":"repeat","background-position":"center center","background-size":"auto","background-attachment":"scroll","background-type":"","background-media":"","overlay-type":"","overlay-color":"","overlay-opacity":"","overlay-gradient":""},"tablet":{"background-color":"var(--ast-global-color-5)","background-image":"","background-repeat":"repeat","background-position":"center center","background-size":"auto","background-attachment":"scroll","background-type":"","background-media":"","overlay-type":"","overlay-color":"","overlay-opacity":"","overlay-gradient":""},"mobile":{"background-color":"var(--ast-global-color-5)","background-image":"","background-repeat":"repeat","background-position":"center center","background-size":"auto","background-attachment":"scroll","background-type":"","background-media":"","overlay-type":"","overlay-color":"","overlay-opacity":"","overlay-gradient":""}},"footnotes":""},"class_list":["post-15219","page","type-page","status-publish","hentry"],"_links":{"self":[{"href":"https:\/\/ivharmonyclinic.com\/es\/wp-json\/wp\/v2\/pages\/15219","targetHints":{"allow":["GET"]}}],"collection":[{"href":"https:\/\/ivharmonyclinic.com\/es\/wp-json\/wp\/v2\/pages"}],"about":[{"href":"https:\/\/ivharmonyclinic.com\/es\/wp-json\/wp\/v2\/types\/page"}],"author":[{"embeddable":true,"href":"https:\/\/ivharmonyclinic.com\/es\/wp-json\/wp\/v2\/users\/1"}],"replies":[{"embeddable":true,"href":"https:\/\/ivharmonyclinic.com\/es\/wp-json\/wp\/v2\/comments?post=15219"}],"version-history":[{"count":3,"href":"https:\/\/ivharmonyclinic.com\/es\/wp-json\/wp\/v2\/pages\/15219\/revisions"}],"predecessor-version":[{"id":15222,"href":"https:\/\/ivharmonyclinic.com\/es\/wp-json\/wp\/v2\/pages\/15219\/revisions\/15222"}],"wp:attachment":[{"href":"https:\/\/ivharmonyclinic.com\/es\/wp-json\/wp\/v2\/media?parent=15219"}],"curies":[{"name":"wp","href":"https:\/\/api.w.org\/{rel}","templated":true}]}}