{"id":15215,"date":"2025-06-06T07:42:13","date_gmt":"2025-06-06T07:42:13","guid":{"rendered":"https:\/\/ivharmonyclinic.com\/terapia-facial-con-exosomas\/"},"modified":"2025-09-15T16:11:49","modified_gmt":"2025-09-15T16:11:49","slug":"terapia-facial-con-exosomas","status":"publish","type":"page","link":"https:\/\/ivharmonyclinic.com\/es\/terapia-facial-con-exosomas\/","title":{"rendered":"Terapia facial con exosomas"},"content":{"rendered":"\t\t<div data-elementor-type=\"wp-page\" data-elementor-id=\"15215\" class=\"elementor elementor-15215 elementor-13324\" data-elementor-post-type=\"page\">\n\t\t\t\t\t\t<section class=\"elementor-section elementor-top-section elementor-element elementor-element-785d7115 elementor-section-height-min-height elementor-section-boxed elementor-section-height-default elementor-section-items-middle\" data-id=\"785d7115\" data-element_type=\"section\" data-e-type=\"section\" data-settings=\"{&quot;background_background&quot;:&quot;classic&quot;,&quot;background_motion_fx_motion_fx_scrolling&quot;:&quot;yes&quot;,&quot;background_motion_fx_translateY_effect&quot;:&quot;yes&quot;,&quot;background_motion_fx_translateY_speed&quot;:{&quot;unit&quot;:&quot;px&quot;,&quot;size&quot;:4,&quot;sizes&quot;:[]},&quot;background_motion_fx_translateY_affectedRange&quot;:{&quot;unit&quot;:&quot;%&quot;,&quot;size&quot;:&quot;&quot;,&quot;sizes&quot;:{&quot;start&quot;:0,&quot;end&quot;:100}},&quot;background_motion_fx_devices&quot;:[&quot;desktop&quot;,&quot;tablet&quot;,&quot;mobile&quot;]}\">\n\t\t\t\t\t\t\t<div class=\"elementor-background-overlay\"><\/div>\n\t\t\t\t\t\t\t<div class=\"elementor-container elementor-column-gap-default\">\n\t\t\t\t\t<div class=\"elementor-column elementor-col-100 elementor-top-column elementor-element elementor-element-6372bc9\" data-id=\"6372bc9\" data-element_type=\"column\" data-e-type=\"column\">\n\t\t\t<div class=\"elementor-widget-wrap elementor-element-populated\">\n\t\t\t\t\t\t<div class=\"elementor-element elementor-element-4c11a464 elementor-widget elementor-widget-heading\" data-id=\"4c11a464\" data-element_type=\"widget\" data-e-type=\"widget\" data-widget_type=\"heading.default\">\n\t\t\t\t<div class=\"elementor-widget-container\">\n\t\t\t\t\t<h1 class=\"elementor-heading-title elementor-size-default\">Terapia facial con exosomas<\/h1>\t\t\t\t<\/div>\n\t\t\t\t<\/div>\n\t\t\t\t\t<\/div>\n\t\t<\/div>\n\t\t\t\t\t<\/div>\n\t\t<\/section>\n\t\t\t\t<section class=\"elementor-section elementor-top-section elementor-element elementor-element-64a16585 elementor-section-boxed elementor-section-height-default elementor-section-height-default\" data-id=\"64a16585\" data-element_type=\"section\" data-e-type=\"section\">\n\t\t\t\t\t\t<div class=\"elementor-container elementor-column-gap-default\">\n\t\t\t\t\t<div class=\"elementor-column elementor-col-100 elementor-top-column elementor-element elementor-element-2f530a87\" data-id=\"2f530a87\" data-element_type=\"column\" data-e-type=\"column\">\n\t\t\t<div class=\"elementor-widget-wrap elementor-element-populated\">\n\t\t\t\t\t\t<div class=\"elementor-element elementor-element-070acee elementor-widget elementor-widget-html\" data-id=\"070acee\" data-element_type=\"widget\" data-e-type=\"widget\" data-widget_type=\"html.default\">\n\t\t\t\t<div class=\"elementor-widget-container\">\n\t\t\t\t\t<script type=\"application\/ld+json\">{\n  \"@context\": \"https:\/\/schema.org\",\n  \"@type\": \"MedicalClinic\",\n  \"@id\": \"https:\/\/ivharmonyclinic.com\/#medicalclinic\",\n  \"name\": \"IV Harmony Clinic\",\n  \"url\": \"https:\/\/ivharmonyclinic.com\/exosome-facial-therapy\/\",\n  \"logo\": \"https:\/\/ivharmonyclinic.com\/wp-content\/uploads\/2023\/07\/cropped-iv-con-slogan.png\",\n  \"image\": \"https:\/\/ivharmonyclinic.com\/wp-content\/uploads\/2025\/06\/Exosome-Facial.webp\",\n  \"description\": \"IV Harmony Clinic offers advanced Exosome Facial Therapy to rejuvenate and revitalize your skin. This non-invasive treatment promotes skin regeneration, reducing fine lines and enhancing overall facial appearance.\",\n  \"telephone\": \"+1-813-325-3870\",\n  \"address\": {\n    \"@type\": \"PostalAddress\",\n    \"streetAddress\": \"2749 E County Line Rd\",\n    \"addressLocality\": \"Lutz\",\n    \"addressRegion\": \"FL\",\n    \"postalCode\": \"33559\",\n    \"addressCountry\": \"US\"\n  },\n  \"priceRange\": \"$$$\",\n  \"sameAs\": [\n    \"https:\/\/www.facebook.com\/ivharmonyclinic\",\n    \"https:\/\/www.instagram.com\/ivharmonyclinic\",\n    \"https:\/\/www.linkedin.com\/company\/iv-harmony-clinic\"\n  ],\n  \"medicalSpecialty\": \"Dermatology\",\n  \"availableService\": {\n    \"@type\": \"MedicalTherapy\",\n    \"@id\": \"https:\/\/ivharmonyclinic.com\/exosome-facial-therapy\/#therapy\",\n    \"name\": \"Exosome Facial Therapy\",\n    \"url\": \"https:\/\/ivharmonyclinic.com\/exosome-facial-therapy\/\",\n    \"description\": \"Exosome Facial Therapy is an innovative skin treatment designed to rejuvenate, restore, and revitalize facial skin using exosomes to promote cellular regeneration.\",\n    \"procedureType\": \"Non-invasive facial therapy\",\n    \"bodyLocation\": \"Face\",\n    \"howPerformed\": \"Topical application of exosomes combined with microneedling or other facial therapies to stimulate skin regeneration.\",\n    \"potentialAction\": \"Skin rejuvenation, reduction of fine lines, improved skin texture and elasticity\"\n  },\n  \"aggregateRating\": {\n    \"@type\": \"AggregateRating\",\n    \"ratingValue\": \"5\",\n    \"reviewCount\": \"134\"\n  },\n  \"review\": [\n    {\n      \"@type\": \"Review\",\n      \"author\": {\n        \"@type\": \"Person\",\n        \"name\": \"Amanda Arancio\"\n      },\n      \"datePublished\": \"2025-01-15\",\n      \"reviewBody\": \"When you walk in, you feel immediately safe and at ease in the clean and calm environment. The staff is truly top notch- very educated in all service offerings with incredible bedside manner. They\u2019ve made a life long client out of myself and my family!\",\n      \"reviewRating\": {\n        \"@type\": \"Rating\",\n        \"ratingValue\": \"5\",\n        \"bestRating\": \"5\"\n      }\n    },\n    {\n      \"@type\": \"Review\",\n      \"author\": {\n        \"@type\": \"Person\",\n        \"name\": \"David M.\"\n      },\n      \"datePublished\": \"2025-02-20\",\n      \"reviewBody\": \"Fantastic experience! The Exosome Facial Therapy made a visible difference in my skin. Friendly staff and a very professional environment.\",\n      \"reviewRating\": {\n        \"@type\": \"Rating\",\n        \"ratingValue\": \"5\",\n        \"bestRating\": \"5\"\n      }\n    }\n  ],\n  \"mainEntityOfPage\": {\n    \"@type\": \"WebPage\",\n    \"@id\": \"https:\/\/ivharmonyclinic.com\/exosome-facial-therapy\/\",\n    \"publisher\": {\n      \"@type\": \"Organization\",\n      \"name\": \"IV Harmony Clinic\",\n      \"logo\": {\n        \"@type\": \"ImageObject\",\n        \"url\": \"https:\/\/ivharmonyclinic.com\/wp-content\/uploads\/2023\/07\/cropped-iv-con-slogan.png\"\n      }\n    },\n    \"mainEntity\": [\n      {\n        \"@type\": \"Question\",\n        \"name\": \"What is Exosome Facial Therapy?\",\n        \"acceptedAnswer\": {\n          \"@type\": \"Answer\",\n          \"text\": \"Exosome Facial Therapy is a non-invasive skin treatment that uses exosomes to promote cellular regeneration, helping reduce fine lines, improve texture, and restore youthful skin.\"\n        }\n      },\n      {\n        \"@type\": \"Question\",\n        \"name\": \"How is the therapy performed?\",\n        \"acceptedAnswer\": {\n          \"@type\": \"Answer\",\n          \"text\": \"The procedure involves topical application of exosomes, often combined with microneedling or other facial treatments, to stimulate skin regeneration.\"\n        }\n      },\n      {\n        \"@type\": \"Question\",\n        \"name\": \"Is Exosome Facial Therapy safe?\",\n        \"acceptedAnswer\": {\n          \"@type\": \"Answer\",\n          \"text\": \"Yes, it is a non-invasive procedure performed by trained professionals at IV Harmony Clinic, with minimal risk and downtime.\"\n        }\n      },\n      {\n        \"@type\": \"Question\",\n        \"name\": \"How long before I see results?\",\n        \"acceptedAnswer\": {\n          \"@type\": \"Answer\",\n          \"text\": \"Many patients notice improvements in skin texture and hydration within a few days, with continued benefits over several weeks.\"\n        }\n      }\n    ]\n  }\n}\n<\/script>\t\t\t\t<\/div>\n\t\t\t\t<\/div>\n\t\t\t\t<div class=\"elementor-element elementor-element-352955f3 elementor-widget elementor-widget-text-editor\" data-id=\"352955f3\" data-element_type=\"widget\" data-e-type=\"widget\" data-widget_type=\"text-editor.default\">\n\t\t\t\t<div class=\"elementor-widget-container\">\n\t\t\t\t\t\t\t\t\t<p class=\"p1\">Un tratamiento de rejuvenecimiento facial de nueva generaci\u00f3n que utiliza <strong>tecnolog\u00eda de exosomas -ves\u00edculas de tama\u00f1o nanom\u00e9trico<\/strong>ricas en factores de crecimiento y p\u00e9ptidos- para favorecer la vitalidad de la piel. Este tratamiento cosm\u00e9tico avanzado ayuda a mejorar el aspecto y el tacto de la piel al favorecer una textura m\u00e1s suave, un tono equilibrado y un aspecto m\u00e1s radiante y juvenil. <\/p>\n\t\t\t\t\t\t\t\t<\/div>\n\t\t\t\t<\/div>\n\t\t\t\t\t<\/div>\n\t\t<\/div>\n\t\t\t\t\t<\/div>\n\t\t<\/section>\n\t\t\t\t<section class=\"elementor-section elementor-top-section elementor-element elementor-element-c9e3f60 elementor-section-boxed elementor-section-height-default elementor-section-height-default\" data-id=\"c9e3f60\" data-element_type=\"section\" data-e-type=\"section\">\n\t\t\t\t\t\t<div class=\"elementor-container elementor-column-gap-default\">\n\t\t\t\t\t<div class=\"elementor-column elementor-col-50 elementor-top-column elementor-element elementor-element-a5e0323\" data-id=\"a5e0323\" data-element_type=\"column\" data-e-type=\"column\">\n\t\t\t<div class=\"elementor-widget-wrap elementor-element-populated\">\n\t\t\t\t\t\t<div class=\"elementor-element elementor-element-4fa3a4e elementor-widget elementor-widget-text-editor\" data-id=\"4fa3a4e\" data-element_type=\"widget\" data-e-type=\"widget\" data-widget_type=\"text-editor.default\">\n\t\t\t\t<div class=\"elementor-widget-container\">\n\t\t\t\t\t\t\t\t\t<p class=\"p1\"><b>Ventajas:<\/b><b><\/b><\/p>\n<ul class=\"ul1\">\n<li>\n<p>Favorece el col\u00e1geno y la elastina naturales para una piel de aspecto m\u00e1s firme<\/p>\n<\/li>\n<li>\n<p>Mejora el tono de la piel y afina la textura general<\/p>\n<\/li>\n<li>\n<p>Suaviza el aspecto de las l\u00edneas finas y las arrugas<\/p>\n<\/li>\n<li>\n<p>Favorece una tez m\u00e1s fresca y revitalizada<\/p>\n<\/li>\n<li>\n<p>Mejora visiblemente el aspecto de las irregularidades del tono y la textura de la piel<\/p>\n<\/li>\n<li>\n<p>Complementa los resultados de los tratamientos con microneedling o l\u00e1ser<\/p>\n<\/li>\n<\/ul>\n\t\t\t\t\t\t\t\t<\/div>\n\t\t\t\t<\/div>\n\t\t\t\t\t<\/div>\n\t\t<\/div>\n\t\t\t\t<div class=\"elementor-column elementor-col-50 elementor-top-column elementor-element elementor-element-68e6af3\" data-id=\"68e6af3\" data-element_type=\"column\" data-e-type=\"column\">\n\t\t\t<div class=\"elementor-widget-wrap elementor-element-populated\">\n\t\t\t\t\t\t<div class=\"elementor-element elementor-element-0431546 elementor-widget elementor-widget-text-editor\" data-id=\"0431546\" data-element_type=\"widget\" data-e-type=\"widget\" data-widget_type=\"text-editor.default\">\n\t\t\t\t<div class=\"elementor-widget-container\">\n\t\t\t\t\t\t\t\t\t<p><strong>Recomendado para:<\/strong> Personas que buscan refrescar la piel apagada, minimizar la aparici\u00f3n de decoloraci\u00f3n o problemas de textura y mejorar los resultados de los tratamientos cosm\u00e9ticos.<\/p>\n<p><strong>Puede combinarse con:<\/strong> <a href=\"https:\/\/ivharmonyclinic.com\/es\/servicios-de-microneedling-en-iv-harmony-clinic-su-destino-1-para-el-mejor-skinpen-en-lutz-florida\/\">Microneedling<\/a>, <a href=\"https:\/\/ivharmonyclinic.com\/es\/terapia-con-plasma-rico-en-plaquetas-prp\/\">PRP<\/a> o <a href=\"https:\/\/ivharmonyclinic.com\/es\/tratamiento-de-rejuvenecimiento-cutaneo\/\">procedimientos l\u00e1ser<\/a> para un rejuvenecimiento mejorado.<\/p>\n\t\t\t\t\t\t\t\t<\/div>\n\t\t\t\t<\/div>\n\t\t\t\t\t<\/div>\n\t\t<\/div>\n\t\t\t\t\t<\/div>\n\t\t<\/section>\n\t\t\t\t<\/div>\n\t\t","protected":false},"excerpt":{"rendered":"<p>Terapia facial con exosomas Un tratamiento de rejuvenecimiento facial de nueva generaci\u00f3n que utiliza tecnolog\u00eda de exosomas -ves\u00edculas de tama\u00f1o nanom\u00e9tricoricas en factores de crecimiento y p\u00e9ptidos- para favorecer la vitalidad de la piel. Este tratamiento cosm\u00e9tico avanzado ayuda a mejorar el aspecto y el tacto de la piel al favorecer una textura m\u00e1s suave, [&hellip;]<\/p>\n","protected":false},"author":1,"featured_media":0,"parent":0,"menu_order":0,"comment_status":"closed","ping_status":"closed","template":"","meta":{"site-sidebar-layout":"no-sidebar","site-content-layout":"page-builder","ast-site-content-layout":"full-width-container","site-content-style":"default","site-sidebar-style":"default","ast-global-header-display":"","ast-banner-title-visibility":"","ast-main-header-display":"","ast-hfb-above-header-display":"","ast-hfb-below-header-display":"","ast-hfb-mobile-header-display":"","site-post-title":"disabled","ast-breadcrumbs-content":"","ast-featured-img":"disabled","footer-sml-layout":"","ast-disable-related-posts":"","theme-transparent-header-meta":"","adv-header-id-meta":"","stick-header-meta":"","header-above-stick-meta":"","header-main-stick-meta":"","header-below-stick-meta":"","astra-migrate-meta-layouts":"default","ast-page-background-enabled":"default","ast-page-background-meta":{"desktop":{"background-color":"var(--ast-global-color-4)","background-image":"","background-repeat":"repeat","background-position":"center center","background-size":"auto","background-attachment":"scroll","background-type":"","background-media":"","overlay-type":"","overlay-color":"","overlay-opacity":"","overlay-gradient":""},"tablet":{"background-color":"","background-image":"","background-repeat":"repeat","background-position":"center center","background-size":"auto","background-attachment":"scroll","background-type":"","background-media":"","overlay-type":"","overlay-color":"","overlay-opacity":"","overlay-gradient":""},"mobile":{"background-color":"","background-image":"","background-repeat":"repeat","background-position":"center center","background-size":"auto","background-attachment":"scroll","background-type":"","background-media":"","overlay-type":"","overlay-color":"","overlay-opacity":"","overlay-gradient":""}},"ast-content-background-meta":{"desktop":{"background-color":"var(--ast-global-color-5)","background-image":"","background-repeat":"repeat","background-position":"center center","background-size":"auto","background-attachment":"scroll","background-type":"","background-media":"","overlay-type":"","overlay-color":"","overlay-opacity":"","overlay-gradient":""},"tablet":{"background-color":"var(--ast-global-color-5)","background-image":"","background-repeat":"repeat","background-position":"center center","background-size":"auto","background-attachment":"scroll","background-type":"","background-media":"","overlay-type":"","overlay-color":"","overlay-opacity":"","overlay-gradient":""},"mobile":{"background-color":"var(--ast-global-color-5)","background-image":"","background-repeat":"repeat","background-position":"center center","background-size":"auto","background-attachment":"scroll","background-type":"","background-media":"","overlay-type":"","overlay-color":"","overlay-opacity":"","overlay-gradient":""}},"footnotes":""},"class_list":["post-15215","page","type-page","status-publish","hentry"],"_links":{"self":[{"href":"https:\/\/ivharmonyclinic.com\/es\/wp-json\/wp\/v2\/pages\/15215","targetHints":{"allow":["GET"]}}],"collection":[{"href":"https:\/\/ivharmonyclinic.com\/es\/wp-json\/wp\/v2\/pages"}],"about":[{"href":"https:\/\/ivharmonyclinic.com\/es\/wp-json\/wp\/v2\/types\/page"}],"author":[{"embeddable":true,"href":"https:\/\/ivharmonyclinic.com\/es\/wp-json\/wp\/v2\/users\/1"}],"replies":[{"embeddable":true,"href":"https:\/\/ivharmonyclinic.com\/es\/wp-json\/wp\/v2\/comments?post=15215"}],"version-history":[{"count":3,"href":"https:\/\/ivharmonyclinic.com\/es\/wp-json\/wp\/v2\/pages\/15215\/revisions"}],"predecessor-version":[{"id":15218,"href":"https:\/\/ivharmonyclinic.com\/es\/wp-json\/wp\/v2\/pages\/15215\/revisions\/15218"}],"wp:attachment":[{"href":"https:\/\/ivharmonyclinic.com\/es\/wp-json\/wp\/v2\/media?parent=15215"}],"curies":[{"name":"wp","href":"https:\/\/api.w.org\/{rel}","templated":true}]}}