{"id":15200,"date":"2025-08-18T15:59:48","date_gmt":"2025-08-18T15:59:48","guid":{"rendered":"https:\/\/ivharmonyclinic.com\/terapia-jetlag-iv-en-tampa\/"},"modified":"2025-09-15T16:09:46","modified_gmt":"2025-09-15T16:09:46","slug":"terapia-jetlag-iv-en-tampa","status":"publish","type":"page","link":"https:\/\/ivharmonyclinic.com\/es\/terapia-jetlag-iv-en-tampa\/","title":{"rendered":"Terapia Jetlag IV en Tampa"},"content":{"rendered":"\t\t<div data-elementor-type=\"wp-page\" data-elementor-id=\"15200\" class=\"elementor elementor-15200 elementor-14754\" data-elementor-post-type=\"page\">\n\t\t\t\t\t\t<section class=\"elementor-section elementor-top-section elementor-element elementor-element-c192df4 elementor-section-height-min-height elementor-section-boxed elementor-section-height-default elementor-section-items-middle\" data-id=\"c192df4\" data-element_type=\"section\" data-e-type=\"section\" data-settings=\"{&quot;background_background&quot;:&quot;classic&quot;}\">\n\t\t\t\t\t\t\t<div class=\"elementor-background-overlay\"><\/div>\n\t\t\t\t\t\t\t<div class=\"elementor-container elementor-column-gap-default\">\n\t\t\t\t\t<div class=\"elementor-column elementor-col-100 elementor-top-column elementor-element elementor-element-18bd074c\" data-id=\"18bd074c\" data-element_type=\"column\" data-e-type=\"column\">\n\t\t\t<div class=\"elementor-widget-wrap elementor-element-populated\">\n\t\t\t\t\t\t<div class=\"elementor-element elementor-element-54f577fb elementor-widget elementor-widget-heading\" data-id=\"54f577fb\" data-element_type=\"widget\" data-e-type=\"widget\" data-widget_type=\"heading.default\">\n\t\t\t\t<div class=\"elementor-widget-container\">\n\t\t\t\t\t<h1 class=\"elementor-heading-title elementor-size-default\">Terapia Jetlag IV en Tampa<\/h1>\t\t\t\t<\/div>\n\t\t\t\t<\/div>\n\t\t\t\t<div class=\"elementor-element elementor-element-4422e245 elementor-align-center elementor-widget elementor-widget-global elementor-global-12348 elementor-widget-button\" data-id=\"4422e245\" data-element_type=\"widget\" data-e-type=\"widget\" data-widget_type=\"button.default\">\n\t\t\t\t<div class=\"elementor-widget-container\">\n\t\t\t\t\t\t\t\t\t<div class=\"elementor-button-wrapper\">\n\t\t\t\t\t<a class=\"elementor-button elementor-button-link elementor-size-sm\" href=\"https:\/\/ivharmonyclinic.com\/request-consultation\/\">\n\t\t\t\t\t\t<span class=\"elementor-button-content-wrapper\">\n\t\t\t\t\t\t\t\t\t<span class=\"elementor-button-text\">BOOK NOW<\/span>\n\t\t\t\t\t<\/span>\n\t\t\t\t\t<\/a>\n\t\t\t\t<\/div>\n\t\t\t\t\t\t\t\t<\/div>\n\t\t\t\t<\/div>\n\t\t\t\t<div class=\"elementor-element elementor-element-762bc439 elementor-widget elementor-widget-heading\" data-id=\"762bc439\" data-element_type=\"widget\" data-e-type=\"widget\" data-widget_type=\"heading.default\">\n\t\t\t\t<div class=\"elementor-widget-container\">\n\t\t\t\t\t<h2 class=\"elementor-heading-title elementor-size-default\">Recup\u00e9rate m\u00e1s r\u00e1pido. Rehidr\u00e1tate. Restablece tu cuerpo.  <\/h2>\t\t\t\t<\/div>\n\t\t\t\t<\/div>\n\t\t\t\t\t<\/div>\n\t\t<\/div>\n\t\t\t\t\t<\/div>\n\t\t<\/section>\n\t\t\t\t<section class=\"elementor-section elementor-top-section elementor-element elementor-element-7d4b5a25 elementor-section-boxed elementor-section-height-default elementor-section-height-default\" data-id=\"7d4b5a25\" data-element_type=\"section\" data-e-type=\"section\">\n\t\t\t\t\t\t<div class=\"elementor-container elementor-column-gap-default\">\n\t\t\t\t\t<div class=\"elementor-column elementor-col-100 elementor-top-column elementor-element elementor-element-57a0734d\" data-id=\"57a0734d\" data-element_type=\"column\" data-e-type=\"column\">\n\t\t\t<div class=\"elementor-widget-wrap elementor-element-populated\">\n\t\t\t\t\t\t<div class=\"elementor-element elementor-element-2aef017c elementor-widget elementor-widget-text-editor\" data-id=\"2aef017c\" data-element_type=\"widget\" data-e-type=\"widget\" data-widget_type=\"text-editor.default\">\n\t\t\t\t<div class=\"elementor-widget-container\">\n\t\t\t\t\t\t\t\t\t<p style=\"text-align: center;\"><strong>Vence la fatiga del viaje y vuelve a sentirte t\u00fa mismo<\/strong><\/p>\n<p data-start=\"293\" data-end=\"580\">Viajar a trav\u00e9s de zonas horarias puede ser emocionante, pero tambi\u00e9n pasa factura a tu cuerpo. Los vuelos largos suelen provocar <strong data-start=\"418\" data-end=\"492\">trastornos del sue\u00f1o, deshidrataci\u00f3n, dolores de cabeza, falta de energ\u00eda y pereza.<\/strong> Has llegado a tu destino, pero sientes que tu cuerpo a\u00fan no se ha puesto al d\u00eda. <\/p>\n<p data-start=\"582\" data-end=\"877\">En <strong data-start=\"585\" data-end=\"619\">la Cl\u00ednica IV Harmony de Tampa, FL<\/strong>, nuestra <strong data-start=\"625\" data-end=\"646\">Terapia IV para el Jetlag<\/strong> est\u00e1 dise\u00f1ada para ayudarte a recuperarte r\u00e1pidamente y que puedas volver a vivir, trabajar o explorar. Esta infusi\u00f3n espec\u00edfica repone la hidrataci\u00f3n, restablece los nutrientes vitales y aumenta la energ\u00eda, ayudando a tu cuerpo a adaptarse y recuperarse m\u00e1s r\u00e1pidamente. <\/p>\n\t\t\t\t\t\t\t\t<\/div>\n\t\t\t\t<\/div>\n\t\t\t\t<div class=\"elementor-element elementor-element-68b792e2 elementor-widget elementor-widget-global elementor-global-10732 elementor-widget-heading\" data-id=\"68b792e2\" data-element_type=\"widget\" data-e-type=\"widget\" data-widget_type=\"heading.default\">\n\t\t\t\t<div class=\"elementor-widget-container\">\n\t\t\t\t\t<h2 class=\"elementor-heading-title elementor-size-default\"><a href=\"tel:813-325-3870\">We also offer Mobile IV Therapy in your home or workplace. \n<br>Call to schedule your appointment.<\/a><\/h2>\t\t\t\t<\/div>\n\t\t\t\t<\/div>\n\t\t\t\t\t<\/div>\n\t\t<\/div>\n\t\t\t\t\t<\/div>\n\t\t<\/section>\n\t\t\t\t<section class=\"elementor-section elementor-top-section elementor-element elementor-element-6cebe3a4 elementor-section-boxed elementor-section-height-default elementor-section-height-default\" data-id=\"6cebe3a4\" data-element_type=\"section\" data-e-type=\"section\" data-settings=\"{&quot;background_background&quot;:&quot;classic&quot;}\">\n\t\t\t\t\t\t<div class=\"elementor-container elementor-column-gap-default\">\n\t\t\t\t\t<div class=\"elementor-column elementor-col-50 elementor-top-column elementor-element elementor-element-2f55e752\" data-id=\"2f55e752\" data-element_type=\"column\" data-e-type=\"column\">\n\t\t\t<div class=\"elementor-widget-wrap elementor-element-populated\">\n\t\t\t\t\t\t<div class=\"elementor-element elementor-element-4e80eb0d elementor-widget elementor-widget-heading\" data-id=\"4e80eb0d\" data-element_type=\"widget\" data-e-type=\"widget\" data-widget_type=\"heading.default\">\n\t\t\t\t<div class=\"elementor-widget-container\">\n\t\t\t\t\t<h2 class=\"elementor-heading-title elementor-size-default\">Beneficios de la terapia Jetlag IV<\/h2>\t\t\t\t<\/div>\n\t\t\t\t<\/div>\n\t\t\t\t<div class=\"elementor-element elementor-element-6044620f elementor-widget elementor-widget-text-editor\" data-id=\"6044620f\" data-element_type=\"widget\" data-e-type=\"widget\" data-widget_type=\"text-editor.default\">\n\t\t\t\t<div class=\"elementor-widget-container\">\n\t\t\t\t\t\t\t\t\t<p>\u2714 Rehidrata el cuerpo tras vuelos largos<br data-start=\"961\" data-end=\"964\">\u2714 Restaura las vitaminas y minerales esenciales agotados durante el viaje<br data-start=\"1029\" data-end=\"1032\">\u2714 Aumenta los niveles de energ\u00eda y combate la fatiga<br data-start=\"1073\" data-end=\"1076\">\u2714 Favorece unos patrones de sue\u00f1o saludables para una adaptaci\u00f3n m\u00e1s r\u00e1pida al huso horario<br data-start=\"1141\" data-end=\"1144\">\u2714 Ayuda a reducir los dolores de cabeza, las n\u00e1useas y la niebla cerebral<br data-start=\"1191\" data-end=\"1194\">\u2714 Hace que vuelvas a sentirte fresco y preparado<\/p>\n\t\t\t\t\t\t\t\t<\/div>\n\t\t\t\t<\/div>\n\t\t\t\t\t<\/div>\n\t\t<\/div>\n\t\t\t\t<div class=\"elementor-column elementor-col-50 elementor-top-column elementor-element elementor-element-142248b0\" data-id=\"142248b0\" data-element_type=\"column\" data-e-type=\"column\">\n\t\t\t<div class=\"elementor-widget-wrap elementor-element-populated\">\n\t\t\t\t\t\t<div class=\"elementor-element elementor-element-31ac7c30 elementor-widget elementor-widget-heading\" data-id=\"31ac7c30\" data-element_type=\"widget\" data-e-type=\"widget\" data-widget_type=\"heading.default\">\n\t\t\t\t<div class=\"elementor-widget-container\">\n\t\t\t\t\t<h2 class=\"elementor-heading-title elementor-size-default\">\u00bfQui\u00e9n debe considerar el Jetlag IV?<\/h2>\t\t\t\t<\/div>\n\t\t\t\t<\/div>\n\t\t\t\t<div class=\"elementor-element elementor-element-603821e2 elementor-widget elementor-widget-text-editor\" data-id=\"603821e2\" data-element_type=\"widget\" data-e-type=\"widget\" data-widget_type=\"text-editor.default\">\n\t\t\t\t<div class=\"elementor-widget-container\">\n\t\t\t\t\t\t\t\t\t<p data-start=\"1286\" data-end=\"1317\">Nuestro Jetlag IV es perfecto para<\/p>\n<ul data-start=\"1318\" data-end=\"1573\">\n<li data-start=\"1318\" data-end=\"1360\">\n<p data-start=\"1320\" data-end=\"1360\">Viajeros frecuentes y de negocios<\/p>\n<\/li>\n<li data-start=\"1361\" data-end=\"1415\">\n<p data-start=\"1363\" data-end=\"1415\">Vacacionistas que quieren aprovechar al m\u00e1ximo su viaje<\/p>\n<\/li>\n<li data-start=\"1416\" data-end=\"1489\">\n<p data-start=\"1418\" data-end=\"1489\">Profesionales que necesitan rendir al m\u00e1ximo justo despu\u00e9s de viajar<\/p>\n<\/li>\n<li data-start=\"1490\" data-end=\"1573\">\n<p data-start=\"1492\" data-end=\"1573\">Cualquier persona que experimente agotamiento, deshidrataci\u00f3n o trastornos del sue\u00f1o despu\u00e9s de un vuelo<\/p>\n<\/li>\n<\/ul>\n\t\t\t\t\t\t\t\t<\/div>\n\t\t\t\t<\/div>\n\t\t\t\t\t<\/div>\n\t\t<\/div>\n\t\t\t\t\t<\/div>\n\t\t<\/section>\n\t\t\t\t<section class=\"elementor-section elementor-top-section elementor-element elementor-element-af6bb08 elementor-section-boxed elementor-section-height-default elementor-section-height-default\" data-id=\"af6bb08\" data-element_type=\"section\" data-e-type=\"section\" data-settings=\"{&quot;background_background&quot;:&quot;classic&quot;}\">\n\t\t\t\t\t\t<div class=\"elementor-container elementor-column-gap-default\">\n\t\t\t\t\t<div class=\"elementor-column elementor-col-50 elementor-top-column elementor-element elementor-element-58ae094\" data-id=\"58ae094\" data-element_type=\"column\" data-e-type=\"column\">\n\t\t\t<div class=\"elementor-widget-wrap elementor-element-populated\">\n\t\t\t\t\t\t<div class=\"elementor-element elementor-element-75096b0 elementor-widget elementor-widget-heading\" data-id=\"75096b0\" data-element_type=\"widget\" data-e-type=\"widget\" data-widget_type=\"heading.default\">\n\t\t\t\t<div class=\"elementor-widget-container\">\n\t\t\t\t\t<h2 class=\"elementor-heading-title elementor-size-default\">\u00bfPor qu\u00e9 elegir IV Harmony Clinic?<\/h2>\t\t\t\t<\/div>\n\t\t\t\t<\/div>\n\t\t\t\t<div class=\"elementor-element elementor-element-41a48ad elementor-widget elementor-widget-text-editor\" data-id=\"41a48ad\" data-element_type=\"widget\" data-e-type=\"widget\" data-widget_type=\"text-editor.default\">\n\t\t\t\t<div class=\"elementor-widget-container\">\n\t\t\t\t\t\t\t\t\t<p data-start=\"1616\" data-end=\"1902\">En <strong data-start=\"1619\" data-end=\"1640\">la Cl\u00ednica IV Harmony<\/strong> creemos que el bienestar no debe esperar. Nuestro equipo m\u00e9dico autorizado crea una experiencia intravenosa c\u00f3moda y personalizada para ayudarte a sentirte lo mejor posible. Tanto si viajas por negocios como por placer, te ayudaremos a recuperarte r\u00e1pidamente y a restablecer tu cuerpo despu\u00e9s del viaje.  <\/p>\n\t\t\t\t\t\t\t\t<\/div>\n\t\t\t\t<\/div>\n\t\t\t\t\t<\/div>\n\t\t<\/div>\n\t\t\t\t<div class=\"elementor-column elementor-col-50 elementor-top-column elementor-element elementor-element-843b1b6\" data-id=\"843b1b6\" data-element_type=\"column\" data-e-type=\"column\">\n\t\t\t<div class=\"elementor-widget-wrap elementor-element-populated\">\n\t\t\t\t\t\t<div class=\"elementor-element elementor-element-77a65b6 elementor-widget elementor-widget-heading\" data-id=\"77a65b6\" data-element_type=\"widget\" data-e-type=\"widget\" data-widget_type=\"heading.default\">\n\t\t\t\t<div class=\"elementor-widget-container\">\n\t\t\t\t\t<h2 class=\"elementor-heading-title elementor-size-default\">Reserva hoy tu sesi\u00f3n Jetlag IV<\/h2>\t\t\t\t<\/div>\n\t\t\t\t<\/div>\n\t\t\t\t<div class=\"elementor-element elementor-element-0f768ff elementor-widget elementor-widget-text-editor\" data-id=\"0f768ff\" data-element_type=\"widget\" data-e-type=\"widget\" data-widget_type=\"text-editor.default\">\n\t\t\t\t<div class=\"elementor-widget-container\">\n\t\t\t\t\t\t\t\t\t<p data-start=\"1949\" data-end=\"2110\">No dejes que la fatiga del viaje te frene. Con la terapia intravenosa Jetlag de la Cl\u00ednica Armon\u00eda IV, puedes rehidratarte, restablecer el equilibrio y volver a disfrutar del viaje. <\/p>\n<p data-start=\"2112\" data-end=\"2277\">\ud83d\udccd Vis\u00edtanos en <strong data-start=\"2127\" data-end=\"2159\">IV Harmony Clinic, Tampa, FL<\/strong><br data-start=\"2159\" data-end=\"2162\">\ud83d\udcde Llama <strong data-start=\"2170\" data-end=\"2186\">al 813-325-3870<\/strong> para concertar tu cita<br data-start=\"2215\" data-end=\"2218\">\ud83d\udcbb O <strong data-start=\"2224\" data-end=\"2243\">reserva ahora en l\u00ednea<\/strong> para sentirte renovado y recargado<\/p>\n\t\t\t\t\t\t\t\t<\/div>\n\t\t\t\t<\/div>\n\t\t\t\t\t<\/div>\n\t\t<\/div>\n\t\t\t\t\t<\/div>\n\t\t<\/section>\n\t\t\t\t<\/div>\n\t\t","protected":false},"excerpt":{"rendered":"<p>Terapia Jetlag IV en Tampa BOOK NOW Recup\u00e9rate m\u00e1s r\u00e1pido. Rehidr\u00e1tate. Restablece tu cuerpo. Vence la fatiga del viaje y vuelve a sentirte t\u00fa mismo Viajar a trav\u00e9s de zonas horarias puede ser emocionante, pero tambi\u00e9n pasa factura a tu cuerpo. Los vuelos largos suelen provocar trastornos del sue\u00f1o, deshidrataci\u00f3n, dolores de cabeza, falta de [&hellip;]<\/p>\n","protected":false},"author":1,"featured_media":0,"parent":0,"menu_order":0,"comment_status":"closed","ping_status":"closed","template":"","meta":{"site-sidebar-layout":"no-sidebar","site-content-layout":"page-builder","ast-site-content-layout":"full-width-container","site-content-style":"unboxed","site-sidebar-style":"unboxed","ast-global-header-display":"","ast-banner-title-visibility":"","ast-main-header-display":"","ast-hfb-above-header-display":"","ast-hfb-below-header-display":"","ast-hfb-mobile-header-display":"","site-post-title":"disabled","ast-breadcrumbs-content":"","ast-featured-img":"disabled","footer-sml-layout":"","ast-disable-related-posts":"","theme-transparent-header-meta":"","adv-header-id-meta":"","stick-header-meta":"","header-above-stick-meta":"","header-main-stick-meta":"","header-below-stick-meta":"","astra-migrate-meta-layouts":"default","ast-page-background-enabled":"default","ast-page-background-meta":{"desktop":{"background-color":"var(--ast-global-color-4)","background-image":"","background-repeat":"repeat","background-position":"center center","background-size":"auto","background-attachment":"scroll","background-type":"","background-media":"","overlay-type":"","overlay-color":"","overlay-opacity":"","overlay-gradient":""},"tablet":{"background-color":"","background-image":"","background-repeat":"repeat","background-position":"center center","background-size":"auto","background-attachment":"scroll","background-type":"","background-media":"","overlay-type":"","overlay-color":"","overlay-opacity":"","overlay-gradient":""},"mobile":{"background-color":"","background-image":"","background-repeat":"repeat","background-position":"center center","background-size":"auto","background-attachment":"scroll","background-type":"","background-media":"","overlay-type":"","overlay-color":"","overlay-opacity":"","overlay-gradient":""}},"ast-content-background-meta":{"desktop":{"background-color":"var(--ast-global-color-5)","background-image":"","background-repeat":"repeat","background-position":"center center","background-size":"auto","background-attachment":"scroll","background-type":"","background-media":"","overlay-type":"","overlay-color":"","overlay-opacity":"","overlay-gradient":""},"tablet":{"background-color":"var(--ast-global-color-5)","background-image":"","background-repeat":"repeat","background-position":"center center","background-size":"auto","background-attachment":"scroll","background-type":"","background-media":"","overlay-type":"","overlay-color":"","overlay-opacity":"","overlay-gradient":""},"mobile":{"background-color":"var(--ast-global-color-5)","background-image":"","background-repeat":"repeat","background-position":"center center","background-size":"auto","background-attachment":"scroll","background-type":"","background-media":"","overlay-type":"","overlay-color":"","overlay-opacity":"","overlay-gradient":""}},"footnotes":""},"class_list":["post-15200","page","type-page","status-publish","hentry"],"_links":{"self":[{"href":"https:\/\/ivharmonyclinic.com\/es\/wp-json\/wp\/v2\/pages\/15200","targetHints":{"allow":["GET"]}}],"collection":[{"href":"https:\/\/ivharmonyclinic.com\/es\/wp-json\/wp\/v2\/pages"}],"about":[{"href":"https:\/\/ivharmonyclinic.com\/es\/wp-json\/wp\/v2\/types\/page"}],"author":[{"embeddable":true,"href":"https:\/\/ivharmonyclinic.com\/es\/wp-json\/wp\/v2\/users\/1"}],"replies":[{"embeddable":true,"href":"https:\/\/ivharmonyclinic.com\/es\/wp-json\/wp\/v2\/comments?post=15200"}],"version-history":[{"count":1,"href":"https:\/\/ivharmonyclinic.com\/es\/wp-json\/wp\/v2\/pages\/15200\/revisions"}],"predecessor-version":[{"id":15203,"href":"https:\/\/ivharmonyclinic.com\/es\/wp-json\/wp\/v2\/pages\/15200\/revisions\/15203"}],"wp:attachment":[{"href":"https:\/\/ivharmonyclinic.com\/es\/wp-json\/wp\/v2\/media?parent=15200"}],"curies":[{"name":"wp","href":"https:\/\/api.w.org\/{rel}","templated":true}]}}