{"id":15172,"date":"2025-08-18T15:28:31","date_gmt":"2025-08-18T15:28:31","guid":{"rendered":"https:\/\/ivharmonyclinic.com\/inmunoterapia-plus-iv\/"},"modified":"2025-09-15T16:02:34","modified_gmt":"2025-09-15T16:02:34","slug":"inmunoterapia-plus-iv","status":"publish","type":"page","link":"https:\/\/ivharmonyclinic.com\/es\/inmunoterapia-plus-iv\/","title":{"rendered":"Inmunoterapia Plus IV"},"content":{"rendered":"\t\t<div data-elementor-type=\"wp-page\" data-elementor-id=\"15172\" class=\"elementor elementor-15172 elementor-14721\" data-elementor-post-type=\"page\">\n\t\t\t\t\t\t<section class=\"elementor-section elementor-top-section elementor-element elementor-element-e5a26f9 elementor-section-height-min-height elementor-section-boxed elementor-section-height-default elementor-section-items-middle\" data-id=\"e5a26f9\" data-element_type=\"section\" data-e-type=\"section\" data-settings=\"{&quot;background_background&quot;:&quot;classic&quot;}\">\n\t\t\t\t\t\t\t<div class=\"elementor-background-overlay\"><\/div>\n\t\t\t\t\t\t\t<div class=\"elementor-container elementor-column-gap-default\">\n\t\t\t\t\t<div class=\"elementor-column elementor-col-100 elementor-top-column elementor-element elementor-element-2dc03010\" data-id=\"2dc03010\" data-element_type=\"column\" data-e-type=\"column\">\n\t\t\t<div class=\"elementor-widget-wrap elementor-element-populated\">\n\t\t\t\t\t\t<div class=\"elementor-element elementor-element-47df6965 elementor-widget elementor-widget-heading\" data-id=\"47df6965\" data-element_type=\"widget\" data-e-type=\"widget\" data-widget_type=\"heading.default\">\n\t\t\t\t<div class=\"elementor-widget-container\">\n\t\t\t\t\t<h1 class=\"elementor-heading-title elementor-size-default\">Inmunoterapia Plus IV<\/h1>\t\t\t\t<\/div>\n\t\t\t\t<\/div>\n\t\t\t\t<div class=\"elementor-element elementor-element-4446a38d elementor-align-center elementor-widget elementor-widget-global elementor-global-12348 elementor-widget-button\" data-id=\"4446a38d\" data-element_type=\"widget\" data-e-type=\"widget\" data-widget_type=\"button.default\">\n\t\t\t\t<div class=\"elementor-widget-container\">\n\t\t\t\t\t\t\t\t\t<div class=\"elementor-button-wrapper\">\n\t\t\t\t\t<a class=\"elementor-button elementor-button-link elementor-size-sm\" href=\"https:\/\/ivharmonyclinic.com\/request-consultation\/\">\n\t\t\t\t\t\t<span class=\"elementor-button-content-wrapper\">\n\t\t\t\t\t\t\t\t\t<span class=\"elementor-button-text\">BOOK NOW<\/span>\n\t\t\t\t\t<\/span>\n\t\t\t\t\t<\/a>\n\t\t\t\t<\/div>\n\t\t\t\t\t\t\t\t<\/div>\n\t\t\t\t<\/div>\n\t\t\t\t<div class=\"elementor-element elementor-element-7f6e5d63 elementor-widget elementor-widget-heading\" data-id=\"7f6e5d63\" data-element_type=\"widget\" data-e-type=\"widget\" data-widget_type=\"heading.default\">\n\t\t\t\t<div class=\"elementor-widget-container\">\n\t\t\t\t\t<h2 class=\"elementor-heading-title elementor-size-default\">Refuerza tu sistema inmunitario. Recup\u00e9rate m\u00e1s r\u00e1pido. Mantente protegido.  <\/h2>\t\t\t\t<\/div>\n\t\t\t\t<\/div>\n\t\t\t\t\t<\/div>\n\t\t<\/div>\n\t\t\t\t\t<\/div>\n\t\t<\/section>\n\t\t\t\t<section class=\"elementor-section elementor-top-section elementor-element elementor-element-691f5556 elementor-section-boxed elementor-section-height-default elementor-section-height-default\" data-id=\"691f5556\" data-element_type=\"section\" data-e-type=\"section\">\n\t\t\t\t\t\t<div class=\"elementor-container elementor-column-gap-default\">\n\t\t\t\t\t<div class=\"elementor-column elementor-col-100 elementor-top-column elementor-element elementor-element-15d40ec2\" data-id=\"15d40ec2\" data-element_type=\"column\" data-e-type=\"column\">\n\t\t\t<div class=\"elementor-widget-wrap elementor-element-populated\">\n\t\t\t\t\t\t<div class=\"elementor-element elementor-element-6eec69f elementor-widget elementor-widget-html\" data-id=\"6eec69f\" data-element_type=\"widget\" data-e-type=\"widget\" data-widget_type=\"html.default\">\n\t\t\t\t<div class=\"elementor-widget-container\">\n\t\t\t\t\t<script type=\"application\/ld+json\">{\n  \"@context\": \"https:\/\/schema.org\",\n  \"@graph\": [\n    {\n      \"@type\": \"Organization\",\n      \"@id\": \"https:\/\/ivharmonyclinic.com\/#organization\",\n      \"name\": \"IV Harmony Clinic\",\n      \"url\": \"https:\/\/ivharmonyclinic.com\/\",\n      \"logo\": \"https:\/\/ivharmonyclinic.com\/wp-content\/uploads\/2023\/07\/cropped-iv-con-slogan.png\",\n      \"contactPoint\": {\n        \"@type\": \"ContactPoint\",\n        \"telephone\": \"+1-813-325-3870\",\n        \"email\": \"info@ivharmonyclinic.com\",\n        \"contactType\": \"customer service\",\n        \"availableLanguage\": [\"English\"]\n      }\n    },\n    {\n      \"@type\": [\"MedicalClinic\", \"LocalBusiness\"],\n      \"@id\": \"https:\/\/ivharmonyclinic.com\/#location-lutz\",\n      \"name\": \"IV Harmony Clinic \u2014 Lutz, Florida\",\n      \"url\": \"https:\/\/ivharmonyclinic.com\/\",\n      \"image\": \"https:\/\/ivharmonyclinic.com\/wp-content\/uploads\/2023\/07\/cropped-iv-con-slogan.png\",\n      \"telephone\": \"+1-813-325-3870\",\n      \"email\": \"info@ivharmonyclinic.com\",\n      \"address\": {\n        \"@type\": \"PostalAddress\",\n        \"streetAddress\": \"2749 E County Line Rd\",\n        \"addressLocality\": \"Lutz\",\n        \"addressRegion\": \"FL\",\n        \"postalCode\": \"33559\",\n        \"addressCountry\": \"US\"\n      },\n      \"openingHoursSpecification\": [\n        { \"@type\": \"OpeningHoursSpecification\", \"dayOfWeek\": \"https:\/\/schema.org\/Monday\", \"opens\": \"10:00\", \"closes\": \"18:00\" },\n        { \"@type\": \"OpeningHoursSpecification\", \"dayOfWeek\": \"https:\/\/schema.org\/Tuesday\", \"opens\": \"10:00\", \"closes\": \"18:00\" },\n        { \"@type\": \"OpeningHoursSpecification\", \"dayOfWeek\": \"https:\/\/schema.org\/Wednesday\", \"opens\": \"12:00\", \"closes\": \"18:00\" },\n        { \"@type\": \"OpeningHoursSpecification\", \"dayOfWeek\": \"https:\/\/schema.org\/Thursday\", \"opens\": \"10:00\", \"closes\": \"18:00\" },\n        { \"@type\": \"OpeningHoursSpecification\", \"dayOfWeek\": \"https:\/\/schema.org\/Friday\", \"opens\": \"10:00\", \"closes\": \"17:00\" },\n        { \"@type\": \"OpeningHoursSpecification\", \"dayOfWeek\": \"https:\/\/schema.org\/Saturday\", \"opens\": \"10:00\", \"closes\": \"15:00\" },\n        { \"@type\": \"OpeningHoursSpecification\", \"dayOfWeek\": \"https:\/\/schema.org\/Sunday\", \"opens\": \"13:00\", \"closes\": \"16:00\" }\n      ],\n      \"aggregateRating\": {\n        \"@type\": \"AggregateRating\",\n        \"ratingValue\": 5,\n        \"reviewCount\": 134\n      },\n      \"parentOrganization\": { \"@id\": \"https:\/\/ivharmonyclinic.com\/#organization\" }\n    },\n    {\n      \"@type\": \"MedicalProcedure\",\n      \"@id\": \"https:\/\/ivharmonyclinic.com\/immune-booster-plus-iv-therapy\/#procedure\",\n      \"name\": \"Immune Booster Plus IV Therapy\",\n      \"url\": \"https:\/\/ivharmonyclinic.com\/immune-booster-plus-iv-therapy\/\",\n      \"description\": \"Immune Booster Plus IV Therapy is a comprehensive intravenous treatment designed to enhance your body's natural defenses by delivering a potent blend of essential nutrients directly into your bloodstream.\",\n      \"howPerformed\": \"A trained medical professional administers an intravenous (IV) line into a vein, typically in the arm, through which a customized blend of fluids, vitamins, and minerals is delivered directly into the bloodstream.\",\n      \"bodyLocation\": \"Arm\",\n      \"procedureType\": \"https:\/\/schema.org\/MedicalTest\",\n      \"mainEntityOfPage\": \"https:\/\/ivharmonyclinic.com\/immune-booster-plus-iv-therapy\/\",\n      \"image\": \"https:\/\/ivharmonyclinic.com\/wp-content\/uploads\/2023\/07\/cropped-iv-con-slogan.png\",\n      \"potentialAction\": {\n        \"@type\": \"ReserveAction\",\n        \"target\": {\n          \"@type\": \"EntryPoint\",\n          \"urlTemplate\": \"https:\/\/ivharmonyclinic.com\/request-consultation\/\",\n          \"inLanguage\": \"en\",\n          \"actionPlatform\": [\"http:\/\/schema.org\/DesktopWebPlatform\", \"http:\/\/schema.org\/MobileWebPlatform\"]\n        },\n        \"result\": {\n          \"@type\": \"Reservation\",\n          \"name\": \"Immune Booster Plus IV Therapy Consultation\"\n        }\n      }\n    },\n    {\n      \"@type\": \"FAQPage\",\n      \"@id\": \"https:\/\/ivharmonyclinic.com\/immune-booster-plus-iv-therapy\/#faq\",\n      \"url\": \"https:\/\/ivharmonyclinic.com\/immune-booster-plus-iv-therapy\/\",\n      \"mainEntity\": [\n        {\n          \"@type\": \"Question\",\n          \"name\": \"What is Immune Booster Plus IV Therapy?\",\n          \"acceptedAnswer\": {\n            \"@type\": \"Answer\",\n            \"text\": \"Immune Booster Plus IV Therapy is a comprehensive intravenous treatment designed to enhance your body's natural defenses by delivering a potent blend of essential nutrients directly into your bloodstream.\"\n          }\n        },\n        {\n          \"@type\": \"Question\",\n          \"name\": \"How is Immune Booster Plus IV Therapy administered?\",\n          \"acceptedAnswer\": {\n            \"@type\": \"Answer\",\n            \"text\": \"A trained medical professional administers an intravenous (IV) line into a vein, typically in the arm, through which a customized blend of fluids, vitamins, and minerals is delivered directly into the bloodstream.\"\n          }\n        },\n        {\n          \"@type\": \"Question\",\n          \"name\": \"Is Immune Booster Plus IV Therapy safe?\",\n          \"acceptedAnswer\": {\n            \"@type\": \"Answer\",\n            \"text\": \"Yes, when administered by trained medical professionals in a clinical setting, Immune Booster Plus IV Therapy is generally safe with minimal risks.\"\n          }\n        },\n        {\n          \"@type\": \"Question\",\n          \"name\": \"How can I schedule an Immune Booster Plus IV Therapy session?\",\n          \"acceptedAnswer\": {\n            \"@type\": \"Answer\",\n            \"text\": \"You can schedule an Immune Booster Plus IV Therapy session by contacting IV Harmony Clinic at +1-813-325-3870 or visiting our website to request a consultation.\"\n          }\n        }\n      ]\n    },\n    {\n      \"@type\": \"BreadcrumbList\",\n      \"@id\": \"https:\/\/ivharmonyclinic.com\/immune-booster-plus-iv-therapy\/#breadcrumbs\",\n      \"itemListElement\": [\n        { \"@type\": \"ListItem\", \"position\": 1, \"name\": \"Home\", \"item\": \"https:\/\/ivharmonyclinic.com\/\" },\n        { \"@type\": \"ListItem\", \"position\": 2, \"name\": \"Immune Booster Plus IV Therapy\", \"item\": \"https:\/\/ivharmonyclinic.com\/immune-booster-plus-iv-therapy\/\" }\n      ]\n    }\n  ]\n}\n<\/script>\t\t\t\t<\/div>\n\t\t\t\t<\/div>\n\t\t\t\t<div class=\"elementor-element elementor-element-534af7f7 elementor-widget elementor-widget-text-editor\" data-id=\"534af7f7\" data-element_type=\"widget\" data-e-type=\"widget\" data-widget_type=\"text-editor.default\">\n\t\t\t\t<div class=\"elementor-widget-container\">\n\t\t\t\t\t\t\t\t\t<p><strong>Restaura y protege tu salud<\/strong><\/p>\n<p data-start=\"306\" data-end=\"565\">Es f\u00e1cil pasar por alto tu sistema inmunitario&#8230; hasta que m\u00e1s lo necesitas. Los cambios estacionales, el estr\u00e9s, la falta de sue\u00f1o y la exposici\u00f3n cotidiana a los g\u00e9rmenes pueden debilitar silenciosamente las defensas de tu organismo. Es entonces cuando te vuelves m\u00e1s vulnerable a los resfriados, la gripe y otras enfermedades.  <\/p>\n<p data-start=\"567\" data-end=\"892\">En <strong data-start=\"570\" data-end=\"591\">la Cl\u00ednica Harmony IV<\/strong>, nuestro <strong data-start=\"597\" data-end=\"623\">Refuerzo Inmunitario Plus IV<\/strong> est\u00e1 dise\u00f1ado para dar a tu cuerpo el apoyo que necesita para defenderse. Esta potente infusi\u00f3n suministra una mezcla de vitaminas esenciales, antioxidantes y nutrientes directamente a tu torrente sangu\u00edneo para <strong data-start=\"816\" data-end=\"846\">una absorci\u00f3n r\u00e1pida y eficaz, mucho<\/strong>m\u00e1s de lo que pueden proporcionar los suplementos orales. <\/p>\n\t\t\t\t\t\t\t\t<\/div>\n\t\t\t\t<\/div>\n\t\t\t\t<div class=\"elementor-element elementor-element-1cd49016 elementor-widget elementor-widget-global elementor-global-10732 elementor-widget-heading\" data-id=\"1cd49016\" data-element_type=\"widget\" data-e-type=\"widget\" data-widget_type=\"heading.default\">\n\t\t\t\t<div class=\"elementor-widget-container\">\n\t\t\t\t\t<h2 class=\"elementor-heading-title elementor-size-default\"><a href=\"tel:813-325-3870\">We also offer Mobile IV Therapy in your home or workplace. \n<br>Call to schedule your appointment.<\/a><\/h2>\t\t\t\t<\/div>\n\t\t\t\t<\/div>\n\t\t\t\t\t<\/div>\n\t\t<\/div>\n\t\t\t\t\t<\/div>\n\t\t<\/section>\n\t\t\t\t<section class=\"elementor-section elementor-top-section elementor-element elementor-element-3a35b9f3 elementor-section-boxed elementor-section-height-default elementor-section-height-default\" data-id=\"3a35b9f3\" data-element_type=\"section\" data-e-type=\"section\" data-settings=\"{&quot;background_background&quot;:&quot;classic&quot;}\">\n\t\t\t\t\t\t<div class=\"elementor-container elementor-column-gap-default\">\n\t\t\t\t\t<div class=\"elementor-column elementor-col-50 elementor-top-column elementor-element elementor-element-46629e0a\" data-id=\"46629e0a\" data-element_type=\"column\" data-e-type=\"column\">\n\t\t\t<div class=\"elementor-widget-wrap elementor-element-populated\">\n\t\t\t\t\t\t<div class=\"elementor-element elementor-element-19a0f1a2 elementor-widget elementor-widget-heading\" data-id=\"19a0f1a2\" data-element_type=\"widget\" data-e-type=\"widget\" data-widget_type=\"heading.default\">\n\t\t\t\t<div class=\"elementor-widget-container\">\n\t\t\t\t\t<h2 class=\"elementor-heading-title elementor-size-default\">Beneficios del Inmunoestimulante Plus IV<\/h2>\t\t\t\t<\/div>\n\t\t\t\t<\/div>\n\t\t\t\t<div class=\"elementor-element elementor-element-9684800 elementor-widget elementor-widget-text-editor\" data-id=\"9684800\" data-element_type=\"widget\" data-e-type=\"widget\" data-widget_type=\"text-editor.default\">\n\t\t\t\t<div class=\"elementor-widget-container\">\n\t\t\t\t\t\t\t\t\t<p>\u2714 Refuerza tu sistema inmunitario para luchar contra las enfermedades<br data-start=\"997\" data-end=\"1000\">\u2714 Ayuda a tu cuerpo a recuperarse m\u00e1s r\u00e1pidamente cuando est\u00e1s enfermo<br data-start=\"1049\" data-end=\"1052\">\u2714 Reduce la fatiga y restablece los niveles de energ\u00eda<br data-start=\"1096\" data-end=\"1099\">\u2714 Ayuda a tu cuerpo en momentos de estr\u00e9s y alta exposici\u00f3n a g\u00e9rmenes<br data-start=\"1169\" data-end=\"1172\">\u2714 Te mantiene fuerte y resistente durante todo el a\u00f1o<\/p>\n\t\t\t\t\t\t\t\t<\/div>\n\t\t\t\t<\/div>\n\t\t\t\t\t<\/div>\n\t\t<\/div>\n\t\t\t\t<div class=\"elementor-column elementor-col-50 elementor-top-column elementor-element elementor-element-ab7e1cb\" data-id=\"ab7e1cb\" data-element_type=\"column\" data-e-type=\"column\">\n\t\t\t<div class=\"elementor-widget-wrap elementor-element-populated\">\n\t\t\t\t\t\t<div class=\"elementor-element elementor-element-17e656c4 elementor-widget elementor-widget-heading\" data-id=\"17e656c4\" data-element_type=\"widget\" data-e-type=\"widget\" data-widget_type=\"heading.default\">\n\t\t\t\t<div class=\"elementor-widget-container\">\n\t\t\t\t\t<h2 class=\"elementor-heading-title elementor-size-default\">\u00bfQui\u00e9n puede beneficiarse de Inmune Booster Plus IV?<\/h2>\t\t\t\t<\/div>\n\t\t\t\t<\/div>\n\t\t\t\t<div class=\"elementor-element elementor-element-551252e9 elementor-widget elementor-widget-text-editor\" data-id=\"551252e9\" data-element_type=\"widget\" data-e-type=\"widget\" data-widget_type=\"text-editor.default\">\n\t\t\t\t<div class=\"elementor-widget-container\">\n\t\t\t\t\t\t\t\t\t<p data-start=\"1275\" data-end=\"1306\">Esta terapia intravenosa es ideal para<\/p>\n<ul data-start=\"1307\" data-end=\"1534\">\n<li data-start=\"1307\" data-end=\"1358\">\n<p data-start=\"1309\" data-end=\"1358\">Cualquier persona que se sienta agotada, estresada o con exceso de trabajo<\/p>\n<\/li>\n<li data-start=\"1359\" data-end=\"1416\">\n<p data-start=\"1361\" data-end=\"1416\">Personas expuestas a multitudes, viajes o virus estacionales<\/p>\n<\/li>\n<li data-start=\"1417\" data-end=\"1467\">\n<p data-start=\"1419\" data-end=\"1467\">Los que se recuperan de una enfermedad y necesitan un est\u00edmulo<\/p>\n<\/li>\n<li data-start=\"1468\" data-end=\"1534\">\n<p data-start=\"1470\" data-end=\"1534\">Personas que desean una protecci\u00f3n proactiva contra los resfriados y la gripe<\/p>\n<\/li>\n<\/ul>\n\t\t\t\t\t\t\t\t<\/div>\n\t\t\t\t<\/div>\n\t\t\t\t\t<\/div>\n\t\t<\/div>\n\t\t\t\t\t<\/div>\n\t\t<\/section>\n\t\t\t\t<section class=\"elementor-section elementor-top-section elementor-element elementor-element-63c7141f elementor-section-boxed elementor-section-height-default elementor-section-height-default\" data-id=\"63c7141f\" data-element_type=\"section\" data-e-type=\"section\" data-settings=\"{&quot;background_background&quot;:&quot;classic&quot;}\">\n\t\t\t\t\t\t<div class=\"elementor-container elementor-column-gap-default\">\n\t\t\t\t\t<div class=\"elementor-column elementor-col-50 elementor-top-column elementor-element elementor-element-24b7e794\" data-id=\"24b7e794\" data-element_type=\"column\" data-e-type=\"column\">\n\t\t\t<div class=\"elementor-widget-wrap elementor-element-populated\">\n\t\t\t\t\t\t<div class=\"elementor-element elementor-element-6ef10741 elementor-widget elementor-widget-heading\" data-id=\"6ef10741\" data-element_type=\"widget\" data-e-type=\"widget\" data-widget_type=\"heading.default\">\n\t\t\t\t<div class=\"elementor-widget-container\">\n\t\t\t\t\t<h2 class=\"elementor-heading-title elementor-size-default\">\u00bfPor qu\u00e9 elegir IV Harmony Clinic?<\/h2>\t\t\t\t<\/div>\n\t\t\t\t<\/div>\n\t\t\t\t<div class=\"elementor-element elementor-element-31347c26 elementor-widget elementor-widget-text-editor\" data-id=\"31347c26\" data-element_type=\"widget\" data-e-type=\"widget\" data-widget_type=\"text-editor.default\">\n\t\t\t\t<div class=\"elementor-widget-container\">\n\t\t\t\t\t\t\t\t\t<p>En <strong data-start=\"1580\" data-end=\"1614\">la Cl\u00ednica IV Harmony de Tampa, FL<\/strong>, estamos especializados en tratamientos personalizados de terapia intravenosa que restablecen el equilibrio y mejoran el bienestar general. Nuestro equipo m\u00e9dico se asegura de que tu infusi\u00f3n sea segura, c\u00f3moda y adaptada a tus necesidades, para que te sientas mejor y m\u00e1s r\u00e1pido. <\/p>\n\t\t\t\t\t\t\t\t<\/div>\n\t\t\t\t<\/div>\n\t\t\t\t\t<\/div>\n\t\t<\/div>\n\t\t\t\t<div class=\"elementor-column elementor-col-50 elementor-top-column elementor-element elementor-element-7586974c\" data-id=\"7586974c\" data-element_type=\"column\" data-e-type=\"column\">\n\t\t\t<div class=\"elementor-widget-wrap elementor-element-populated\">\n\t\t\t\t\t\t<div class=\"elementor-element elementor-element-5d982506 elementor-widget elementor-widget-heading\" data-id=\"5d982506\" data-element_type=\"widget\" data-e-type=\"widget\" data-widget_type=\"heading.default\">\n\t\t\t\t<div class=\"elementor-widget-container\">\n\t\t\t\t\t<h2 class=\"elementor-heading-title elementor-size-default\">Reserva hoy tu Inmunoestimulante Plus IV<\/h2>\t\t\t\t<\/div>\n\t\t\t\t<\/div>\n\t\t\t\t<div class=\"elementor-element elementor-element-75462aaf elementor-widget elementor-widget-text-editor\" data-id=\"75462aaf\" data-element_type=\"widget\" data-e-type=\"widget\" data-widget_type=\"text-editor.default\">\n\t\t\t\t<div class=\"elementor-widget-container\">\n\t\t\t\t\t\t\t\t\t<p data-start=\"1896\" data-end=\"2007\">No esperes a que la enfermedad te frene. Mantente fuerte, resistente y preparado para lo que la vida te depare. <\/p>\n<p data-start=\"2009\" data-end=\"2188\">\ud83d\udccd Vis\u00edtanos en <strong data-start=\"2024\" data-end=\"2056\">IV Harmony Clinic, Tampa, FL<\/strong><br data-start=\"2056\" data-end=\"2059\">\ud83d\udcde Llama <strong data-start=\"2067\" data-end=\"2083\">al 813-325-3870<\/strong> para concertar tu cita hoy mismo<\/p>\n\t\t\t\t\t\t\t\t<\/div>\n\t\t\t\t<\/div>\n\t\t\t\t\t<\/div>\n\t\t<\/div>\n\t\t\t\t\t<\/div>\n\t\t<\/section>\n\t\t\t\t<\/div>\n\t\t","protected":false},"excerpt":{"rendered":"<p>Inmunoterapia Plus IV BOOK NOW Refuerza tu sistema inmunitario. Recup\u00e9rate m\u00e1s r\u00e1pido. Mantente protegido. Restaura y protege tu salud Es f\u00e1cil pasar por alto tu sistema inmunitario&#8230; hasta que m\u00e1s lo necesitas. Los cambios estacionales, el estr\u00e9s, la falta de sue\u00f1o y la exposici\u00f3n cotidiana a los g\u00e9rmenes pueden debilitar silenciosamente las defensas de tu [&hellip;]<\/p>\n","protected":false},"author":1,"featured_media":0,"parent":0,"menu_order":0,"comment_status":"closed","ping_status":"closed","template":"","meta":{"site-sidebar-layout":"no-sidebar","site-content-layout":"page-builder","ast-site-content-layout":"full-width-container","site-content-style":"default","site-sidebar-style":"default","ast-global-header-display":"","ast-banner-title-visibility":"","ast-main-header-display":"","ast-hfb-above-header-display":"","ast-hfb-below-header-display":"","ast-hfb-mobile-header-display":"","site-post-title":"disabled","ast-breadcrumbs-content":"","ast-featured-img":"disabled","footer-sml-layout":"","ast-disable-related-posts":"","theme-transparent-header-meta":"","adv-header-id-meta":"","stick-header-meta":"","header-above-stick-meta":"","header-main-stick-meta":"","header-below-stick-meta":"","astra-migrate-meta-layouts":"default","ast-page-background-enabled":"default","ast-page-background-meta":{"desktop":{"background-color":"var(--ast-global-color-4)","background-image":"","background-repeat":"repeat","background-position":"center center","background-size":"auto","background-attachment":"scroll","background-type":"","background-media":"","overlay-type":"","overlay-color":"","overlay-opacity":"","overlay-gradient":""},"tablet":{"background-color":"","background-image":"","background-repeat":"repeat","background-position":"center center","background-size":"auto","background-attachment":"scroll","background-type":"","background-media":"","overlay-type":"","overlay-color":"","overlay-opacity":"","overlay-gradient":""},"mobile":{"background-color":"","background-image":"","background-repeat":"repeat","background-position":"center center","background-size":"auto","background-attachment":"scroll","background-type":"","background-media":"","overlay-type":"","overlay-color":"","overlay-opacity":"","overlay-gradient":""}},"ast-content-background-meta":{"desktop":{"background-color":"var(--ast-global-color-5)","background-image":"","background-repeat":"repeat","background-position":"center center","background-size":"auto","background-attachment":"scroll","background-type":"","background-media":"","overlay-type":"","overlay-color":"","overlay-opacity":"","overlay-gradient":""},"tablet":{"background-color":"var(--ast-global-color-5)","background-image":"","background-repeat":"repeat","background-position":"center center","background-size":"auto","background-attachment":"scroll","background-type":"","background-media":"","overlay-type":"","overlay-color":"","overlay-opacity":"","overlay-gradient":""},"mobile":{"background-color":"var(--ast-global-color-5)","background-image":"","background-repeat":"repeat","background-position":"center center","background-size":"auto","background-attachment":"scroll","background-type":"","background-media":"","overlay-type":"","overlay-color":"","overlay-opacity":"","overlay-gradient":""}},"footnotes":""},"class_list":["post-15172","page","type-page","status-publish","hentry"],"_links":{"self":[{"href":"https:\/\/ivharmonyclinic.com\/es\/wp-json\/wp\/v2\/pages\/15172","targetHints":{"allow":["GET"]}}],"collection":[{"href":"https:\/\/ivharmonyclinic.com\/es\/wp-json\/wp\/v2\/pages"}],"about":[{"href":"https:\/\/ivharmonyclinic.com\/es\/wp-json\/wp\/v2\/types\/page"}],"author":[{"embeddable":true,"href":"https:\/\/ivharmonyclinic.com\/es\/wp-json\/wp\/v2\/users\/1"}],"replies":[{"embeddable":true,"href":"https:\/\/ivharmonyclinic.com\/es\/wp-json\/wp\/v2\/comments?post=15172"}],"version-history":[{"count":2,"href":"https:\/\/ivharmonyclinic.com\/es\/wp-json\/wp\/v2\/pages\/15172\/revisions"}],"predecessor-version":[{"id":15173,"href":"https:\/\/ivharmonyclinic.com\/es\/wp-json\/wp\/v2\/pages\/15172\/revisions\/15173"}],"wp:attachment":[{"href":"https:\/\/ivharmonyclinic.com\/es\/wp-json\/wp\/v2\/media?parent=15172"}],"curies":[{"name":"wp","href":"https:\/\/api.w.org\/{rel}","templated":true}]}}