{"id":15165,"date":"2025-08-14T15:11:11","date_gmt":"2025-08-14T15:11:11","guid":{"rendered":"https:\/\/ivharmonyclinic.com\/terapia-de-quelacion-iv\/"},"modified":"2025-09-15T16:01:43","modified_gmt":"2025-09-15T16:01:43","slug":"terapia-de-quelacion-iv","status":"publish","type":"page","link":"https:\/\/ivharmonyclinic.com\/es\/terapia-de-quelacion-iv\/","title":{"rendered":"Terapia de quelaci\u00f3n IV"},"content":{"rendered":"\t\t<div data-elementor-type=\"wp-page\" data-elementor-id=\"15165\" class=\"elementor elementor-15165 elementor-14521\" data-elementor-post-type=\"page\">\n\t\t\t\t\t\t<section class=\"elementor-section elementor-top-section elementor-element elementor-element-24628090 elementor-section-height-min-height elementor-section-boxed elementor-section-height-default elementor-section-items-middle\" data-id=\"24628090\" data-element_type=\"section\" data-e-type=\"section\" data-settings=\"{&quot;background_background&quot;:&quot;classic&quot;}\">\n\t\t\t\t\t\t\t<div class=\"elementor-background-overlay\"><\/div>\n\t\t\t\t\t\t\t<div class=\"elementor-container elementor-column-gap-default\">\n\t\t\t\t\t<div class=\"elementor-column elementor-col-100 elementor-top-column elementor-element elementor-element-6e6f380d\" data-id=\"6e6f380d\" data-element_type=\"column\" data-e-type=\"column\">\n\t\t\t<div class=\"elementor-widget-wrap elementor-element-populated\">\n\t\t\t\t\t\t<div class=\"elementor-element elementor-element-5bae638e elementor-widget elementor-widget-heading\" data-id=\"5bae638e\" data-element_type=\"widget\" data-e-type=\"widget\" data-widget_type=\"heading.default\">\n\t\t\t\t<div class=\"elementor-widget-container\">\n\t\t\t\t\t<h1 class=\"elementor-heading-title elementor-size-default\">Terapia de quelaci\u00f3n IV<\/h1>\t\t\t\t<\/div>\n\t\t\t\t<\/div>\n\t\t\t\t<div class=\"elementor-element elementor-element-574d578c elementor-align-center elementor-widget elementor-widget-global elementor-global-12348 elementor-widget-button\" data-id=\"574d578c\" data-element_type=\"widget\" data-e-type=\"widget\" data-widget_type=\"button.default\">\n\t\t\t\t<div class=\"elementor-widget-container\">\n\t\t\t\t\t\t\t\t\t<div class=\"elementor-button-wrapper\">\n\t\t\t\t\t<a class=\"elementor-button elementor-button-link elementor-size-sm\" href=\"https:\/\/ivharmonyclinic.com\/request-consultation\/\">\n\t\t\t\t\t\t<span class=\"elementor-button-content-wrapper\">\n\t\t\t\t\t\t\t\t\t<span class=\"elementor-button-text\">BOOK NOW<\/span>\n\t\t\t\t\t<\/span>\n\t\t\t\t\t<\/a>\n\t\t\t\t<\/div>\n\t\t\t\t\t\t\t\t<\/div>\n\t\t\t\t<\/div>\n\t\t\t\t<div class=\"elementor-element elementor-element-6c7d4a15 elementor-widget elementor-widget-heading\" data-id=\"6c7d4a15\" data-element_type=\"widget\" data-e-type=\"widget\" data-widget_type=\"heading.default\">\n\t\t\t\t<div class=\"elementor-widget-container\">\n\t\t\t\t\t<h2 class=\"elementor-heading-title elementor-size-default\">Se admiten personas sin cita previa.<\/h2>\t\t\t\t<\/div>\n\t\t\t\t<\/div>\n\t\t\t\t\t<\/div>\n\t\t<\/div>\n\t\t\t\t\t<\/div>\n\t\t<\/section>\n\t\t\t\t<section class=\"elementor-section elementor-top-section elementor-element elementor-element-1cd36342 elementor-section-boxed elementor-section-height-default elementor-section-height-default\" data-id=\"1cd36342\" data-element_type=\"section\" data-e-type=\"section\">\n\t\t\t\t\t\t<div class=\"elementor-container elementor-column-gap-default\">\n\t\t\t\t\t<div class=\"elementor-column elementor-col-100 elementor-top-column elementor-element elementor-element-14e8f04a\" data-id=\"14e8f04a\" data-element_type=\"column\" data-e-type=\"column\">\n\t\t\t<div class=\"elementor-widget-wrap elementor-element-populated\">\n\t\t\t\t\t\t<div class=\"elementor-element elementor-element-71b38c4 elementor-widget elementor-widget-heading\" data-id=\"71b38c4\" data-element_type=\"widget\" data-e-type=\"widget\" data-widget_type=\"heading.default\">\n\t\t\t\t<div class=\"elementor-widget-container\">\n\t\t\t\t\t<h2 class=\"elementor-heading-title elementor-size-default\">Desintoxica. Restaura. Renueva.  <\/h2>\t\t\t\t<\/div>\n\t\t\t\t<\/div>\n\t\t\t\t<div class=\"elementor-element elementor-element-3c4304ac elementor-widget elementor-widget-text-editor\" data-id=\"3c4304ac\" data-element_type=\"widget\" data-e-type=\"widget\" data-widget_type=\"text-editor.default\">\n\t\t\t\t<div class=\"elementor-widget-container\">\n\t\t\t\t\t\t\t\t\t<p>En la Cl\u00ednica Armon\u00eda Intravenosa, nuestra Terapia de Quelaci\u00f3n Intravenosa es un tratamiento supervisado por un m\u00e9dico y dise\u00f1ado para <strong data-start=\"281\" data-end=\"336\">eliminar<\/strong> de <strong data-start=\"281\" data-end=\"336\">forma segura los metales pesados y las toxinas<\/strong> ambientales del organismo. Mediante un potente agente quelante llamado <strong data-start=\"392\" data-end=\"434\">EDTA (\u00e1cido etilendiaminotetraac\u00e9tico)<\/strong>, esta terapia se une a metales nocivos como <strong data-start=\"481\" data-end=\"530\">el plomo, el mercurio, el ars\u00e9nico, el cadmio y el aluminio<\/strong>, permitiendo que tu cuerpo los elimine de forma natural a trav\u00e9s de los ri\u00f1ones. <\/p>\n\t\t\t\t\t\t\t\t<\/div>\n\t\t\t\t<\/div>\n\t\t\t\t<div class=\"elementor-element elementor-element-4f7c2ac9 elementor-widget elementor-widget-global elementor-global-10732 elementor-widget-heading\" data-id=\"4f7c2ac9\" data-element_type=\"widget\" data-e-type=\"widget\" data-widget_type=\"heading.default\">\n\t\t\t\t<div class=\"elementor-widget-container\">\n\t\t\t\t\t<h2 class=\"elementor-heading-title elementor-size-default\"><a href=\"tel:813-325-3870\">We also offer Mobile IV Therapy in your home or workplace. \n<br>Call to schedule your appointment.<\/a><\/h2>\t\t\t\t<\/div>\n\t\t\t\t<\/div>\n\t\t\t\t\t<\/div>\n\t\t<\/div>\n\t\t\t\t\t<\/div>\n\t\t<\/section>\n\t\t\t\t<section class=\"elementor-section elementor-top-section elementor-element elementor-element-2eeef255 elementor-section-boxed elementor-section-height-default elementor-section-height-default\" data-id=\"2eeef255\" data-element_type=\"section\" data-e-type=\"section\" data-settings=\"{&quot;background_background&quot;:&quot;classic&quot;}\">\n\t\t\t\t\t\t<div class=\"elementor-container elementor-column-gap-default\">\n\t\t\t\t\t<div class=\"elementor-column elementor-col-50 elementor-top-column elementor-element elementor-element-4d6e1dd6\" data-id=\"4d6e1dd6\" data-element_type=\"column\" data-e-type=\"column\">\n\t\t\t<div class=\"elementor-widget-wrap elementor-element-populated\">\n\t\t\t\t\t\t<div class=\"elementor-element elementor-element-0fabbb0 elementor-widget elementor-widget-heading\" data-id=\"0fabbb0\" data-element_type=\"widget\" data-e-type=\"widget\" data-widget_type=\"heading.default\">\n\t\t\t\t<div class=\"elementor-widget-container\">\n\t\t\t\t\t<h2 class=\"elementor-heading-title elementor-size-default\">\u00bfQui\u00e9n puede beneficiarse?<\/h2>\t\t\t\t<\/div>\n\t\t\t\t<\/div>\n\t\t\t\t<div class=\"elementor-element elementor-element-5ac02892 elementor-widget elementor-widget-text-editor\" data-id=\"5ac02892\" data-element_type=\"widget\" data-e-type=\"widget\" data-widget_type=\"text-editor.default\">\n\t\t\t\t<div class=\"elementor-widget-container\">\n\t\t\t\t\t\t\t\t\t<p data-start=\"631\" data-end=\"678\">La terapia de quelaci\u00f3n es ideal para las personas que<\/p>\n<ul data-start=\"679\" data-end=\"980\">\n<li data-start=\"679\" data-end=\"753\">\n<p data-start=\"681\" data-end=\"753\">Has estado expuesto a <strong data-start=\"702\" data-end=\"718\">metales pesados<\/strong> a trav\u00e9s del trabajo, el entorno o la dieta<\/p>\n<\/li>\n<li data-start=\"754\" data-end=\"820\">\n<p data-start=\"756\" data-end=\"820\">Experimentas <strong data-start=\"773\" data-end=\"820\">fatiga cr\u00f3nica, niebla cerebral o inflamaci\u00f3n<\/strong><\/p>\n<\/li>\n<li data-start=\"821\" data-end=\"888\">\n<p data-start=\"823\" data-end=\"888\">Tienes problemas cardiovasculares y quieres apoyar la salud vascular*.<\/p>\n<\/li>\n<li data-start=\"889\" data-end=\"980\">\n<p data-start=\"891\" data-end=\"980\">Quieres optimizar la funci\u00f3n celular, la <strong data-start=\"927\" data-end=\"951\">salud mitocondrial<\/strong> y las v\u00edas de desintoxicaci\u00f3n<\/p>\n<\/li>\n<\/ul>\n<blockquote data-start=\"982\" data-end=\"1108\">\n<p data-start=\"984\" data-end=\"1108\">*Nota: La terapia de quelaci\u00f3n para la salud cardiovascular se considera no indicada en la etiqueta y debe consultarse con un proveedor autorizado.<\/p>\n<\/blockquote>\n\t\t\t\t\t\t\t\t<\/div>\n\t\t\t\t<\/div>\n\t\t\t\t\t<\/div>\n\t\t<\/div>\n\t\t\t\t<div class=\"elementor-column elementor-col-50 elementor-top-column elementor-element elementor-element-4d19f86\" data-id=\"4d19f86\" data-element_type=\"column\" data-e-type=\"column\">\n\t\t\t<div class=\"elementor-widget-wrap elementor-element-populated\">\n\t\t\t\t\t\t<div class=\"elementor-element elementor-element-0f6d520 elementor-widget elementor-widget-heading\" data-id=\"0f6d520\" data-element_type=\"widget\" data-e-type=\"widget\" data-widget_type=\"heading.default\">\n\t\t\t\t<div class=\"elementor-widget-container\">\n\t\t\t\t\t<h2 class=\"elementor-heading-title elementor-size-default\">C\u00f3mo funciona<\/h2>\t\t\t\t<\/div>\n\t\t\t\t<\/div>\n\t\t\t\t<div class=\"elementor-element elementor-element-8199b3a elementor-widget elementor-widget-text-editor\" data-id=\"8199b3a\" data-element_type=\"widget\" data-e-type=\"widget\" data-widget_type=\"text-editor.default\">\n\t\t\t\t<div class=\"elementor-widget-container\">\n\t\t\t\t\t\t\t\t\t<p>Las sesiones de quelaci\u00f3n IV suelen durar <strong data-start=\"1173\" data-end=\"1198\">entre 90 minutos y 3 horas<\/strong>, seg\u00fan tu protocolo individual. El EDTA se administra lentamente a trav\u00e9s del torrente sangu\u00edneo, donde se une a los metales t\u00f3xicos y ayuda a eliminarlos por la orina. <\/p>\n<p>A menudo lo combinamos con <strong data-start=\"1385\" data-end=\"1440\">magnesio, vitamina C, complejo B y oligoelementos<\/strong> para favorecer el equilibrio natural de tu organismo durante la desintoxicaci\u00f3n.<\/p>\n\t\t\t\t\t\t\t\t<\/div>\n\t\t\t\t<\/div>\n\t\t\t\t\t<\/div>\n\t\t<\/div>\n\t\t\t\t\t<\/div>\n\t\t<\/section>\n\t\t\t\t<section class=\"elementor-section elementor-top-section elementor-element elementor-element-b885b39 elementor-section-boxed elementor-section-height-default elementor-section-height-default\" data-id=\"b885b39\" data-element_type=\"section\" data-e-type=\"section\">\n\t\t\t\t\t\t<div class=\"elementor-container elementor-column-gap-default\">\n\t\t\t\t\t<div class=\"elementor-column elementor-col-33 elementor-top-column elementor-element elementor-element-fe1b673\" data-id=\"fe1b673\" data-element_type=\"column\" data-e-type=\"column\">\n\t\t\t<div class=\"elementor-widget-wrap elementor-element-populated\">\n\t\t\t\t\t\t<div class=\"elementor-element elementor-element-e62ea20 elementor-widget elementor-widget-heading\" data-id=\"e62ea20\" data-element_type=\"widget\" data-e-type=\"widget\" data-widget_type=\"heading.default\">\n\t\t\t\t<div class=\"elementor-widget-container\">\n\t\t\t\t\t<h2 class=\"elementor-heading-title elementor-size-default\">Beneficios comunes<\/h2>\t\t\t\t<\/div>\n\t\t\t\t<\/div>\n\t\t\t\t<div class=\"elementor-element elementor-element-1414ec5 elementor-widget elementor-widget-text-editor\" data-id=\"1414ec5\" data-element_type=\"widget\" data-e-type=\"widget\" data-widget_type=\"text-editor.default\">\n\t\t\t\t<div class=\"elementor-widget-container\">\n\t\t\t\t\t\t\t\t\t<ul>\n<li data-start=\"1533\" data-end=\"1568\">\n<p data-start=\"1535\" data-end=\"1568\">Reducci\u00f3n de la toxicidad de los metales pesados<\/p>\n<\/li>\n<li data-start=\"1569\" data-end=\"1614\">\n<p data-start=\"1571\" data-end=\"1614\">Disminuci\u00f3n del estr\u00e9s oxidativo y la inflamaci\u00f3n<\/p>\n<\/li>\n<li data-start=\"1615\" data-end=\"1658\">\n<p data-start=\"1617\" data-end=\"1658\">Mejora la energ\u00eda, la claridad y la circulaci\u00f3n<\/p>\n<\/li>\n<li data-start=\"1659\" data-end=\"1713\">\n<p data-start=\"1661\" data-end=\"1713\">Mayor apoyo antienvejecimiento y salud mitocondrial<\/p>\n<\/li>\n<\/ul>\n<p>.<\/p>\n\t\t\t\t\t\t\t\t<\/div>\n\t\t\t\t<\/div>\n\t\t\t\t\t<\/div>\n\t\t<\/div>\n\t\t\t\t<div class=\"elementor-column elementor-col-33 elementor-top-column elementor-element elementor-element-4d416f1\" data-id=\"4d416f1\" data-element_type=\"column\" data-e-type=\"column\">\n\t\t\t<div class=\"elementor-widget-wrap elementor-element-populated\">\n\t\t\t\t\t\t<div class=\"elementor-element elementor-element-e5da970 elementor-widget elementor-widget-heading\" data-id=\"e5da970\" data-element_type=\"widget\" data-e-type=\"widget\" data-widget_type=\"heading.default\">\n\t\t\t\t<div class=\"elementor-widget-container\">\n\t\t\t\t\t<h2 class=\"elementor-heading-title elementor-size-default\">Qu\u00e9 esperar<\/h2>\t\t\t\t<\/div>\n\t\t\t\t<\/div>\n\t\t\t\t<div class=\"elementor-element elementor-element-32bdbc2 elementor-widget elementor-widget-text-editor\" data-id=\"32bdbc2\" data-element_type=\"widget\" data-e-type=\"widget\" data-widget_type=\"text-editor.default\">\n\t\t\t\t<div class=\"elementor-widget-container\">\n\t\t\t\t\t\t\t\t\t<ul>\n<li data-start=\"1743\" data-end=\"1846\">\n<p data-start=\"1746\" data-end=\"1846\"><strong data-start=\"1746\" data-end=\"1770\">Consulta inicial<\/strong> con an\u00e1lisis de laboratorio para evaluar la funci\u00f3n renal, los niveles de minerales y la exposici\u00f3n a metales<\/p>\n<\/li>\n<li data-start=\"1847\" data-end=\"1904\">\n<p data-start=\"1850\" data-end=\"1904\"><strong data-start=\"1850\" data-end=\"1875\">Protocolo personalizado<\/strong> adaptado por nuestro equipo m\u00e9dico<\/p>\n<\/li>\n<li data-start=\"1905\" data-end=\"1964\">\n<p data-start=\"1908\" data-end=\"1964\"><strong data-start=\"1908\" data-end=\"1941\">C\u00f3modas sesiones de infusi\u00f3n<\/strong> en nuestra sala de bienestar<\/p>\n<\/li>\n<li data-start=\"1965\" data-end=\"2039\">\n<p data-start=\"1968\" data-end=\"2039\"><strong data-start=\"1976\" data-end=\"2004\">Control y seguimiento<\/strong> continuos para garantizar la seguridad y la eficacia<\/p>\n<\/li>\n<\/ul>\n\t\t\t\t\t\t\t\t<\/div>\n\t\t\t\t<\/div>\n\t\t\t\t\t<\/div>\n\t\t<\/div>\n\t\t\t\t<div class=\"elementor-column elementor-col-33 elementor-top-column elementor-element elementor-element-638b441\" data-id=\"638b441\" data-element_type=\"column\" data-e-type=\"column\">\n\t\t\t<div class=\"elementor-widget-wrap elementor-element-populated\">\n\t\t\t\t\t\t<div class=\"elementor-element elementor-element-4c767f8 elementor-widget elementor-widget-heading\" data-id=\"4c767f8\" data-element_type=\"widget\" data-e-type=\"widget\" data-widget_type=\"heading.default\">\n\t\t\t\t<div class=\"elementor-widget-container\">\n\t\t\t\t\t<h2 class=\"elementor-heading-title elementor-size-default\">\u00bfEs seguro?<\/h2>\t\t\t\t<\/div>\n\t\t\t\t<\/div>\n\t\t\t\t<div class=\"elementor-element elementor-element-467a4a2 elementor-widget elementor-widget-text-editor\" data-id=\"467a4a2\" data-element_type=\"widget\" data-e-type=\"widget\" data-widget_type=\"text-editor.default\">\n\t\t\t\t<div class=\"elementor-widget-container\">\n\t\t\t\t\t\t\t\t\t<p>La terapia de quelaci\u00f3n suele ser segura cuando la realizan profesionales formados. En la Cl\u00ednica Armon\u00eda IV, los tratamientos son administrados por proveedores autorizados y supervisados por nuestro director m\u00e9dico. <\/p>\n<p>Controlamos de cerca la funci\u00f3n renal, los niveles de electrolitos y la hidrataci\u00f3n antes y durante tu plan de tratamiento.<\/p>\n\t\t\t\t\t\t\t\t<\/div>\n\t\t\t\t<\/div>\n\t\t\t\t\t<\/div>\n\t\t<\/div>\n\t\t\t\t\t<\/div>\n\t\t<\/section>\n\t\t\t\t<\/div>\n\t\t","protected":false},"excerpt":{"rendered":"<p>Terapia de quelaci\u00f3n IV BOOK NOW Se admiten personas sin cita previa. Desintoxica. Restaura. Renueva. En la Cl\u00ednica Armon\u00eda Intravenosa, nuestra Terapia de Quelaci\u00f3n Intravenosa es un tratamiento supervisado por un m\u00e9dico y dise\u00f1ado para eliminar de forma segura los metales pesados y las toxinas ambientales del organismo. Mediante un potente agente quelante llamado EDTA [&hellip;]<\/p>\n","protected":false},"author":1,"featured_media":0,"parent":0,"menu_order":0,"comment_status":"closed","ping_status":"closed","template":"","meta":{"site-sidebar-layout":"no-sidebar","site-content-layout":"page-builder","ast-site-content-layout":"full-width-container","site-content-style":"default","site-sidebar-style":"default","ast-global-header-display":"","ast-banner-title-visibility":"","ast-main-header-display":"","ast-hfb-above-header-display":"","ast-hfb-below-header-display":"","ast-hfb-mobile-header-display":"","site-post-title":"disabled","ast-breadcrumbs-content":"","ast-featured-img":"disabled","footer-sml-layout":"","ast-disable-related-posts":"","theme-transparent-header-meta":"","adv-header-id-meta":"","stick-header-meta":"","header-above-stick-meta":"","header-main-stick-meta":"","header-below-stick-meta":"","astra-migrate-meta-layouts":"default","ast-page-background-enabled":"default","ast-page-background-meta":{"desktop":{"background-color":"var(--ast-global-color-4)","background-image":"","background-repeat":"repeat","background-position":"center center","background-size":"auto","background-attachment":"scroll","background-type":"","background-media":"","overlay-type":"","overlay-color":"","overlay-opacity":"","overlay-gradient":""},"tablet":{"background-color":"","background-image":"","background-repeat":"repeat","background-position":"center center","background-size":"auto","background-attachment":"scroll","background-type":"","background-media":"","overlay-type":"","overlay-color":"","overlay-opacity":"","overlay-gradient":""},"mobile":{"background-color":"","background-image":"","background-repeat":"repeat","background-position":"center center","background-size":"auto","background-attachment":"scroll","background-type":"","background-media":"","overlay-type":"","overlay-color":"","overlay-opacity":"","overlay-gradient":""}},"ast-content-background-meta":{"desktop":{"background-color":"var(--ast-global-color-5)","background-image":"","background-repeat":"repeat","background-position":"center center","background-size":"auto","background-attachment":"scroll","background-type":"","background-media":"","overlay-type":"","overlay-color":"","overlay-opacity":"","overlay-gradient":""},"tablet":{"background-color":"var(--ast-global-color-5)","background-image":"","background-repeat":"repeat","background-position":"center center","background-size":"auto","background-attachment":"scroll","background-type":"","background-media":"","overlay-type":"","overlay-color":"","overlay-opacity":"","overlay-gradient":""},"mobile":{"background-color":"var(--ast-global-color-5)","background-image":"","background-repeat":"repeat","background-position":"center center","background-size":"auto","background-attachment":"scroll","background-type":"","background-media":"","overlay-type":"","overlay-color":"","overlay-opacity":"","overlay-gradient":""}},"footnotes":""},"class_list":["post-15165","page","type-page","status-publish","hentry"],"_links":{"self":[{"href":"https:\/\/ivharmonyclinic.com\/es\/wp-json\/wp\/v2\/pages\/15165","targetHints":{"allow":["GET"]}}],"collection":[{"href":"https:\/\/ivharmonyclinic.com\/es\/wp-json\/wp\/v2\/pages"}],"about":[{"href":"https:\/\/ivharmonyclinic.com\/es\/wp-json\/wp\/v2\/types\/page"}],"author":[{"embeddable":true,"href":"https:\/\/ivharmonyclinic.com\/es\/wp-json\/wp\/v2\/users\/1"}],"replies":[{"embeddable":true,"href":"https:\/\/ivharmonyclinic.com\/es\/wp-json\/wp\/v2\/comments?post=15165"}],"version-history":[{"count":1,"href":"https:\/\/ivharmonyclinic.com\/es\/wp-json\/wp\/v2\/pages\/15165\/revisions"}],"predecessor-version":[{"id":15171,"href":"https:\/\/ivharmonyclinic.com\/es\/wp-json\/wp\/v2\/pages\/15165\/revisions\/15171"}],"wp:attachment":[{"href":"https:\/\/ivharmonyclinic.com\/es\/wp-json\/wp\/v2\/media?parent=15165"}],"curies":[{"name":"wp","href":"https:\/\/api.w.org\/{rel}","templated":true}]}}